{"id":21227,"date":"2015-01-09T16:03:29","date_gmt":"2015-01-09T15:03:29","guid":{"rendered":"https:\/\/www.arc.cz\/obsah-projektu\/"},"modified":"2017-03-18T16:21:22","modified_gmt":"2017-03-18T15:21:22","slug":"obsah-projektu","status":"publish","type":"page","link":"https:\/\/www.arc.cz\/de\/vystavy-a-firemni-styl\/obsah-projektu\/","title":{"rendered":"Inhalt der Projekte"},"content":{"rendered":"<strong>Projekte der Bildung einer Corporate Indentity haben zwei Teile:<\/strong>\r\n<ul>\r\n \t<li>was wolllen wir<\/li>\r\n \t<li>wie wollen wir das<\/li>\r\n<\/ul>\r\nIn dem ersten Teil des Projektes &#8222;was wollen wir&#8220; finden wir zusammen das Hauptthema, warum das gegebene Projekt zu machen ist. Ich helfe ihnen das Ziel des Projektes klar zu machen.\r\n\r\nIn dem zweiten Teil &#8222;wie wollen wir das&#8220; helfe ich ihnen eine konkrete L\u00f6sung zu finden und ein Stil zu bilden.\r\n\r\n&nbsp;\r\n\r\nINHALT DES PROJEKTES:\r\n\r\nWas wollen wir:\r\n<ul>\r\n \t<li>Beschreibung des Ziels<\/li>\r\n \t<li>Skizzen und Zeichnungen, welche die aktuelle Situation wiedergeben<\/li>\r\n \t<li>Zeichnungen der idealen L\u00f6sung, Modellieren einer idealen L\u00f6sung<\/li>\r\n \t<li>Entwurf einer optimalen L\u00f6sung und Entwurf von Stilelementen der Grafik und des Designs<\/li>\r\n<\/ul>\r\nWie wollen wir das:\r\n<ul>\r\n \t<li>Auswahl und Konkretisierung von Stilelementen, Materialien und Farben<\/li>\r\n \t<li>Fertigstellung der Entw\u00fcrfe des Logos<\/li>\r\n \t<li>Durchf\u00fchrungsprojekt, Interieurherstellung, Sicherung des Druckes von grafischen Materialien<\/li>\r\n \t<li>Hilfe und F\u00fchrung in der Imagination &#8211; lebendige Vorstellungen des zuk\u00fcnftigen Bauwerkes<\/li>\r\n<\/ul>\r\nProjekte der Corporate Identity sind f\u00fcr Einzelpersonen, kleine und gro\u00dfe Firmen bestimmt. Das Ziel ist es, ein stilisch abgestimmtes Umfeld zu bilden. Dieses f\u00fchrt n\u00e4hlich zur Besserung der Moral und der sozialen Beziehungen zwischen den Menschen. Stilisch abgestimmtes Umfeld enth\u00e4lt alles, was mit Architektur, Interieur und Design zu tun hat. Es enth\u00e4lt auch die grafik der Propagationsmaterialien, Orientierungssysteme, Webiste-Entwurfe und Marken-, und Logoentwurf.","protected":false},"excerpt":{"rendered":"Projekte der Bildung einer Corporate Indentity haben zwei Teile: was wolllen wir wie wollen wir das In dem ersten Teil des Projektes &#8222;was wollen wir&#8220; finden wir zusammen das Hauptthema, warum das gegebene Projekt zu machen ist. Ich helfe ihnen das Ziel des Projektes klar zu machen. In dem zweiten Teil &#8222;wie wollen wir das&#8220; [&hellip;]","protected":false},"author":1,"featured_media":0,"parent":29941,"menu_order":12,"comment_status":"closed","ping_status":"closed","template":"","meta":{"footnotes":""},"yoast_head":"<!-- This site is optimized with the Yoast SEO plugin v23.1 - https:\/\/yoast.com\/wordpress\/plugins\/seo\/ -->\n<title>Inhalt der Projekte - Studio ARC<\/title>\n<meta name=\"robots\" content=\"index, follow, max-snippet:-1, max-image-preview:large, max-video-preview:-1\" \/>\n<link rel=\"canonical\" href=\"https:\/\/www.arc.cz\/de\/vystavy-a-firemni-styl\/obsah-projektu\/\" \/>\n<meta property=\"og:locale\" content=\"de_DE\" \/>\n<meta property=\"og:type\" content=\"article\" \/>\n<meta property=\"og:title\" content=\"Inhalt der Projekte - Studio ARC\" \/>\n<meta property=\"og:description\" content=\"Projekte der Bildung einer Corporate Indentity haben zwei Teile: was wolllen wir wie wollen wir das In dem ersten Teil des Projektes &#8222;was wollen wir&#8220; finden wir zusammen das Hauptthema, warum das gegebene Projekt zu machen ist. Ich helfe ihnen das Ziel des Projektes klar zu machen. In dem zweiten Teil &#8222;wie wollen wir das&#8220; [&hellip;]\" \/>\n<meta property=\"og:url\" content=\"https:\/\/www.arc.cz\/de\/vystavy-a-firemni-styl\/obsah-projektu\/\" \/>\n<meta property=\"og:site_name\" content=\"Studio ARC\" \/>\n<meta property=\"article:modified_time\" content=\"2017-03-18T15:21:22+00:00\" \/>\n<meta name=\"twitter:card\" content=\"summary_large_image\" \/>\n<meta name=\"twitter:label1\" content=\"Gesch\u00e4tzte Lesezeit\" \/>\n\t<meta name=\"twitter:data1\" content=\"1\u00a0Minute\" \/>\n<script type=\"application\/ld+json\" class=\"yoast-schema-graph\">{\"@context\":\"https:\/\/schema.org\",\"@graph\":[{\"@type\":\"WebPage\",\"@id\":\"https:\/\/www.arc.cz\/de\/vystavy-a-firemni-styl\/obsah-projektu\/\",\"url\":\"https:\/\/www.arc.cz\/de\/vystavy-a-firemni-styl\/obsah-projektu\/\",\"name\":\"Inhalt der Projekte - Studio ARC\",\"isPartOf\":{\"@id\":\"https:\/\/www.arc.cz\/de\/#website\"},\"datePublished\":\"2015-01-09T15:03:29+00:00\",\"dateModified\":\"2017-03-18T15:21:22+00:00\",\"breadcrumb\":{\"@id\":\"https:\/\/www.arc.cz\/de\/vystavy-a-firemni-styl\/obsah-projektu\/#breadcrumb\"},\"inLanguage\":\"de\",\"potentialAction\":[{\"@type\":\"ReadAction\",\"target\":[\"https:\/\/www.arc.cz\/de\/vystavy-a-firemni-styl\/obsah-projektu\/\"]}]},{\"@type\":\"BreadcrumbList\",\"@id\":\"https:\/\/www.arc.cz\/de\/vystavy-a-firemni-styl\/obsah-projektu\/#breadcrumb\",\"itemListElement\":[{\"@type\":\"ListItem\",\"position\":1,\"name\":\"Dom\u016f\",\"item\":\"https:\/\/www.arc.cz\/de\/celostni-a-organicka-architektura\/\"},{\"@type\":\"ListItem\",\"position\":2,\"name\":\"Ausstellungen und Firmenidentit\u00e4t\",\"item\":\"https:\/\/www.arc.cz\/de\/vystavy-a-firemni-styl\/\"},{\"@type\":\"ListItem\",\"position\":3,\"name\":\"Inhalt der Projekte\"}]},{\"@type\":\"WebSite\",\"@id\":\"https:\/\/www.arc.cz\/de\/#website\",\"url\":\"https:\/\/www.arc.cz\/de\/\",\"name\":\"Studio ARC\",\"description\":\"Old\u0159ich Hozman Architect | Holistic and organic architecture\",\"publisher\":{\"@id\":\"https:\/\/www.arc.cz\/de\/#organization\"},\"potentialAction\":[{\"@type\":\"SearchAction\",\"target\":{\"@type\":\"EntryPoint\",\"urlTemplate\":\"https:\/\/www.arc.cz\/de\/?s={search_term_string}\"},\"query-input\":\"required name=search_term_string\"}],\"inLanguage\":\"de\"},{\"@type\":\"Organization\",\"@id\":\"https:\/\/www.arc.cz\/de\/#organization\",\"name\":\"Studio ARC\",\"url\":\"https:\/\/www.arc.cz\/de\/\",\"logo\":{\"@type\":\"ImageObject\",\"inLanguage\":\"de\",\"@id\":\"https:\/\/www.arc.cz\/de\/#\/schema\/logo\/image\/\",\"url\":\"https:\/\/www.arc.cz\/wp-content\/uploads\/logo.gif\",\"contentUrl\":\"https:\/\/www.arc.cz\/wp-content\/uploads\/logo.gif\",\"width\":125,\"height\":125,\"caption\":\"Studio ARC\"},\"image\":{\"@id\":\"https:\/\/www.arc.cz\/de\/#\/schema\/logo\/image\/\"}}]}<\/script>\n<!-- \/ Yoast SEO plugin. -->","yoast_head_json":{"title":"Inhalt der Projekte - Studio ARC","robots":{"index":"index","follow":"follow","max-snippet":"max-snippet:-1","max-image-preview":"max-image-preview:large","max-video-preview":"max-video-preview:-1"},"canonical":"https:\/\/www.arc.cz\/de\/vystavy-a-firemni-styl\/obsah-projektu\/","og_locale":"de_DE","og_type":"article","og_title":"Inhalt der Projekte - Studio ARC","og_description":"Projekte der Bildung einer Corporate Indentity haben zwei Teile: was wolllen wir wie wollen wir das In dem ersten Teil des Projektes &#8222;was wollen wir&#8220; finden wir zusammen das Hauptthema, warum das gegebene Projekt zu machen ist. Ich helfe ihnen das Ziel des Projektes klar zu machen. In dem zweiten Teil &#8222;wie wollen wir das&#8220; [&hellip;]","og_url":"https:\/\/www.arc.cz\/de\/vystavy-a-firemni-styl\/obsah-projektu\/","og_site_name":"Studio ARC","article_modified_time":"2017-03-18T15:21:22+00:00","twitter_card":"summary_large_image","twitter_misc":{"Gesch\u00e4tzte Lesezeit":"1\u00a0Minute"},"schema":{"@context":"https:\/\/schema.org","@graph":[{"@type":"WebPage","@id":"https:\/\/www.arc.cz\/de\/vystavy-a-firemni-styl\/obsah-projektu\/","url":"https:\/\/www.arc.cz\/de\/vystavy-a-firemni-styl\/obsah-projektu\/","name":"Inhalt der Projekte - Studio ARC","isPartOf":{"@id":"https:\/\/www.arc.cz\/de\/#website"},"datePublished":"2015-01-09T15:03:29+00:00","dateModified":"2017-03-18T15:21:22+00:00","breadcrumb":{"@id":"https:\/\/www.arc.cz\/de\/vystavy-a-firemni-styl\/obsah-projektu\/#breadcrumb"},"inLanguage":"de","potentialAction":[{"@type":"ReadAction","target":["https:\/\/www.arc.cz\/de\/vystavy-a-firemni-styl\/obsah-projektu\/"]}]},{"@type":"BreadcrumbList","@id":"https:\/\/www.arc.cz\/de\/vystavy-a-firemni-styl\/obsah-projektu\/#breadcrumb","itemListElement":[{"@type":"ListItem","position":1,"name":"Dom\u016f","item":"https:\/\/www.arc.cz\/de\/celostni-a-organicka-architektura\/"},{"@type":"ListItem","position":2,"name":"Ausstellungen und Firmenidentit\u00e4t","item":"https:\/\/www.arc.cz\/de\/vystavy-a-firemni-styl\/"},{"@type":"ListItem","position":3,"name":"Inhalt der Projekte"}]},{"@type":"WebSite","@id":"https:\/\/www.arc.cz\/de\/#website","url":"https:\/\/www.arc.cz\/de\/","name":"Studio ARC","description":"Old\u0159ich Hozman Architect | Holistic and organic architecture","publisher":{"@id":"https:\/\/www.arc.cz\/de\/#organization"},"potentialAction":[{"@type":"SearchAction","target":{"@type":"EntryPoint","urlTemplate":"https:\/\/www.arc.cz\/de\/?s={search_term_string}"},"query-input":"required name=search_term_string"}],"inLanguage":"de"},{"@type":"Organization","@id":"https:\/\/www.arc.cz\/de\/#organization","name":"Studio ARC","url":"https:\/\/www.arc.cz\/de\/","logo":{"@type":"ImageObject","inLanguage":"de","@id":"https:\/\/www.arc.cz\/de\/#\/schema\/logo\/image\/","url":"https:\/\/www.arc.cz\/wp-content\/uploads\/logo.gif","contentUrl":"https:\/\/www.arc.cz\/wp-content\/uploads\/logo.gif","width":125,"height":125,"caption":"Studio ARC"},"image":{"@id":"https:\/\/www.arc.cz\/de\/#\/schema\/logo\/image\/"}}]}},"_links":{"self":[{"href":"https:\/\/www.arc.cz\/de\/wp-json\/wp\/v2\/pages\/21227"}],"collection":[{"href":"https:\/\/www.arc.cz\/de\/wp-json\/wp\/v2\/pages"}],"about":[{"href":"https:\/\/www.arc.cz\/de\/wp-json\/wp\/v2\/types\/page"}],"author":[{"embeddable":true,"href":"https:\/\/www.arc.cz\/de\/wp-json\/wp\/v2\/users\/1"}],"replies":[{"embeddable":true,"href":"https:\/\/www.arc.cz\/de\/wp-json\/wp\/v2\/comments?post=21227"}],"version-history":[{"count":0,"href":"https:\/\/www.arc.cz\/de\/wp-json\/wp\/v2\/pages\/21227\/revisions"}],"up":[{"embeddable":true,"href":"https:\/\/www.arc.cz\/de\/wp-json\/wp\/v2\/pages\/29941"}],"wp:attachment":[{"href":"https:\/\/www.arc.cz\/de\/wp-json\/wp\/v2\/media?parent=21227"}],"curies":[{"name":"wp","href":"https:\/\/api.w.org\/{rel}","templated":true}]}}