{"id":29936,"date":"2016-10-22T12:59:23","date_gmt":"2016-10-22T11:59:23","guid":{"rendered":"https:\/\/www.arc.cz\/seminare\/"},"modified":"2017-03-13T19:53:06","modified_gmt":"2017-03-13T18:53:06","slug":"seminare","status":"publish","type":"page","link":"https:\/\/www.arc.cz\/de\/seminare\/","title":{"rendered":"Seminare und Vortr\u00e4ge"},"content":{"rendered":"<em>Immer mehr Leute interessieren sich daf\u00fcr, wie sie ihr\u00a0Lebensumfeld\u00a0verbessern k\u00f6nnen. Deshalb habe ich mich entschieden, \u00f6ffentliche Vortr\u00e4ge \u00fcber die\u00a0ganzheitlichen und feineren Prinzipien des Umfelds zu halten.\u00a0In der\u00a0\u00dcbersicht der Vortr\u00e4ge und Seminare sind\u00a0auch\u00a0Seminare\u00a0von anderen Lektoren, welche sich mit feinen Energien in der Natur und tieferen Beziehungen in der Architektur besch\u00e4ftigen, eingetragen. Die Wichtigkeit der Studien von feineren Eigenschaften der Natur sehe ich mit einem holistischen Blick auf die Wirklichkeit. Deswegen besch\u00e4ftige ich mich mit diesen Themen. Ich suche f\u00fcr sie auch Seminare anderer Lektoren aus, welche auf dem holistischen Blick und gesunder Entwicklung der Landschaft und Architektur basieren.<\/em>\r\n<h2 class=\"Oddelovac\"><\/h2>","protected":false},"excerpt":{"rendered":"Immer mehr Leute interessieren sich daf\u00fcr, wie sie ihr\u00a0Lebensumfeld\u00a0verbessern k\u00f6nnen. Deshalb habe ich mich entschieden, \u00f6ffentliche Vortr\u00e4ge \u00fcber die\u00a0ganzheitlichen und feineren Prinzipien des Umfelds zu halten.\u00a0In der\u00a0\u00dcbersicht der Vortr\u00e4ge und Seminare sind\u00a0auch\u00a0Seminare\u00a0von anderen Lektoren, welche sich mit feinen Energien in der Natur und tieferen Beziehungen in der Architektur besch\u00e4ftigen, eingetragen. Die Wichtigkeit der Studien von [&hellip;]","protected":false},"author":1,"featured_media":0,"parent":0,"menu_order":55,"comment_status":"closed","ping_status":"closed","template":"","meta":{"footnotes":""},"yoast_head":"<!-- This site is optimized with the Yoast SEO plugin v23.1 - https:\/\/yoast.com\/wordpress\/plugins\/seo\/ -->\n<title>Seminare und Vortr\u00e4ge - Studio ARC<\/title>\n<meta name=\"robots\" content=\"index, follow, max-snippet:-1, max-image-preview:large, max-video-preview:-1\" \/>\n<link rel=\"canonical\" href=\"https:\/\/www.arc.cz\/de\/seminare\/\" \/>\n<meta property=\"og:locale\" content=\"de_DE\" \/>\n<meta property=\"og:type\" content=\"article\" \/>\n<meta property=\"og:title\" content=\"Seminare und Vortr\u00e4ge - Studio ARC\" \/>\n<meta property=\"og:description\" content=\"Immer mehr Leute interessieren sich daf\u00fcr, wie sie ihr\u00a0Lebensumfeld\u00a0verbessern k\u00f6nnen. Deshalb habe ich mich entschieden, \u00f6ffentliche Vortr\u00e4ge \u00fcber die\u00a0ganzheitlichen und feineren Prinzipien des Umfelds zu halten.\u00a0In der\u00a0\u00dcbersicht der Vortr\u00e4ge und Seminare sind\u00a0auch\u00a0Seminare\u00a0von anderen Lektoren, welche sich mit feinen Energien in der Natur und tieferen Beziehungen in der Architektur besch\u00e4ftigen, eingetragen. Die Wichtigkeit der Studien von [&hellip;]\" \/>\n<meta property=\"og:url\" content=\"https:\/\/www.arc.cz\/de\/seminare\/\" \/>\n<meta property=\"og:site_name\" content=\"Studio ARC\" \/>\n<meta property=\"article:modified_time\" content=\"2017-03-13T18:53:06+00:00\" \/>\n<meta name=\"twitter:card\" content=\"summary_large_image\" \/>\n<meta name=\"twitter:label1\" content=\"Gesch\u00e4tzte Lesezeit\" \/>\n\t<meta name=\"twitter:data1\" content=\"1\u00a0Minute\" \/>\n<script type=\"application\/ld+json\" class=\"yoast-schema-graph\">{\"@context\":\"https:\/\/schema.org\",\"@graph\":[{\"@type\":\"WebPage\",\"@id\":\"https:\/\/www.arc.cz\/de\/seminare\/\",\"url\":\"https:\/\/www.arc.cz\/de\/seminare\/\",\"name\":\"Seminare und Vortr\u00e4ge - Studio ARC\",\"isPartOf\":{\"@id\":\"https:\/\/www.arc.cz\/de\/#website\"},\"datePublished\":\"2016-10-22T11:59:23+00:00\",\"dateModified\":\"2017-03-13T18:53:06+00:00\",\"breadcrumb\":{\"@id\":\"https:\/\/www.arc.cz\/de\/seminare\/#breadcrumb\"},\"inLanguage\":\"de\",\"potentialAction\":[{\"@type\":\"ReadAction\",\"target\":[\"https:\/\/www.arc.cz\/de\/seminare\/\"]}]},{\"@type\":\"BreadcrumbList\",\"@id\":\"https:\/\/www.arc.cz\/de\/seminare\/#breadcrumb\",\"itemListElement\":[{\"@type\":\"ListItem\",\"position\":1,\"name\":\"Dom\u016f\",\"item\":\"https:\/\/www.arc.cz\/de\/celostni-a-organicka-architektura\/\"},{\"@type\":\"ListItem\",\"position\":2,\"name\":\"Seminare und Vortr\u00e4ge\"}]},{\"@type\":\"WebSite\",\"@id\":\"https:\/\/www.arc.cz\/de\/#website\",\"url\":\"https:\/\/www.arc.cz\/de\/\",\"name\":\"Studio ARC\",\"description\":\"Old\u0159ich Hozman Architect | Holistic and organic architecture\",\"publisher\":{\"@id\":\"https:\/\/www.arc.cz\/de\/#organization\"},\"potentialAction\":[{\"@type\":\"SearchAction\",\"target\":{\"@type\":\"EntryPoint\",\"urlTemplate\":\"https:\/\/www.arc.cz\/de\/?s={search_term_string}\"},\"query-input\":\"required name=search_term_string\"}],\"inLanguage\":\"de\"},{\"@type\":\"Organization\",\"@id\":\"https:\/\/www.arc.cz\/de\/#organization\",\"name\":\"Studio ARC\",\"url\":\"https:\/\/www.arc.cz\/de\/\",\"logo\":{\"@type\":\"ImageObject\",\"inLanguage\":\"de\",\"@id\":\"https:\/\/www.arc.cz\/de\/#\/schema\/logo\/image\/\",\"url\":\"https:\/\/www.arc.cz\/wp-content\/uploads\/logo.gif\",\"contentUrl\":\"https:\/\/www.arc.cz\/wp-content\/uploads\/logo.gif\",\"width\":125,\"height\":125,\"caption\":\"Studio ARC\"},\"image\":{\"@id\":\"https:\/\/www.arc.cz\/de\/#\/schema\/logo\/image\/\"}}]}<\/script>\n<!-- \/ Yoast SEO plugin. -->","yoast_head_json":{"title":"Seminare und Vortr\u00e4ge - Studio ARC","robots":{"index":"index","follow":"follow","max-snippet":"max-snippet:-1","max-image-preview":"max-image-preview:large","max-video-preview":"max-video-preview:-1"},"canonical":"https:\/\/www.arc.cz\/de\/seminare\/","og_locale":"de_DE","og_type":"article","og_title":"Seminare und Vortr\u00e4ge - Studio ARC","og_description":"Immer mehr Leute interessieren sich daf\u00fcr, wie sie ihr\u00a0Lebensumfeld\u00a0verbessern k\u00f6nnen. Deshalb habe ich mich entschieden, \u00f6ffentliche Vortr\u00e4ge \u00fcber die\u00a0ganzheitlichen und feineren Prinzipien des Umfelds zu halten.\u00a0In der\u00a0\u00dcbersicht der Vortr\u00e4ge und Seminare sind\u00a0auch\u00a0Seminare\u00a0von anderen Lektoren, welche sich mit feinen Energien in der Natur und tieferen Beziehungen in der Architektur besch\u00e4ftigen, eingetragen. Die Wichtigkeit der Studien von [&hellip;]","og_url":"https:\/\/www.arc.cz\/de\/seminare\/","og_site_name":"Studio ARC","article_modified_time":"2017-03-13T18:53:06+00:00","twitter_card":"summary_large_image","twitter_misc":{"Gesch\u00e4tzte Lesezeit":"1\u00a0Minute"},"schema":{"@context":"https:\/\/schema.org","@graph":[{"@type":"WebPage","@id":"https:\/\/www.arc.cz\/de\/seminare\/","url":"https:\/\/www.arc.cz\/de\/seminare\/","name":"Seminare und Vortr\u00e4ge - Studio ARC","isPartOf":{"@id":"https:\/\/www.arc.cz\/de\/#website"},"datePublished":"2016-10-22T11:59:23+00:00","dateModified":"2017-03-13T18:53:06+00:00","breadcrumb":{"@id":"https:\/\/www.arc.cz\/de\/seminare\/#breadcrumb"},"inLanguage":"de","potentialAction":[{"@type":"ReadAction","target":["https:\/\/www.arc.cz\/de\/seminare\/"]}]},{"@type":"BreadcrumbList","@id":"https:\/\/www.arc.cz\/de\/seminare\/#breadcrumb","itemListElement":[{"@type":"ListItem","position":1,"name":"Dom\u016f","item":"https:\/\/www.arc.cz\/de\/celostni-a-organicka-architektura\/"},{"@type":"ListItem","position":2,"name":"Seminare und Vortr\u00e4ge"}]},{"@type":"WebSite","@id":"https:\/\/www.arc.cz\/de\/#website","url":"https:\/\/www.arc.cz\/de\/","name":"Studio ARC","description":"Old\u0159ich Hozman Architect | Holistic and organic architecture","publisher":{"@id":"https:\/\/www.arc.cz\/de\/#organization"},"potentialAction":[{"@type":"SearchAction","target":{"@type":"EntryPoint","urlTemplate":"https:\/\/www.arc.cz\/de\/?s={search_term_string}"},"query-input":"required name=search_term_string"}],"inLanguage":"de"},{"@type":"Organization","@id":"https:\/\/www.arc.cz\/de\/#organization","name":"Studio ARC","url":"https:\/\/www.arc.cz\/de\/","logo":{"@type":"ImageObject","inLanguage":"de","@id":"https:\/\/www.arc.cz\/de\/#\/schema\/logo\/image\/","url":"https:\/\/www.arc.cz\/wp-content\/uploads\/logo.gif","contentUrl":"https:\/\/www.arc.cz\/wp-content\/uploads\/logo.gif","width":125,"height":125,"caption":"Studio ARC"},"image":{"@id":"https:\/\/www.arc.cz\/de\/#\/schema\/logo\/image\/"}}]}},"_links":{"self":[{"href":"https:\/\/www.arc.cz\/de\/wp-json\/wp\/v2\/pages\/29936"}],"collection":[{"href":"https:\/\/www.arc.cz\/de\/wp-json\/wp\/v2\/pages"}],"about":[{"href":"https:\/\/www.arc.cz\/de\/wp-json\/wp\/v2\/types\/page"}],"author":[{"embeddable":true,"href":"https:\/\/www.arc.cz\/de\/wp-json\/wp\/v2\/users\/1"}],"replies":[{"embeddable":true,"href":"https:\/\/www.arc.cz\/de\/wp-json\/wp\/v2\/comments?post=29936"}],"version-history":[{"count":0,"href":"https:\/\/www.arc.cz\/de\/wp-json\/wp\/v2\/pages\/29936\/revisions"}],"wp:attachment":[{"href":"https:\/\/www.arc.cz\/de\/wp-json\/wp\/v2\/media?parent=29936"}],"curies":[{"name":"wp","href":"https:\/\/api.w.org\/{rel}","templated":true}]}}