{"id":29956,"date":"2015-01-09T16:01:26","date_gmt":"2015-01-09T15:01:26","guid":{"rendered":"https:\/\/www.arc.cz\/metody-tvorby\/"},"modified":"2017-03-18T16:25:57","modified_gmt":"2017-03-18T15:25:57","slug":"metody-tvorby","status":"publish","type":"page","link":"https:\/\/www.arc.cz\/de\/metody-tvorby\/","title":{"rendered":"Bildungsmethoden"},"content":{"rendered":"Am n\u00e4hsten liegt mir eine derartige Bildungsweise, wenn ich mich innerlich in den Charakter und die Vorstellungen von Klienten einf\u00fchlen kann und wenn ich imstande bin, mich auf den Ort und seine verschiedenen Qualit\u00e4ten einzustimmen. Genauso wie sich die menschliche Dimension in mehrere Ebenen gliedert, gilt dies auch f\u00fcr die Orte. Es handelt sich um geistig-seelische, astralische, vitale und physische Qualit\u00e4ten des Lebens. Vor dem Baubeginn besch\u00e4ftige ich mich ausf\u00fchrlich mit jedem der erw\u00e4hnten Niveaus. Ich bilde mir dadurch genaue Vorstellungen von der Qualit\u00e4t des Ortes.\r\n\r\nIn meiner Bildungsweise ber\u00fccksichtige ich die Folge der Ereignisse, die jedes Vorhaben begleiten. Ich beobachte, was sich auf dem Grundst\u00fcck abspielt, ber\u00fccksichtige das Naturelle des Kunden sowie der Geschichte der Entstehung des Auftrages. Die Nachempfindung dieser Qualit\u00e4tsmerkmale spiegelt sich in meinen Vorschl\u00e4gen auf der geistig-seelischen und gef\u00fchlsm\u00e4\u00dfigen Ebene jedes Projektes wider.\r\n\r\nBei der geomantischen Untersuchung des Ortes besch\u00e4ftige ich mich selbst mit dem geistig-seelischen, emotionellen Niveau sowie mit dem Niveau der Lebenskr\u00e4fte des Ortes.\r\n\r\nF\u00fcr wichtig halte ich die Untersuchung des Grundst\u00fccks auf Wasseradern. Falls diese vorhanden sind, pr\u00fcfe ich bei jedem\u00a0Projekt pers\u00f6nlich und richte mich bei den Entw\u00fcrfen der H\u00e4user danach. In solchen Bereichen werden nie Betten geplant.\r\n\r\nFalls der Kunden daran interessiert ist, kann ich f\u00fcr ihn auch eine Studie von verschiedenen Feng-Shui Stufen erstellen. Als Grundlage gelten hier die Vorschl\u00e4ge von Bauformen, die die Prinzipien der sog. Schulen der Form beinhalten. Zus\u00e4tzlich wird mit verschiedenen Typen der Feng-Shui Horoskope gearbeitet, die auf dem Wissen der sog. Kompass-Schule aufgebaut sind. Den Feng-Shui Analysen widme ich mich im Rahmen des gesamten Projektes. Ich erstelle sie nicht getrennt von den Projekten.\r\n\r\nDamit die Architektur die Menschenseele kultivieren und entwickeln kann, sollte sie immer aus einem intuitiv lebendigen Schaffen hervorgehen und die Naturordnung widerspiegeln. Deshalb unterhalte ich mich mit jedem Klienten \u00fcber die Prinzipien der Naturordnung und ber\u00fccksichtige sie in meiner Arbeit.","protected":false},"excerpt":{"rendered":"Am n\u00e4hsten liegt mir eine derartige Bildungsweise, wenn ich mich innerlich in den Charakter und die Vorstellungen von Klienten einf\u00fchlen kann und wenn ich imstande bin, mich auf den Ort und seine verschiedenen Qualit\u00e4ten einzustimmen. Genauso wie sich die menschliche Dimension in mehrere Ebenen gliedert, gilt dies auch f\u00fcr die Orte. Es handelt sich um [&hellip;]","protected":false},"author":1,"featured_media":0,"parent":0,"menu_order":28,"comment_status":"closed","ping_status":"closed","template":"","meta":{"footnotes":""},"yoast_head":"<!-- This site is optimized with the Yoast SEO plugin v23.1 - https:\/\/yoast.com\/wordpress\/plugins\/seo\/ -->\n<title>Bildungsmethoden - Studio ARC<\/title>\n<meta name=\"robots\" content=\"index, follow, max-snippet:-1, max-image-preview:large, max-video-preview:-1\" \/>\n<link rel=\"canonical\" href=\"https:\/\/www.arc.cz\/de\/metody-tvorby\/\" \/>\n<meta property=\"og:locale\" content=\"de_DE\" \/>\n<meta property=\"og:type\" content=\"article\" \/>\n<meta property=\"og:title\" content=\"Bildungsmethoden - Studio ARC\" \/>\n<meta property=\"og:description\" content=\"Am n\u00e4hsten liegt mir eine derartige Bildungsweise, wenn ich mich innerlich in den Charakter und die Vorstellungen von Klienten einf\u00fchlen kann und wenn ich imstande bin, mich auf den Ort und seine verschiedenen Qualit\u00e4ten einzustimmen. Genauso wie sich die menschliche Dimension in mehrere Ebenen gliedert, gilt dies auch f\u00fcr die Orte. Es handelt sich um [&hellip;]\" \/>\n<meta property=\"og:url\" content=\"https:\/\/www.arc.cz\/de\/metody-tvorby\/\" \/>\n<meta property=\"og:site_name\" content=\"Studio ARC\" \/>\n<meta property=\"article:modified_time\" content=\"2017-03-18T15:25:57+00:00\" \/>\n<meta name=\"twitter:card\" content=\"summary_large_image\" \/>\n<meta name=\"twitter:label1\" content=\"Gesch\u00e4tzte Lesezeit\" \/>\n\t<meta name=\"twitter:data1\" content=\"2\u00a0Minuten\" \/>\n<script type=\"application\/ld+json\" class=\"yoast-schema-graph\">{\"@context\":\"https:\/\/schema.org\",\"@graph\":[{\"@type\":\"WebPage\",\"@id\":\"https:\/\/www.arc.cz\/de\/metody-tvorby\/\",\"url\":\"https:\/\/www.arc.cz\/de\/metody-tvorby\/\",\"name\":\"Bildungsmethoden - Studio ARC\",\"isPartOf\":{\"@id\":\"https:\/\/www.arc.cz\/de\/#website\"},\"datePublished\":\"2015-01-09T15:01:26+00:00\",\"dateModified\":\"2017-03-18T15:25:57+00:00\",\"breadcrumb\":{\"@id\":\"https:\/\/www.arc.cz\/de\/metody-tvorby\/#breadcrumb\"},\"inLanguage\":\"de\",\"potentialAction\":[{\"@type\":\"ReadAction\",\"target\":[\"https:\/\/www.arc.cz\/de\/metody-tvorby\/\"]}]},{\"@type\":\"BreadcrumbList\",\"@id\":\"https:\/\/www.arc.cz\/de\/metody-tvorby\/#breadcrumb\",\"itemListElement\":[{\"@type\":\"ListItem\",\"position\":1,\"name\":\"Dom\u016f\",\"item\":\"https:\/\/www.arc.cz\/de\/celostni-a-organicka-architektura\/\"},{\"@type\":\"ListItem\",\"position\":2,\"name\":\"Bildungsmethoden\"}]},{\"@type\":\"WebSite\",\"@id\":\"https:\/\/www.arc.cz\/de\/#website\",\"url\":\"https:\/\/www.arc.cz\/de\/\",\"name\":\"Studio ARC\",\"description\":\"Old\u0159ich Hozman Architect | Holistic and organic architecture\",\"publisher\":{\"@id\":\"https:\/\/www.arc.cz\/de\/#organization\"},\"potentialAction\":[{\"@type\":\"SearchAction\",\"target\":{\"@type\":\"EntryPoint\",\"urlTemplate\":\"https:\/\/www.arc.cz\/de\/?s={search_term_string}\"},\"query-input\":\"required name=search_term_string\"}],\"inLanguage\":\"de\"},{\"@type\":\"Organization\",\"@id\":\"https:\/\/www.arc.cz\/de\/#organization\",\"name\":\"Studio ARC\",\"url\":\"https:\/\/www.arc.cz\/de\/\",\"logo\":{\"@type\":\"ImageObject\",\"inLanguage\":\"de\",\"@id\":\"https:\/\/www.arc.cz\/de\/#\/schema\/logo\/image\/\",\"url\":\"https:\/\/www.arc.cz\/wp-content\/uploads\/logo.gif\",\"contentUrl\":\"https:\/\/www.arc.cz\/wp-content\/uploads\/logo.gif\",\"width\":125,\"height\":125,\"caption\":\"Studio ARC\"},\"image\":{\"@id\":\"https:\/\/www.arc.cz\/de\/#\/schema\/logo\/image\/\"}}]}<\/script>\n<!-- \/ Yoast SEO plugin. -->","yoast_head_json":{"title":"Bildungsmethoden - Studio ARC","robots":{"index":"index","follow":"follow","max-snippet":"max-snippet:-1","max-image-preview":"max-image-preview:large","max-video-preview":"max-video-preview:-1"},"canonical":"https:\/\/www.arc.cz\/de\/metody-tvorby\/","og_locale":"de_DE","og_type":"article","og_title":"Bildungsmethoden - Studio ARC","og_description":"Am n\u00e4hsten liegt mir eine derartige Bildungsweise, wenn ich mich innerlich in den Charakter und die Vorstellungen von Klienten einf\u00fchlen kann und wenn ich imstande bin, mich auf den Ort und seine verschiedenen Qualit\u00e4ten einzustimmen. Genauso wie sich die menschliche Dimension in mehrere Ebenen gliedert, gilt dies auch f\u00fcr die Orte. Es handelt sich um [&hellip;]","og_url":"https:\/\/www.arc.cz\/de\/metody-tvorby\/","og_site_name":"Studio ARC","article_modified_time":"2017-03-18T15:25:57+00:00","twitter_card":"summary_large_image","twitter_misc":{"Gesch\u00e4tzte Lesezeit":"2\u00a0Minuten"},"schema":{"@context":"https:\/\/schema.org","@graph":[{"@type":"WebPage","@id":"https:\/\/www.arc.cz\/de\/metody-tvorby\/","url":"https:\/\/www.arc.cz\/de\/metody-tvorby\/","name":"Bildungsmethoden - Studio ARC","isPartOf":{"@id":"https:\/\/www.arc.cz\/de\/#website"},"datePublished":"2015-01-09T15:01:26+00:00","dateModified":"2017-03-18T15:25:57+00:00","breadcrumb":{"@id":"https:\/\/www.arc.cz\/de\/metody-tvorby\/#breadcrumb"},"inLanguage":"de","potentialAction":[{"@type":"ReadAction","target":["https:\/\/www.arc.cz\/de\/metody-tvorby\/"]}]},{"@type":"BreadcrumbList","@id":"https:\/\/www.arc.cz\/de\/metody-tvorby\/#breadcrumb","itemListElement":[{"@type":"ListItem","position":1,"name":"Dom\u016f","item":"https:\/\/www.arc.cz\/de\/celostni-a-organicka-architektura\/"},{"@type":"ListItem","position":2,"name":"Bildungsmethoden"}]},{"@type":"WebSite","@id":"https:\/\/www.arc.cz\/de\/#website","url":"https:\/\/www.arc.cz\/de\/","name":"Studio ARC","description":"Old\u0159ich Hozman Architect | Holistic and organic architecture","publisher":{"@id":"https:\/\/www.arc.cz\/de\/#organization"},"potentialAction":[{"@type":"SearchAction","target":{"@type":"EntryPoint","urlTemplate":"https:\/\/www.arc.cz\/de\/?s={search_term_string}"},"query-input":"required name=search_term_string"}],"inLanguage":"de"},{"@type":"Organization","@id":"https:\/\/www.arc.cz\/de\/#organization","name":"Studio ARC","url":"https:\/\/www.arc.cz\/de\/","logo":{"@type":"ImageObject","inLanguage":"de","@id":"https:\/\/www.arc.cz\/de\/#\/schema\/logo\/image\/","url":"https:\/\/www.arc.cz\/wp-content\/uploads\/logo.gif","contentUrl":"https:\/\/www.arc.cz\/wp-content\/uploads\/logo.gif","width":125,"height":125,"caption":"Studio ARC"},"image":{"@id":"https:\/\/www.arc.cz\/de\/#\/schema\/logo\/image\/"}}]}},"_links":{"self":[{"href":"https:\/\/www.arc.cz\/de\/wp-json\/wp\/v2\/pages\/29956"}],"collection":[{"href":"https:\/\/www.arc.cz\/de\/wp-json\/wp\/v2\/pages"}],"about":[{"href":"https:\/\/www.arc.cz\/de\/wp-json\/wp\/v2\/types\/page"}],"author":[{"embeddable":true,"href":"https:\/\/www.arc.cz\/de\/wp-json\/wp\/v2\/users\/1"}],"replies":[{"embeddable":true,"href":"https:\/\/www.arc.cz\/de\/wp-json\/wp\/v2\/comments?post=29956"}],"version-history":[{"count":0,"href":"https:\/\/www.arc.cz\/de\/wp-json\/wp\/v2\/pages\/29956\/revisions"}],"wp:attachment":[{"href":"https:\/\/www.arc.cz\/de\/wp-json\/wp\/v2\/media?parent=29956"}],"curies":[{"name":"wp","href":"https:\/\/api.w.org\/{rel}","templated":true}]}}