{"id":29958,"date":"2015-01-09T15:43:48","date_gmt":"2015-01-09T14:43:48","guid":{"rendered":"https:\/\/www.arc.cz\/kontakt\/"},"modified":"2025-11-22T22:58:55","modified_gmt":"2025-11-22T21:58:55","slug":"kontakt","status":"publish","type":"page","link":"https:\/\/www.arc.cz\/de\/kontakt\/","title":{"rendered":"Kontakt"},"content":{"rendered":"\n<style type=\"text\/css\" data-created_by=\"avia_inline_auto\" id=\"style-css-av-14103h-5f414b51065c49a5ca7d6c7a0250b1c4\">\n.flex_column.av-14103h-5f414b51065c49a5ca7d6c7a0250b1c4{\nborder-radius:0px 0px 0px 0px;\npadding:0px 0px 0px 0px;\n}\n<\/style>\n<div  class='flex_column av-14103h-5f414b51065c49a5ca7d6c7a0250b1c4 av_one_third  avia-builder-el-0  el_before_av_one_half  avia-builder-el-first  first flex_column_div av-zero-column-padding  '     ><section  class='av_textblock_section av-wv805-c0ae1fa652a8a67a2be53944b85aea1b '   itemscope=\"itemscope\" itemtype=\"https:\/\/schema.org\/CreativeWork\" ><div class='avia_textblock'  itemprop=\"text\" ><h3><span id=\"result_box\" class=\"\" lang=\"de\" tabindex=\"-1\">Acad. arch. Old\u0159ich <span class=\"\">Hozman<\/span><\/span><\/h3>\n<p><span id=\"result_box\" class=\"\" lang=\"de\" tabindex=\"-1\">ID: 40666093, <span class=\"\">Steuernummer<\/span>: <span class=\"\">CZ6409071086<\/span> <\/span><\/p>\n<p><span id=\"result_box\" class=\"\" lang=\"de\" tabindex=\"-1\"><span class=\"\">ID-Datenfeld<\/span><span class=\"\">:<\/span> 5esrs7e <\/span><\/p>\n<p><span id=\"result_box\" class=\"\" lang=\"de\" tabindex=\"-1\">Kupkova 796\/20<br \/>\n103&nbsp;00 Praha 10 &#8211; Kolovraty <\/span><\/p>\n<p><span id=\"result_box\" class=\"\" lang=\"de\" tabindex=\"-1\"><span class=\"\">Tel.\/fax<\/span>: <span class=\"\">+420<\/span> <span class=\"\">235<\/span> <span class=\"\">311<\/span> <span class=\"\">622<\/span><br \/>\n<\/span><\/p>\n<h3><span id=\"result_box\" class=\"\" lang=\"de\" tabindex=\"-1\">ARC Studio Ltd.<\/span><\/h3>\n<p><span id=\"result_box\" class=\"\" lang=\"de\" tabindex=\"-1\">ID: <span class=\"\">291<\/span> <span class=\"\">54<\/span> <span class=\"\">502<br \/>\n<\/span><\/span><span id=\"result_box\" class=\"\" lang=\"de\" tabindex=\"-1\"><span class=\"\">ID-Datenfeld<\/span><span class=\"\">:<\/span> <span class=\"\">62uq2cj<\/span> <\/span><\/p>\n<p><span id=\"result_box\" class=\"\" lang=\"de\" tabindex=\"-1\"><strong><span class=\"\">Adresse:<\/span><\/strong><\/span><\/p>\n<p><span id=\"result_box\" class=\"\" lang=\"de\" tabindex=\"-1\"><span class=\"\">Kupkova<\/span> 796\/20<br \/>\n103&nbsp;00 <span class=\"\">Praha 10<\/span> &#8211; <span class=\"\">Kolovraty<\/span> <\/span><\/p>\n<p><span id=\"result_box\" class=\"\" lang=\"de\" tabindex=\"-1\"><span class=\"\">Tel.\/fax<\/span><span class=\"\">:<\/span> <span class=\"\">+420<\/span> <span class=\"\">235311622<\/span> <\/span><\/p>\n<p><span id=\"result_box\" class=\"\" lang=\"de\" tabindex=\"-1\"><a href=\"mailto:arc@arc.cz\">arc@arc.cz<br \/>\n<\/a><\/span><span id=\"result_box\" class=\"\" lang=\"de\" tabindex=\"-1\"><a href=\"https:\/\/www.arc.cz\/de\/\">www.arc.cz<\/a><\/span><\/p>\n<p><a href=\"https:\/\/www.arc.cz\/wp-content\/uploads\/2019\/09\/vcard21.vcf\">VCF-Visitenkarte<\/a>\u00a0|\u00a0QR-Code<br \/>\n<a class=\"OdkazExterni\" href=\"https:\/\/www.google.com\/maps\/place\/Kupkova+796\/20,+103+00+Praha-Kolovraty,+Czech+Republic\/%4050.0144982,14.6322307,17z\/data=%213m1%214b1%214m5%213m4%211s0x470b8c112aedc62b%3A0x2d436e57b765ba1f%218m2%213d50.0144948%214d14.6344194?hl=en\" target=\"_blank\" rel=\"noopener noreferrer\">Google Maps<\/a><\/p>\n<\/div><\/section><\/div>\n<style type=\"text\/css\" data-created_by=\"avia_inline_auto\" id=\"style-css-av-sxw1h-41d38206699dcf058ee34ad16c262e2d\">\n.flex_column.av-sxw1h-41d38206699dcf058ee34ad16c262e2d{\nborder-radius:0px 0px 0px 0px;\npadding:0px 0px 0px 0px;\n}\n<\/style>\n<div  class='flex_column av-sxw1h-41d38206699dcf058ee34ad16c262e2d av_one_half  avia-builder-el-2  el_after_av_one_third  el_before_av_google_map  avia-builder-el-last  flex_column_div av-zero-column-padding  '     ><section  class='av_textblock_section av-iql1p-7acfd166d0b320920524829866ac3b9f '   itemscope=\"itemscope\" itemtype=\"https:\/\/schema.org\/CreativeWork\" ><div class='avia_textblock'  itemprop=\"text\" ><h3>Kontaktieren Sie uns<\/h3>\n\n<div class=\"wpcf7 no-js\" id=\"wpcf7-f40606-o1\" lang=\"de-DE\" dir=\"ltr\">\n<div class=\"screen-reader-response\"><p role=\"status\" aria-live=\"polite\" aria-atomic=\"true\"><\/p> <ul><\/ul><\/div>\n<form action=\"\/de\/wp-json\/wp\/v2\/pages\/29958#wpcf7-f40606-o1\" method=\"post\" class=\"wpcf7-form init\" aria-label=\"Kontaktformular\" novalidate=\"novalidate\" data-status=\"init\">\n<div style=\"display: none;\">\n<input type=\"hidden\" name=\"_wpcf7\" value=\"40606\" \/>\n<input type=\"hidden\" name=\"_wpcf7_version\" value=\"5.9.7\" \/>\n<input type=\"hidden\" name=\"_wpcf7_locale\" value=\"de_DE\" \/>\n<input type=\"hidden\" name=\"_wpcf7_unit_tag\" value=\"wpcf7-f40606-o1\" \/>\n<input type=\"hidden\" name=\"_wpcf7_container_post\" value=\"0\" \/>\n<input type=\"hidden\" name=\"_wpcf7_posted_data_hash\" value=\"\" \/>\n<\/div>\n<p>Ihr Name *\n<\/p>\n<p><span class=\"wpcf7-form-control-wrap\" data-name=\"your-name\"><input size=\"40\" maxlength=\"400\" class=\"wpcf7-form-control wpcf7-text wpcf7-validates-as-required\" aria-required=\"true\" aria-invalid=\"false\" value=\"\" type=\"text\" name=\"your-name\" \/><\/span> <\/ p>\n<\/p>\n<p>Ihre E-Mail *\n<\/p>\n<p><span class=\"wpcf7-form-control-wrap\" data-name=\"your-email\"><input size=\"40\" maxlength=\"400\" class=\"wpcf7-form-control wpcf7-email wpcf7-validates-as-required wpcf7-text wpcf7-validates-as-email\" aria-required=\"true\" aria-invalid=\"false\" value=\"\" type=\"email\" name=\"your-email\" \/><\/span> <\/ p>\n<\/p>\n<p>Betreff der Nachricht *\n<\/p>\n<p><span class=\"wpcf7-form-control-wrap\" data-name=\"your-Thema\"><input size=\"40\" maxlength=\"400\" class=\"wpcf7-form-control wpcf7-text wpcf7-validates-as-required\" aria-required=\"true\" aria-invalid=\"false\" value=\"\" type=\"text\" name=\"your-Thema\" \/><\/span> <\/ p>\n<\/p>\n<p>Ihre Nachricht *\n<\/p>\n<p><span class=\"wpcf7-form-control-wrap\" data-name=\"your-message\"><textarea cols=\"40\" rows=\"10\" maxlength=\"2000\" class=\"wpcf7-form-control wpcf7-textarea wpcf7-validates-as-required\" aria-required=\"true\" aria-invalid=\"false\" name=\"your-message\"><\/textarea><\/span> <\/ p>\n<\/p>\n<p><input type=\"hidden\" name=\"_wpcf7_captcha_challenge_captcha-638\" value=\"3630665986\" \/><img loading=\"lazy\" decoding=\"async\" class=\"wpcf7-form-control wpcf7-captchac wpcf7-captcha-captcha-638\" width=\"72\" height=\"24\" alt=\"captcha\" src=\"https:\/\/www.arc.cz\/wp-content\/uploads\/wpcf7_captcha\/3630665986.png\" \/>\n<\/p>\n<p>Bitte kopieren Sie den Code aus dem Bild<br \/>\n(Spam-Schutz):<br \/>\n<span id=\"wpcf7-69defbdcce3b4-wrapper\" class=\"wpcf7-form-control-wrap captcha-wrap\" style=\"display:none !important; visibility:hidden !important;\"><label for=\"wpcf7-69defbdcce3b4-field\" class=\"hp-message\">Bitte lasse dieses Feld leer.<\/label><input id=\"wpcf7-69defbdcce3b4-field\"  class=\"wpcf7-form-control wpcf7-text\" type=\"text\" name=\"captcha\" value=\"\" size=\"40\" tabindex=\"-1\" autocomplete=\"new-password\" \/><\/span><span id=\"wpcf7-69defbdcce407-wrapper\" class=\"wpcf7-form-control-wrap recaptcha-wrap\" style=\"display:none !important; visibility:hidden !important;\"><label for=\"wpcf7-69defbdcce407-field\" class=\"hp-message\">Bitte lasse dieses Feld leer.<\/label><input id=\"wpcf7-69defbdcce407-field\"  class=\"wpcf7-form-control wpcf7-text\" type=\"text\" name=\"recaptcha\" value=\"\" size=\"40\" tabindex=\"-1\" autocomplete=\"new-password\" \/><\/span><span id=\"wpcf7-69defbdcce435-wrapper\" class=\"wpcf7-form-control-wrap website-wrap\" style=\"display:none !important; visibility:hidden !important;\"><label for=\"wpcf7-69defbdcce435-field\" class=\"hp-message\">Bitte lasse dieses Feld leer.<\/label><input id=\"wpcf7-69defbdcce435-field\"  class=\"wpcf7-form-control wpcf7-text\" type=\"text\" name=\"website\" value=\"\" size=\"40\" tabindex=\"-1\" autocomplete=\"new-password\" \/><\/span><br \/>\n<span class=\"wpcf7-form-control-wrap\" data-name=\"captcha-638\"><input size=\"40\" class=\"wpcf7-form-control wpcf7-captchar\" autocomplete=\"off\" aria-invalid=\"false\" value=\"\" type=\"text\" name=\"captcha-638\" \/><\/span>\n<\/p>\n<p><span class=\"wpcf7-form-control-wrap\" data-name=\"acceptance-654\"><span class=\"wpcf7-form-control wpcf7-acceptance\"><span class=\"wpcf7-list-item\"><label><input type=\"checkbox\" name=\"acceptance-654\" value=\"1\" aria-invalid=\"false\" \/><span class=\"wpcf7-list-item-label\">Ich bin mit der Verarbeitung meiner pers\u00f6nlichen Daten gem\u00e4\u00df den Datenschutzinformationen einverstanden<\/span><\/label><\/span><\/span><\/span>\n<\/p>\n<p>* Alle Felder sind erforderlich\n<\/p>\n<P><input class=\"wpcf7-form-control wpcf7-submit has-spinner\" type=\"submit\" value=\"Eintragen\" \/><\/ p>\n<\/p><div class=\"wpcf7-response-output\" aria-hidden=\"true\"><\/div>\n<\/form>\n<\/div>\n\n<\/div><\/section><\/div>\n\n<div  class='av_gmaps_sc_main_wrap av_gmaps_main_wrap '><div id='av_gmap_0' class='avia-google-map-container avia-google-map-sc av_gmaps_show_unconditionally av-no-fallback-img ' data-mapid='av_gmap_0'  style='height: 400px;'><a class=\"av_gmaps_browser_disabled av_text_confirm_link av_text_confirm_link_visible\" href=\"https:\/\/www.google.com\/maps\/search\/?api=1&#038;query=\u017dabov\u0159esky%20130%2037341%20\u017dabov\u0159esky%20%20Tschechien\" target=\"_blank\" rel=\"noopener\">Aufgrund deiner Datenschutz-Einstellungen k\u00f6nnen wir Ihnen die Karte nicht anzeigen. Klicken Sie hier, um die Karte in einem neuen Fenster zu \u00f6ffnen.<\/a><\/div><\/div>\n\n","protected":false},"excerpt":{"rendered":"","protected":false},"author":1,"featured_media":0,"parent":0,"menu_order":37,"comment_status":"closed","ping_status":"closed","template":"","meta":{"footnotes":""},"yoast_head":"<!-- This site is optimized with the Yoast SEO plugin v23.1 - https:\/\/yoast.com\/wordpress\/plugins\/seo\/ -->\n<title>Kontakt - Studio ARC<\/title>\n<meta name=\"robots\" content=\"index, follow, max-snippet:-1, max-image-preview:large, max-video-preview:-1\" \/>\n<link rel=\"canonical\" href=\"https:\/\/www.arc.cz\/de\/kontakt\/\" \/>\n<meta property=\"og:locale\" content=\"de_DE\" \/>\n<meta property=\"og:type\" content=\"article\" \/>\n<meta property=\"og:title\" content=\"Kontakt - Studio ARC\" \/>\n<meta property=\"og:url\" content=\"https:\/\/www.arc.cz\/de\/kontakt\/\" \/>\n<meta property=\"og:site_name\" content=\"Studio ARC\" \/>\n<meta property=\"article:modified_time\" content=\"2025-11-22T21:58:55+00:00\" \/>\n<meta name=\"twitter:card\" content=\"summary_large_image\" \/>\n<meta name=\"twitter:label1\" content=\"Gesch\u00e4tzte Lesezeit\" \/>\n\t<meta name=\"twitter:data1\" content=\"2\u00a0Minuten\" \/>\n<script type=\"application\/ld+json\" class=\"yoast-schema-graph\">{\"@context\":\"https:\/\/schema.org\",\"@graph\":[{\"@type\":\"WebPage\",\"@id\":\"https:\/\/www.arc.cz\/de\/kontakt\/\",\"url\":\"https:\/\/www.arc.cz\/de\/kontakt\/\",\"name\":\"Kontakt - Studio ARC\",\"isPartOf\":{\"@id\":\"https:\/\/www.arc.cz\/de\/#website\"},\"datePublished\":\"2015-01-09T14:43:48+00:00\",\"dateModified\":\"2025-11-22T21:58:55+00:00\",\"breadcrumb\":{\"@id\":\"https:\/\/www.arc.cz\/de\/kontakt\/#breadcrumb\"},\"inLanguage\":\"de\",\"potentialAction\":[{\"@type\":\"ReadAction\",\"target\":[\"https:\/\/www.arc.cz\/de\/kontakt\/\"]}]},{\"@type\":\"BreadcrumbList\",\"@id\":\"https:\/\/www.arc.cz\/de\/kontakt\/#breadcrumb\",\"itemListElement\":[{\"@type\":\"ListItem\",\"position\":1,\"name\":\"Dom\u016f\",\"item\":\"https:\/\/www.arc.cz\/de\/celostni-a-organicka-architektura\/\"},{\"@type\":\"ListItem\",\"position\":2,\"name\":\"Kontakt\"}]},{\"@type\":\"WebSite\",\"@id\":\"https:\/\/www.arc.cz\/de\/#website\",\"url\":\"https:\/\/www.arc.cz\/de\/\",\"name\":\"Studio ARC\",\"description\":\"Old\u0159ich Hozman Architect | Holistic and organic architecture\",\"publisher\":{\"@id\":\"https:\/\/www.arc.cz\/de\/#organization\"},\"potentialAction\":[{\"@type\":\"SearchAction\",\"target\":{\"@type\":\"EntryPoint\",\"urlTemplate\":\"https:\/\/www.arc.cz\/de\/?s={search_term_string}\"},\"query-input\":\"required name=search_term_string\"}],\"inLanguage\":\"de\"},{\"@type\":\"Organization\",\"@id\":\"https:\/\/www.arc.cz\/de\/#organization\",\"name\":\"Studio ARC\",\"url\":\"https:\/\/www.arc.cz\/de\/\",\"logo\":{\"@type\":\"ImageObject\",\"inLanguage\":\"de\",\"@id\":\"https:\/\/www.arc.cz\/de\/#\/schema\/logo\/image\/\",\"url\":\"https:\/\/www.arc.cz\/wp-content\/uploads\/logo.gif\",\"contentUrl\":\"https:\/\/www.arc.cz\/wp-content\/uploads\/logo.gif\",\"width\":125,\"height\":125,\"caption\":\"Studio ARC\"},\"image\":{\"@id\":\"https:\/\/www.arc.cz\/de\/#\/schema\/logo\/image\/\"}}]}<\/script>\n<!-- \/ Yoast SEO plugin. -->","yoast_head_json":{"title":"Kontakt - Studio ARC","robots":{"index":"index","follow":"follow","max-snippet":"max-snippet:-1","max-image-preview":"max-image-preview:large","max-video-preview":"max-video-preview:-1"},"canonical":"https:\/\/www.arc.cz\/de\/kontakt\/","og_locale":"de_DE","og_type":"article","og_title":"Kontakt - Studio ARC","og_url":"https:\/\/www.arc.cz\/de\/kontakt\/","og_site_name":"Studio ARC","article_modified_time":"2025-11-22T21:58:55+00:00","twitter_card":"summary_large_image","twitter_misc":{"Gesch\u00e4tzte Lesezeit":"2\u00a0Minuten"},"schema":{"@context":"https:\/\/schema.org","@graph":[{"@type":"WebPage","@id":"https:\/\/www.arc.cz\/de\/kontakt\/","url":"https:\/\/www.arc.cz\/de\/kontakt\/","name":"Kontakt - Studio ARC","isPartOf":{"@id":"https:\/\/www.arc.cz\/de\/#website"},"datePublished":"2015-01-09T14:43:48+00:00","dateModified":"2025-11-22T21:58:55+00:00","breadcrumb":{"@id":"https:\/\/www.arc.cz\/de\/kontakt\/#breadcrumb"},"inLanguage":"de","potentialAction":[{"@type":"ReadAction","target":["https:\/\/www.arc.cz\/de\/kontakt\/"]}]},{"@type":"BreadcrumbList","@id":"https:\/\/www.arc.cz\/de\/kontakt\/#breadcrumb","itemListElement":[{"@type":"ListItem","position":1,"name":"Dom\u016f","item":"https:\/\/www.arc.cz\/de\/celostni-a-organicka-architektura\/"},{"@type":"ListItem","position":2,"name":"Kontakt"}]},{"@type":"WebSite","@id":"https:\/\/www.arc.cz\/de\/#website","url":"https:\/\/www.arc.cz\/de\/","name":"Studio ARC","description":"Old\u0159ich Hozman Architect | Holistic and organic architecture","publisher":{"@id":"https:\/\/www.arc.cz\/de\/#organization"},"potentialAction":[{"@type":"SearchAction","target":{"@type":"EntryPoint","urlTemplate":"https:\/\/www.arc.cz\/de\/?s={search_term_string}"},"query-input":"required name=search_term_string"}],"inLanguage":"de"},{"@type":"Organization","@id":"https:\/\/www.arc.cz\/de\/#organization","name":"Studio ARC","url":"https:\/\/www.arc.cz\/de\/","logo":{"@type":"ImageObject","inLanguage":"de","@id":"https:\/\/www.arc.cz\/de\/#\/schema\/logo\/image\/","url":"https:\/\/www.arc.cz\/wp-content\/uploads\/logo.gif","contentUrl":"https:\/\/www.arc.cz\/wp-content\/uploads\/logo.gif","width":125,"height":125,"caption":"Studio ARC"},"image":{"@id":"https:\/\/www.arc.cz\/de\/#\/schema\/logo\/image\/"}}]}},"_links":{"self":[{"href":"https:\/\/www.arc.cz\/de\/wp-json\/wp\/v2\/pages\/29958"}],"collection":[{"href":"https:\/\/www.arc.cz\/de\/wp-json\/wp\/v2\/pages"}],"about":[{"href":"https:\/\/www.arc.cz\/de\/wp-json\/wp\/v2\/types\/page"}],"author":[{"embeddable":true,"href":"https:\/\/www.arc.cz\/de\/wp-json\/wp\/v2\/users\/1"}],"replies":[{"embeddable":true,"href":"https:\/\/www.arc.cz\/de\/wp-json\/wp\/v2\/comments?post=29958"}],"version-history":[{"count":4,"href":"https:\/\/www.arc.cz\/de\/wp-json\/wp\/v2\/pages\/29958\/revisions"}],"predecessor-version":[{"id":191143,"href":"https:\/\/www.arc.cz\/de\/wp-json\/wp\/v2\/pages\/29958\/revisions\/191143"}],"wp:attachment":[{"href":"https:\/\/www.arc.cz\/de\/wp-json\/wp\/v2\/media?parent=29958"}],"curies":[{"name":"wp","href":"https:\/\/api.w.org\/{rel}","templated":true}]}}