{"id":29965,"date":"2015-01-09T15:39:48","date_gmt":"2015-01-09T14:39:48","guid":{"rendered":"https:\/\/www.arc.cz\/konsultace\/"},"modified":"2017-03-19T20:45:08","modified_gmt":"2017-03-19T19:45:08","slug":"konsultace","status":"publish","type":"page","link":"https:\/\/www.arc.cz\/de\/konsultace\/","title":{"rendered":"Beratung"},"content":{"rendered":"<h3>Arten von Beratungsleistungen<\/h3>\r\n<ul>\r\n \t<li>Fachberatung im Atelier 45,- \u20ac \/ Std.<\/li>\r\n \t<li>Fachberatung beim Kunden 90,- \u20ac \/ Std.<\/li>\r\n \t<li>Anreisezeit zum Kunden 13,- \u20ac \/ Std.<\/li>\r\n \t<li>Reisekosten 0.30,- \u20ac \/ Km<\/li>\r\n<\/ul>\r\nZu Ihrer besseren Vorstellung k\u00f6nnen w\u00e4hrend der Beratung auch skizzierte Vorschl\u00e4ge und Einzeichnungen in die Projektunterlagen angefertigt werden. Den Ablauf der Beratung k\u00f6nnen Sie mit einem Diktafon aufnehmen.","protected":false},"excerpt":{"rendered":"Arten von Beratungsleistungen Fachberatung im Atelier 45,- \u20ac \/ Std. Fachberatung beim Kunden 90,- \u20ac \/ Std. Anreisezeit zum Kunden 13,- \u20ac \/ Std. Reisekosten 0.30,- \u20ac \/ Km Zu Ihrer besseren Vorstellung k\u00f6nnen w\u00e4hrend der Beratung auch skizzierte Vorschl\u00e4ge und Einzeichnungen in die Projektunterlagen angefertigt werden. Den Ablauf der Beratung k\u00f6nnen Sie mit einem [&hellip;]","protected":false},"author":1,"featured_media":0,"parent":0,"menu_order":31,"comment_status":"closed","ping_status":"closed","template":"","meta":{"footnotes":""},"yoast_head":"<!-- This site is optimized with the Yoast SEO plugin v23.1 - https:\/\/yoast.com\/wordpress\/plugins\/seo\/ -->\n<title>Beratung - Studio ARC<\/title>\n<meta name=\"robots\" content=\"index, follow, max-snippet:-1, max-image-preview:large, max-video-preview:-1\" \/>\n<link rel=\"canonical\" href=\"https:\/\/www.arc.cz\/de\/konsultace\/\" \/>\n<meta property=\"og:locale\" content=\"de_DE\" \/>\n<meta property=\"og:type\" content=\"article\" \/>\n<meta property=\"og:title\" content=\"Beratung - Studio ARC\" \/>\n<meta property=\"og:description\" content=\"Arten von Beratungsleistungen Fachberatung im Atelier 45,- \u20ac \/ Std. Fachberatung beim Kunden 90,- \u20ac \/ Std. Anreisezeit zum Kunden 13,- \u20ac \/ Std. Reisekosten 0.30,- \u20ac \/ Km Zu Ihrer besseren Vorstellung k\u00f6nnen w\u00e4hrend der Beratung auch skizzierte Vorschl\u00e4ge und Einzeichnungen in die Projektunterlagen angefertigt werden. Den Ablauf der Beratung k\u00f6nnen Sie mit einem [&hellip;]\" \/>\n<meta property=\"og:url\" content=\"https:\/\/www.arc.cz\/de\/konsultace\/\" \/>\n<meta property=\"og:site_name\" content=\"Studio ARC\" \/>\n<meta property=\"article:modified_time\" content=\"2017-03-19T19:45:08+00:00\" \/>\n<meta name=\"twitter:card\" content=\"summary_large_image\" \/>\n<script type=\"application\/ld+json\" class=\"yoast-schema-graph\">{\"@context\":\"https:\/\/schema.org\",\"@graph\":[{\"@type\":\"WebPage\",\"@id\":\"https:\/\/www.arc.cz\/de\/konsultace\/\",\"url\":\"https:\/\/www.arc.cz\/de\/konsultace\/\",\"name\":\"Beratung - Studio ARC\",\"isPartOf\":{\"@id\":\"https:\/\/www.arc.cz\/de\/#website\"},\"datePublished\":\"2015-01-09T14:39:48+00:00\",\"dateModified\":\"2017-03-19T19:45:08+00:00\",\"breadcrumb\":{\"@id\":\"https:\/\/www.arc.cz\/de\/konsultace\/#breadcrumb\"},\"inLanguage\":\"de\",\"potentialAction\":[{\"@type\":\"ReadAction\",\"target\":[\"https:\/\/www.arc.cz\/de\/konsultace\/\"]}]},{\"@type\":\"BreadcrumbList\",\"@id\":\"https:\/\/www.arc.cz\/de\/konsultace\/#breadcrumb\",\"itemListElement\":[{\"@type\":\"ListItem\",\"position\":1,\"name\":\"Dom\u016f\",\"item\":\"https:\/\/www.arc.cz\/de\/celostni-a-organicka-architektura\/\"},{\"@type\":\"ListItem\",\"position\":2,\"name\":\"Beratung\"}]},{\"@type\":\"WebSite\",\"@id\":\"https:\/\/www.arc.cz\/de\/#website\",\"url\":\"https:\/\/www.arc.cz\/de\/\",\"name\":\"Studio ARC\",\"description\":\"Old\u0159ich Hozman Architect | Holistic and organic architecture\",\"publisher\":{\"@id\":\"https:\/\/www.arc.cz\/de\/#organization\"},\"potentialAction\":[{\"@type\":\"SearchAction\",\"target\":{\"@type\":\"EntryPoint\",\"urlTemplate\":\"https:\/\/www.arc.cz\/de\/?s={search_term_string}\"},\"query-input\":\"required name=search_term_string\"}],\"inLanguage\":\"de\"},{\"@type\":\"Organization\",\"@id\":\"https:\/\/www.arc.cz\/de\/#organization\",\"name\":\"Studio ARC\",\"url\":\"https:\/\/www.arc.cz\/de\/\",\"logo\":{\"@type\":\"ImageObject\",\"inLanguage\":\"de\",\"@id\":\"https:\/\/www.arc.cz\/de\/#\/schema\/logo\/image\/\",\"url\":\"https:\/\/www.arc.cz\/wp-content\/uploads\/logo.gif\",\"contentUrl\":\"https:\/\/www.arc.cz\/wp-content\/uploads\/logo.gif\",\"width\":125,\"height\":125,\"caption\":\"Studio ARC\"},\"image\":{\"@id\":\"https:\/\/www.arc.cz\/de\/#\/schema\/logo\/image\/\"}}]}<\/script>\n<!-- \/ Yoast SEO plugin. -->","yoast_head_json":{"title":"Beratung - Studio ARC","robots":{"index":"index","follow":"follow","max-snippet":"max-snippet:-1","max-image-preview":"max-image-preview:large","max-video-preview":"max-video-preview:-1"},"canonical":"https:\/\/www.arc.cz\/de\/konsultace\/","og_locale":"de_DE","og_type":"article","og_title":"Beratung - Studio ARC","og_description":"Arten von Beratungsleistungen Fachberatung im Atelier 45,- \u20ac \/ Std. Fachberatung beim Kunden 90,- \u20ac \/ Std. Anreisezeit zum Kunden 13,- \u20ac \/ Std. Reisekosten 0.30,- \u20ac \/ Km Zu Ihrer besseren Vorstellung k\u00f6nnen w\u00e4hrend der Beratung auch skizzierte Vorschl\u00e4ge und Einzeichnungen in die Projektunterlagen angefertigt werden. Den Ablauf der Beratung k\u00f6nnen Sie mit einem [&hellip;]","og_url":"https:\/\/www.arc.cz\/de\/konsultace\/","og_site_name":"Studio ARC","article_modified_time":"2017-03-19T19:45:08+00:00","twitter_card":"summary_large_image","schema":{"@context":"https:\/\/schema.org","@graph":[{"@type":"WebPage","@id":"https:\/\/www.arc.cz\/de\/konsultace\/","url":"https:\/\/www.arc.cz\/de\/konsultace\/","name":"Beratung - Studio ARC","isPartOf":{"@id":"https:\/\/www.arc.cz\/de\/#website"},"datePublished":"2015-01-09T14:39:48+00:00","dateModified":"2017-03-19T19:45:08+00:00","breadcrumb":{"@id":"https:\/\/www.arc.cz\/de\/konsultace\/#breadcrumb"},"inLanguage":"de","potentialAction":[{"@type":"ReadAction","target":["https:\/\/www.arc.cz\/de\/konsultace\/"]}]},{"@type":"BreadcrumbList","@id":"https:\/\/www.arc.cz\/de\/konsultace\/#breadcrumb","itemListElement":[{"@type":"ListItem","position":1,"name":"Dom\u016f","item":"https:\/\/www.arc.cz\/de\/celostni-a-organicka-architektura\/"},{"@type":"ListItem","position":2,"name":"Beratung"}]},{"@type":"WebSite","@id":"https:\/\/www.arc.cz\/de\/#website","url":"https:\/\/www.arc.cz\/de\/","name":"Studio ARC","description":"Old\u0159ich Hozman Architect | Holistic and organic architecture","publisher":{"@id":"https:\/\/www.arc.cz\/de\/#organization"},"potentialAction":[{"@type":"SearchAction","target":{"@type":"EntryPoint","urlTemplate":"https:\/\/www.arc.cz\/de\/?s={search_term_string}"},"query-input":"required name=search_term_string"}],"inLanguage":"de"},{"@type":"Organization","@id":"https:\/\/www.arc.cz\/de\/#organization","name":"Studio ARC","url":"https:\/\/www.arc.cz\/de\/","logo":{"@type":"ImageObject","inLanguage":"de","@id":"https:\/\/www.arc.cz\/de\/#\/schema\/logo\/image\/","url":"https:\/\/www.arc.cz\/wp-content\/uploads\/logo.gif","contentUrl":"https:\/\/www.arc.cz\/wp-content\/uploads\/logo.gif","width":125,"height":125,"caption":"Studio ARC"},"image":{"@id":"https:\/\/www.arc.cz\/de\/#\/schema\/logo\/image\/"}}]}},"_links":{"self":[{"href":"https:\/\/www.arc.cz\/de\/wp-json\/wp\/v2\/pages\/29965"}],"collection":[{"href":"https:\/\/www.arc.cz\/de\/wp-json\/wp\/v2\/pages"}],"about":[{"href":"https:\/\/www.arc.cz\/de\/wp-json\/wp\/v2\/types\/page"}],"author":[{"embeddable":true,"href":"https:\/\/www.arc.cz\/de\/wp-json\/wp\/v2\/users\/1"}],"replies":[{"embeddable":true,"href":"https:\/\/www.arc.cz\/de\/wp-json\/wp\/v2\/comments?post=29965"}],"version-history":[{"count":0,"href":"https:\/\/www.arc.cz\/de\/wp-json\/wp\/v2\/pages\/29965\/revisions"}],"wp:attachment":[{"href":"https:\/\/www.arc.cz\/de\/wp-json\/wp\/v2\/media?parent=29965"}],"curies":[{"name":"wp","href":"https:\/\/api.w.org\/{rel}","templated":true}]}}