{"id":29975,"date":"2015-01-09T15:59:37","date_gmt":"2015-01-09T14:59:37","guid":{"rendered":"https:\/\/www.arc.cz\/vystavy-a-firemni-styl\/vystavy-firemni-styl-sluzby\/"},"modified":"2024-07-30T14:42:38","modified_gmt":"2024-07-30T12:42:38","slug":"vystavy-firemni-styl-sluzby","status":"publish","type":"page","link":"https:\/\/www.arc.cz\/de\/vystavy-a-firemni-styl\/vystavy-firemni-styl-sluzby\/","title":{"rendered":"Leistungen"},"content":{"rendered":"<section  class='av_textblock_section av-l7cae-75addd811ad6d0d56da199db6042bcc1 '   itemscope=\"itemscope\" itemtype=\"https:\/\/schema.org\/CreativeWork\" ><div class='avia_textblock'  itemprop=\"text\" ><ul>\n<li><em>Entw\u00fcrfe\u00a0der Konzeptionen von Firmenstils<\/em><\/li>\n<li><em> Anwendung von Methoden, die den Weg zu der Verbindung mit der lebhaften wesentlichen Vorstellung der Vorgabe \u00f6ffnen<\/em><\/li>\n<li><em> Methoden der harmonischen Entwicklung der Vorgabe und des Bauvorhabens<\/em><\/li>\n<li><em> K\u00fcnstlerische Entw\u00fcrfe von Firmenlogos und grafisches Design <\/em><\/li>\n<li><em>Entw\u00fcrfe von \u00a0Ausstellungen, Pr\u00e4sentationen und ihre Umsetzung<\/em><\/li>\n<li><em> Gestalterische L\u00f6sungen von Firmenumfeld<\/em><\/li>\n<li><em> Einsatz von Feng-Shui und Geomantie Prinzipien und weiteres\u00a0alternatives Herantreten an die\u00a0grafischen Entw\u00fcrfe und Firmenentwicklungspl\u00e4ne.<br \/>\n<\/em><\/li>\n<\/ul>\n<p>Wie sich die Ereignisse von verschiedenen Projekten in unserem tagt\u00e4glichen Leben abspiegeln, h\u00e4ngt von unseren Absichten ab. Je konkreter Sie sich das Bild der kommenden Ereignisse innerlich vorstellen k\u00f6nnen, desto realer ist die Wirklichkeit. Den visuellen Stil einer Person oder Firma verstehe ich als den \u00e4sthetischen Ausdruck der eigenen Absicht, mit der ich mich verinnerlichen kann.<\/p>\n<p>Der visuelle Firmenstil hilft das Umfeld \u00e4sthetisch zu kultivieren. Er beeinflusst auch die moralischen und sozialen Beziehungen am Arbeitsplatz und gegen\u00fcber der \u00d6ffentlichkeit und unterst\u00fctzt die Entwicklung der Pers\u00f6nlichkeit und auch der Firma.<\/p>\n<p>Die komplexen Vorschl\u00e4ge des Umfelds werden einschli\u00dflich der unterst\u00fctzenden graphischen Bearbeitung umweltfreundlich erstellt. Durch das\u00a0harmonische visuelle Stil wollen wir die Entwicklung auch auf der ethischen, moralischen und sozialen Ebene unterst\u00fctzen. Wenn ein Mensch mit dem eigenen Ich und seiner Absicht innerlich verbunden ist, kann er sich nicht nur physisch, sondern auch vital, gef\u00fchlsm\u00e4\u00dfig, geistig und geistlich vollst\u00e4ndig entwickeln. Deshalb bieten wir Firmen und Einzelpersonen Hilfe bei der Gestaltung ihrer Lebensabsicht, die durch den visuellen Stil unterst\u00fctzt wird.<\/p>\n<\/div><\/section>\n\n\n<style type=\"text\/css\" data-created_by=\"avia_inline_auto\" id=\"style-css-av-d7ejq-99d32edca232fee4735f12cd5c178c5b\">\n.flex_column.av-d7ejq-99d32edca232fee4735f12cd5c178c5b{\nborder-radius:0px 0px 0px 0px;\npadding:0px 0px 0px 0px;\n}\n<\/style>\n<div  class='flex_column av-d7ejq-99d32edca232fee4735f12cd5c178c5b av_one_full  avia-builder-el-1  el_after_av_textblock  avia-builder-el-last  first flex_column_div av-zero-column-padding  column-top-margin'     ><div id='av-masonry-1' class='av-masonry av-zl7q-332b0d107dbfbfd3fafdf6b77d41f062 noHover av-fixed-size av-large-gap av-hover-overlay-active av-masonry-animation-active av-masonry-col-3 av-caption-always av-caption-style- av-masonry-entries ' data-post_id=\"29975\"><div class=\"av-masonry-container isotope av-js-disabled\"><div class='av-masonry-entry isotope-item av-masonry-item-no-image '><\/div><a href=\"https:\/\/www.arc.cz\/de\/portfolio-item\/sensorium-dvanacti-smyslu-cloveka\/\"  id='av-masonry-1-item-29839' data-av-masonry-item='29839' class='av-masonry-entry isotope-item post-29839 portfolio type-portfolio status-publish has-post-thumbnail hentry portfolio_entries-vystavy-a-firemni-styl-de  av-masonry-item-with-image av-grid-img' title=\"2012_sensorium_sinnesrausch\"   itemscope=\"itemscope\" itemtype=\"https:\/\/schema.org\/CreativeWork\" ><div class='av-inner-masonry-sizer'><\/div><figure class='av-inner-masonry main_color'><div class=\"av-masonry-outerimage-container\"><div class='av-masonry-image-container' style=\"background-image: url(https:\/\/www.arc.cz\/wp-content\/uploads\/2016\/12\/2012_sensorium_sinnesrausch-400x266.jpg);\"  title=\"2012_sensorium_sinnesrausch\" ><\/div><\/div><figcaption class='av-inner-masonry-content site-background'><div class='av-inner-masonry-content-pos'><div class='av-inner-masonry-content-pos-content'><div class='avia-arrow'><\/div><h3 class='av-masonry-entry-title entry-title '  itemprop=\"headline\" >Die zw\u00f6lf Sinne des Menschen<\/h3><\/div><\/div><\/figcaption><\/figure><\/a><!--end av-masonry entry--><a href=\"https:\/\/www.arc.cz\/de\/portfolio-item\/studio-arc\/\"  id='av-masonry-1-item-29849' data-av-masonry-item='29849' class='av-masonry-entry isotope-item post-29849 portfolio type-portfolio status-publish has-post-thumbnail hentry portfolio_entries-vystavy-a-firemni-styl-de  av-masonry-item-with-image av-grid-img' title=\"firemni styl Studia ARC\"   itemscope=\"itemscope\" itemtype=\"https:\/\/schema.org\/CreativeWork\" ><div class='av-inner-masonry-sizer'><\/div><figure class='av-inner-masonry main_color'><div class=\"av-masonry-outerimage-container\"><div class='av-masonry-image-container' style=\"background-image: url(https:\/\/www.arc.cz\/wp-content\/uploads\/2009\/12\/firemni-styl-studia-arc-400x335.jpg);\"  title=\"firemni styl Studia ARC\" ><\/div><\/div><figcaption class='av-inner-masonry-content site-background'><div class='av-inner-masonry-content-pos'><div class='av-inner-masonry-content-pos-content'><div class='avia-arrow'><\/div><h3 class='av-masonry-entry-title entry-title '  itemprop=\"headline\" >Studio ARC Firmenidentit\u00e4t<\/h3><\/div><\/div><\/figcaption><\/figure><\/a><!--end av-masonry entry--><a href=\"https:\/\/www.arc.cz\/de\/portfolio-item\/interiery-centra-ayurvedskeho-lekarstvi\/\"  id='av-masonry-1-item-29902' data-av-masonry-item='29902' class='av-masonry-entry isotope-item post-29902 portfolio type-portfolio status-publish has-post-thumbnail hentry portfolio_entries-vystavy-a-firemni-styl-de portfolio_entries-nabytek-a-interiery-de  av-masonry-item-with-image av-grid-img' title=\"00001-pracoviste_anury\"   itemscope=\"itemscope\" itemtype=\"https:\/\/schema.org\/CreativeWork\" ><div class='av-inner-masonry-sizer'><\/div><figure class='av-inner-masonry main_color'><div class=\"av-masonry-outerimage-container\"><div class='av-masonry-image-container' style=\"background-image: url(https:\/\/www.arc.cz\/wp-content\/uploads\/2002\/12\/00001-pracoviste_anury-400x533.jpg);\"  title=\"00001-pracoviste_anury\" ><\/div><\/div><figcaption class='av-inner-masonry-content site-background'><div class='av-inner-masonry-content-pos'><div class='av-inner-masonry-content-pos-content'><div class='avia-arrow'><\/div><h3 class='av-masonry-entry-title entry-title '  itemprop=\"headline\" >Zentrum f\u00fcr Ayurveda-Medizin in Prag<\/h3><\/div><\/div><\/figcaption><\/figure><\/a><!--end av-masonry entry--><a href=\"https:\/\/www.arc.cz\/de\/portfolio-item\/2001-1994-vystavni-expozice\/\"  id='av-masonry-1-item-29917' data-av-masonry-item='29917' class='av-masonry-entry isotope-item post-29917 portfolio type-portfolio status-publish has-post-thumbnail hentry portfolio_entries-vystavy-a-firemni-styl-de  av-masonry-item-with-image av-grid-img' title=\"2000_ambiente_d_01_s\"   itemscope=\"itemscope\" itemtype=\"https:\/\/schema.org\/CreativeWork\" ><div class='av-inner-masonry-sizer'><\/div><figure class='av-inner-masonry main_color'><div class=\"av-masonry-outerimage-container\"><div class='av-masonry-image-container' style=\"background-image: url(https:\/\/www.arc.cz\/wp-content\/uploads\/2001\/12\/2000_ambiente_d_01_s-400x289.jpg);\"  title=\"2000_ambiente_d_01_s\" ><\/div><\/div><figcaption class='av-inner-masonry-content site-background'><div class='av-inner-masonry-content-pos'><div class='av-inner-masonry-content-pos-content'><div class='avia-arrow'><\/div><h3 class='av-masonry-entry-title entry-title '  itemprop=\"headline\" >Ausstellungen 2001-1994<\/h3><\/div><\/div><\/figcaption><\/figure><\/a><!--end av-masonry entry--><\/div><\/div><\/div>\n\n","protected":false},"excerpt":{"rendered":"","protected":false},"author":1,"featured_media":0,"parent":29941,"menu_order":5,"comment_status":"closed","ping_status":"closed","template":"","meta":{"footnotes":""},"yoast_head":"<!-- This site is optimized with the Yoast SEO plugin v23.1 - https:\/\/yoast.com\/wordpress\/plugins\/seo\/ -->\n<title>Leistungen - Studio ARC<\/title>\n<meta name=\"robots\" content=\"index, follow, max-snippet:-1, max-image-preview:large, max-video-preview:-1\" \/>\n<link rel=\"canonical\" href=\"https:\/\/www.arc.cz\/de\/vystavy-a-firemni-styl\/vystavy-firemni-styl-sluzby\/\" \/>\n<meta property=\"og:locale\" content=\"de_DE\" \/>\n<meta property=\"og:type\" content=\"article\" \/>\n<meta property=\"og:title\" content=\"Leistungen - Studio ARC\" \/>\n<meta property=\"og:url\" content=\"https:\/\/www.arc.cz\/de\/vystavy-a-firemni-styl\/vystavy-firemni-styl-sluzby\/\" \/>\n<meta property=\"og:site_name\" content=\"Studio ARC\" \/>\n<meta property=\"article:modified_time\" content=\"2024-07-30T12:42:38+00:00\" \/>\n<meta name=\"twitter:card\" content=\"summary_large_image\" \/>\n<meta name=\"twitter:label1\" content=\"Gesch\u00e4tzte Lesezeit\" \/>\n\t<meta name=\"twitter:data1\" content=\"2\u00a0Minuten\" \/>\n<script type=\"application\/ld+json\" class=\"yoast-schema-graph\">{\"@context\":\"https:\/\/schema.org\",\"@graph\":[{\"@type\":\"WebPage\",\"@id\":\"https:\/\/www.arc.cz\/de\/vystavy-a-firemni-styl\/vystavy-firemni-styl-sluzby\/\",\"url\":\"https:\/\/www.arc.cz\/de\/vystavy-a-firemni-styl\/vystavy-firemni-styl-sluzby\/\",\"name\":\"Leistungen - Studio ARC\",\"isPartOf\":{\"@id\":\"https:\/\/www.arc.cz\/de\/#website\"},\"datePublished\":\"2015-01-09T14:59:37+00:00\",\"dateModified\":\"2024-07-30T12:42:38+00:00\",\"breadcrumb\":{\"@id\":\"https:\/\/www.arc.cz\/de\/vystavy-a-firemni-styl\/vystavy-firemni-styl-sluzby\/#breadcrumb\"},\"inLanguage\":\"de\",\"potentialAction\":[{\"@type\":\"ReadAction\",\"target\":[\"https:\/\/www.arc.cz\/de\/vystavy-a-firemni-styl\/vystavy-firemni-styl-sluzby\/\"]}]},{\"@type\":\"BreadcrumbList\",\"@id\":\"https:\/\/www.arc.cz\/de\/vystavy-a-firemni-styl\/vystavy-firemni-styl-sluzby\/#breadcrumb\",\"itemListElement\":[{\"@type\":\"ListItem\",\"position\":1,\"name\":\"Dom\u016f\",\"item\":\"https:\/\/www.arc.cz\/de\/celostni-a-organicka-architektura\/\"},{\"@type\":\"ListItem\",\"position\":2,\"name\":\"Ausstellungen und Firmenidentit\u00e4t\",\"item\":\"https:\/\/www.arc.cz\/de\/vystavy-a-firemni-styl\/\"},{\"@type\":\"ListItem\",\"position\":3,\"name\":\"Leistungen\"}]},{\"@type\":\"WebSite\",\"@id\":\"https:\/\/www.arc.cz\/de\/#website\",\"url\":\"https:\/\/www.arc.cz\/de\/\",\"name\":\"Studio ARC\",\"description\":\"Old\u0159ich Hozman Architect | Holistic and organic architecture\",\"publisher\":{\"@id\":\"https:\/\/www.arc.cz\/de\/#organization\"},\"potentialAction\":[{\"@type\":\"SearchAction\",\"target\":{\"@type\":\"EntryPoint\",\"urlTemplate\":\"https:\/\/www.arc.cz\/de\/?s={search_term_string}\"},\"query-input\":\"required name=search_term_string\"}],\"inLanguage\":\"de\"},{\"@type\":\"Organization\",\"@id\":\"https:\/\/www.arc.cz\/de\/#organization\",\"name\":\"Studio ARC\",\"url\":\"https:\/\/www.arc.cz\/de\/\",\"logo\":{\"@type\":\"ImageObject\",\"inLanguage\":\"de\",\"@id\":\"https:\/\/www.arc.cz\/de\/#\/schema\/logo\/image\/\",\"url\":\"https:\/\/www.arc.cz\/wp-content\/uploads\/logo.gif\",\"contentUrl\":\"https:\/\/www.arc.cz\/wp-content\/uploads\/logo.gif\",\"width\":125,\"height\":125,\"caption\":\"Studio ARC\"},\"image\":{\"@id\":\"https:\/\/www.arc.cz\/de\/#\/schema\/logo\/image\/\"}}]}<\/script>\n<!-- \/ Yoast SEO plugin. -->","yoast_head_json":{"title":"Leistungen - Studio ARC","robots":{"index":"index","follow":"follow","max-snippet":"max-snippet:-1","max-image-preview":"max-image-preview:large","max-video-preview":"max-video-preview:-1"},"canonical":"https:\/\/www.arc.cz\/de\/vystavy-a-firemni-styl\/vystavy-firemni-styl-sluzby\/","og_locale":"de_DE","og_type":"article","og_title":"Leistungen - Studio ARC","og_url":"https:\/\/www.arc.cz\/de\/vystavy-a-firemni-styl\/vystavy-firemni-styl-sluzby\/","og_site_name":"Studio ARC","article_modified_time":"2024-07-30T12:42:38+00:00","twitter_card":"summary_large_image","twitter_misc":{"Gesch\u00e4tzte Lesezeit":"2\u00a0Minuten"},"schema":{"@context":"https:\/\/schema.org","@graph":[{"@type":"WebPage","@id":"https:\/\/www.arc.cz\/de\/vystavy-a-firemni-styl\/vystavy-firemni-styl-sluzby\/","url":"https:\/\/www.arc.cz\/de\/vystavy-a-firemni-styl\/vystavy-firemni-styl-sluzby\/","name":"Leistungen - Studio ARC","isPartOf":{"@id":"https:\/\/www.arc.cz\/de\/#website"},"datePublished":"2015-01-09T14:59:37+00:00","dateModified":"2024-07-30T12:42:38+00:00","breadcrumb":{"@id":"https:\/\/www.arc.cz\/de\/vystavy-a-firemni-styl\/vystavy-firemni-styl-sluzby\/#breadcrumb"},"inLanguage":"de","potentialAction":[{"@type":"ReadAction","target":["https:\/\/www.arc.cz\/de\/vystavy-a-firemni-styl\/vystavy-firemni-styl-sluzby\/"]}]},{"@type":"BreadcrumbList","@id":"https:\/\/www.arc.cz\/de\/vystavy-a-firemni-styl\/vystavy-firemni-styl-sluzby\/#breadcrumb","itemListElement":[{"@type":"ListItem","position":1,"name":"Dom\u016f","item":"https:\/\/www.arc.cz\/de\/celostni-a-organicka-architektura\/"},{"@type":"ListItem","position":2,"name":"Ausstellungen und Firmenidentit\u00e4t","item":"https:\/\/www.arc.cz\/de\/vystavy-a-firemni-styl\/"},{"@type":"ListItem","position":3,"name":"Leistungen"}]},{"@type":"WebSite","@id":"https:\/\/www.arc.cz\/de\/#website","url":"https:\/\/www.arc.cz\/de\/","name":"Studio ARC","description":"Old\u0159ich Hozman Architect | Holistic and organic architecture","publisher":{"@id":"https:\/\/www.arc.cz\/de\/#organization"},"potentialAction":[{"@type":"SearchAction","target":{"@type":"EntryPoint","urlTemplate":"https:\/\/www.arc.cz\/de\/?s={search_term_string}"},"query-input":"required name=search_term_string"}],"inLanguage":"de"},{"@type":"Organization","@id":"https:\/\/www.arc.cz\/de\/#organization","name":"Studio ARC","url":"https:\/\/www.arc.cz\/de\/","logo":{"@type":"ImageObject","inLanguage":"de","@id":"https:\/\/www.arc.cz\/de\/#\/schema\/logo\/image\/","url":"https:\/\/www.arc.cz\/wp-content\/uploads\/logo.gif","contentUrl":"https:\/\/www.arc.cz\/wp-content\/uploads\/logo.gif","width":125,"height":125,"caption":"Studio ARC"},"image":{"@id":"https:\/\/www.arc.cz\/de\/#\/schema\/logo\/image\/"}}]}},"_links":{"self":[{"href":"https:\/\/www.arc.cz\/de\/wp-json\/wp\/v2\/pages\/29975"}],"collection":[{"href":"https:\/\/www.arc.cz\/de\/wp-json\/wp\/v2\/pages"}],"about":[{"href":"https:\/\/www.arc.cz\/de\/wp-json\/wp\/v2\/types\/page"}],"author":[{"embeddable":true,"href":"https:\/\/www.arc.cz\/de\/wp-json\/wp\/v2\/users\/1"}],"replies":[{"embeddable":true,"href":"https:\/\/www.arc.cz\/de\/wp-json\/wp\/v2\/comments?post=29975"}],"version-history":[{"count":2,"href":"https:\/\/www.arc.cz\/de\/wp-json\/wp\/v2\/pages\/29975\/revisions"}],"predecessor-version":[{"id":190735,"href":"https:\/\/www.arc.cz\/de\/wp-json\/wp\/v2\/pages\/29975\/revisions\/190735"}],"up":[{"embeddable":true,"href":"https:\/\/www.arc.cz\/de\/wp-json\/wp\/v2\/pages\/29941"}],"wp:attachment":[{"href":"https:\/\/www.arc.cz\/de\/wp-json\/wp\/v2\/media?parent=29975"}],"curies":[{"name":"wp","href":"https:\/\/api.w.org\/{rel}","templated":true}]}}