{"id":29977,"date":"2015-01-09T15:52:09","date_gmt":"2015-01-09T14:52:09","guid":{"rendered":"https:\/\/www.arc.cz\/geomantie\/obsah-projektu\/"},"modified":"2017-03-20T22:25:40","modified_gmt":"2017-03-20T21:25:40","slug":"obsah-projektu","status":"publish","type":"page","link":"https:\/\/www.arc.cz\/de\/geomantie\/obsah-projektu\/","title":{"rendered":"Projektinhalt"},"content":{"rendered":"<ol>\r\n \t<li><strong> Beschreibung einer vertieften Sicht auf die geistigen, seelischen und physischen Eigenschaften des Ortes. <\/strong>Geistige Eigenschaften des Ortes sind z.B. an der historischen und kulturellen Geschichte des Ortes erkennbar. Das Benennen der Beziehungen des Klienten und des Ortes gibt ihre seelische Laune wider. Unter den vertieften physischen Eigenschaften des Ortes geh\u00f6ren zum Beispiel eine ausf\u00fchrliche geologische, radiesthetische und geomantische Untersuchung. In den vertieften seelischen und geistigen Blick geh\u00f6rt auch die Hilfe mit einer klaren Formulierung der Ziele und Nutzung des Geb\u00e4udes.<\/li>\r\n \t<li>In den Inhalt des holistisch gebildeten Umfelds geh\u00f6rt weiter auch die <strong>Arbeit mit dem Wesentlichen<\/strong> des Platzes. Um das Wesentliche benennen zu k\u00f6nnen, benutzt man den Begriff \u201edas elementare Bewusstsein des Ortes\u201c. Dies wurde durch alle Kulturen der Welt in der Geschichte erkannt und benannt. Es wurde dazu auch Genius loci des Ortes gesagt. Es waren die seelischen Launen in der Landschaft. Die Beschreibung dieser Launen-Orte findet man in vielen Landesfolkloren. Nach und nach wird so der Ort benannt. Es sind Namen der Elementarwesen, welche hinter den Launen der Landschaft, Gebirge, Fl\u00fcssen, Seen und heiligen Orten stehen. Diese Launen kann man auf den Grundst\u00fccken und in der Landschaft bis heute erkennen. Eine der Methoden ist das F\u00fchlen der Launen\u00e4nderung w\u00e4hrend der Bewegung durch die Landschaft oder auf dem Grundst\u00fcck. Dadurch kann man sp\u00e4ter zum Beispiel das Haus geeignet platzieren, einen Garten machen oder das Grundst\u00fcck begrenzen.<\/li>\r\n \t<li>F\u00fcr jeden neuen Inhaber des Grundst\u00fcckes oder eines Geb\u00e4udes ist es wichtig eine <strong>gute Beziehung mit dem Wesentlichen des Ortes<\/strong> zu kn\u00fcpfen. Es geht um eine Beziehung mit den elementaren Wesen des Ortes so, dass sie sich auf dem Niveau des Bewusstseins mit dem Ziel und dem Zweck des Geb\u00e4udes verbinden k\u00f6nnen und Ihr Ziel verstehen. Falls Sie interessiert sind, k\u00f6nnen wir Ihnen mit dem Beziehungsaufbau helfen. In verschiedenen Kulturen waren daf\u00fcr verschiedenen Feiern und Rituale zust\u00e4ndig. Dazu geh\u00f6ren zum Beispiel: Begrenzung des neuen Grundst\u00fcckes durch Ecksteine, Bekanntgeben der Absicht eines Baues f\u00fcr den Ort, Seligsprechung des Materials, Legung des Grundsteines, Feier zur Fertigung des Daches, Feier des Beendens der Bauarbeiten, feierliches \u00d6ffnen des Hauses usw.<\/li>\r\n \t<li><strong> Launegewinnung und Hilfe mit dem Ausdruck des wesentlichen Ich des Klienten. <\/strong>Hilfe mit dem Ausdruck der geistigen Kr\u00e4fte des Menschen, welche der Auftrag gegeben hat. Im Rahmen unserer Projekte versuchen wir nahe der wesentlichen Essenz des Auftrages und dem wesentlichen Ich des Klienten. Es sind Ihre Geisteskr\u00e4fte, welche die Entstehung des ganze Werkes tragen und diese formen. Deswegen geben wir ihnen einen so gro\u00df wie m\u00f6glichen Kreativen-, und Freiplatz. Eine der Methoden, welche wir am Anfang des Projektes benutzen, ist das gemeinsame Modellieren eines Modells aus Modelliermasse. Zum Ausdruck kommen so Vorstellungen und Formen, welche sonst schlecht beschreibbar oder zeichenbar w\u00e4ren. Das, was sie geistlich inspiriert kann sich so im Material wiedergeben. Es entsteht so eine lebendige Skizze des zuk\u00fcnftigen Geb\u00e4udes. Es ist ein kreativer Prozess, in welchem die Architektur, der Klient aber auch der Ort belebt. Es ist eine Methode, dank welcher wir die k\u00fcnstlerische Essenz und den Zweck des Geb\u00e4udes finden. Bei der Arbeit in mehreren Leuten bewies sich uns, dass es auch eine soziale Methode ist, wo man auch ein Kompromiss und Einklang in den verschiedenen Meinungen findet. Die Projekte enthalten diese Prozesse am Anfang und bei der Modellgestaltung helfen wir als Architekten Ihnen mit dem richtigen Ma\u00dfstab und der Funktion des Geb\u00e4udes.<\/li>\r\n \t<li><strong>Konzepte von gesundheitsf\u00f6rdernden Geb\u00e4uden, organische Architektur und die Arbeit mit Formen und Materialien, welche die Gestaltung der Kr\u00e4fte, welche die allgemeine Gesundheit halten, unterst\u00fctzen.<\/strong> Im Rahmen des Projektes helfen wir Sie sehen zu lernen, wie die lebenden Kr\u00e4fte der Natur bei der Entstehung von Formen verschiedenster Teile der Natur wirken. Zum Beispiel bei der Entstehung von Knochenformen und Skeletts von Tieren und Pflanzen. Bei der Gestaltung helfen wir Ihnen die nat\u00fcrlichen Kr\u00e4fte und Formen der Natur zu nutzen. Wir lernen so besser die Prinzipien der festen Masse und werden auch die Formenlehre, welche zur Stilentstehung f\u00fchrt, verstehen.<\/li>\r\n \t<li><strong> Geomantie, Untersuchung der Lebenskraftstr\u00f6me an dem Ort des Baues. <\/strong>Der Inhalt der holistischen Gestaltung des Umfeldes ist Untersuchung der Richtungen und Intensit\u00e4t des Str\u00f6mens von Lebenskr\u00e4ften an dem Ort des Baues. Diese Untersuchung hilft zur richtigen Entscheidung von der Platzierung und Richtung des Hauses auf dem Grundst\u00fcck.<\/li>\r\n \t<li><strong> Anwendung der Prinzipien von sakraler Geometrie.<\/strong>Bei der Benutzung von richtigen Ma\u00dfen des Baus und ihren gegenseitigen harmonischen Verh\u00e4ltnissen wird das Str\u00f6men der vitalen Kr\u00e4fte durch den Bau verbessert. In den Projekten benutzen wir harmonische Ma\u00dfe (zum Beispiel das Verh\u00e4ltnis des goldenen Schnittes), zur Festlegung der Verh\u00e4ltnisse verschiedener Teile des Baues.<\/li>\r\n \t<li><strong> Inspiration und Benutzung der kultur\u00fcbertragenden Prinzipien des Feng-Shui. <\/strong>Die intuitiven Grundprinzipien Feng-Shui vor allem durch \u201eSchule der Formen\u201c enth\u00e4lt jedes Projekt von uns. Auf Anfrage k\u00f6nnen wir Ihnen dazu auch eine Karte der Str\u00f6mung chia auf dem Grundst\u00fcck oder das Horoskop Bagua (8 Richtungen) machen.<\/li>\r\n \t<li>Falls sie Feng-Shui mehr oder weniger studieren und sich mit dieser Lehre ausf\u00fchrlicher besch\u00e4ftigen wollen und ihr Haus danach bauen, <strong>k\u00f6nnen wir mit ihnen das Horoskop Lo shu (g\u00fcnstige und weniger g\u00fcnstige Richtungen) oder das Horoskop \u201efliegender Stern\u201c diskutieren. <\/strong>Diese Horoskope sind aber unserer Meinung nach schwerer von der Kultur zu \u00fcbertragen. Es wird in diesen anders als mit europ\u00e4ischen Kultursymbolen gearbeitet und es wirken in ihnen andere Wesenskr\u00e4fte als die, in welche wir uns in dem europ\u00e4ischen Gebiet als Wesen verk\u00f6rpert haben. Die Arbeit mit diesen Symbolen der anderen Kultur kann uns davon abhalten, was unsere individuelle Seele vor der Geburt entschieden hat, in dem europ\u00e4ischen Kulturumfeld zu erleben.<\/li>\r\n<\/ol>\r\n&nbsp;","protected":false},"excerpt":{"rendered":"Beschreibung einer vertieften Sicht auf die geistigen, seelischen und physischen Eigenschaften des Ortes. Geistige Eigenschaften des Ortes sind z.B. an der historischen und kulturellen Geschichte des Ortes erkennbar. Das Benennen der Beziehungen des Klienten und des Ortes gibt ihre seelische Laune wider. Unter den vertieften physischen Eigenschaften des Ortes geh\u00f6ren zum Beispiel eine ausf\u00fchrliche geologische, [&hellip;]","protected":false},"author":1,"featured_media":0,"parent":29943,"menu_order":10,"comment_status":"closed","ping_status":"closed","template":"","meta":{"footnotes":""},"yoast_head":"<!-- This site is optimized with the Yoast SEO plugin v23.1 - https:\/\/yoast.com\/wordpress\/plugins\/seo\/ -->\n<title>Projektinhalt - Studio ARC<\/title>\n<meta name=\"robots\" content=\"index, follow, max-snippet:-1, max-image-preview:large, max-video-preview:-1\" \/>\n<link rel=\"canonical\" href=\"https:\/\/www.arc.cz\/de\/geomantie\/obsah-projektu\/\" \/>\n<meta property=\"og:locale\" content=\"de_DE\" \/>\n<meta property=\"og:type\" content=\"article\" \/>\n<meta property=\"og:title\" content=\"Projektinhalt - Studio ARC\" \/>\n<meta property=\"og:description\" content=\"Beschreibung einer vertieften Sicht auf die geistigen, seelischen und physischen Eigenschaften des Ortes. Geistige Eigenschaften des Ortes sind z.B. an der historischen und kulturellen Geschichte des Ortes erkennbar. Das Benennen der Beziehungen des Klienten und des Ortes gibt ihre seelische Laune wider. Unter den vertieften physischen Eigenschaften des Ortes geh\u00f6ren zum Beispiel eine ausf\u00fchrliche geologische, [&hellip;]\" \/>\n<meta property=\"og:url\" content=\"https:\/\/www.arc.cz\/de\/geomantie\/obsah-projektu\/\" \/>\n<meta property=\"og:site_name\" content=\"Studio ARC\" \/>\n<meta property=\"article:modified_time\" content=\"2017-03-20T21:25:40+00:00\" \/>\n<meta name=\"twitter:card\" content=\"summary_large_image\" \/>\n<meta name=\"twitter:label1\" content=\"Gesch\u00e4tzte Lesezeit\" \/>\n\t<meta name=\"twitter:data1\" content=\"5\u00a0Minuten\" \/>\n<script type=\"application\/ld+json\" class=\"yoast-schema-graph\">{\"@context\":\"https:\/\/schema.org\",\"@graph\":[{\"@type\":\"WebPage\",\"@id\":\"https:\/\/www.arc.cz\/de\/geomantie\/obsah-projektu\/\",\"url\":\"https:\/\/www.arc.cz\/de\/geomantie\/obsah-projektu\/\",\"name\":\"Projektinhalt - Studio ARC\",\"isPartOf\":{\"@id\":\"https:\/\/www.arc.cz\/de\/#website\"},\"datePublished\":\"2015-01-09T14:52:09+00:00\",\"dateModified\":\"2017-03-20T21:25:40+00:00\",\"breadcrumb\":{\"@id\":\"https:\/\/www.arc.cz\/de\/geomantie\/obsah-projektu\/#breadcrumb\"},\"inLanguage\":\"de\",\"potentialAction\":[{\"@type\":\"ReadAction\",\"target\":[\"https:\/\/www.arc.cz\/de\/geomantie\/obsah-projektu\/\"]}]},{\"@type\":\"BreadcrumbList\",\"@id\":\"https:\/\/www.arc.cz\/de\/geomantie\/obsah-projektu\/#breadcrumb\",\"itemListElement\":[{\"@type\":\"ListItem\",\"position\":1,\"name\":\"Dom\u016f\",\"item\":\"https:\/\/www.arc.cz\/de\/celostni-a-organicka-architektura\/\"},{\"@type\":\"ListItem\",\"position\":2,\"name\":\"Geomantie und Umfeldgestaltung\",\"item\":\"https:\/\/www.arc.cz\/de\/geomantie\/\"},{\"@type\":\"ListItem\",\"position\":3,\"name\":\"Projektinhalt\"}]},{\"@type\":\"WebSite\",\"@id\":\"https:\/\/www.arc.cz\/de\/#website\",\"url\":\"https:\/\/www.arc.cz\/de\/\",\"name\":\"Studio ARC\",\"description\":\"Old\u0159ich Hozman Architect | Holistic and organic architecture\",\"publisher\":{\"@id\":\"https:\/\/www.arc.cz\/de\/#organization\"},\"potentialAction\":[{\"@type\":\"SearchAction\",\"target\":{\"@type\":\"EntryPoint\",\"urlTemplate\":\"https:\/\/www.arc.cz\/de\/?s={search_term_string}\"},\"query-input\":\"required name=search_term_string\"}],\"inLanguage\":\"de\"},{\"@type\":\"Organization\",\"@id\":\"https:\/\/www.arc.cz\/de\/#organization\",\"name\":\"Studio ARC\",\"url\":\"https:\/\/www.arc.cz\/de\/\",\"logo\":{\"@type\":\"ImageObject\",\"inLanguage\":\"de\",\"@id\":\"https:\/\/www.arc.cz\/de\/#\/schema\/logo\/image\/\",\"url\":\"https:\/\/www.arc.cz\/wp-content\/uploads\/logo.gif\",\"contentUrl\":\"https:\/\/www.arc.cz\/wp-content\/uploads\/logo.gif\",\"width\":125,\"height\":125,\"caption\":\"Studio ARC\"},\"image\":{\"@id\":\"https:\/\/www.arc.cz\/de\/#\/schema\/logo\/image\/\"}}]}<\/script>\n<!-- \/ Yoast SEO plugin. -->","yoast_head_json":{"title":"Projektinhalt - Studio ARC","robots":{"index":"index","follow":"follow","max-snippet":"max-snippet:-1","max-image-preview":"max-image-preview:large","max-video-preview":"max-video-preview:-1"},"canonical":"https:\/\/www.arc.cz\/de\/geomantie\/obsah-projektu\/","og_locale":"de_DE","og_type":"article","og_title":"Projektinhalt - Studio ARC","og_description":"Beschreibung einer vertieften Sicht auf die geistigen, seelischen und physischen Eigenschaften des Ortes. Geistige Eigenschaften des Ortes sind z.B. an der historischen und kulturellen Geschichte des Ortes erkennbar. Das Benennen der Beziehungen des Klienten und des Ortes gibt ihre seelische Laune wider. Unter den vertieften physischen Eigenschaften des Ortes geh\u00f6ren zum Beispiel eine ausf\u00fchrliche geologische, [&hellip;]","og_url":"https:\/\/www.arc.cz\/de\/geomantie\/obsah-projektu\/","og_site_name":"Studio ARC","article_modified_time":"2017-03-20T21:25:40+00:00","twitter_card":"summary_large_image","twitter_misc":{"Gesch\u00e4tzte Lesezeit":"5\u00a0Minuten"},"schema":{"@context":"https:\/\/schema.org","@graph":[{"@type":"WebPage","@id":"https:\/\/www.arc.cz\/de\/geomantie\/obsah-projektu\/","url":"https:\/\/www.arc.cz\/de\/geomantie\/obsah-projektu\/","name":"Projektinhalt - Studio ARC","isPartOf":{"@id":"https:\/\/www.arc.cz\/de\/#website"},"datePublished":"2015-01-09T14:52:09+00:00","dateModified":"2017-03-20T21:25:40+00:00","breadcrumb":{"@id":"https:\/\/www.arc.cz\/de\/geomantie\/obsah-projektu\/#breadcrumb"},"inLanguage":"de","potentialAction":[{"@type":"ReadAction","target":["https:\/\/www.arc.cz\/de\/geomantie\/obsah-projektu\/"]}]},{"@type":"BreadcrumbList","@id":"https:\/\/www.arc.cz\/de\/geomantie\/obsah-projektu\/#breadcrumb","itemListElement":[{"@type":"ListItem","position":1,"name":"Dom\u016f","item":"https:\/\/www.arc.cz\/de\/celostni-a-organicka-architektura\/"},{"@type":"ListItem","position":2,"name":"Geomantie und Umfeldgestaltung","item":"https:\/\/www.arc.cz\/de\/geomantie\/"},{"@type":"ListItem","position":3,"name":"Projektinhalt"}]},{"@type":"WebSite","@id":"https:\/\/www.arc.cz\/de\/#website","url":"https:\/\/www.arc.cz\/de\/","name":"Studio ARC","description":"Old\u0159ich Hozman Architect | Holistic and organic architecture","publisher":{"@id":"https:\/\/www.arc.cz\/de\/#organization"},"potentialAction":[{"@type":"SearchAction","target":{"@type":"EntryPoint","urlTemplate":"https:\/\/www.arc.cz\/de\/?s={search_term_string}"},"query-input":"required name=search_term_string"}],"inLanguage":"de"},{"@type":"Organization","@id":"https:\/\/www.arc.cz\/de\/#organization","name":"Studio ARC","url":"https:\/\/www.arc.cz\/de\/","logo":{"@type":"ImageObject","inLanguage":"de","@id":"https:\/\/www.arc.cz\/de\/#\/schema\/logo\/image\/","url":"https:\/\/www.arc.cz\/wp-content\/uploads\/logo.gif","contentUrl":"https:\/\/www.arc.cz\/wp-content\/uploads\/logo.gif","width":125,"height":125,"caption":"Studio ARC"},"image":{"@id":"https:\/\/www.arc.cz\/de\/#\/schema\/logo\/image\/"}}]}},"_links":{"self":[{"href":"https:\/\/www.arc.cz\/de\/wp-json\/wp\/v2\/pages\/29977"}],"collection":[{"href":"https:\/\/www.arc.cz\/de\/wp-json\/wp\/v2\/pages"}],"about":[{"href":"https:\/\/www.arc.cz\/de\/wp-json\/wp\/v2\/types\/page"}],"author":[{"embeddable":true,"href":"https:\/\/www.arc.cz\/de\/wp-json\/wp\/v2\/users\/1"}],"replies":[{"embeddable":true,"href":"https:\/\/www.arc.cz\/de\/wp-json\/wp\/v2\/comments?post=29977"}],"version-history":[{"count":0,"href":"https:\/\/www.arc.cz\/de\/wp-json\/wp\/v2\/pages\/29977\/revisions"}],"up":[{"embeddable":true,"href":"https:\/\/www.arc.cz\/de\/wp-json\/wp\/v2\/pages\/29943"}],"wp:attachment":[{"href":"https:\/\/www.arc.cz\/de\/wp-json\/wp\/v2\/media?parent=29977"}],"curies":[{"name":"wp","href":"https:\/\/api.w.org\/{rel}","templated":true}]}}