{"id":29978,"date":"2015-01-09T15:50:10","date_gmt":"2015-01-09T14:50:10","guid":{"rendered":"https:\/\/www.arc.cz\/geomantie\/celostni-tvorba-prostredi\/"},"modified":"2025-11-22T23:02:44","modified_gmt":"2025-11-22T22:02:44","slug":"celostni-tvorba-prostredi","status":"publish","type":"page","link":"https:\/\/www.arc.cz\/de\/geomantie\/celostni-tvorba-prostredi\/","title":{"rendered":"Leistungen"},"content":{"rendered":"<section  class='av_textblock_section av-nfz1v-3e5c9e8028ee81ce48a15b38797e6227 '   itemscope=\"itemscope\" itemtype=\"https:\/\/schema.org\/CreativeWork\" ><div class='avia_textblock'  itemprop=\"text\" ><ul>\n<li><em>Studien zu Feng-Shui nach der \u201eFormschule\u201d und \u201eKompassschule\u201d<\/em><\/li>\n<li><em>Beratungen mit Feng-Shui und Geomantie<\/em><\/li>\n<li><em>Erstellung von Analysen und Kartierungen der Feinenergien in der Landschaft und im Inneren des Baues <\/em><\/li>\n<li><em>Geomantie und die Beziehung zum Genius Loci, Rituale und Ausf\u00fchrungen der Feier bei der Bauwerkgr\u00fcndung<\/em><\/li>\n<li><em>Anwendung der Prinzipien der sakralen Geometrie <\/em><\/li>\n<li><em>Vermessung von geopathogenen Zonen auf den Grundst\u00fccken und die nachfolgende Anpassung dieser Feinenergien in Bauprojekten, damit der Benutzer im Einklang mit ihnen ist<\/em><\/li>\n<\/ul>\n<p>Viele von uns denken immer \u00f6fter dar\u00fcber nach, wie man ges\u00fcnder leben und sein Leben am besten harmonisieren k\u00f6nnte. Wir sind an der Verbesserung unserer Wohnung, Gesundheit oder Beziehungen zu unserer Umgebung interessiert. Jahrtausendelang folgten die Menschen ihrer Intuition und ihr Leben befand sich im Einklang mit der Natur. Unsere Umwelt entwickelt und verwandelt sich st\u00e4ndig, und dies spiegelt sich auch in unserer Wohnweise und Gesundheit wider. Die Umwandlungen von Wohnr\u00e4umen haben Bezug auf die Ganzheit einschlie\u00dflich von uns selber. Eine wichtige Quelle der Inspiration k\u00f6nnen in diesem Bereich das Feng-Shui und die Geomantie sein.<\/p>\n<p>Die Geomantie ist eine Lehre von den feinstofflichen Kr\u00e4ften der Erde und dar\u00fcber, wie man sie verstehen und mit ihnen\u00a0umgehen soll. Es handelt sich um Prinzipien, denen wir folgen k\u00f6nnen, um feine Ver\u00e4nderungen der Lebensenergien im Raum vorzunehmen. Das Feng-Shui ist eine traditionelle chinesische Lehre von der Suche nach Harmonie zwischen Raum und Mensch. Es handelst sich um ein sehr universelles Wissen und K\u00f6nnen, dessen Grundprinzipien man \u00fcberall auf der Erde anwenden kann. Mit diesen Lehren besch\u00e4ftigen wir uns auch im Rahmen der Leistungen des\u00a0\u201eStudios ARC\u201c und sie sind eine unserer Inspirationsquellen. Sie beziehen sich auf die Harmonisierung und ausgeglichene Ordnung des Lebensraumes, und das\u00a0in allen seinen feinen Zusammenh\u00e4ngen. In unserer Arbeit betonen wir immer, dass sich alles st\u00e4ndig ver\u00e4ndert, und deshalb achten wir auf diese Tatsache auch in der Welt der zu entwerfenden Formen.<\/p>\n<p>Informationen \u00fcber Seminare, die von der \u201eEurop\u00e4ischen Feng-Shui Schule\u201c (\u201eEvropsk\u00e1 \u0160kola Feng Shui\u201c) angeboten werden, finden Sie hier. <\/p>\n<\/div><\/section>\n\n\n<style type=\"text\/css\" data-created_by=\"avia_inline_auto\" id=\"style-css-av-gbpqr-c43212d7ba683281e30393c33c91d550\">\n.flex_column.av-gbpqr-c43212d7ba683281e30393c33c91d550{\nborder-radius:0px 0px 0px 0px;\npadding:0px 0px 0px 0px;\n}\n<\/style>\n<div  class='flex_column av-gbpqr-c43212d7ba683281e30393c33c91d550 av_one_full  avia-builder-el-1  el_after_av_textblock  avia-builder-el-last  first flex_column_div av-zero-column-padding  column-top-margin'     ><div id='av-masonry-1' class='av-masonry av-akuzf-7e57a190bcf960c55524abd6590a54bb noHover av-fixed-size av-large-gap av-hover-overlay-active av-masonry-animation-active av-masonry-col-3 av-caption-always av-caption-style- av-masonry-entries ' data-post_id=\"29978\"><div class=\"av-masonry-container isotope av-js-disabled\"><div class='av-masonry-entry isotope-item av-masonry-item-no-image '><\/div><a href=\"https:\/\/www.arc.cz\/de\/portfolio-item\/2010-rodinny-dum-v-el-palol\/\"  id='av-masonry-1-item-29840' data-av-masonry-item='29840' class='av-masonry-entry isotope-item post-29840 portfolio type-portfolio status-publish has-post-thumbnail hentry tag-celostni-architektura-de tag-rodinny-dum-de tag-feng-shui-de tag-geomantie-de tag-zahrada-de tag-hlinene-omitky-de tag-drevostavba-de tag-nizkoenergeticky-de tag-prirodni-materialy-de portfolio_entries-architektura-a-krajinna-tvorba-de portfolio_entries-geomantie-a-tvorba-prostredi-de portfolio_entries-nabytek-a-interiery-de  av-masonry-item-with-image av-grid-img' title=\"el palol\"   itemscope=\"itemscope\" itemtype=\"https:\/\/schema.org\/CreativeWork\" ><div class='av-inner-masonry-sizer'><\/div><figure class='av-inner-masonry main_color'><div class=\"av-masonry-outerimage-container\"><div class='av-masonry-image-container' style=\"background-image: url(https:\/\/www.arc.cz\/wp-content\/uploads\/2015\/01\/el-palol-400x266.jpg);\"  title=\"el palol\" ><\/div><\/div><figcaption class='av-inner-masonry-content site-background'><div class='av-inner-masonry-content-pos'><div class='av-inner-masonry-content-pos-content'><div class='avia-arrow'><\/div><h3 class='av-masonry-entry-title entry-title '  itemprop=\"headline\" >Einfamilienhaus in El Palol, Spanien<\/h3><\/div><\/div><\/figcaption><\/figure><\/a><!--end av-masonry entry--><a href=\"https:\/\/www.arc.cz\/de\/portfolio-item\/2007-atriovy-dum-u-prahy\/\"  id='av-masonry-1-item-29869' data-av-masonry-item='29869' class='av-masonry-entry isotope-item post-29869 portfolio type-portfolio status-publish has-post-thumbnail hentry tag-feng-shui-de tag-rodinny-dum portfolio_entries-architektura-a-krajinna-tvorba-de portfolio_entries-geomantie-a-tvorba-prostredi-de portfolio_entries-nabytek-a-interiery-de  av-masonry-item-with-image av-grid-img' title=\"00001-dum_a_zahrada_z_jihu\"   itemscope=\"itemscope\" itemtype=\"https:\/\/schema.org\/CreativeWork\" ><div class='av-inner-masonry-sizer'><\/div><figure class='av-inner-masonry main_color'><div class=\"av-masonry-outerimage-container\"><div class='av-masonry-image-container' style=\"background-image: url(https:\/\/www.arc.cz\/wp-content\/uploads\/2007\/01\/00001-dum_a_zahrada_z_jihu-400x267.jpg);\"  title=\"00001-dum_a_zahrada_z_jihu\" ><\/div><\/div><figcaption class='av-inner-masonry-content site-background'><div class='av-inner-masonry-content-pos'><div class='av-inner-masonry-content-pos-content'><div class='avia-arrow'><\/div><h3 class='av-masonry-entry-title entry-title '  itemprop=\"headline\" >Atriumeinfamilienhaus mit Garten<\/h3><\/div><\/div><\/figcaption><\/figure><\/a><!--end av-masonry entry--><a href=\"https:\/\/www.arc.cz\/de\/portfolio-item\/2005-chranene-bydleni-portus-v-obci-slapy\/\"  id='av-masonry-1-item-29877' data-av-masonry-item='29877' class='av-masonry-entry isotope-item post-29877 portfolio type-portfolio status-publish has-post-thumbnail hentry tag-chranene-bydleni-de tag-chranene-bydleni portfolio_entries-architektura-a-krajinna-tvorba-de portfolio_entries-geomantie-a-tvorba-prostredi-de portfolio_entries-nabytek-a-interiery-de  av-masonry-item-with-image av-grid-img' title=\"00001-south_view_detail1\"   itemscope=\"itemscope\" itemtype=\"https:\/\/schema.org\/CreativeWork\" ><div class='av-inner-masonry-sizer'><\/div><figure class='av-inner-masonry main_color'><div class=\"av-masonry-outerimage-container\"><div class='av-masonry-image-container' style=\"background-image: url(https:\/\/www.arc.cz\/wp-content\/uploads\/2005\/01\/00001-south_view_detail1-400x285.jpg);\"  title=\"00001-south_view_detail1\" ><\/div><\/div><figcaption class='av-inner-masonry-content site-background'><div class='av-inner-masonry-content-pos'><div class='av-inner-masonry-content-pos-content'><div class='avia-arrow'><\/div><h3 class='av-masonry-entry-title entry-title '  itemprop=\"headline\" >Betreutes Wohnen in der Gemeinde Slapy<\/h3><\/div><\/div><\/figcaption><\/figure><\/a><!--end av-masonry entry--><a href=\"https:\/\/www.arc.cz\/de\/portfolio-item\/2004-dum-pro-seniory-na-zlicine\/\"  id='av-masonry-1-item-29887' data-av-masonry-item='29887' class='av-masonry-entry isotope-item post-29887 portfolio type-portfolio status-publish has-post-thumbnail hentry tag-dum-pro-seoniory-de tag-dum-pro-seoniory portfolio_entries-architektura-a-krajinna-tvorba-de portfolio_entries-geomantie-a-tvorba-prostredi-de  av-masonry-item-with-image av-grid-img' title=\"00001-dum_s_pecovatelskou_sluzbou_zlicin_praha_5\"   itemscope=\"itemscope\" itemtype=\"https:\/\/schema.org\/CreativeWork\" ><div class='av-inner-masonry-sizer'><\/div><figure class='av-inner-masonry main_color'><div class=\"av-masonry-outerimage-container\"><div class='av-masonry-image-container' style=\"background-image: url(https:\/\/www.arc.cz\/wp-content\/uploads\/2004\/01\/00001-dum_s_pecovatelskou_sluzbou_zlicin_praha_5-400x341.jpg);\"  title=\"00001-dum_s_pecovatelskou_sluzbou_zlicin_praha_5\" ><\/div><\/div><figcaption class='av-inner-masonry-content site-background'><div class='av-inner-masonry-content-pos'><div class='av-inner-masonry-content-pos-content'><div class='avia-arrow'><\/div><h3 class='av-masonry-entry-title entry-title '  itemprop=\"headline\" >Seniorenheim in dem Prager Stadtviertel Zlicin<\/h3><\/div><\/div><\/figcaption><\/figure><\/a><!--end av-masonry entry--><a href=\"https:\/\/www.arc.cz\/de\/portfolio-item\/2008-rekonstrukce-domu-maitrea\/\"  id='av-masonry-1-item-29859' data-av-masonry-item='29859' class='av-masonry-entry isotope-item post-29859 portfolio type-portfolio status-publish has-post-thumbnail hentry tag-cinzovni-dum-de tag-restaurace-de portfolio_entries-architektura-a-krajinna-tvorba-de portfolio_entries-geomantie-a-tvorba-prostredi-de portfolio_entries-nabytek-a-interiery-de  av-masonry-item-with-image av-grid-img' title=\"00070-web-maitrea-3078\"   itemscope=\"itemscope\" itemtype=\"https:\/\/schema.org\/CreativeWork\" ><div class='av-inner-masonry-sizer'><\/div><figure class='av-inner-masonry main_color'><div class=\"av-masonry-outerimage-container\"><div class='av-masonry-image-container' style=\"background-image: url(https:\/\/www.arc.cz\/wp-content\/uploads\/2008\/01\/00070-web-maitrea-3078-400x267.jpg);\"  title=\"00070-web-maitrea-3078\" ><\/div><\/div><figcaption class='av-inner-masonry-content site-background'><div class='av-inner-masonry-content-pos'><div class='av-inner-masonry-content-pos-content'><div class='avia-arrow'><\/div><h3 class='av-masonry-entry-title entry-title '  itemprop=\"headline\" >Rekonstruktion des Hauses Maitrea<\/h3><\/div><\/div><\/figcaption><\/figure><\/a><!--end av-masonry entry--><a href=\"https:\/\/www.arc.cz\/de\/portfolio-item\/2014-urbanisticka-studie-vzdelavaciho-mestecka-krumlovia-v-ceskem-krumlove\/\"  id='av-masonry-1-item-29802' data-av-masonry-item='29802' class='av-masonry-entry isotope-item post-29802 portfolio type-portfolio status-publish has-post-thumbnail hentry tag-bytovy-dum tag-chranene-bydleni tag-cinzovni-dum tag-farma tag-geomantie tag-hotel tag-hriste tag-bytovy-dum-de tag-penzion tag-restaurace tag-rodinny-dum tag-skola tag-skolka tag-hriste-de tag-zahrada portfolio_entries-architektura-a-krajinna-tvorba-de portfolio_entries-geomantie-a-tvorba-prostredi-de  av-masonry-item-with-image av-grid-img' title=\"00001-a0-studie-bez-popisek-low\"   itemscope=\"itemscope\" itemtype=\"https:\/\/schema.org\/CreativeWork\" ><div class='av-inner-masonry-sizer'><\/div><figure class='av-inner-masonry main_color'><div class=\"av-masonry-outerimage-container\"><div class='av-masonry-image-container' style=\"background-image: url(https:\/\/www.arc.cz\/wp-content\/uploads\/2014\/01\/00001-a0-studie-bez-popisek-low-400x286.jpg);\"  title=\"00001-a0-studie-bez-popisek-low\" ><\/div><\/div><figcaption class='av-inner-masonry-content site-background'><div class='av-inner-masonry-content-pos'><div class='av-inner-masonry-content-pos-content'><div class='avia-arrow'><\/div><h3 class='av-masonry-entry-title entry-title '  itemprop=\"headline\" >Urbanistische Studie des Bildungsortes Krumlovia in \u010cesk\u00fd Krumlov<\/h3><\/div><\/div><\/figcaption><\/figure><\/a><!--end av-masonry entry--><\/div><\/div><\/div>","protected":false},"excerpt":{"rendered":"","protected":false},"author":1,"featured_media":0,"parent":29943,"menu_order":0,"comment_status":"closed","ping_status":"closed","template":"","meta":{"footnotes":""},"yoast_head":"<!-- This site is optimized with the Yoast SEO plugin v23.1 - https:\/\/yoast.com\/wordpress\/plugins\/seo\/ -->\n<title>Leistungen - Studio ARC<\/title>\n<meta name=\"robots\" content=\"index, follow, max-snippet:-1, max-image-preview:large, max-video-preview:-1\" \/>\n<link rel=\"canonical\" href=\"https:\/\/www.arc.cz\/de\/geomantie\/celostni-tvorba-prostredi\/\" \/>\n<meta property=\"og:locale\" content=\"de_DE\" \/>\n<meta property=\"og:type\" content=\"article\" \/>\n<meta property=\"og:title\" content=\"Leistungen - Studio ARC\" \/>\n<meta property=\"og:url\" content=\"https:\/\/www.arc.cz\/de\/geomantie\/celostni-tvorba-prostredi\/\" \/>\n<meta property=\"og:site_name\" content=\"Studio ARC\" \/>\n<meta property=\"article:modified_time\" content=\"2025-11-22T22:02:44+00:00\" \/>\n<meta name=\"twitter:card\" content=\"summary_large_image\" \/>\n<meta name=\"twitter:label1\" content=\"Gesch\u00e4tzte Lesezeit\" \/>\n\t<meta name=\"twitter:data1\" content=\"2\u00a0Minuten\" \/>\n<script type=\"application\/ld+json\" class=\"yoast-schema-graph\">{\"@context\":\"https:\/\/schema.org\",\"@graph\":[{\"@type\":\"WebPage\",\"@id\":\"https:\/\/www.arc.cz\/de\/geomantie\/celostni-tvorba-prostredi\/\",\"url\":\"https:\/\/www.arc.cz\/de\/geomantie\/celostni-tvorba-prostredi\/\",\"name\":\"Leistungen - Studio ARC\",\"isPartOf\":{\"@id\":\"https:\/\/www.arc.cz\/de\/#website\"},\"datePublished\":\"2015-01-09T14:50:10+00:00\",\"dateModified\":\"2025-11-22T22:02:44+00:00\",\"breadcrumb\":{\"@id\":\"https:\/\/www.arc.cz\/de\/geomantie\/celostni-tvorba-prostredi\/#breadcrumb\"},\"inLanguage\":\"de\",\"potentialAction\":[{\"@type\":\"ReadAction\",\"target\":[\"https:\/\/www.arc.cz\/de\/geomantie\/celostni-tvorba-prostredi\/\"]}]},{\"@type\":\"BreadcrumbList\",\"@id\":\"https:\/\/www.arc.cz\/de\/geomantie\/celostni-tvorba-prostredi\/#breadcrumb\",\"itemListElement\":[{\"@type\":\"ListItem\",\"position\":1,\"name\":\"Dom\u016f\",\"item\":\"https:\/\/www.arc.cz\/de\/celostni-a-organicka-architektura\/\"},{\"@type\":\"ListItem\",\"position\":2,\"name\":\"Geomantie und Umfeldgestaltung\",\"item\":\"https:\/\/www.arc.cz\/de\/geomantie\/\"},{\"@type\":\"ListItem\",\"position\":3,\"name\":\"Leistungen\"}]},{\"@type\":\"WebSite\",\"@id\":\"https:\/\/www.arc.cz\/de\/#website\",\"url\":\"https:\/\/www.arc.cz\/de\/\",\"name\":\"Studio ARC\",\"description\":\"Old\u0159ich Hozman Architect | Holistic and organic architecture\",\"publisher\":{\"@id\":\"https:\/\/www.arc.cz\/de\/#organization\"},\"potentialAction\":[{\"@type\":\"SearchAction\",\"target\":{\"@type\":\"EntryPoint\",\"urlTemplate\":\"https:\/\/www.arc.cz\/de\/?s={search_term_string}\"},\"query-input\":\"required name=search_term_string\"}],\"inLanguage\":\"de\"},{\"@type\":\"Organization\",\"@id\":\"https:\/\/www.arc.cz\/de\/#organization\",\"name\":\"Studio ARC\",\"url\":\"https:\/\/www.arc.cz\/de\/\",\"logo\":{\"@type\":\"ImageObject\",\"inLanguage\":\"de\",\"@id\":\"https:\/\/www.arc.cz\/de\/#\/schema\/logo\/image\/\",\"url\":\"https:\/\/www.arc.cz\/wp-content\/uploads\/logo.gif\",\"contentUrl\":\"https:\/\/www.arc.cz\/wp-content\/uploads\/logo.gif\",\"width\":125,\"height\":125,\"caption\":\"Studio ARC\"},\"image\":{\"@id\":\"https:\/\/www.arc.cz\/de\/#\/schema\/logo\/image\/\"}}]}<\/script>\n<!-- \/ Yoast SEO plugin. -->","yoast_head_json":{"title":"Leistungen - Studio ARC","robots":{"index":"index","follow":"follow","max-snippet":"max-snippet:-1","max-image-preview":"max-image-preview:large","max-video-preview":"max-video-preview:-1"},"canonical":"https:\/\/www.arc.cz\/de\/geomantie\/celostni-tvorba-prostredi\/","og_locale":"de_DE","og_type":"article","og_title":"Leistungen - Studio ARC","og_url":"https:\/\/www.arc.cz\/de\/geomantie\/celostni-tvorba-prostredi\/","og_site_name":"Studio ARC","article_modified_time":"2025-11-22T22:02:44+00:00","twitter_card":"summary_large_image","twitter_misc":{"Gesch\u00e4tzte Lesezeit":"2\u00a0Minuten"},"schema":{"@context":"https:\/\/schema.org","@graph":[{"@type":"WebPage","@id":"https:\/\/www.arc.cz\/de\/geomantie\/celostni-tvorba-prostredi\/","url":"https:\/\/www.arc.cz\/de\/geomantie\/celostni-tvorba-prostredi\/","name":"Leistungen - Studio ARC","isPartOf":{"@id":"https:\/\/www.arc.cz\/de\/#website"},"datePublished":"2015-01-09T14:50:10+00:00","dateModified":"2025-11-22T22:02:44+00:00","breadcrumb":{"@id":"https:\/\/www.arc.cz\/de\/geomantie\/celostni-tvorba-prostredi\/#breadcrumb"},"inLanguage":"de","potentialAction":[{"@type":"ReadAction","target":["https:\/\/www.arc.cz\/de\/geomantie\/celostni-tvorba-prostredi\/"]}]},{"@type":"BreadcrumbList","@id":"https:\/\/www.arc.cz\/de\/geomantie\/celostni-tvorba-prostredi\/#breadcrumb","itemListElement":[{"@type":"ListItem","position":1,"name":"Dom\u016f","item":"https:\/\/www.arc.cz\/de\/celostni-a-organicka-architektura\/"},{"@type":"ListItem","position":2,"name":"Geomantie und Umfeldgestaltung","item":"https:\/\/www.arc.cz\/de\/geomantie\/"},{"@type":"ListItem","position":3,"name":"Leistungen"}]},{"@type":"WebSite","@id":"https:\/\/www.arc.cz\/de\/#website","url":"https:\/\/www.arc.cz\/de\/","name":"Studio ARC","description":"Old\u0159ich Hozman Architect | Holistic and organic architecture","publisher":{"@id":"https:\/\/www.arc.cz\/de\/#organization"},"potentialAction":[{"@type":"SearchAction","target":{"@type":"EntryPoint","urlTemplate":"https:\/\/www.arc.cz\/de\/?s={search_term_string}"},"query-input":"required name=search_term_string"}],"inLanguage":"de"},{"@type":"Organization","@id":"https:\/\/www.arc.cz\/de\/#organization","name":"Studio ARC","url":"https:\/\/www.arc.cz\/de\/","logo":{"@type":"ImageObject","inLanguage":"de","@id":"https:\/\/www.arc.cz\/de\/#\/schema\/logo\/image\/","url":"https:\/\/www.arc.cz\/wp-content\/uploads\/logo.gif","contentUrl":"https:\/\/www.arc.cz\/wp-content\/uploads\/logo.gif","width":125,"height":125,"caption":"Studio ARC"},"image":{"@id":"https:\/\/www.arc.cz\/de\/#\/schema\/logo\/image\/"}}]}},"_links":{"self":[{"href":"https:\/\/www.arc.cz\/de\/wp-json\/wp\/v2\/pages\/29978"}],"collection":[{"href":"https:\/\/www.arc.cz\/de\/wp-json\/wp\/v2\/pages"}],"about":[{"href":"https:\/\/www.arc.cz\/de\/wp-json\/wp\/v2\/types\/page"}],"author":[{"embeddable":true,"href":"https:\/\/www.arc.cz\/de\/wp-json\/wp\/v2\/users\/1"}],"replies":[{"embeddable":true,"href":"https:\/\/www.arc.cz\/de\/wp-json\/wp\/v2\/comments?post=29978"}],"version-history":[{"count":4,"href":"https:\/\/www.arc.cz\/de\/wp-json\/wp\/v2\/pages\/29978\/revisions"}],"predecessor-version":[{"id":191155,"href":"https:\/\/www.arc.cz\/de\/wp-json\/wp\/v2\/pages\/29978\/revisions\/191155"}],"up":[{"embeddable":true,"href":"https:\/\/www.arc.cz\/de\/wp-json\/wp\/v2\/pages\/29943"}],"wp:attachment":[{"href":"https:\/\/www.arc.cz\/de\/wp-json\/wp\/v2\/media?parent=29978"}],"curies":[{"name":"wp","href":"https:\/\/api.w.org\/{rel}","templated":true}]}}