{"id":29980,"date":"2015-01-09T15:48:13","date_gmt":"2015-01-09T14:48:13","guid":{"rendered":"https:\/\/www.arc.cz\/interiery\/obsah-projektu\/"},"modified":"2017-03-18T16:36:54","modified_gmt":"2017-03-18T15:36:54","slug":"obsah-projektu","status":"publish","type":"page","link":"https:\/\/www.arc.cz\/de\/interiery\/obsah-projektu\/","title":{"rendered":"Inhalt der Projekte"},"content":{"rendered":"<h3>Detaillierte Beschreibung der einzelnen Projektphasen:<\/h3>\r\n<ol>\r\n \t<li>Auftragsvorbereitung: Kennenlernen der Projektziele, Besichtigung vor Ort und Beschaffung von notwendigen Unterlagen<\/li>\r\n \t<li>Vorschlag der Gestaltung der Innenr\u00e4ume &#8211; Studie:\u00a0 Erstellung von gestalterischen Skizzierungen in verschiedenen Varianten, Vorlage der Modelle in verschiedenen Varianten<\/li>\r\n \t<li>Dokumentation zur Gestaltung der Innenr\u00e4ume: Ausarbeitung technischer Unterlagen f\u00fcr die Herstellung<\/li>\r\n \t<li>Unterlagen zur Lieferanten-Ausschreibung und Vergabe der Baustelle: Berechnung des Budgets und Ausarbeitung der Unterlagen zur Lieferanten-Ausschreibung<\/li>\r\n \t<li>Mitwirkung w\u00e4hrend der Bauausf\u00fchrung (Objekt\u00fcberwachung durch den Planer und technische \u00dcberwachung der Baustelle): Kontrolle und Besichtigungen der Baustelle und Produktionswerkst\u00e4tte<\/li>\r\n<\/ol>\r\nIm Preis nicht inbegriffen sind die Preise f\u00fcr anfallende Vermessungen der Innenr\u00e4ume. Das Honorar enth\u00e4lt keine Leistungen in Bezug auf die Herstellung der Modelle.\r\n\r\nDie mit allf\u00e4lligen Besuchen des Planers auf der Baustelle verbundenen Regiekosten werden in der H\u00f6he von 7\u00a0CZK\/Km verrechnet. Die Preise verstehen sich exkl. 20&nbsp;% MwSt.\r\n\r\nDie Termine f\u00fcr den Beginn der Projektarbeiten liegen zwischen 1\u00a0und 2\u00a0Monaten ab dem Zeitpunkt der Best\u00e4tigung des Angebotes.\r\n\r\nDie Bearbeitung aller Abschnitte der Projektphasen betr\u00e4gt zwischen 6\u00a0und 12 Monaten.\r\n\r\n&nbsp;","protected":false},"excerpt":{"rendered":"Detaillierte Beschreibung der einzelnen Projektphasen: Auftragsvorbereitung: Kennenlernen der Projektziele, Besichtigung vor Ort und Beschaffung von notwendigen Unterlagen Vorschlag der Gestaltung der Innenr\u00e4ume &#8211; Studie:\u00a0 Erstellung von gestalterischen Skizzierungen in verschiedenen Varianten, Vorlage der Modelle in verschiedenen Varianten Dokumentation zur Gestaltung der Innenr\u00e4ume: Ausarbeitung technischer Unterlagen f\u00fcr die Herstellung Unterlagen zur Lieferanten-Ausschreibung und Vergabe der Baustelle: [&hellip;]","protected":false},"author":1,"featured_media":0,"parent":29944,"menu_order":19,"comment_status":"closed","ping_status":"closed","template":"","meta":{"footnotes":""},"yoast_head":"<!-- This site is optimized with the Yoast SEO plugin v23.1 - https:\/\/yoast.com\/wordpress\/plugins\/seo\/ -->\n<title>Inhalt der Projekte - Studio ARC<\/title>\n<meta name=\"robots\" content=\"index, follow, max-snippet:-1, max-image-preview:large, max-video-preview:-1\" \/>\n<link rel=\"canonical\" href=\"https:\/\/www.arc.cz\/de\/interiery\/obsah-projektu\/\" \/>\n<meta property=\"og:locale\" content=\"de_DE\" \/>\n<meta property=\"og:type\" content=\"article\" \/>\n<meta property=\"og:title\" content=\"Inhalt der Projekte - Studio ARC\" \/>\n<meta property=\"og:description\" content=\"Detaillierte Beschreibung der einzelnen Projektphasen: Auftragsvorbereitung: Kennenlernen der Projektziele, Besichtigung vor Ort und Beschaffung von notwendigen Unterlagen Vorschlag der Gestaltung der Innenr\u00e4ume &#8211; Studie:\u00a0 Erstellung von gestalterischen Skizzierungen in verschiedenen Varianten, Vorlage der Modelle in verschiedenen Varianten Dokumentation zur Gestaltung der Innenr\u00e4ume: Ausarbeitung technischer Unterlagen f\u00fcr die Herstellung Unterlagen zur Lieferanten-Ausschreibung und Vergabe der Baustelle: [&hellip;]\" \/>\n<meta property=\"og:url\" content=\"https:\/\/www.arc.cz\/de\/interiery\/obsah-projektu\/\" \/>\n<meta property=\"og:site_name\" content=\"Studio ARC\" \/>\n<meta property=\"article:modified_time\" content=\"2017-03-18T15:36:54+00:00\" \/>\n<meta name=\"twitter:card\" content=\"summary_large_image\" \/>\n<meta name=\"twitter:label1\" content=\"Gesch\u00e4tzte Lesezeit\" \/>\n\t<meta name=\"twitter:data1\" content=\"1\u00a0Minute\" \/>\n<script type=\"application\/ld+json\" class=\"yoast-schema-graph\">{\"@context\":\"https:\/\/schema.org\",\"@graph\":[{\"@type\":\"WebPage\",\"@id\":\"https:\/\/www.arc.cz\/de\/interiery\/obsah-projektu\/\",\"url\":\"https:\/\/www.arc.cz\/de\/interiery\/obsah-projektu\/\",\"name\":\"Inhalt der Projekte - Studio ARC\",\"isPartOf\":{\"@id\":\"https:\/\/www.arc.cz\/de\/#website\"},\"datePublished\":\"2015-01-09T14:48:13+00:00\",\"dateModified\":\"2017-03-18T15:36:54+00:00\",\"breadcrumb\":{\"@id\":\"https:\/\/www.arc.cz\/de\/interiery\/obsah-projektu\/#breadcrumb\"},\"inLanguage\":\"de\",\"potentialAction\":[{\"@type\":\"ReadAction\",\"target\":[\"https:\/\/www.arc.cz\/de\/interiery\/obsah-projektu\/\"]}]},{\"@type\":\"BreadcrumbList\",\"@id\":\"https:\/\/www.arc.cz\/de\/interiery\/obsah-projektu\/#breadcrumb\",\"itemListElement\":[{\"@type\":\"ListItem\",\"position\":1,\"name\":\"Dom\u016f\",\"item\":\"https:\/\/www.arc.cz\/de\/celostni-a-organicka-architektura\/\"},{\"@type\":\"ListItem\",\"position\":2,\"name\":\"M\u00f6bel und Interieurs\",\"item\":\"https:\/\/www.arc.cz\/de\/interiery\/\"},{\"@type\":\"ListItem\",\"position\":3,\"name\":\"Inhalt der Projekte\"}]},{\"@type\":\"WebSite\",\"@id\":\"https:\/\/www.arc.cz\/de\/#website\",\"url\":\"https:\/\/www.arc.cz\/de\/\",\"name\":\"Studio ARC\",\"description\":\"Old\u0159ich Hozman Architect | Holistic and organic architecture\",\"publisher\":{\"@id\":\"https:\/\/www.arc.cz\/de\/#organization\"},\"potentialAction\":[{\"@type\":\"SearchAction\",\"target\":{\"@type\":\"EntryPoint\",\"urlTemplate\":\"https:\/\/www.arc.cz\/de\/?s={search_term_string}\"},\"query-input\":\"required name=search_term_string\"}],\"inLanguage\":\"de\"},{\"@type\":\"Organization\",\"@id\":\"https:\/\/www.arc.cz\/de\/#organization\",\"name\":\"Studio ARC\",\"url\":\"https:\/\/www.arc.cz\/de\/\",\"logo\":{\"@type\":\"ImageObject\",\"inLanguage\":\"de\",\"@id\":\"https:\/\/www.arc.cz\/de\/#\/schema\/logo\/image\/\",\"url\":\"https:\/\/www.arc.cz\/wp-content\/uploads\/logo.gif\",\"contentUrl\":\"https:\/\/www.arc.cz\/wp-content\/uploads\/logo.gif\",\"width\":125,\"height\":125,\"caption\":\"Studio ARC\"},\"image\":{\"@id\":\"https:\/\/www.arc.cz\/de\/#\/schema\/logo\/image\/\"}}]}<\/script>\n<!-- \/ Yoast SEO plugin. -->","yoast_head_json":{"title":"Inhalt der Projekte - Studio ARC","robots":{"index":"index","follow":"follow","max-snippet":"max-snippet:-1","max-image-preview":"max-image-preview:large","max-video-preview":"max-video-preview:-1"},"canonical":"https:\/\/www.arc.cz\/de\/interiery\/obsah-projektu\/","og_locale":"de_DE","og_type":"article","og_title":"Inhalt der Projekte - Studio ARC","og_description":"Detaillierte Beschreibung der einzelnen Projektphasen: Auftragsvorbereitung: Kennenlernen der Projektziele, Besichtigung vor Ort und Beschaffung von notwendigen Unterlagen Vorschlag der Gestaltung der Innenr\u00e4ume &#8211; Studie:\u00a0 Erstellung von gestalterischen Skizzierungen in verschiedenen Varianten, Vorlage der Modelle in verschiedenen Varianten Dokumentation zur Gestaltung der Innenr\u00e4ume: Ausarbeitung technischer Unterlagen f\u00fcr die Herstellung Unterlagen zur Lieferanten-Ausschreibung und Vergabe der Baustelle: [&hellip;]","og_url":"https:\/\/www.arc.cz\/de\/interiery\/obsah-projektu\/","og_site_name":"Studio ARC","article_modified_time":"2017-03-18T15:36:54+00:00","twitter_card":"summary_large_image","twitter_misc":{"Gesch\u00e4tzte Lesezeit":"1\u00a0Minute"},"schema":{"@context":"https:\/\/schema.org","@graph":[{"@type":"WebPage","@id":"https:\/\/www.arc.cz\/de\/interiery\/obsah-projektu\/","url":"https:\/\/www.arc.cz\/de\/interiery\/obsah-projektu\/","name":"Inhalt der Projekte - Studio ARC","isPartOf":{"@id":"https:\/\/www.arc.cz\/de\/#website"},"datePublished":"2015-01-09T14:48:13+00:00","dateModified":"2017-03-18T15:36:54+00:00","breadcrumb":{"@id":"https:\/\/www.arc.cz\/de\/interiery\/obsah-projektu\/#breadcrumb"},"inLanguage":"de","potentialAction":[{"@type":"ReadAction","target":["https:\/\/www.arc.cz\/de\/interiery\/obsah-projektu\/"]}]},{"@type":"BreadcrumbList","@id":"https:\/\/www.arc.cz\/de\/interiery\/obsah-projektu\/#breadcrumb","itemListElement":[{"@type":"ListItem","position":1,"name":"Dom\u016f","item":"https:\/\/www.arc.cz\/de\/celostni-a-organicka-architektura\/"},{"@type":"ListItem","position":2,"name":"M\u00f6bel und Interieurs","item":"https:\/\/www.arc.cz\/de\/interiery\/"},{"@type":"ListItem","position":3,"name":"Inhalt der Projekte"}]},{"@type":"WebSite","@id":"https:\/\/www.arc.cz\/de\/#website","url":"https:\/\/www.arc.cz\/de\/","name":"Studio ARC","description":"Old\u0159ich Hozman Architect | Holistic and organic architecture","publisher":{"@id":"https:\/\/www.arc.cz\/de\/#organization"},"potentialAction":[{"@type":"SearchAction","target":{"@type":"EntryPoint","urlTemplate":"https:\/\/www.arc.cz\/de\/?s={search_term_string}"},"query-input":"required name=search_term_string"}],"inLanguage":"de"},{"@type":"Organization","@id":"https:\/\/www.arc.cz\/de\/#organization","name":"Studio ARC","url":"https:\/\/www.arc.cz\/de\/","logo":{"@type":"ImageObject","inLanguage":"de","@id":"https:\/\/www.arc.cz\/de\/#\/schema\/logo\/image\/","url":"https:\/\/www.arc.cz\/wp-content\/uploads\/logo.gif","contentUrl":"https:\/\/www.arc.cz\/wp-content\/uploads\/logo.gif","width":125,"height":125,"caption":"Studio ARC"},"image":{"@id":"https:\/\/www.arc.cz\/de\/#\/schema\/logo\/image\/"}}]}},"_links":{"self":[{"href":"https:\/\/www.arc.cz\/de\/wp-json\/wp\/v2\/pages\/29980"}],"collection":[{"href":"https:\/\/www.arc.cz\/de\/wp-json\/wp\/v2\/pages"}],"about":[{"href":"https:\/\/www.arc.cz\/de\/wp-json\/wp\/v2\/types\/page"}],"author":[{"embeddable":true,"href":"https:\/\/www.arc.cz\/de\/wp-json\/wp\/v2\/users\/1"}],"replies":[{"embeddable":true,"href":"https:\/\/www.arc.cz\/de\/wp-json\/wp\/v2\/comments?post=29980"}],"version-history":[{"count":0,"href":"https:\/\/www.arc.cz\/de\/wp-json\/wp\/v2\/pages\/29980\/revisions"}],"up":[{"embeddable":true,"href":"https:\/\/www.arc.cz\/de\/wp-json\/wp\/v2\/pages\/29944"}],"wp:attachment":[{"href":"https:\/\/www.arc.cz\/de\/wp-json\/wp\/v2\/media?parent=29980"}],"curies":[{"name":"wp","href":"https:\/\/api.w.org\/{rel}","templated":true}]}}