{"id":29982,"date":"2015-01-09T15:47:42","date_gmt":"2015-01-09T14:47:42","guid":{"rendered":"https:\/\/www.arc.cz\/interiery\/ceny-projektovych-praci\/"},"modified":"2017-03-19T23:19:34","modified_gmt":"2017-03-19T22:19:34","slug":"ceny-projektovych-praci","status":"publish","type":"page","link":"https:\/\/www.arc.cz\/de\/interiery\/ceny-projektovych-praci\/","title":{"rendered":"Preise f\u00fcr Planungsarbeiten"},"content":{"rendered":"<strong>Auskunft \u00fcber Projektpreise<\/strong>\r\n\r\nDie Berechnung der Honorierung von Projektleistungen erfolgt bei mir standardgem\u00e4\u00df nach der Honorarordnung der Tschechischen Architektenkammer. Das Honorar entspricht dem Anteil an Komplizerung\u00a0und Umfang von Arbeitsleistungen, die sich aus den voraussichtlichen Gesamtkosten des Bauvorhabens ergeben. Bei der Berechnung der Projektpreise liegt die Gesamth\u00f6he dieses Anteiles zwischen 10&nbsp;% und 15&nbsp;% der voraussichtlichen Kosten des Bauvorhabens. S\u00e4mtliche an die Projekte bezogenen T\u00e4tigkeiten und Dienstleistungen entnehmen Sie bitte dem Link Projektinhalt und Gesetzgebung.\r\n\r\nDen berechneten Projektpreis erh\u00e4lt von mir jeder der Kunden in einem schriftlichen Angebot individuell vorgelegt. Um das Angebot zusammenstellen zu k\u00f6nnen, wird ein pers\u00f6nliches Treffen vereinbart, bei dem der Umfang und der Zweck des Auftrages festgesetzt werden. Das Angebot wird kostenlos erstellt.\r\n\r\nDas Grundhonorar befindet sich in der Spanne von 6,79 bis 16,35% vom Preis des Interieurs. Aus diesem Haupthonorar werden weiter die Preise f\u00fcr die einzelnen Etappen des Projekts berechnet.\r\n<ol>\r\n \t<li>Vorbereitung des Auftrages: 3% des Grundhonorars<\/li>\r\n \t<li>Entwurf des Interieurs \u2013\u00a0Studie: 27%\u00a0des Grundhonorars<\/li>\r\n \t<li>Ausarbeitung der Dokumentation f\u00fcr die Durchf\u00fchrung des Interieurs: 34% des Grundhonorars<\/li>\r\n \t<li>Ausarbeitung der Unterlagen f\u00fcr das Finden und die \u00dcbergabe an eine Baufirma: 6% des Grundhonorars<\/li>\r\n \t<li>Zusammenarbeit bei der Durchf\u00fchrung des Baues (Autor-, und technische Aufsicht) 30% des Grundhonorars<\/li>\r\n<\/ol>","protected":false},"excerpt":{"rendered":"Auskunft \u00fcber Projektpreise Die Berechnung der Honorierung von Projektleistungen erfolgt bei mir standardgem\u00e4\u00df nach der Honorarordnung der Tschechischen Architektenkammer. Das Honorar entspricht dem Anteil an Komplizerung\u00a0und Umfang von Arbeitsleistungen, die sich aus den voraussichtlichen Gesamtkosten des Bauvorhabens ergeben. Bei der Berechnung der Projektpreise liegt die Gesamth\u00f6he dieses Anteiles zwischen 10&nbsp;% und 15&nbsp;% der voraussichtlichen Kosten [&hellip;]","protected":false},"author":1,"featured_media":0,"parent":29944,"menu_order":21,"comment_status":"closed","ping_status":"closed","template":"","meta":{"footnotes":""},"yoast_head":"<!-- This site is optimized with the Yoast SEO plugin v23.1 - https:\/\/yoast.com\/wordpress\/plugins\/seo\/ -->\n<title>Preise f\u00fcr Planungsarbeiten - Studio ARC<\/title>\n<meta name=\"robots\" content=\"index, follow, max-snippet:-1, max-image-preview:large, max-video-preview:-1\" \/>\n<link rel=\"canonical\" href=\"https:\/\/www.arc.cz\/de\/interiery\/ceny-projektovych-praci\/\" \/>\n<meta property=\"og:locale\" content=\"de_DE\" \/>\n<meta property=\"og:type\" content=\"article\" \/>\n<meta property=\"og:title\" content=\"Preise f\u00fcr Planungsarbeiten - Studio ARC\" \/>\n<meta property=\"og:description\" content=\"Auskunft \u00fcber Projektpreise Die Berechnung der Honorierung von Projektleistungen erfolgt bei mir standardgem\u00e4\u00df nach der Honorarordnung der Tschechischen Architektenkammer. Das Honorar entspricht dem Anteil an Komplizerung\u00a0und Umfang von Arbeitsleistungen, die sich aus den voraussichtlichen Gesamtkosten des Bauvorhabens ergeben. Bei der Berechnung der Projektpreise liegt die Gesamth\u00f6he dieses Anteiles zwischen 10&nbsp;% und 15&nbsp;% der voraussichtlichen Kosten [&hellip;]\" \/>\n<meta property=\"og:url\" content=\"https:\/\/www.arc.cz\/de\/interiery\/ceny-projektovych-praci\/\" \/>\n<meta property=\"og:site_name\" content=\"Studio ARC\" \/>\n<meta property=\"article:modified_time\" content=\"2017-03-19T22:19:34+00:00\" \/>\n<meta name=\"twitter:card\" content=\"summary_large_image\" \/>\n<meta name=\"twitter:label1\" content=\"Gesch\u00e4tzte Lesezeit\" \/>\n\t<meta name=\"twitter:data1\" content=\"1\u00a0Minute\" \/>\n<script type=\"application\/ld+json\" class=\"yoast-schema-graph\">{\"@context\":\"https:\/\/schema.org\",\"@graph\":[{\"@type\":\"WebPage\",\"@id\":\"https:\/\/www.arc.cz\/de\/interiery\/ceny-projektovych-praci\/\",\"url\":\"https:\/\/www.arc.cz\/de\/interiery\/ceny-projektovych-praci\/\",\"name\":\"Preise f\u00fcr Planungsarbeiten - Studio ARC\",\"isPartOf\":{\"@id\":\"https:\/\/www.arc.cz\/de\/#website\"},\"datePublished\":\"2015-01-09T14:47:42+00:00\",\"dateModified\":\"2017-03-19T22:19:34+00:00\",\"breadcrumb\":{\"@id\":\"https:\/\/www.arc.cz\/de\/interiery\/ceny-projektovych-praci\/#breadcrumb\"},\"inLanguage\":\"de\",\"potentialAction\":[{\"@type\":\"ReadAction\",\"target\":[\"https:\/\/www.arc.cz\/de\/interiery\/ceny-projektovych-praci\/\"]}]},{\"@type\":\"BreadcrumbList\",\"@id\":\"https:\/\/www.arc.cz\/de\/interiery\/ceny-projektovych-praci\/#breadcrumb\",\"itemListElement\":[{\"@type\":\"ListItem\",\"position\":1,\"name\":\"Dom\u016f\",\"item\":\"https:\/\/www.arc.cz\/de\/celostni-a-organicka-architektura\/\"},{\"@type\":\"ListItem\",\"position\":2,\"name\":\"M\u00f6bel und Interieurs\",\"item\":\"https:\/\/www.arc.cz\/de\/interiery\/\"},{\"@type\":\"ListItem\",\"position\":3,\"name\":\"Preise f\u00fcr Planungsarbeiten\"}]},{\"@type\":\"WebSite\",\"@id\":\"https:\/\/www.arc.cz\/de\/#website\",\"url\":\"https:\/\/www.arc.cz\/de\/\",\"name\":\"Studio ARC\",\"description\":\"Old\u0159ich Hozman Architect | Holistic and organic architecture\",\"publisher\":{\"@id\":\"https:\/\/www.arc.cz\/de\/#organization\"},\"potentialAction\":[{\"@type\":\"SearchAction\",\"target\":{\"@type\":\"EntryPoint\",\"urlTemplate\":\"https:\/\/www.arc.cz\/de\/?s={search_term_string}\"},\"query-input\":\"required name=search_term_string\"}],\"inLanguage\":\"de\"},{\"@type\":\"Organization\",\"@id\":\"https:\/\/www.arc.cz\/de\/#organization\",\"name\":\"Studio ARC\",\"url\":\"https:\/\/www.arc.cz\/de\/\",\"logo\":{\"@type\":\"ImageObject\",\"inLanguage\":\"de\",\"@id\":\"https:\/\/www.arc.cz\/de\/#\/schema\/logo\/image\/\",\"url\":\"https:\/\/www.arc.cz\/wp-content\/uploads\/logo.gif\",\"contentUrl\":\"https:\/\/www.arc.cz\/wp-content\/uploads\/logo.gif\",\"width\":125,\"height\":125,\"caption\":\"Studio ARC\"},\"image\":{\"@id\":\"https:\/\/www.arc.cz\/de\/#\/schema\/logo\/image\/\"}}]}<\/script>\n<!-- \/ Yoast SEO plugin. -->","yoast_head_json":{"title":"Preise f\u00fcr Planungsarbeiten - Studio ARC","robots":{"index":"index","follow":"follow","max-snippet":"max-snippet:-1","max-image-preview":"max-image-preview:large","max-video-preview":"max-video-preview:-1"},"canonical":"https:\/\/www.arc.cz\/de\/interiery\/ceny-projektovych-praci\/","og_locale":"de_DE","og_type":"article","og_title":"Preise f\u00fcr Planungsarbeiten - Studio ARC","og_description":"Auskunft \u00fcber Projektpreise Die Berechnung der Honorierung von Projektleistungen erfolgt bei mir standardgem\u00e4\u00df nach der Honorarordnung der Tschechischen Architektenkammer. Das Honorar entspricht dem Anteil an Komplizerung\u00a0und Umfang von Arbeitsleistungen, die sich aus den voraussichtlichen Gesamtkosten des Bauvorhabens ergeben. Bei der Berechnung der Projektpreise liegt die Gesamth\u00f6he dieses Anteiles zwischen 10&nbsp;% und 15&nbsp;% der voraussichtlichen Kosten [&hellip;]","og_url":"https:\/\/www.arc.cz\/de\/interiery\/ceny-projektovych-praci\/","og_site_name":"Studio ARC","article_modified_time":"2017-03-19T22:19:34+00:00","twitter_card":"summary_large_image","twitter_misc":{"Gesch\u00e4tzte Lesezeit":"1\u00a0Minute"},"schema":{"@context":"https:\/\/schema.org","@graph":[{"@type":"WebPage","@id":"https:\/\/www.arc.cz\/de\/interiery\/ceny-projektovych-praci\/","url":"https:\/\/www.arc.cz\/de\/interiery\/ceny-projektovych-praci\/","name":"Preise f\u00fcr Planungsarbeiten - Studio ARC","isPartOf":{"@id":"https:\/\/www.arc.cz\/de\/#website"},"datePublished":"2015-01-09T14:47:42+00:00","dateModified":"2017-03-19T22:19:34+00:00","breadcrumb":{"@id":"https:\/\/www.arc.cz\/de\/interiery\/ceny-projektovych-praci\/#breadcrumb"},"inLanguage":"de","potentialAction":[{"@type":"ReadAction","target":["https:\/\/www.arc.cz\/de\/interiery\/ceny-projektovych-praci\/"]}]},{"@type":"BreadcrumbList","@id":"https:\/\/www.arc.cz\/de\/interiery\/ceny-projektovych-praci\/#breadcrumb","itemListElement":[{"@type":"ListItem","position":1,"name":"Dom\u016f","item":"https:\/\/www.arc.cz\/de\/celostni-a-organicka-architektura\/"},{"@type":"ListItem","position":2,"name":"M\u00f6bel und Interieurs","item":"https:\/\/www.arc.cz\/de\/interiery\/"},{"@type":"ListItem","position":3,"name":"Preise f\u00fcr Planungsarbeiten"}]},{"@type":"WebSite","@id":"https:\/\/www.arc.cz\/de\/#website","url":"https:\/\/www.arc.cz\/de\/","name":"Studio ARC","description":"Old\u0159ich Hozman Architect | Holistic and organic architecture","publisher":{"@id":"https:\/\/www.arc.cz\/de\/#organization"},"potentialAction":[{"@type":"SearchAction","target":{"@type":"EntryPoint","urlTemplate":"https:\/\/www.arc.cz\/de\/?s={search_term_string}"},"query-input":"required name=search_term_string"}],"inLanguage":"de"},{"@type":"Organization","@id":"https:\/\/www.arc.cz\/de\/#organization","name":"Studio ARC","url":"https:\/\/www.arc.cz\/de\/","logo":{"@type":"ImageObject","inLanguage":"de","@id":"https:\/\/www.arc.cz\/de\/#\/schema\/logo\/image\/","url":"https:\/\/www.arc.cz\/wp-content\/uploads\/logo.gif","contentUrl":"https:\/\/www.arc.cz\/wp-content\/uploads\/logo.gif","width":125,"height":125,"caption":"Studio ARC"},"image":{"@id":"https:\/\/www.arc.cz\/de\/#\/schema\/logo\/image\/"}}]}},"_links":{"self":[{"href":"https:\/\/www.arc.cz\/de\/wp-json\/wp\/v2\/pages\/29982"}],"collection":[{"href":"https:\/\/www.arc.cz\/de\/wp-json\/wp\/v2\/pages"}],"about":[{"href":"https:\/\/www.arc.cz\/de\/wp-json\/wp\/v2\/types\/page"}],"author":[{"embeddable":true,"href":"https:\/\/www.arc.cz\/de\/wp-json\/wp\/v2\/users\/1"}],"replies":[{"embeddable":true,"href":"https:\/\/www.arc.cz\/de\/wp-json\/wp\/v2\/comments?post=29982"}],"version-history":[{"count":0,"href":"https:\/\/www.arc.cz\/de\/wp-json\/wp\/v2\/pages\/29982\/revisions"}],"up":[{"embeddable":true,"href":"https:\/\/www.arc.cz\/de\/wp-json\/wp\/v2\/pages\/29944"}],"wp:attachment":[{"href":"https:\/\/www.arc.cz\/de\/wp-json\/wp\/v2\/media?parent=29982"}],"curies":[{"name":"wp","href":"https:\/\/api.w.org\/{rel}","templated":true}]}}