{"id":29989,"date":"2015-01-09T15:45:20","date_gmt":"2015-01-09T14:45:20","guid":{"rendered":"https:\/\/www.arc.cz\/interiery\/nabytek-a-interiery\/"},"modified":"2024-07-30T14:42:24","modified_gmt":"2024-07-30T12:42:24","slug":"nabytek-a-interiery","status":"publish","type":"page","link":"https:\/\/www.arc.cz\/de\/interiery\/nabytek-a-interiery\/","title":{"rendered":"Leistungen"},"content":{"rendered":"<section  class='av_textblock_section av-j7zlb-465b247f9cb7729eec1f20d5a2d3d17f '   itemscope=\"itemscope\" itemtype=\"https:\/\/schema.org\/CreativeWork\" ><div class='avia_textblock'  itemprop=\"text\" ><ul>\n<li><em> Projekte von Innenr\u00e4umen aus nat\u00fcrichen und \u00f6kologischen\u00a0Materialien <\/em><\/li>\n<li><em> Projekte von Firmen \u2013und Gesch\u00e4ftsr\u00e4umen <\/em><\/li>\n<li><em> Design athypischer Innenr\u00e4ume und M\u00f6bel\u00a0<\/em><\/li>\n<li><em> Design von\u00a0M\u00f6bel und Gebrauchsgegenst\u00e4nden<\/em><em> f\u00fcr Industrieproduktion <\/em><\/li>\n<li><em> Originale, Kunstwerke und Solit\u00e4rm\u00f6bel<br \/>\n<\/em><\/li>\n<li>Design von \u00d6fen und Kaminen\u00a0in die geplanten Geb\u00e4ude<\/li>\n<li>Konzepte von Springbrunnen, Wasserelementen und flow forms<\/li>\n<\/ul>\n<p>Die Entw\u00fcrfe von Innenr\u00e4umen und M\u00f6beln und ihre Umsetzungen verstehen wir als wichtige Ausdr\u00fccke des menschlichen Handelns. Die Innenr\u00e4ume und M\u00f6bel beeinflussen direkt die Stimmung, das Verhalten und die Gesundheit des Benutzers. Deshalb treten wir an die Entw\u00fcrfe verantwortungsbewusst heran. Ein gutentworfener Innenraum birgt in sich die Gelegenheit zu Wandlungen, Entwicklung und neuem Wachstum nicht nur auf der physischen, sondern auch auf der seelischen Ebene. Auf diese Weise kann durch das eigene Schaffen und unter Mitwirkung des Klienten, den Gegenst\u00e4nden, M\u00f6beln und R\u00e4umlichkeiten ein neues Gesicht verliehen werden, und ebenso kann man diejenigen, die die R\u00e4ume bewohnen oder besuchen, eine neue Ansicht der Wirklichkeit erm\u00f6glichen. Unser Ziel ist es, ein Umfeld und Anregungen f\u00fcr die eigene Entwicklung und weiteres Wachstum anzubieten<\/p>\n<p>Da uns die dauerhafte Erhaltung des Lebens wichtig ist, werden von uns M\u00f6bel und Gestaltungen der Innenr\u00e4ume aus Materialien vorgeschlagen, die sowohl f\u00fcr den Menschen, als auch f\u00fcr die Erde gesund sind. Das bedeutet, anspruchslos in Bezug auf die Herstellung, f\u00fcr den Aufenthalt der Menschen geeignet und nat\u00fcrlich entsorgbar. Bei der Gestaltung der Innenr\u00e4ume und M\u00f6bel w\u00e4hlen wir meistens Holz, Metall, Glas und Textilien aus Pflanzenrohstoffen, Lacke auf Pflanzen\u00f6lbasis und Wachse f\u00fcr die Oberfl\u00e4chenbehandlung.<\/p>\n<p>Unsere Reaktion auf die Entwicklung der zivilisationsbedingten \u00c4nderungen und der gegenw\u00e4rtigen Auffassungen der Innenraumgestaltung und des Industriedesigns wird durch die Vorschl\u00e4ge der \u00f6kologischen Produkte interpretiert. Die Gestaltung der M\u00f6bel, Innenr\u00e4ume und Nutzgegenst\u00e4nde wird im Einklang mit den holistischen Prinzipien der Ergonometrie, \u00d6kologie und Feng Shui vorgeschlagen. Unsere Absicht liegt darin, die Innenr\u00e4ume so zu gestalten, dass sie im Einklang mit dem Ort sind und den Benutzer harmonisch st\u00e4rken k\u00f6nnen.<\/p>\n<\/div><\/section>\n\n\n<style type=\"text\/css\" data-created_by=\"avia_inline_auto\" id=\"style-css-av-fdz87-f698878ad46d8e7b9c5120f48d620409\">\n.flex_column.av-fdz87-f698878ad46d8e7b9c5120f48d620409{\nborder-radius:0px 0px 0px 0px;\npadding:0px 0px 0px 0px;\n}\n<\/style>\n<div  class='flex_column av-fdz87-f698878ad46d8e7b9c5120f48d620409 av_one_full  avia-builder-el-1  el_after_av_textblock  avia-builder-el-last  first flex_column_div av-zero-column-padding  column-top-margin'     ><div id='av-masonry-1' class='av-masonry av-9sbyv-54c8cc8bfccffb808c30491c999530ef noHover av-fixed-size av-large-gap av-hover-overlay-active av-masonry-animation-active av-masonry-col-3 av-caption-always av-caption-style- av-masonry-entries ' data-post_id=\"29989\"><div class=\"av-masonry-container isotope av-js-disabled\"><div class='av-masonry-entry isotope-item av-masonry-item-no-image '><\/div><a href=\"https:\/\/www.arc.cz\/de\/portfolio-item\/2010-rodinny-dum-v-el-palol\/\"  id='av-masonry-1-item-29840' data-av-masonry-item='29840' class='av-masonry-entry isotope-item post-29840 portfolio type-portfolio status-publish has-post-thumbnail hentry tag-celostni-architektura-de tag-rodinny-dum-de tag-feng-shui-de tag-geomantie-de tag-zahrada-de tag-hlinene-omitky-de tag-drevostavba-de tag-nizkoenergeticky-de tag-prirodni-materialy-de portfolio_entries-architektura-a-krajinna-tvorba-de portfolio_entries-geomantie-a-tvorba-prostredi-de portfolio_entries-nabytek-a-interiery-de  av-masonry-item-with-image av-grid-img' title=\"el palol\"   itemscope=\"itemscope\" itemtype=\"https:\/\/schema.org\/CreativeWork\" ><div class='av-inner-masonry-sizer'><\/div><figure class='av-inner-masonry main_color'><div class=\"av-masonry-outerimage-container\"><div class='av-masonry-image-container' style=\"background-image: url(https:\/\/www.arc.cz\/wp-content\/uploads\/2015\/01\/el-palol-400x266.jpg);\"  title=\"el palol\" ><\/div><\/div><figcaption class='av-inner-masonry-content site-background'><div class='av-inner-masonry-content-pos'><div class='av-inner-masonry-content-pos-content'><div class='avia-arrow'><\/div><h3 class='av-masonry-entry-title entry-title '  itemprop=\"headline\" >Einfamilienhaus in El Palol, Spanien<\/h3><\/div><\/div><\/figcaption><\/figure><\/a><!--end av-masonry entry--><a href=\"https:\/\/www.arc.cz\/de\/portfolio-item\/2011-rodinny-dum-v-nebusicich\/\"  id='av-masonry-1-item-29834' data-av-masonry-item='29834' class='av-masonry-entry isotope-item post-29834 portfolio type-portfolio status-publish has-post-thumbnail hentry tag-rodinny-dum-de portfolio_entries-architektura-a-krajinna-tvorba-de portfolio_entries-nabytek-a-interiery-de  av-masonry-item-with-image av-grid-img' title=\"00001-20141011_143335\"   itemscope=\"itemscope\" itemtype=\"https:\/\/schema.org\/CreativeWork\" ><div class='av-inner-masonry-sizer'><\/div><figure class='av-inner-masonry main_color'><div class=\"av-masonry-outerimage-container\"><div class='av-masonry-image-container' style=\"background-image: url(https:\/\/www.arc.cz\/wp-content\/uploads\/2011\/01\/00001-20141011_143335-400x300.jpg);\"  title=\"00001-20141011_143335\" ><\/div><\/div><figcaption class='av-inner-masonry-content site-background'><div class='av-inner-masonry-content-pos'><div class='av-inner-masonry-content-pos-content'><div class='avia-arrow'><\/div><h3 class='av-masonry-entry-title entry-title '  itemprop=\"headline\" >Einfamilienhaus in Nebu\u0161ice<\/h3><\/div><\/div><\/figcaption><\/figure><\/a><!--end av-masonry entry--><a href=\"https:\/\/www.arc.cz\/de\/portfolio-item\/2007-atriovy-dum-u-prahy\/\"  id='av-masonry-1-item-29869' data-av-masonry-item='29869' class='av-masonry-entry isotope-item post-29869 portfolio type-portfolio status-publish has-post-thumbnail hentry tag-feng-shui-de tag-rodinny-dum portfolio_entries-architektura-a-krajinna-tvorba-de portfolio_entries-geomantie-a-tvorba-prostredi-de portfolio_entries-nabytek-a-interiery-de  av-masonry-item-with-image av-grid-img' title=\"00001-dum_a_zahrada_z_jihu\"   itemscope=\"itemscope\" itemtype=\"https:\/\/schema.org\/CreativeWork\" ><div class='av-inner-masonry-sizer'><\/div><figure class='av-inner-masonry main_color'><div class=\"av-masonry-outerimage-container\"><div class='av-masonry-image-container' style=\"background-image: url(https:\/\/www.arc.cz\/wp-content\/uploads\/2007\/01\/00001-dum_a_zahrada_z_jihu-400x267.jpg);\"  title=\"00001-dum_a_zahrada_z_jihu\" ><\/div><\/div><figcaption class='av-inner-masonry-content site-background'><div class='av-inner-masonry-content-pos'><div class='av-inner-masonry-content-pos-content'><div class='avia-arrow'><\/div><h3 class='av-masonry-entry-title entry-title '  itemprop=\"headline\" >Atriumeinfamilienhaus mit Garten<\/h3><\/div><\/div><\/figcaption><\/figure><\/a><!--end av-masonry entry--><a href=\"https:\/\/www.arc.cz\/de\/portfolio-item\/2012-ekologicka-farma-bemagro\/\"  id='av-masonry-1-item-29819' data-av-masonry-item='29819' class='av-masonry-entry isotope-item post-29819 portfolio type-portfolio status-publish has-post-thumbnail hentry tag-statek-de tag-farma-de tag-farma-de-2 tag-feng-shui-de tag-prumyslove-stavby-de tag-prumyslove-stavby-de-2 tag-statek-de-2 portfolio_entries-architektura-a-krajinna-tvorba-de portfolio_entries-nabytek-a-interiery-de  av-masonry-item-with-image av-landscape-img' title=\"00002-20160726_083110\"   itemscope=\"itemscope\" itemtype=\"https:\/\/schema.org\/CreativeWork\" ><div class='av-inner-masonry-sizer'><\/div><figure class='av-inner-masonry main_color'><div class=\"av-masonry-outerimage-container\"><div class='av-masonry-image-container' style=\"background-image: url(https:\/\/www.arc.cz\/wp-content\/uploads\/2012\/01\/00002-20160726_083110-400x225.jpg);\"  title=\"00002-20160726_083110\" ><\/div><\/div><figcaption class='av-inner-masonry-content site-background'><div class='av-inner-masonry-content-pos'><div class='av-inner-masonry-content-pos-content'><div class='avia-arrow'><\/div><h3 class='av-masonry-entry-title entry-title '  itemprop=\"headline\" >\u00d6kobauernhof Bemagro<\/h3><\/div><\/div><\/figcaption><\/figure><\/a><!--end av-masonry entry--><a href=\"https:\/\/www.arc.cz\/de\/portfolio-item\/2005-chranene-bydleni-portus-v-obci-slapy\/\"  id='av-masonry-1-item-29877' data-av-masonry-item='29877' class='av-masonry-entry isotope-item post-29877 portfolio type-portfolio status-publish has-post-thumbnail hentry tag-chranene-bydleni-de tag-chranene-bydleni portfolio_entries-architektura-a-krajinna-tvorba-de portfolio_entries-geomantie-a-tvorba-prostredi-de portfolio_entries-nabytek-a-interiery-de  av-masonry-item-with-image av-grid-img' title=\"00001-south_view_detail1\"   itemscope=\"itemscope\" itemtype=\"https:\/\/schema.org\/CreativeWork\" ><div class='av-inner-masonry-sizer'><\/div><figure class='av-inner-masonry main_color'><div class=\"av-masonry-outerimage-container\"><div class='av-masonry-image-container' style=\"background-image: url(https:\/\/www.arc.cz\/wp-content\/uploads\/2005\/01\/00001-south_view_detail1-400x285.jpg);\"  title=\"00001-south_view_detail1\" ><\/div><\/div><figcaption class='av-inner-masonry-content site-background'><div class='av-inner-masonry-content-pos'><div class='av-inner-masonry-content-pos-content'><div class='avia-arrow'><\/div><h3 class='av-masonry-entry-title entry-title '  itemprop=\"headline\" >Betreutes Wohnen in der Gemeinde Slapy<\/h3><\/div><\/div><\/figcaption><\/figure><\/a><!--end av-masonry entry--><\/div><\/div><\/div>","protected":false},"excerpt":{"rendered":"","protected":false},"author":1,"featured_media":0,"parent":29944,"menu_order":15,"comment_status":"closed","ping_status":"closed","template":"","meta":{"footnotes":""},"yoast_head":"<!-- This site is optimized with the Yoast SEO plugin v23.1 - https:\/\/yoast.com\/wordpress\/plugins\/seo\/ -->\n<title>Leistungen - Studio ARC<\/title>\n<meta name=\"robots\" content=\"index, follow, max-snippet:-1, max-image-preview:large, max-video-preview:-1\" \/>\n<link rel=\"canonical\" href=\"https:\/\/www.arc.cz\/de\/interiery\/nabytek-a-interiery\/\" \/>\n<meta property=\"og:locale\" content=\"de_DE\" \/>\n<meta property=\"og:type\" content=\"article\" \/>\n<meta property=\"og:title\" content=\"Leistungen - Studio ARC\" \/>\n<meta property=\"og:url\" content=\"https:\/\/www.arc.cz\/de\/interiery\/nabytek-a-interiery\/\" \/>\n<meta property=\"og:site_name\" content=\"Studio ARC\" \/>\n<meta property=\"article:modified_time\" content=\"2024-07-30T12:42:24+00:00\" \/>\n<meta name=\"twitter:card\" content=\"summary_large_image\" \/>\n<meta name=\"twitter:label1\" content=\"Gesch\u00e4tzte Lesezeit\" \/>\n\t<meta name=\"twitter:data1\" content=\"2\u00a0Minuten\" \/>\n<script type=\"application\/ld+json\" class=\"yoast-schema-graph\">{\"@context\":\"https:\/\/schema.org\",\"@graph\":[{\"@type\":\"WebPage\",\"@id\":\"https:\/\/www.arc.cz\/de\/interiery\/nabytek-a-interiery\/\",\"url\":\"https:\/\/www.arc.cz\/de\/interiery\/nabytek-a-interiery\/\",\"name\":\"Leistungen - Studio ARC\",\"isPartOf\":{\"@id\":\"https:\/\/www.arc.cz\/de\/#website\"},\"datePublished\":\"2015-01-09T14:45:20+00:00\",\"dateModified\":\"2024-07-30T12:42:24+00:00\",\"breadcrumb\":{\"@id\":\"https:\/\/www.arc.cz\/de\/interiery\/nabytek-a-interiery\/#breadcrumb\"},\"inLanguage\":\"de\",\"potentialAction\":[{\"@type\":\"ReadAction\",\"target\":[\"https:\/\/www.arc.cz\/de\/interiery\/nabytek-a-interiery\/\"]}]},{\"@type\":\"BreadcrumbList\",\"@id\":\"https:\/\/www.arc.cz\/de\/interiery\/nabytek-a-interiery\/#breadcrumb\",\"itemListElement\":[{\"@type\":\"ListItem\",\"position\":1,\"name\":\"Dom\u016f\",\"item\":\"https:\/\/www.arc.cz\/de\/celostni-a-organicka-architektura\/\"},{\"@type\":\"ListItem\",\"position\":2,\"name\":\"M\u00f6bel und Interieurs\",\"item\":\"https:\/\/www.arc.cz\/de\/interiery\/\"},{\"@type\":\"ListItem\",\"position\":3,\"name\":\"Leistungen\"}]},{\"@type\":\"WebSite\",\"@id\":\"https:\/\/www.arc.cz\/de\/#website\",\"url\":\"https:\/\/www.arc.cz\/de\/\",\"name\":\"Studio ARC\",\"description\":\"Old\u0159ich Hozman Architect | Holistic and organic architecture\",\"publisher\":{\"@id\":\"https:\/\/www.arc.cz\/de\/#organization\"},\"potentialAction\":[{\"@type\":\"SearchAction\",\"target\":{\"@type\":\"EntryPoint\",\"urlTemplate\":\"https:\/\/www.arc.cz\/de\/?s={search_term_string}\"},\"query-input\":\"required name=search_term_string\"}],\"inLanguage\":\"de\"},{\"@type\":\"Organization\",\"@id\":\"https:\/\/www.arc.cz\/de\/#organization\",\"name\":\"Studio ARC\",\"url\":\"https:\/\/www.arc.cz\/de\/\",\"logo\":{\"@type\":\"ImageObject\",\"inLanguage\":\"de\",\"@id\":\"https:\/\/www.arc.cz\/de\/#\/schema\/logo\/image\/\",\"url\":\"https:\/\/www.arc.cz\/wp-content\/uploads\/logo.gif\",\"contentUrl\":\"https:\/\/www.arc.cz\/wp-content\/uploads\/logo.gif\",\"width\":125,\"height\":125,\"caption\":\"Studio ARC\"},\"image\":{\"@id\":\"https:\/\/www.arc.cz\/de\/#\/schema\/logo\/image\/\"}}]}<\/script>\n<!-- \/ Yoast SEO plugin. -->","yoast_head_json":{"title":"Leistungen - Studio ARC","robots":{"index":"index","follow":"follow","max-snippet":"max-snippet:-1","max-image-preview":"max-image-preview:large","max-video-preview":"max-video-preview:-1"},"canonical":"https:\/\/www.arc.cz\/de\/interiery\/nabytek-a-interiery\/","og_locale":"de_DE","og_type":"article","og_title":"Leistungen - Studio ARC","og_url":"https:\/\/www.arc.cz\/de\/interiery\/nabytek-a-interiery\/","og_site_name":"Studio ARC","article_modified_time":"2024-07-30T12:42:24+00:00","twitter_card":"summary_large_image","twitter_misc":{"Gesch\u00e4tzte Lesezeit":"2\u00a0Minuten"},"schema":{"@context":"https:\/\/schema.org","@graph":[{"@type":"WebPage","@id":"https:\/\/www.arc.cz\/de\/interiery\/nabytek-a-interiery\/","url":"https:\/\/www.arc.cz\/de\/interiery\/nabytek-a-interiery\/","name":"Leistungen - Studio ARC","isPartOf":{"@id":"https:\/\/www.arc.cz\/de\/#website"},"datePublished":"2015-01-09T14:45:20+00:00","dateModified":"2024-07-30T12:42:24+00:00","breadcrumb":{"@id":"https:\/\/www.arc.cz\/de\/interiery\/nabytek-a-interiery\/#breadcrumb"},"inLanguage":"de","potentialAction":[{"@type":"ReadAction","target":["https:\/\/www.arc.cz\/de\/interiery\/nabytek-a-interiery\/"]}]},{"@type":"BreadcrumbList","@id":"https:\/\/www.arc.cz\/de\/interiery\/nabytek-a-interiery\/#breadcrumb","itemListElement":[{"@type":"ListItem","position":1,"name":"Dom\u016f","item":"https:\/\/www.arc.cz\/de\/celostni-a-organicka-architektura\/"},{"@type":"ListItem","position":2,"name":"M\u00f6bel und Interieurs","item":"https:\/\/www.arc.cz\/de\/interiery\/"},{"@type":"ListItem","position":3,"name":"Leistungen"}]},{"@type":"WebSite","@id":"https:\/\/www.arc.cz\/de\/#website","url":"https:\/\/www.arc.cz\/de\/","name":"Studio ARC","description":"Old\u0159ich Hozman Architect | Holistic and organic architecture","publisher":{"@id":"https:\/\/www.arc.cz\/de\/#organization"},"potentialAction":[{"@type":"SearchAction","target":{"@type":"EntryPoint","urlTemplate":"https:\/\/www.arc.cz\/de\/?s={search_term_string}"},"query-input":"required name=search_term_string"}],"inLanguage":"de"},{"@type":"Organization","@id":"https:\/\/www.arc.cz\/de\/#organization","name":"Studio ARC","url":"https:\/\/www.arc.cz\/de\/","logo":{"@type":"ImageObject","inLanguage":"de","@id":"https:\/\/www.arc.cz\/de\/#\/schema\/logo\/image\/","url":"https:\/\/www.arc.cz\/wp-content\/uploads\/logo.gif","contentUrl":"https:\/\/www.arc.cz\/wp-content\/uploads\/logo.gif","width":125,"height":125,"caption":"Studio ARC"},"image":{"@id":"https:\/\/www.arc.cz\/de\/#\/schema\/logo\/image\/"}}]}},"_links":{"self":[{"href":"https:\/\/www.arc.cz\/de\/wp-json\/wp\/v2\/pages\/29989"}],"collection":[{"href":"https:\/\/www.arc.cz\/de\/wp-json\/wp\/v2\/pages"}],"about":[{"href":"https:\/\/www.arc.cz\/de\/wp-json\/wp\/v2\/types\/page"}],"author":[{"embeddable":true,"href":"https:\/\/www.arc.cz\/de\/wp-json\/wp\/v2\/users\/1"}],"replies":[{"embeddable":true,"href":"https:\/\/www.arc.cz\/de\/wp-json\/wp\/v2\/comments?post=29989"}],"version-history":[{"count":2,"href":"https:\/\/www.arc.cz\/de\/wp-json\/wp\/v2\/pages\/29989\/revisions"}],"predecessor-version":[{"id":190723,"href":"https:\/\/www.arc.cz\/de\/wp-json\/wp\/v2\/pages\/29989\/revisions\/190723"}],"up":[{"embeddable":true,"href":"https:\/\/www.arc.cz\/de\/wp-json\/wp\/v2\/pages\/29944"}],"wp:attachment":[{"href":"https:\/\/www.arc.cz\/de\/wp-json\/wp\/v2\/media?parent=29989"}],"curies":[{"name":"wp","href":"https:\/\/api.w.org\/{rel}","templated":true}]}}