{"id":29990,"date":"2015-01-09T15:42:24","date_gmt":"2015-01-09T14:42:24","guid":{"rendered":"https:\/\/www.arc.cz\/about\/akad-arch-oldrich-hozman\/"},"modified":"2017-03-19T20:10:19","modified_gmt":"2017-03-19T19:10:19","slug":"akad-arch-oldrich-hozman","status":"publish","type":"page","link":"https:\/\/www.arc.cz\/de\/about\/akad-arch-oldrich-hozman\/","title":{"rendered":"Architekt Old\u0159ich Hozman"},"content":{"rendered":"Old\u0159ich Hozman hat Architektur an der Kunstindustriellen Hochschule in Prag studiert. Der architektonischen T\u00e4tigkeit widmet er sich professionell seit dem Jahr 1989. In seine Entwurfszeichnungen integriert er die Prinzipien von Feng-Shui, Geomantie, \u00d6kologie und organischen Bau. Er bem\u00fcht sich um die Durchsetzung der holistischen Wahrnehmung w\u00e4hrend der Erschaffung einer gesunden Umwelt und Architektur. Er h\u00e4lt Vortr\u00e4ge \u00fcber neue Ans\u00e4tze f\u00fcr die Verbindung der Architektur mit der Natur.\r\n<table class=\"TabSeznam\" border=\"0\" width=\"602\" cellspacing=\"0\" cellpadding=\"0\" align=\"left\">\r\n<tbody>\r\n<tr>\r\n<td style=\"width: 66px;text-align: left\" width=\"66\">1964<\/td>\r\n<td class=\"TabulkaStyl2\" width=\"536\">in Prag geboren<\/td>\r\n<\/tr>\r\n<tr>\r\n<td class=\"BunkaNazevBloku\" colspan=\"2\">Ausbildung<\/td>\r\n<\/tr>\r\n<tr>\r\n<td class=\"TextNezalamovat\">1983 &#8211; 1989<\/td>\r\n<td>Kunstindustrielle Hochschule in Prag, Atelier der Architektur, Fachausrichtung Innenraumgestaltung und M\u00f6beldesign<\/td>\r\n<\/tr>\r\n<tr>\r\n<td>1979 &#8211; 1983<\/td>\r\n<td>Kunstindustrielle Mittelschule in Prag, Fachausrichtung Innenraumgestaltung und M\u00f6beldesign<\/td>\r\n<\/tr>\r\n<tr>\r\n<td class=\"BunkaNazevBloku\" colspan=\"2\"><strong>Sprachen <\/strong><\/td>\r\n<\/tr>\r\n<tr>\r\n<td><\/td>\r\n<td>Englisch<\/td>\r\n<\/tr>\r\n<tr>\r\n<td class=\"BunkaNazevBloku\" colspan=\"2\"><strong>Praktikum <\/strong><\/td>\r\n<\/tr>\r\n<tr>\r\n<td>1988 &#8211; 1989<\/td>\r\n<td>Stipendienaufenthalt auf der University of industrial arts in Helsinky, Fach M\u00f6beldesign und Innenraumgestaltung<\/td>\r\n<\/tr>\r\n<tr>\r\n<td class=\"BunkaNazevBloku\" colspan=\"2\"><strong>Beruflicher Werdegang <\/strong><\/td>\r\n<\/tr>\r\n<tr>\r\n<td>1993<\/td>\r\n<td>Gr\u00fcndung eines eigenen architektonischen Studios, seit dem Jahr 1997 unter dem Namen Studio ARC bekannt<\/td>\r\n<\/tr>\r\n<tr>\r\n<td>1992<\/td>\r\n<td>von der Tschechischen Architektenkammer wird eine Autorisierung erteilt<\/td>\r\n<\/tr>\r\n<tr>\r\n<td>1992<\/td>\r\n<td>gemeinsam mit dem Akad. Arch. Martin Vr\u00e1tn\u00edk und Akad. Arch. Andrej Koz\u00e1nek wird das architektonische Studio MOA er\u00f6ffnet<\/td>\r\n<\/tr>\r\n<tr>\r\n<td>1990 &#8211; 1991<\/td>\r\n<td>Milit\u00e4rdienst im Bildnerischen Armeestudio mit der Ausrichtung an Innenraumgestaltung<\/td>\r\n<\/tr>\r\n<tr>\r\n<td class=\"BunkaNazevBloku\" colspan=\"2\"><strong>Ausstellungen <\/strong><\/td>\r\n<\/tr>\r\n<tr>\r\n<td>1998<\/td>\r\n<td>Exposition der Arco M\u00f6bel auf der Ausstellung Profi-interi\u00e9ry, Strahov, Prag<\/td>\r\n<\/tr>\r\n<tr>\r\n<td>1998<\/td>\r\n<td>Teilnahme an der Ausstellung New Design, 1. Salon des tschechischen Designs auf der Messe Pragointeri\u00e9r in Prag<\/td>\r\n<\/tr>\r\n<tr>\r\n<td>1997<\/td>\r\n<td>Exposition Home-office aus den ARCO M\u00f6beln auf der internationalen M\u00f6belmesse Ifabo Prag<\/td>\r\n<\/tr>\r\n<tr>\r\n<td>1997<\/td>\r\n<td>Installation &#8222;Die Form der Potentialit\u00e4t und die Potentialit\u00e4t der Form\u201c zur Entwicklung der ARCO M\u00f6bel auf der internationalen M\u00f6belmesse Mobis Brno<\/td>\r\n<\/tr>\r\n<tr>\r\n<td>1997<\/td>\r\n<td>Internationale M\u00f6belmesse Milano<\/td>\r\n<\/tr>\r\n<tr>\r\n<td>1994<\/td>\r\n<td>Teilnahme an dem Salon tschechischer Architekten 1995 und 1996 \u2013 Teilnahme an der Grand Prix der Architektengemeinde 1995 \u2013 Interi\u00e9r\u00b495<\/td>\r\n<\/tr>\r\n<tr>\r\n<td>1990<\/td>\r\n<td>Tschechoslowakische allgemeine Ausstellung, Kollektion von Sitzm\u00f6bel-Protoptypen<\/td>\r\n<\/tr>\r\n<tr>\r\n<td>1990<\/td>\r\n<td>Verbrauchswaremesse in Brno, Ausstellung eigener Sitzm\u00f6bel aus Lamellenholz<\/td>\r\n<\/tr>\r\n<tr>\r\n<td class=\"BunkaNazevBloku\" colspan=\"2\"><strong>Wettbewerbe und Auszeichnungen <\/strong><\/td>\r\n<\/tr>\r\n<tr>\r\n<td>1995<\/td>\r\n<td>Interi\u00e9r\u00b495, Preis des Kulturreferates der\u00a0Stadtverwaltung\u00a0Brno f\u00fcr das Projekt und die Umsetzung der Eingangshalle der Kinderonkologie im Universit\u00e4tsklinikum Prag (Mitwirkung Akad. Mal. Mat\u011bj Forman und Akad. Mal. Daniel V\u00e1clav\u00edk)<\/td>\r\n<\/tr>\r\n<tr>\r\n<td>1988<\/td>\r\n<td>M\u00f6belkollektion f\u00fcr die laserschneidende Technologie der Holzbearbeitung, 1. Platz im Wettbewerb des M\u00f6belforschungsinstitutes in Bratislava<\/td>\r\n<\/tr>\r\n<tr>\r\n<td>1987<\/td>\r\n<td>Architektonische Studie zum Staattheater in Kosice in der Slowakei, mit einer Ehrung ausgezeichnet<\/td>\r\n<\/tr>\r\n<tr>\r\n<td class=\"BunkaNazevBloku\" colspan=\"2\"><strong>Mitgliedschaft <\/strong><\/td>\r\n<\/tr>\r\n<tr>\r\n<td>1992<\/td>\r\n<td>Tschechische Architektenkammer<\/td>\r\n<\/tr>\r\n<tr>\r\n<td>1990<\/td>\r\n<td>Architektengemeinde<\/td>\r\n<\/tr>\r\n<tr>\r\n<td>1990<\/td>\r\n<td>Assoziation der Innenarchitekten \/ AIA (IFI)<\/td>\r\n<\/tr>\r\n<tr>\r\n<td>1990<\/td>\r\n<td>Union der bildenden K\u00fcnstler der Tschechischen Republik, Berufsverband der bildenden K\u00fcnstler CZ und Union IAA International Association of Art IAA\/AIAP (UNESCO)<\/td>\r\n<\/tr>\r\n<tr>\r\n<td class=\"BunkaNazevBloku\" colspan=\"2\"><strong>Berufliche Reisen <\/strong><\/td>\r\n<\/tr>\r\n<tr>\r\n<td>1997<\/td>\r\n<td>Berufsreise zu der heutigen Architektur in Rom<\/td>\r\n<\/tr>\r\n<tr>\r\n<td>1996<\/td>\r\n<td>Internationale M\u00f6belmesse Milano<\/td>\r\n<\/tr>\r\n<tr>\r\n<td>1996<\/td>\r\n<td>Internationale M\u00f6belmesse Verona<\/td>\r\n<\/tr>\r\n<tr>\r\n<td>1996<\/td>\r\n<td>Reise zu der historischen Architektur in Rom<\/td>\r\n<\/tr>\r\n<tr>\r\n<td>1995<\/td>\r\n<td>Internationale M\u00f6belmesse Milano<\/td>\r\n<\/tr>\r\n<tr>\r\n<td>1995<\/td>\r\n<td>Internationale M\u00f6belmesse Verona<\/td>\r\n<\/tr>\r\n<tr>\r\n<td>1994<\/td>\r\n<td>Berufsreise zu der heutigen Architektur in London<\/td>\r\n<\/tr>\r\n<tr>\r\n<td>1993<\/td>\r\n<td>Berufsreise zu der heutigen Architektur in Paris<\/td>\r\n<\/tr>\r\n<tr>\r\n<td>1990<\/td>\r\n<td>Internationale M\u00f6belmesse K\u00f6ln<\/td>\r\n<\/tr>\r\n<tr>\r\n<td>1988 &#8211; 1989<\/td>\r\n<td>Studienreisen zu der finnischen, schwedischen und norwegischen Architektur<\/td>\r\n<\/tr>\r\n<tr>\r\n<td>1987<\/td>\r\n<td>Internationale M\u00f6belmesse Kopenhagen<\/td>\r\n<\/tr>\r\n<tr>\r\n<td>1985<\/td>\r\n<td>Internationale M\u00f6belmesse Milano<\/td>\r\n<\/tr>\r\n<tr>\r\n<td>1985<\/td>\r\n<td>Berufsreise zu der heutigen Architektur in Wien<\/td>\r\n<\/tr>\r\n<tr>\r\n<td>1983<\/td>\r\n<td>Studienreise zu den griechischen und kretischen Denkm\u00e4lern<\/td>\r\n<\/tr>\r\n<\/tbody>\r\n<\/table>\r\n&nbsp;","protected":false},"excerpt":{"rendered":"Old\u0159ich Hozman hat Architektur an der Kunstindustriellen Hochschule in Prag studiert. Der architektonischen T\u00e4tigkeit widmet er sich professionell seit dem Jahr 1989. In seine Entwurfszeichnungen integriert er die Prinzipien von Feng-Shui, Geomantie, \u00d6kologie und organischen Bau. Er bem\u00fcht sich um die Durchsetzung der holistischen Wahrnehmung w\u00e4hrend der Erschaffung einer gesunden Umwelt und Architektur. Er h\u00e4lt [&hellip;]","protected":false},"author":1,"featured_media":0,"parent":29934,"menu_order":4,"comment_status":"closed","ping_status":"closed","template":"","meta":{"footnotes":""},"yoast_head":"<!-- This site is optimized with the Yoast SEO plugin v23.1 - https:\/\/yoast.com\/wordpress\/plugins\/seo\/ -->\n<title>Architekt Old\u0159ich Hozman - Studio ARC<\/title>\n<meta name=\"robots\" content=\"index, follow, max-snippet:-1, max-image-preview:large, max-video-preview:-1\" \/>\n<link rel=\"canonical\" href=\"https:\/\/www.arc.cz\/de\/about\/akad-arch-oldrich-hozman\/\" \/>\n<meta property=\"og:locale\" content=\"de_DE\" \/>\n<meta property=\"og:type\" content=\"article\" \/>\n<meta property=\"og:title\" content=\"Architekt Old\u0159ich Hozman - Studio ARC\" \/>\n<meta property=\"og:description\" content=\"Old\u0159ich Hozman hat Architektur an der Kunstindustriellen Hochschule in Prag studiert. Der architektonischen T\u00e4tigkeit widmet er sich professionell seit dem Jahr 1989. In seine Entwurfszeichnungen integriert er die Prinzipien von Feng-Shui, Geomantie, \u00d6kologie und organischen Bau. Er bem\u00fcht sich um die Durchsetzung der holistischen Wahrnehmung w\u00e4hrend der Erschaffung einer gesunden Umwelt und Architektur. Er h\u00e4lt [&hellip;]\" \/>\n<meta property=\"og:url\" content=\"https:\/\/www.arc.cz\/de\/about\/akad-arch-oldrich-hozman\/\" \/>\n<meta property=\"og:site_name\" content=\"Studio ARC\" \/>\n<meta property=\"article:modified_time\" content=\"2017-03-19T19:10:19+00:00\" \/>\n<meta name=\"twitter:card\" content=\"summary_large_image\" \/>\n<meta name=\"twitter:label1\" content=\"Gesch\u00e4tzte Lesezeit\" \/>\n\t<meta name=\"twitter:data1\" content=\"2\u00a0Minuten\" \/>\n<script type=\"application\/ld+json\" class=\"yoast-schema-graph\">{\"@context\":\"https:\/\/schema.org\",\"@graph\":[{\"@type\":\"WebPage\",\"@id\":\"https:\/\/www.arc.cz\/de\/about\/akad-arch-oldrich-hozman\/\",\"url\":\"https:\/\/www.arc.cz\/de\/about\/akad-arch-oldrich-hozman\/\",\"name\":\"Architekt Old\u0159ich Hozman - Studio ARC\",\"isPartOf\":{\"@id\":\"https:\/\/www.arc.cz\/de\/#website\"},\"datePublished\":\"2015-01-09T14:42:24+00:00\",\"dateModified\":\"2017-03-19T19:10:19+00:00\",\"breadcrumb\":{\"@id\":\"https:\/\/www.arc.cz\/de\/about\/akad-arch-oldrich-hozman\/#breadcrumb\"},\"inLanguage\":\"de\",\"potentialAction\":[{\"@type\":\"ReadAction\",\"target\":[\"https:\/\/www.arc.cz\/de\/about\/akad-arch-oldrich-hozman\/\"]}]},{\"@type\":\"BreadcrumbList\",\"@id\":\"https:\/\/www.arc.cz\/de\/about\/akad-arch-oldrich-hozman\/#breadcrumb\",\"itemListElement\":[{\"@type\":\"ListItem\",\"position\":1,\"name\":\"Dom\u016f\",\"item\":\"https:\/\/www.arc.cz\/de\/celostni-a-organicka-architektura\/\"},{\"@type\":\"ListItem\",\"position\":2,\"name\":\"\u00dcber das Studio ARC\",\"item\":\"https:\/\/www.arc.cz\/de\/about\/\"},{\"@type\":\"ListItem\",\"position\":3,\"name\":\"Architekt Old\u0159ich Hozman\"}]},{\"@type\":\"WebSite\",\"@id\":\"https:\/\/www.arc.cz\/de\/#website\",\"url\":\"https:\/\/www.arc.cz\/de\/\",\"name\":\"Studio ARC\",\"description\":\"Old\u0159ich Hozman Architect | Holistic and organic architecture\",\"publisher\":{\"@id\":\"https:\/\/www.arc.cz\/de\/#organization\"},\"potentialAction\":[{\"@type\":\"SearchAction\",\"target\":{\"@type\":\"EntryPoint\",\"urlTemplate\":\"https:\/\/www.arc.cz\/de\/?s={search_term_string}\"},\"query-input\":\"required name=search_term_string\"}],\"inLanguage\":\"de\"},{\"@type\":\"Organization\",\"@id\":\"https:\/\/www.arc.cz\/de\/#organization\",\"name\":\"Studio ARC\",\"url\":\"https:\/\/www.arc.cz\/de\/\",\"logo\":{\"@type\":\"ImageObject\",\"inLanguage\":\"de\",\"@id\":\"https:\/\/www.arc.cz\/de\/#\/schema\/logo\/image\/\",\"url\":\"https:\/\/www.arc.cz\/wp-content\/uploads\/logo.gif\",\"contentUrl\":\"https:\/\/www.arc.cz\/wp-content\/uploads\/logo.gif\",\"width\":125,\"height\":125,\"caption\":\"Studio ARC\"},\"image\":{\"@id\":\"https:\/\/www.arc.cz\/de\/#\/schema\/logo\/image\/\"}}]}<\/script>\n<!-- \/ Yoast SEO plugin. -->","yoast_head_json":{"title":"Architekt Old\u0159ich Hozman - Studio ARC","robots":{"index":"index","follow":"follow","max-snippet":"max-snippet:-1","max-image-preview":"max-image-preview:large","max-video-preview":"max-video-preview:-1"},"canonical":"https:\/\/www.arc.cz\/de\/about\/akad-arch-oldrich-hozman\/","og_locale":"de_DE","og_type":"article","og_title":"Architekt Old\u0159ich Hozman - Studio ARC","og_description":"Old\u0159ich Hozman hat Architektur an der Kunstindustriellen Hochschule in Prag studiert. Der architektonischen T\u00e4tigkeit widmet er sich professionell seit dem Jahr 1989. In seine Entwurfszeichnungen integriert er die Prinzipien von Feng-Shui, Geomantie, \u00d6kologie und organischen Bau. Er bem\u00fcht sich um die Durchsetzung der holistischen Wahrnehmung w\u00e4hrend der Erschaffung einer gesunden Umwelt und Architektur. Er h\u00e4lt [&hellip;]","og_url":"https:\/\/www.arc.cz\/de\/about\/akad-arch-oldrich-hozman\/","og_site_name":"Studio ARC","article_modified_time":"2017-03-19T19:10:19+00:00","twitter_card":"summary_large_image","twitter_misc":{"Gesch\u00e4tzte Lesezeit":"2\u00a0Minuten"},"schema":{"@context":"https:\/\/schema.org","@graph":[{"@type":"WebPage","@id":"https:\/\/www.arc.cz\/de\/about\/akad-arch-oldrich-hozman\/","url":"https:\/\/www.arc.cz\/de\/about\/akad-arch-oldrich-hozman\/","name":"Architekt Old\u0159ich Hozman - Studio ARC","isPartOf":{"@id":"https:\/\/www.arc.cz\/de\/#website"},"datePublished":"2015-01-09T14:42:24+00:00","dateModified":"2017-03-19T19:10:19+00:00","breadcrumb":{"@id":"https:\/\/www.arc.cz\/de\/about\/akad-arch-oldrich-hozman\/#breadcrumb"},"inLanguage":"de","potentialAction":[{"@type":"ReadAction","target":["https:\/\/www.arc.cz\/de\/about\/akad-arch-oldrich-hozman\/"]}]},{"@type":"BreadcrumbList","@id":"https:\/\/www.arc.cz\/de\/about\/akad-arch-oldrich-hozman\/#breadcrumb","itemListElement":[{"@type":"ListItem","position":1,"name":"Dom\u016f","item":"https:\/\/www.arc.cz\/de\/celostni-a-organicka-architektura\/"},{"@type":"ListItem","position":2,"name":"\u00dcber das Studio ARC","item":"https:\/\/www.arc.cz\/de\/about\/"},{"@type":"ListItem","position":3,"name":"Architekt Old\u0159ich Hozman"}]},{"@type":"WebSite","@id":"https:\/\/www.arc.cz\/de\/#website","url":"https:\/\/www.arc.cz\/de\/","name":"Studio ARC","description":"Old\u0159ich Hozman Architect | Holistic and organic architecture","publisher":{"@id":"https:\/\/www.arc.cz\/de\/#organization"},"potentialAction":[{"@type":"SearchAction","target":{"@type":"EntryPoint","urlTemplate":"https:\/\/www.arc.cz\/de\/?s={search_term_string}"},"query-input":"required name=search_term_string"}],"inLanguage":"de"},{"@type":"Organization","@id":"https:\/\/www.arc.cz\/de\/#organization","name":"Studio ARC","url":"https:\/\/www.arc.cz\/de\/","logo":{"@type":"ImageObject","inLanguage":"de","@id":"https:\/\/www.arc.cz\/de\/#\/schema\/logo\/image\/","url":"https:\/\/www.arc.cz\/wp-content\/uploads\/logo.gif","contentUrl":"https:\/\/www.arc.cz\/wp-content\/uploads\/logo.gif","width":125,"height":125,"caption":"Studio ARC"},"image":{"@id":"https:\/\/www.arc.cz\/de\/#\/schema\/logo\/image\/"}}]}},"_links":{"self":[{"href":"https:\/\/www.arc.cz\/de\/wp-json\/wp\/v2\/pages\/29990"}],"collection":[{"href":"https:\/\/www.arc.cz\/de\/wp-json\/wp\/v2\/pages"}],"about":[{"href":"https:\/\/www.arc.cz\/de\/wp-json\/wp\/v2\/types\/page"}],"author":[{"embeddable":true,"href":"https:\/\/www.arc.cz\/de\/wp-json\/wp\/v2\/users\/1"}],"replies":[{"embeddable":true,"href":"https:\/\/www.arc.cz\/de\/wp-json\/wp\/v2\/comments?post=29990"}],"version-history":[{"count":0,"href":"https:\/\/www.arc.cz\/de\/wp-json\/wp\/v2\/pages\/29990\/revisions"}],"up":[{"embeddable":true,"href":"https:\/\/www.arc.cz\/de\/wp-json\/wp\/v2\/pages\/29934"}],"wp:attachment":[{"href":"https:\/\/www.arc.cz\/de\/wp-json\/wp\/v2\/media?parent=29990"}],"curies":[{"name":"wp","href":"https:\/\/api.w.org\/{rel}","templated":true}]}}