{"id":29992,"date":"2015-01-09T15:41:17","date_gmt":"2015-01-09T14:41:17","guid":{"rendered":"https:\/\/www.arc.cz\/about\/o-studiu-arc\/"},"modified":"2024-07-30T16:15:14","modified_gmt":"2024-07-30T14:15:14","slug":"o-studiu-arc","status":"publish","type":"page","link":"https:\/\/www.arc.cz\/de\/about\/o-studiu-arc\/","title":{"rendered":"\u00dcber das Studio ARC"},"content":{"rendered":"<section  class='av_textblock_section av-3buwqn-d695031b7338dc00cddaa29ac3efe338 '   itemscope=\"itemscope\" itemtype=\"https:\/\/schema.org\/CreativeWork\" ><div class='avia_textblock'  itemprop=\"text\" ><p>Der Architekt Old\u0159ich Hozman (1964) widmet sich der Architektur professionell seit dem Jahr 1989. Im Jahr 1997 hat er f\u00fcr sein Studio den Namen <strong>ARC<\/strong> angenommen. Zusammen mit dem Logo symbolisiert der Name die Art seiner T\u00e4tigkeit. Er skizziert und zeichnet gern, die Linie hilft ihm bei seinen Entw\u00fcrfen. <strong>&#8222;Arrrrr\u2026..c&#8220;<\/strong> klingt es durch den Raum und grenzt die Fl\u00e4che ab. <strong>Arc<\/strong> ist der Beginn einer Kurvenlinie. Der Bogen steht hier f\u00fcr ein ausgeglichenes Element der beiden antagonistischen Kr\u00e4fte. Es ist ein st\u00e4ndiges Suchen nach Harmonie.<\/p>\n<h2>akad. arch. Old\u0159ich Hozman<\/h2>\n<\/div><\/section>\n\n<div class='flex_column_table av-39i7cv-01752b4fcf99f2592fe1d3bfc2deb509 sc-av_one_fifth av-equal-height-column-flextable'>\n<style type=\"text\/css\" data-created_by=\"avia_inline_auto\" id=\"style-css-av-39i7cv-01752b4fcf99f2592fe1d3bfc2deb509\">\n.flex_column.av-39i7cv-01752b4fcf99f2592fe1d3bfc2deb509{\nborder-radius:0px 0px 0px 0px;\npadding:0px 0px 0px 0px;\n}\n<\/style>\n<div  class='flex_column av-39i7cv-01752b4fcf99f2592fe1d3bfc2deb509 av_one_fifth  avia-builder-el-1  el_after_av_textblock  el_before_av_four_fifth  first flex_column_table_cell av-equal-height-column av-align-top av-zero-column-padding  column-top-margin'     ><style type=\"text\/css\" data-created_by=\"avia_inline_auto\" id=\"style-css-av-32ye5r-21c5b676a4ee7a273742fef611da6477\">\n.avia-image-container.av-32ye5r-21c5b676a4ee7a273742fef611da6477 img.avia_image{\nbox-shadow:none;\n}\n.avia-image-container.av-32ye5r-21c5b676a4ee7a273742fef611da6477 .av-image-caption-overlay-center{\ncolor:#ffffff;\n}\n<\/style>\n<div  class='avia-image-container av-32ye5r-21c5b676a4ee7a273742fef611da6477 av-styling- avia-align-center  avia-builder-el-2  avia-builder-el-no-sibling '   itemprop=\"image\" itemscope=\"itemscope\" itemtype=\"https:\/\/schema.org\/ImageObject\" ><div class=\"avia-image-container-inner\"><div class=\"avia-image-overlay-wrap\"><img decoding=\"async\" fetchpriority=\"high\" class='wp-image-40324 avia-img-lazy-loading-not-40324 avia_image ' src=\"https:\/\/www.arc.cz\/wp-content\/uploads\/2020\/11\/oldrich_hozman1-e1605901369996-300x454.jpg\" alt='' title='Oldrich_Hozman1'  height=\"454\" width=\"300\"  itemprop=\"thumbnailUrl\" srcset=\"https:\/\/www.arc.cz\/wp-content\/uploads\/2020\/11\/oldrich_hozman1-e1605901369996-300x454.jpg 300w, https:\/\/www.arc.cz\/wp-content\/uploads\/2020\/11\/oldrich_hozman1-e1605901369996-99x150.jpg 99w, https:\/\/www.arc.cz\/wp-content\/uploads\/2020\/11\/oldrich_hozman1-e1605901369996-180x272.jpg 180w, https:\/\/www.arc.cz\/wp-content\/uploads\/2020\/11\/oldrich_hozman1-e1605901369996-415x628.jpg 415w, https:\/\/www.arc.cz\/wp-content\/uploads\/2020\/11\/oldrich_hozman1-e1605901369996-400x605.jpg 400w, https:\/\/www.arc.cz\/wp-content\/uploads\/2020\/11\/oldrich_hozman1-e1605901369996.jpg 478w\" sizes=\"(max-width: 300px) 100vw, 300px\" \/><\/div><\/div><\/div><\/div>\n\n<div class='av-flex-placeholder'><\/div>\n<style type=\"text\/css\" data-created_by=\"avia_inline_auto\" id=\"style-css-av-anh3r-ae549610227df54f7ffee4c554e039e3\">\n.flex_column.av-anh3r-ae549610227df54f7ffee4c554e039e3{\nborder-radius:0px 0px 0px 0px;\npadding:0px 0px 0px 0px;\n}\n<\/style>\n<div  class='flex_column av-anh3r-ae549610227df54f7ffee4c554e039e3 av_four_fifth  avia-builder-el-3  el_after_av_one_fifth  el_before_av_textblock  flex_column_table_cell av-equal-height-column av-align-top av-zero-column-padding  column-top-margin'     ><section  class='av_textblock_section av-2py8rj-d189eb3178f3c09dff7e6630594d3137 '   itemscope=\"itemscope\" itemtype=\"https:\/\/schema.org\/CreativeWork\" ><div class='avia_textblock'  itemprop=\"text\" ><p>Er hat Architektur an der kunstindustriellen Hochschule in Prag studiert. Der architektonischen T\u00e4tigkeit widmet er sich professionell seit dem Jahr 1989. In seine Entwurfszeichnungen integriert er die Prinzipien von Feng-Shui, Geomantie, \u00d6kologie und organischen Bau. Er bem\u00fcht sich um die Durchsetzung der holistischen Wahrnehmung w\u00e4hrend der Erschaffung einer gesunden Umwelt und Architektur. Er h\u00e4lt Vortr\u00e4ge \u00fcber neue Ans\u00e4tze f\u00fcr die Verbindung der Architektur mit der Natur.<\/p>\n<p class=\"clearBoth\"><a class=\"OdkazVice\" href=\"http:\/\/www.arc.cz\/web\/o-studiu-arc\/akad-arch-oldrich-hozman\/\">Mehrere Informationen finden Sie in seinem Lebenslauf <\/a><\/p>\n<\/div><\/section>\n<section  class='av_textblock_section av-l4410on1-89284bb0899cc906a70302c833241366 '   itemscope=\"itemscope\" itemtype=\"https:\/\/schema.org\/CreativeWork\" ><div class='avia_textblock'  itemprop=\"text\" ><p><strong><a href=\"https:\/\/www.arc.cz\/category\/vlastni-volna-tvorba\/\">Galerie der freien k\u00fcnstlerischen Gestaltung<\/a><\/strong><\/p>\n<\/div><\/section><\/div><\/div><!--close column table wrapper. Autoclose: 1 -->\n\n<section  class='av_textblock_section av-2idbx3-e014f4ac520400603cf3d5b7349f6cdc '   itemscope=\"itemscope\" itemtype=\"https:\/\/schema.org\/CreativeWork\" ><div class='avia_textblock'  itemprop=\"text\" ><h2>Filip Hozman<\/h2>\n<\/div><\/section>\n\n<div class='flex_column_table av-2ey1nb-c1e13ca2b602650c53417ad34db4cab7 sc-av_one_fifth av-equal-height-column-flextable'>\n<style type=\"text\/css\" data-created_by=\"avia_inline_auto\" id=\"style-css-av-2ey1nb-c1e13ca2b602650c53417ad34db4cab7\">\n.flex_column.av-2ey1nb-c1e13ca2b602650c53417ad34db4cab7{\nborder-radius:0px 0px 0px 0px;\npadding:0px 0px 0px 0px;\n}\n<\/style>\n<div  class='flex_column av-2ey1nb-c1e13ca2b602650c53417ad34db4cab7 av_one_fifth  avia-builder-el-7  el_after_av_textblock  el_before_av_four_fifth  first flex_column_table_cell av-equal-height-column av-align-top av-zero-column-padding  column-top-margin'     ><style type=\"text\/css\" data-created_by=\"avia_inline_auto\" id=\"style-css-av-8841j-75d1d2112d94eba7b49c909d7bcce24c\">\n.avia-image-container.av-8841j-75d1d2112d94eba7b49c909d7bcce24c img.avia_image{\nbox-shadow:none;\n}\n.avia-image-container.av-8841j-75d1d2112d94eba7b49c909d7bcce24c .av-image-caption-overlay-center{\ncolor:#ffffff;\n}\n<\/style>\n<div  class='avia-image-container av-8841j-75d1d2112d94eba7b49c909d7bcce24c av-styling- avia-align-center  avia-builder-el-8  avia-builder-el-no-sibling '   itemprop=\"image\" itemscope=\"itemscope\" itemtype=\"https:\/\/schema.org\/ImageObject\" ><div class=\"avia-image-container-inner\"><div class=\"avia-image-overlay-wrap\"><img decoding=\"async\" fetchpriority=\"high\" class='wp-image-11101 avia-img-lazy-loading-not-11101 avia_image ' src=\"https:\/\/www.arc.cz\/wp-content\/uploads\/filip-300x375.jpg\" alt='' title='filip'  height=\"375\" width=\"300\"  itemprop=\"thumbnailUrl\" srcset=\"https:\/\/www.arc.cz\/wp-content\/uploads\/filip-300x375.jpg 300w, https:\/\/www.arc.cz\/wp-content\/uploads\/filip-120x150.jpg 120w, https:\/\/www.arc.cz\/wp-content\/uploads\/filip-180x225.jpg 180w, https:\/\/www.arc.cz\/wp-content\/uploads\/filip-280x350.jpg 280w, https:\/\/www.arc.cz\/wp-content\/uploads\/filip-400x500.jpg 400w, https:\/\/www.arc.cz\/wp-content\/uploads\/filip.jpg 402w\" sizes=\"(max-width: 300px) 100vw, 300px\" \/><\/div><\/div><\/div><\/div>\n\n<div class='av-flex-placeholder'><\/div>\n<style type=\"text\/css\" data-created_by=\"avia_inline_auto\" id=\"style-css-av-23jqtb-c1bd9b0c6276366e10382c6f5739b986\">\n.flex_column.av-23jqtb-c1bd9b0c6276366e10382c6f5739b986{\nborder-radius:0px 0px 0px 0px;\npadding:0px 0px 0px 0px;\n}\n<\/style>\n<div  class='flex_column av-23jqtb-c1bd9b0c6276366e10382c6f5739b986 av_four_fifth  avia-builder-el-9  el_after_av_one_fifth  el_before_av_textblock  flex_column_table_cell av-equal-height-column av-align-top av-zero-column-padding  column-top-margin'     ><section  class='av_textblock_section av-1y8d5j-8997fe306bacbb825ffb73ef031a5b89 '   itemscope=\"itemscope\" itemtype=\"https:\/\/schema.org\/CreativeWork\" ><div class='avia_textblock'  itemprop=\"text\" ><p>In dem Atelier beteiligt er sich an verschiedenen Teilen des Projektes. Er arbeitet Studien, Projekte zur Baugenehmigung und Umsetzungsprojekte aus. Detailliert widmet er sich den Interieurprojekten. Er beendete die Studien\u00a0an\u00a0der kunstindustriellen Fachschule, Fach M\u00f6bel-, und Interieurdesign und studierte dann ein Jahr an der kunstindustriellen Universit\u00e4t in Prag, Fach Architektur.<\/p>\n<p>&nbsp;<\/p>\n<\/div><\/section><\/div><\/div><!--close column table wrapper. Autoclose: 1 -->\n\n<section  class='av_textblock_section av-1ramev-4a615cad1cbe47dfe8105d878dc5a794 '   itemscope=\"itemscope\" itemtype=\"https:\/\/schema.org\/CreativeWork\" ><div class='avia_textblock'  itemprop=\"text\" ><h2>Mag. Ji\u0159\u00ed Proch\u00e1zka<\/h2>\n<\/div><\/section>\n\n<div class='flex_column_table av-1izet3-56008873fedb50a4ac7093c35e9f9560 sc-av_one_fifth av-equal-height-column-flextable'>\n<style type=\"text\/css\" data-created_by=\"avia_inline_auto\" id=\"style-css-av-1izet3-56008873fedb50a4ac7093c35e9f9560\">\n.flex_column.av-1izet3-56008873fedb50a4ac7093c35e9f9560{\nborder-radius:0px 0px 0px 0px;\npadding:0px 0px 0px 0px;\n}\n<\/style>\n<div  class='flex_column av-1izet3-56008873fedb50a4ac7093c35e9f9560 av_one_fifth  avia-builder-el-12  el_after_av_textblock  el_before_av_four_fifth  first flex_column_table_cell av-equal-height-column av-align-top av-zero-column-padding  column-top-margin'     ><style type=\"text\/css\" data-created_by=\"avia_inline_auto\" id=\"style-css-av-irh3-e7e7460876690f2b6a92f3c6c8983ade\">\n.avia-image-container.av-irh3-e7e7460876690f2b6a92f3c6c8983ade img.avia_image{\nbox-shadow:none;\n}\n.avia-image-container.av-irh3-e7e7460876690f2b6a92f3c6c8983ade .av-image-caption-overlay-center{\ncolor:#ffffff;\n}\n<\/style>\n<div  class='avia-image-container av-irh3-e7e7460876690f2b6a92f3c6c8983ade av-styling- avia-align-center  avia-builder-el-13  avia-builder-el-no-sibling '   itemprop=\"image\" itemscope=\"itemscope\" itemtype=\"https:\/\/schema.org\/ImageObject\" ><div class=\"avia-image-container-inner\"><div class=\"avia-image-overlay-wrap\"><img decoding=\"async\" fetchpriority=\"high\" class='wp-image-190799 avia-img-lazy-loading-not-190799 avia_image ' src=\"https:\/\/www.arc.cz\/wp-content\/uploads\/2024\/07\/profile250.jpg\" alt='' title='profile250'  height=\"644\" width=\"483\"  itemprop=\"thumbnailUrl\"  \/><\/div><\/div><\/div><\/div><div class='av-flex-placeholder'><\/div>\n<style type=\"text\/css\" data-created_by=\"avia_inline_auto\" id=\"style-css-av-1b7fbz-c0f7e0cc7c9f6467b35a3e33e2fbcf6b\">\n.flex_column.av-1b7fbz-c0f7e0cc7c9f6467b35a3e33e2fbcf6b{\nborder-radius:0px 0px 0px 0px;\npadding:0px 0px 0px 0px;\n}\n<\/style>\n<div  class='flex_column av-1b7fbz-c0f7e0cc7c9f6467b35a3e33e2fbcf6b av_four_fifth  avia-builder-el-14  el_after_av_one_fifth  el_before_av_hr  flex_column_table_cell av-equal-height-column av-align-top av-zero-column-padding  column-top-margin'     ><section  class='av_textblock_section av-126slr-f05ababfc887982140b7952908f00dcf '   itemscope=\"itemscope\" itemtype=\"https:\/\/schema.org\/CreativeWork\" ><div class='avia_textblock'  itemprop=\"text\" ><p>Er arbeitet als Grafikdesigner, Webdesigner und IT-Berater. Er untersucht die M\u00f6glichkeiten der Nutzung neuer Technologien im Bauwesen, wie z.B. 3D-Druck, 3D-Scannen und KI. Er unterrichtet Informatik am Waldorf-Lyzeum in Prag. Er studierte P\u00e4dagogik am Masaryk-Institut der Technischen Universit\u00e4t Prag und an der Karls-Universit\u00e4t und besuchte auch ein Seminar zur Waldorfp\u00e4dagogik.<\/p>\n<\/div><\/section><\/div><\/div><!--close column table wrapper. Autoclose: 1 -->\n<style type=\"text\/css\" data-created_by=\"avia_inline_auto\" id=\"style-css-av-l44hlc2c-55c2dde460c28ab8a0dab444cd46e5a9\">\n#top .hr.hr-invisible.av-l44hlc2c-55c2dde460c28ab8a0dab444cd46e5a9{\nheight:30px;\n}\n<\/style>\n<div  class='hr av-l44hlc2c-55c2dde460c28ab8a0dab444cd46e5a9 hr-invisible  avia-builder-el-16  el_after_av_four_fifth  el_before_av_textblock '><span class='hr-inner '><span class=\"hr-inner-style\"><\/span><\/span><\/div>\n\n<section  class='av_textblock_section av-xth0v-0c20feddb17ea80a62ca89cc0bffc31f '   itemscope=\"itemscope\" itemtype=\"https:\/\/schema.org\/CreativeWork\" ><div class='avia_textblock'  itemprop=\"text\" ><p>***<\/p>\n<\/div><\/section>\n\n<section  class='av_textblock_section av-2yn1z-be97880643dbe99f3bb5c5d652a2dd07 '   itemscope=\"itemscope\" itemtype=\"https:\/\/schema.org\/CreativeWork\" ><div class='avia_textblock'  itemprop=\"text\" ><h2>Umweltschutz Deklaration der Produkte<\/h2>\n<p>Das Studio ARC nahm in den Jahren 2006 &#8211; 2008 erfolgreich am Projekt &#8222;Umweltschutz Deklaration der Produkte&#8220; teil und es ist ihm gelungen, als einer von nur zehn ausgew\u00e4hlten tschechischen Organisationen, die \u00f6kologische Zertifikation zu bekommen. Es handelt sich um die internationale Umweltschutz-Bezeichnung der Dienste oder Prodkte, bei uns durch das Staatliche Programm der Umweltschutz-Bezeichnung geregelt. Die Zertifikation ist auch in der EU n\u00fctzlich. Sie hat Wert vorallem f\u00fcr die Kommunikation mit den Kunden, der \u00d6ffentlichkeit und den Zulieferern und f\u00fchrt zur Befestigung des Gedankens, dass die Leute extra Werte bekommen, welche au\u00dferhalb dem Preis liegen.<\/p>\n<p>Die umweltliche Deklaration \u201eEnvironmental product declaration\u201c \u2013 EPD, wurde dem Studio ARC durch das elektrotechnische Pr\u00fcfinstitut erteilt. Dies kam nach zwei Jahren des \u00dcberpr\u00fcfens der Methoden seiner architektonischen Projekte (es h\u00e4lt sich an die Prinzipien der ganzheitlichen Architektur und auch nach der \u00dcberpr\u00fcfung des Lebensstysl und Denkart des Studio ARC. Eine Einstellung, welche die Natur, die Verhaltensweise gegen \u00fcber dieser, gegen\u00fcber den Menschen und der Umwelt respektiert, ist f\u00fcr das Studio ARC charakteristisch.<\/p>\n<p>In der Tschechischen Republik ist diese Zertifikation ein freiwilliges Instrument zur \u00dcberpr\u00fcfung der Qualit\u00e4t des Produktes oder der Dienste in der umweltlichen Richtung. In fortgeschrittenen L\u00e4ndern spielt dieses Trend eine Rolle bei der Entscheidung der Kunden und so auch immer mehr und mehr in der Tschechischen Republik.<\/p>\n<p>Wir arbeiten eng mit der Gesellschaft <a href=\"https:\/\/www.cart4future.cz\/\"><img loading=\"lazy\" decoding=\"async\" src=\"https:\/\/www.arc.cz\/obrazky\/clip_image001.jpg\" alt=\"logo_c4f_9\" width=\"152\" height=\"46\" \/>,<\/a> zusammen, welche sich in der ganzen Republik mit dem Sammeln, Abkaufen und Recycling der benutzten Druckerkartuschen besch\u00e4ftigt. Mit Hilfe von Sammelboxen versucht sie die Bedingungen des Recycelns einfach zu machen. Sie wissen n\u00e4hmlich, dass viele Leute nicht recyclen, weil es f\u00fcr sie viel zu kompliziert w\u00e4re. Im Gegensatz zur Konkurrenz nehmen wir auch benutzte Druckerkartuschen an!!! Das alles KOSTENLOS. <strong>Deswegen haben wir uns entschieden, dass das Studio ARC auch ein Sammelplatz wird. Unseren Bekannten und Mitarbeitern erm\u00f6glichen wir zu uns in die Recyclebox leere Druckerkartuschen zu bringen.<\/strong><\/p>\n<p>Ab dem Jahr 2017 haben wir in unserem Studio einen Gro\u00dfformatdrucker. F\u00fcr den Druck von Aufzeichnungen versuchen wir aus 80% Bl\u00e4tter zu benutzen, welche in \u00dcbereinsimmung mit den &#8222;Regeln der naturnahen Waltbewirtschaftung&#8220; entstanden sind, siehe <a href=\"https:\/\/cs.wikipedia.org\/wiki\/Forest_Stewardship_Council\">Wikipedia<\/a><\/p>\n<h2>Prospekte und Paneele<\/h2>\n<\/div><\/section>\n\n[av_one_full first min_height='' vertical_alignment='' space='' custom_margin='' margin='0px' row_boxshadow='' row_boxshadow_color='' row_boxshadow_width='10' link='' linktarget='' link_hover='' title_attr='' alt_attr='' padding='0px' highlight='' highlight_size='' border='' border_color='' radius='0px' column_boxshadow='' column_boxshadow_color='' column_boxshadow_width='10' background='bg_color' background_color='' background_gradient_color1='' background_gradient_color2='' background_gradient_direction='vertical' src='' background_position='top left' background_repeat='no-repeat' animation='' mobile_breaking='' mobile_display='' av_uid='av-7dmtj']\r\n\r\n[av_horizontal_gallery ids='40465,40514,27461,27457,27453,27449,92233,91946,188412,188452' initial='' img_copyright='' height='35' size='no scaling' gap='large' active='enlarge' control_layout='av-control-default' slider_navigation='av-navigate-arrows av-navigate-dots' nav_visibility_desktop='' nav_arrow_color='' nav_arrow_bg_color='' nav_dots_color='' nav_dot_active_color='' lightbox_arrow_color='' lightbox_arrow_bg_color='' img_copyright_font='' av-desktop-font-img_copyright_font='' av-medium-font-img_copyright_font='' av-small-font-img_copyright_font='' av-mini-font-img_copyright_font='' img_copyright_color='' img_copyright_bg='' transition_speed='' autoplay='false' interval='5' links='' link_dest='_blank' lightbox_text='caption' img_scrset='' lazy_loading='disabled' alb_description='' id='' custom_class='' template_class='' av_uid='av-kiapl4zc' sc_version='1.0'][\/av_horizontal_gallery]\r\n\r\n[\/av_one_full]\n\n","protected":false},"excerpt":{"rendered":"","protected":false},"author":1,"featured_media":0,"parent":29934,"menu_order":0,"comment_status":"closed","ping_status":"closed","template":"","meta":{"footnotes":""},"yoast_head":"<!-- This site is optimized with the Yoast SEO plugin v23.1 - https:\/\/yoast.com\/wordpress\/plugins\/seo\/ -->\n<title>\u00dcber das Studio ARC - Studio ARC<\/title>\n<meta name=\"robots\" content=\"index, follow, max-snippet:-1, max-image-preview:large, max-video-preview:-1\" \/>\n<link rel=\"canonical\" href=\"https:\/\/www.arc.cz\/de\/about\/o-studiu-arc\/\" \/>\n<meta property=\"og:locale\" content=\"de_DE\" \/>\n<meta property=\"og:type\" content=\"article\" \/>\n<meta property=\"og:title\" content=\"\u00dcber das Studio ARC - Studio ARC\" \/>\n<meta property=\"og:url\" content=\"https:\/\/www.arc.cz\/de\/about\/o-studiu-arc\/\" \/>\n<meta property=\"og:site_name\" content=\"Studio ARC\" \/>\n<meta property=\"article:modified_time\" content=\"2024-07-30T14:15:14+00:00\" \/>\n<meta property=\"og:image\" content=\"https:\/\/www.arc.cz\/obrazky\/clip_image001.jpg\" \/>\n<meta name=\"twitter:card\" content=\"summary_large_image\" \/>\n<meta name=\"twitter:label1\" content=\"Gesch\u00e4tzte Lesezeit\" \/>\n\t<meta name=\"twitter:data1\" content=\"10\u00a0Minuten\" \/>\n<script type=\"application\/ld+json\" class=\"yoast-schema-graph\">{\"@context\":\"https:\/\/schema.org\",\"@graph\":[{\"@type\":\"WebPage\",\"@id\":\"https:\/\/www.arc.cz\/de\/about\/o-studiu-arc\/\",\"url\":\"https:\/\/www.arc.cz\/de\/about\/o-studiu-arc\/\",\"name\":\"\u00dcber das Studio ARC - Studio ARC\",\"isPartOf\":{\"@id\":\"https:\/\/www.arc.cz\/de\/#website\"},\"primaryImageOfPage\":{\"@id\":\"https:\/\/www.arc.cz\/de\/about\/o-studiu-arc\/#primaryimage\"},\"image\":{\"@id\":\"https:\/\/www.arc.cz\/de\/about\/o-studiu-arc\/#primaryimage\"},\"thumbnailUrl\":\"https:\/\/www.arc.cz\/obrazky\/clip_image001.jpg\",\"datePublished\":\"2015-01-09T14:41:17+00:00\",\"dateModified\":\"2024-07-30T14:15:14+00:00\",\"breadcrumb\":{\"@id\":\"https:\/\/www.arc.cz\/de\/about\/o-studiu-arc\/#breadcrumb\"},\"inLanguage\":\"de\",\"potentialAction\":[{\"@type\":\"ReadAction\",\"target\":[\"https:\/\/www.arc.cz\/de\/about\/o-studiu-arc\/\"]}]},{\"@type\":\"ImageObject\",\"inLanguage\":\"de\",\"@id\":\"https:\/\/www.arc.cz\/de\/about\/o-studiu-arc\/#primaryimage\",\"url\":\"https:\/\/www.arc.cz\/obrazky\/clip_image001.jpg\",\"contentUrl\":\"https:\/\/www.arc.cz\/obrazky\/clip_image001.jpg\"},{\"@type\":\"BreadcrumbList\",\"@id\":\"https:\/\/www.arc.cz\/de\/about\/o-studiu-arc\/#breadcrumb\",\"itemListElement\":[{\"@type\":\"ListItem\",\"position\":1,\"name\":\"Dom\u016f\",\"item\":\"https:\/\/www.arc.cz\/de\/celostni-a-organicka-architektura\/\"},{\"@type\":\"ListItem\",\"position\":2,\"name\":\"\u00dcber das Studio ARC\",\"item\":\"https:\/\/www.arc.cz\/de\/about\/\"},{\"@type\":\"ListItem\",\"position\":3,\"name\":\"\u00dcber das Studio ARC\"}]},{\"@type\":\"WebSite\",\"@id\":\"https:\/\/www.arc.cz\/de\/#website\",\"url\":\"https:\/\/www.arc.cz\/de\/\",\"name\":\"Studio ARC\",\"description\":\"Old\u0159ich Hozman Architect | Holistic and organic architecture\",\"publisher\":{\"@id\":\"https:\/\/www.arc.cz\/de\/#organization\"},\"potentialAction\":[{\"@type\":\"SearchAction\",\"target\":{\"@type\":\"EntryPoint\",\"urlTemplate\":\"https:\/\/www.arc.cz\/de\/?s={search_term_string}\"},\"query-input\":\"required name=search_term_string\"}],\"inLanguage\":\"de\"},{\"@type\":\"Organization\",\"@id\":\"https:\/\/www.arc.cz\/de\/#organization\",\"name\":\"Studio ARC\",\"url\":\"https:\/\/www.arc.cz\/de\/\",\"logo\":{\"@type\":\"ImageObject\",\"inLanguage\":\"de\",\"@id\":\"https:\/\/www.arc.cz\/de\/#\/schema\/logo\/image\/\",\"url\":\"https:\/\/www.arc.cz\/wp-content\/uploads\/logo.gif\",\"contentUrl\":\"https:\/\/www.arc.cz\/wp-content\/uploads\/logo.gif\",\"width\":125,\"height\":125,\"caption\":\"Studio ARC\"},\"image\":{\"@id\":\"https:\/\/www.arc.cz\/de\/#\/schema\/logo\/image\/\"}}]}<\/script>\n<!-- \/ Yoast SEO plugin. -->","yoast_head_json":{"title":"\u00dcber das Studio ARC - Studio ARC","robots":{"index":"index","follow":"follow","max-snippet":"max-snippet:-1","max-image-preview":"max-image-preview:large","max-video-preview":"max-video-preview:-1"},"canonical":"https:\/\/www.arc.cz\/de\/about\/o-studiu-arc\/","og_locale":"de_DE","og_type":"article","og_title":"\u00dcber das Studio ARC - Studio ARC","og_url":"https:\/\/www.arc.cz\/de\/about\/o-studiu-arc\/","og_site_name":"Studio ARC","article_modified_time":"2024-07-30T14:15:14+00:00","og_image":[{"url":"https:\/\/www.arc.cz\/obrazky\/clip_image001.jpg"}],"twitter_card":"summary_large_image","twitter_misc":{"Gesch\u00e4tzte Lesezeit":"10\u00a0Minuten"},"schema":{"@context":"https:\/\/schema.org","@graph":[{"@type":"WebPage","@id":"https:\/\/www.arc.cz\/de\/about\/o-studiu-arc\/","url":"https:\/\/www.arc.cz\/de\/about\/o-studiu-arc\/","name":"\u00dcber das Studio ARC - Studio ARC","isPartOf":{"@id":"https:\/\/www.arc.cz\/de\/#website"},"primaryImageOfPage":{"@id":"https:\/\/www.arc.cz\/de\/about\/o-studiu-arc\/#primaryimage"},"image":{"@id":"https:\/\/www.arc.cz\/de\/about\/o-studiu-arc\/#primaryimage"},"thumbnailUrl":"https:\/\/www.arc.cz\/obrazky\/clip_image001.jpg","datePublished":"2015-01-09T14:41:17+00:00","dateModified":"2024-07-30T14:15:14+00:00","breadcrumb":{"@id":"https:\/\/www.arc.cz\/de\/about\/o-studiu-arc\/#breadcrumb"},"inLanguage":"de","potentialAction":[{"@type":"ReadAction","target":["https:\/\/www.arc.cz\/de\/about\/o-studiu-arc\/"]}]},{"@type":"ImageObject","inLanguage":"de","@id":"https:\/\/www.arc.cz\/de\/about\/o-studiu-arc\/#primaryimage","url":"https:\/\/www.arc.cz\/obrazky\/clip_image001.jpg","contentUrl":"https:\/\/www.arc.cz\/obrazky\/clip_image001.jpg"},{"@type":"BreadcrumbList","@id":"https:\/\/www.arc.cz\/de\/about\/o-studiu-arc\/#breadcrumb","itemListElement":[{"@type":"ListItem","position":1,"name":"Dom\u016f","item":"https:\/\/www.arc.cz\/de\/celostni-a-organicka-architektura\/"},{"@type":"ListItem","position":2,"name":"\u00dcber das Studio ARC","item":"https:\/\/www.arc.cz\/de\/about\/"},{"@type":"ListItem","position":3,"name":"\u00dcber das Studio ARC"}]},{"@type":"WebSite","@id":"https:\/\/www.arc.cz\/de\/#website","url":"https:\/\/www.arc.cz\/de\/","name":"Studio ARC","description":"Old\u0159ich Hozman Architect | Holistic and organic architecture","publisher":{"@id":"https:\/\/www.arc.cz\/de\/#organization"},"potentialAction":[{"@type":"SearchAction","target":{"@type":"EntryPoint","urlTemplate":"https:\/\/www.arc.cz\/de\/?s={search_term_string}"},"query-input":"required name=search_term_string"}],"inLanguage":"de"},{"@type":"Organization","@id":"https:\/\/www.arc.cz\/de\/#organization","name":"Studio ARC","url":"https:\/\/www.arc.cz\/de\/","logo":{"@type":"ImageObject","inLanguage":"de","@id":"https:\/\/www.arc.cz\/de\/#\/schema\/logo\/image\/","url":"https:\/\/www.arc.cz\/wp-content\/uploads\/logo.gif","contentUrl":"https:\/\/www.arc.cz\/wp-content\/uploads\/logo.gif","width":125,"height":125,"caption":"Studio ARC"},"image":{"@id":"https:\/\/www.arc.cz\/de\/#\/schema\/logo\/image\/"}}]}},"_links":{"self":[{"href":"https:\/\/www.arc.cz\/de\/wp-json\/wp\/v2\/pages\/29992"}],"collection":[{"href":"https:\/\/www.arc.cz\/de\/wp-json\/wp\/v2\/pages"}],"about":[{"href":"https:\/\/www.arc.cz\/de\/wp-json\/wp\/v2\/types\/page"}],"author":[{"embeddable":true,"href":"https:\/\/www.arc.cz\/de\/wp-json\/wp\/v2\/users\/1"}],"replies":[{"embeddable":true,"href":"https:\/\/www.arc.cz\/de\/wp-json\/wp\/v2\/comments?post=29992"}],"version-history":[{"count":13,"href":"https:\/\/www.arc.cz\/de\/wp-json\/wp\/v2\/pages\/29992\/revisions"}],"predecessor-version":[{"id":190809,"href":"https:\/\/www.arc.cz\/de\/wp-json\/wp\/v2\/pages\/29992\/revisions\/190809"}],"up":[{"embeddable":true,"href":"https:\/\/www.arc.cz\/de\/wp-json\/wp\/v2\/pages\/29934"}],"wp:attachment":[{"href":"https:\/\/www.arc.cz\/de\/wp-json\/wp\/v2\/media?parent=29992"}],"curies":[{"name":"wp","href":"https:\/\/api.w.org\/{rel}","templated":true}]}}