{"id":29999,"date":"2015-01-09T15:38:13","date_gmt":"2015-01-09T14:38:13","guid":{"rendered":"https:\/\/www.arc.cz\/architektura\/ceny-projektovych-praci\/"},"modified":"2017-03-19T21:11:54","modified_gmt":"2017-03-19T20:11:54","slug":"ceny-projektovych-praci","status":"publish","type":"page","link":"https:\/\/www.arc.cz\/de\/architektura\/ceny-projektovych-praci\/","title":{"rendered":"Preise f\u00fcr Planungsarbeiten"},"content":{"rendered":"<strong>Auskunft \u00fcber Projektpreise<\/strong>\r\n\r\nDie Berechnung der Honorierung von Projektleistungen erfolgt bei mir standardgem\u00e4\u00df nach der Honorarordnung der <a href=\"http:\/\/www.stavebnistandardy.cz\/doc\/vypocet\/hr2003.pdf\">Tschechischen Architektenkammer<\/a>. Das Honorar entspricht dem Anteil an Aufwendigkeit und Umfang von Arbeitsleistungen, die sich aus den voraussichtlichen Gesamtkosten des Bauvorhabens ergeben. Bei der Berechnung der Projektpreise liegt die Gesamth\u00f6he dieses Anteiles zwischen 6,79 und 16,35&nbsp;% der voraussichtlichen Kosten des Bauvorhabens. S\u00e4mtliche an die Projekte bezogenen T\u00e4tigkeiten und Dienstleistungen finden Sie unter\u00a0dem Link Projektinhalt und Gesetzgebung.\r\n\r\nDen berechneten Projektpreis erh\u00e4lt von mir jeder der Kunden in einem schriftlichen Angebot individuell vorgelegt. Um das Angebot zusammenstellen zu k\u00f6nnen, wird ein pers\u00f6nliches Treffen vereinbart, bei dem der Umfang und der Zweck des Auftrages festgesetzt werden. Das Angebot wird kostenlos erstellt.\r\n\r\nDas Basishonorar liegt zwischen 6,79 und 16,35&nbsp;% der Preish\u00f6he des Bauvorhabens. Aus dem Basishonorar werden die Preise f\u00fcr die einzelnen Projektetappen abgeleitet.\r\n<ol>\r\n \t<li>Auftragsvorbereitung: 3\u00a0% vom Basishonorar<\/li>\r\n \t<li>Bauprojekt \u2013 Studie: 18&nbsp;% vom Basishonorar<\/li>\r\n \t<li>Dokumentation zum Raumordnungs-\/Bauverfahren: 36&nbsp;% vom Basishonorar<\/li>\r\n \t<li>Dokumentation zur Bauausf\u00fchrung: 25&nbsp;% vom Basishonorar<\/li>\r\n \t<li>Unterlagen zur Lieferanten-Ausschreibung und Vergabe der Baustelle: 6\u00a0% vom Basishonorar<\/li>\r\n \t<li>Mitwirkung w\u00e4hrend der Bauausf\u00fchrung (Objekt\u00fcberwachung durch den Planer und technische \u00dcberwachung der Baustelle): 12&nbsp;% vom Basishonorar<\/li>\r\n<\/ol>\r\nDie Prozents\u00e4tze der Honorarleistungen in den einzelnen <a href=\"http:\/\/www.stavebnistandardy.cz\/doc\/vypocet\/vyse_hodinovych_sazeb_2011.pdf\">Projektetappen<\/a> k\u00f6nnen sich je nach der Aufwendigkeit der Arbeitsleistungen \u00e4ndern. Die \u00dcbersicht der Leistungen, die in den einzelnen Projektetappen erbracht werden, finden Sie unter dem\u00a0Link Projektinhalt und Gesetzgebung.\r\n\r\n&nbsp;","protected":false},"excerpt":{"rendered":"Auskunft \u00fcber Projektpreise Die Berechnung der Honorierung von Projektleistungen erfolgt bei mir standardgem\u00e4\u00df nach der Honorarordnung der Tschechischen Architektenkammer. Das Honorar entspricht dem Anteil an Aufwendigkeit und Umfang von Arbeitsleistungen, die sich aus den voraussichtlichen Gesamtkosten des Bauvorhabens ergeben. Bei der Berechnung der Projektpreise liegt die Gesamth\u00f6he dieses Anteiles zwischen 6,79 und 16,35&nbsp;% der voraussichtlichen [&hellip;]","protected":false},"author":1,"featured_media":0,"parent":29946,"menu_order":22,"comment_status":"closed","ping_status":"closed","template":"","meta":{"footnotes":""},"yoast_head":"<!-- This site is optimized with the Yoast SEO plugin v23.1 - https:\/\/yoast.com\/wordpress\/plugins\/seo\/ -->\n<title>Preise f\u00fcr Planungsarbeiten - Studio ARC<\/title>\n<meta name=\"robots\" content=\"index, follow, max-snippet:-1, max-image-preview:large, max-video-preview:-1\" \/>\n<link rel=\"canonical\" href=\"https:\/\/www.arc.cz\/de\/architektura\/ceny-projektovych-praci\/\" \/>\n<meta property=\"og:locale\" content=\"de_DE\" \/>\n<meta property=\"og:type\" content=\"article\" \/>\n<meta property=\"og:title\" content=\"Preise f\u00fcr Planungsarbeiten - Studio ARC\" \/>\n<meta property=\"og:description\" content=\"Auskunft \u00fcber Projektpreise Die Berechnung der Honorierung von Projektleistungen erfolgt bei mir standardgem\u00e4\u00df nach der Honorarordnung der Tschechischen Architektenkammer. Das Honorar entspricht dem Anteil an Aufwendigkeit und Umfang von Arbeitsleistungen, die sich aus den voraussichtlichen Gesamtkosten des Bauvorhabens ergeben. Bei der Berechnung der Projektpreise liegt die Gesamth\u00f6he dieses Anteiles zwischen 6,79 und 16,35&nbsp;% der voraussichtlichen [&hellip;]\" \/>\n<meta property=\"og:url\" content=\"https:\/\/www.arc.cz\/de\/architektura\/ceny-projektovych-praci\/\" \/>\n<meta property=\"og:site_name\" content=\"Studio ARC\" \/>\n<meta property=\"article:modified_time\" content=\"2017-03-19T20:11:54+00:00\" \/>\n<meta name=\"twitter:card\" content=\"summary_large_image\" \/>\n<meta name=\"twitter:label1\" content=\"Gesch\u00e4tzte Lesezeit\" \/>\n\t<meta name=\"twitter:data1\" content=\"1\u00a0Minute\" \/>\n<script type=\"application\/ld+json\" class=\"yoast-schema-graph\">{\"@context\":\"https:\/\/schema.org\",\"@graph\":[{\"@type\":\"WebPage\",\"@id\":\"https:\/\/www.arc.cz\/de\/architektura\/ceny-projektovych-praci\/\",\"url\":\"https:\/\/www.arc.cz\/de\/architektura\/ceny-projektovych-praci\/\",\"name\":\"Preise f\u00fcr Planungsarbeiten - Studio ARC\",\"isPartOf\":{\"@id\":\"https:\/\/www.arc.cz\/de\/#website\"},\"datePublished\":\"2015-01-09T14:38:13+00:00\",\"dateModified\":\"2017-03-19T20:11:54+00:00\",\"breadcrumb\":{\"@id\":\"https:\/\/www.arc.cz\/de\/architektura\/ceny-projektovych-praci\/#breadcrumb\"},\"inLanguage\":\"de\",\"potentialAction\":[{\"@type\":\"ReadAction\",\"target\":[\"https:\/\/www.arc.cz\/de\/architektura\/ceny-projektovych-praci\/\"]}]},{\"@type\":\"BreadcrumbList\",\"@id\":\"https:\/\/www.arc.cz\/de\/architektura\/ceny-projektovych-praci\/#breadcrumb\",\"itemListElement\":[{\"@type\":\"ListItem\",\"position\":1,\"name\":\"Dom\u016f\",\"item\":\"https:\/\/www.arc.cz\/de\/celostni-a-organicka-architektura\/\"},{\"@type\":\"ListItem\",\"position\":2,\"name\":\"Architektur und Landschaftsgestaltung\",\"item\":\"https:\/\/www.arc.cz\/de\/architektura\/\"},{\"@type\":\"ListItem\",\"position\":3,\"name\":\"Preise f\u00fcr Planungsarbeiten\"}]},{\"@type\":\"WebSite\",\"@id\":\"https:\/\/www.arc.cz\/de\/#website\",\"url\":\"https:\/\/www.arc.cz\/de\/\",\"name\":\"Studio ARC\",\"description\":\"Old\u0159ich Hozman Architect | Holistic and organic architecture\",\"publisher\":{\"@id\":\"https:\/\/www.arc.cz\/de\/#organization\"},\"potentialAction\":[{\"@type\":\"SearchAction\",\"target\":{\"@type\":\"EntryPoint\",\"urlTemplate\":\"https:\/\/www.arc.cz\/de\/?s={search_term_string}\"},\"query-input\":\"required name=search_term_string\"}],\"inLanguage\":\"de\"},{\"@type\":\"Organization\",\"@id\":\"https:\/\/www.arc.cz\/de\/#organization\",\"name\":\"Studio ARC\",\"url\":\"https:\/\/www.arc.cz\/de\/\",\"logo\":{\"@type\":\"ImageObject\",\"inLanguage\":\"de\",\"@id\":\"https:\/\/www.arc.cz\/de\/#\/schema\/logo\/image\/\",\"url\":\"https:\/\/www.arc.cz\/wp-content\/uploads\/logo.gif\",\"contentUrl\":\"https:\/\/www.arc.cz\/wp-content\/uploads\/logo.gif\",\"width\":125,\"height\":125,\"caption\":\"Studio ARC\"},\"image\":{\"@id\":\"https:\/\/www.arc.cz\/de\/#\/schema\/logo\/image\/\"}}]}<\/script>\n<!-- \/ Yoast SEO plugin. -->","yoast_head_json":{"title":"Preise f\u00fcr Planungsarbeiten - Studio ARC","robots":{"index":"index","follow":"follow","max-snippet":"max-snippet:-1","max-image-preview":"max-image-preview:large","max-video-preview":"max-video-preview:-1"},"canonical":"https:\/\/www.arc.cz\/de\/architektura\/ceny-projektovych-praci\/","og_locale":"de_DE","og_type":"article","og_title":"Preise f\u00fcr Planungsarbeiten - Studio ARC","og_description":"Auskunft \u00fcber Projektpreise Die Berechnung der Honorierung von Projektleistungen erfolgt bei mir standardgem\u00e4\u00df nach der Honorarordnung der Tschechischen Architektenkammer. Das Honorar entspricht dem Anteil an Aufwendigkeit und Umfang von Arbeitsleistungen, die sich aus den voraussichtlichen Gesamtkosten des Bauvorhabens ergeben. Bei der Berechnung der Projektpreise liegt die Gesamth\u00f6he dieses Anteiles zwischen 6,79 und 16,35&nbsp;% der voraussichtlichen [&hellip;]","og_url":"https:\/\/www.arc.cz\/de\/architektura\/ceny-projektovych-praci\/","og_site_name":"Studio ARC","article_modified_time":"2017-03-19T20:11:54+00:00","twitter_card":"summary_large_image","twitter_misc":{"Gesch\u00e4tzte Lesezeit":"1\u00a0Minute"},"schema":{"@context":"https:\/\/schema.org","@graph":[{"@type":"WebPage","@id":"https:\/\/www.arc.cz\/de\/architektura\/ceny-projektovych-praci\/","url":"https:\/\/www.arc.cz\/de\/architektura\/ceny-projektovych-praci\/","name":"Preise f\u00fcr Planungsarbeiten - Studio ARC","isPartOf":{"@id":"https:\/\/www.arc.cz\/de\/#website"},"datePublished":"2015-01-09T14:38:13+00:00","dateModified":"2017-03-19T20:11:54+00:00","breadcrumb":{"@id":"https:\/\/www.arc.cz\/de\/architektura\/ceny-projektovych-praci\/#breadcrumb"},"inLanguage":"de","potentialAction":[{"@type":"ReadAction","target":["https:\/\/www.arc.cz\/de\/architektura\/ceny-projektovych-praci\/"]}]},{"@type":"BreadcrumbList","@id":"https:\/\/www.arc.cz\/de\/architektura\/ceny-projektovych-praci\/#breadcrumb","itemListElement":[{"@type":"ListItem","position":1,"name":"Dom\u016f","item":"https:\/\/www.arc.cz\/de\/celostni-a-organicka-architektura\/"},{"@type":"ListItem","position":2,"name":"Architektur und Landschaftsgestaltung","item":"https:\/\/www.arc.cz\/de\/architektura\/"},{"@type":"ListItem","position":3,"name":"Preise f\u00fcr Planungsarbeiten"}]},{"@type":"WebSite","@id":"https:\/\/www.arc.cz\/de\/#website","url":"https:\/\/www.arc.cz\/de\/","name":"Studio ARC","description":"Old\u0159ich Hozman Architect | Holistic and organic architecture","publisher":{"@id":"https:\/\/www.arc.cz\/de\/#organization"},"potentialAction":[{"@type":"SearchAction","target":{"@type":"EntryPoint","urlTemplate":"https:\/\/www.arc.cz\/de\/?s={search_term_string}"},"query-input":"required name=search_term_string"}],"inLanguage":"de"},{"@type":"Organization","@id":"https:\/\/www.arc.cz\/de\/#organization","name":"Studio ARC","url":"https:\/\/www.arc.cz\/de\/","logo":{"@type":"ImageObject","inLanguage":"de","@id":"https:\/\/www.arc.cz\/de\/#\/schema\/logo\/image\/","url":"https:\/\/www.arc.cz\/wp-content\/uploads\/logo.gif","contentUrl":"https:\/\/www.arc.cz\/wp-content\/uploads\/logo.gif","width":125,"height":125,"caption":"Studio ARC"},"image":{"@id":"https:\/\/www.arc.cz\/de\/#\/schema\/logo\/image\/"}}]}},"_links":{"self":[{"href":"https:\/\/www.arc.cz\/de\/wp-json\/wp\/v2\/pages\/29999"}],"collection":[{"href":"https:\/\/www.arc.cz\/de\/wp-json\/wp\/v2\/pages"}],"about":[{"href":"https:\/\/www.arc.cz\/de\/wp-json\/wp\/v2\/types\/page"}],"author":[{"embeddable":true,"href":"https:\/\/www.arc.cz\/de\/wp-json\/wp\/v2\/users\/1"}],"replies":[{"embeddable":true,"href":"https:\/\/www.arc.cz\/de\/wp-json\/wp\/v2\/comments?post=29999"}],"version-history":[{"count":0,"href":"https:\/\/www.arc.cz\/de\/wp-json\/wp\/v2\/pages\/29999\/revisions"}],"up":[{"embeddable":true,"href":"https:\/\/www.arc.cz\/de\/wp-json\/wp\/v2\/pages\/29946"}],"wp:attachment":[{"href":"https:\/\/www.arc.cz\/de\/wp-json\/wp\/v2\/media?parent=29999"}],"curies":[{"name":"wp","href":"https:\/\/api.w.org\/{rel}","templated":true}]}}