{"id":30001,"date":"2015-01-09T12:08:54","date_gmt":"2015-01-09T11:08:54","guid":{"rendered":"https:\/\/www.arc.cz\/architektura\/architektura-a-krajinna-tvorba\/"},"modified":"2024-07-29T23:13:07","modified_gmt":"2024-07-29T21:13:07","slug":"architektura-a-krajinna-tvorba","status":"publish","type":"page","link":"https:\/\/www.arc.cz\/de\/architektura\/architektura-a-krajinna-tvorba\/","title":{"rendered":"Leistungen"},"content":{"rendered":"<section  class='av_textblock_section av-qms-dad8647b03539c854e3bcff2d0cd4a5c '   itemscope=\"itemscope\" itemtype=\"https:\/\/schema.org\/CreativeWork\" ><div class='avia_textblock'  itemprop=\"text\" ><ul>\n<li><em> Autorenprojekte f\u00fcr Niedrigenergieh\u00e4user,<\/em><\/li>\n<li><em> Entwurfs-, Genehmigungs- und Ausf\u00fchrungsplanung<\/em><em><br \/>\n<\/em><\/li>\n<li><em> Vorschl\u00e4ge f\u00fcr Revitalisierungen von Bau und f\u00fcr Rekonstruktionen von Baudenkm\u00e4lern auf \u00f6kologische Weise<br \/>\n<\/em><\/li>\n<li><em>Urbanistischen\u00a0Pl\u00e4ne in Harmonie mit der Landschaft und Gartenentw\u00fcrfe<br \/>\n<\/em><\/li>\n<li><em> Verwendung gesunder Baumaterialien und Anwendung \u00f6kologischer Bauprinzipien<br \/>\n<\/em><\/li>\n<li><em> Beratung von Investitionsvorhaben <\/em><\/li>\n<\/ul>\n<p>Die Vorschl\u00e4ge und Umsetzungen von architektonischen und landschaftlichen Einheiten verstehen wir als einen wichtigen Ausdruck des menschlichen Handelns und als eine Gelegenheit zur Wandlung, zu Entwicklung und zu neuem Wachstum. Unsere Projekte entwickeln wir in ganzheitlicher Weise, das hei\u00dft auf allen Ebenen: auf der seelisch-geistigen Ebene, der Gef\u00fchlsebene und Ebene der Lebenskr\u00e4fte sowie auf physischer Ebene. Dank diesem Umstand erm\u00f6glichen das Schaffen und die aktive Zusammenarbeit mit dem Klienten, den Orten ein neues Gleichgewicht zu verleihen und denjenigen, die ihn bewohnen oder besuchen, Anst\u00f6\u00dfe f\u00fcr ihre eigene Entwicklung und ihr Wachstum anzubieten.<\/p>\n<p>Unsere Reaktion auf die Entwicklung der zivilisationsbedingten Ver\u00e4nderungen sowie der zeitgen\u00f6ssischen Standpunkte im Bauwesen sind die Entw\u00fcrfe umweltfreundlicher und energiesparender H\u00e4user.<\/p>\n<p>Da wir Interesse an der Erhaltung des nachhaltigen Lebens haben, werden von uns in Projekten Materialien vorgeschlagen, die sowohl f\u00fcr den Menschen als auch f\u00fcr die Erde gesund sind. Das hei\u00dft: bei der Herstellung anspruchslos, f\u00fcr den Aufenthalt der Menschen geeignet und letztlich auch entsorgbar. Bei der Planung der Bauobjekte w\u00e4hlen wir deshalb meistens Holz, gebrannte oder nicht gebrannte Ziegel, Keramik und Isolierung aus Pflanzenrohstoffen.<\/p>\n<p>Unsere Projekte arbeiten wir gef\u00fchlvoll mit Bezug zu dem Ort und der Landschaft und auf ganzheitliche Weise aus. Unser Schaffen wird von ganzheitlichen Harmonieprinzipien der menschlichen Umwelt inspiriert, wie zum Beispiel der Lehre des Feng Shui oder den Prinzipien der modernen europ\u00e4ischen Geomantie. Uns nahe stehend ist auch eine ganzheitliche Lehre \u2013 die geisteswissenschaftliche Menschenkunde namens Anthroposophie.<\/p>\n<\/div><\/section>\n\n\n<style type=\"text\/css\" data-created_by=\"avia_inline_auto\" id=\"style-css-av-572c-85789e1f17436040713d28a8f749b016\">\n.flex_column.av-572c-85789e1f17436040713d28a8f749b016{\nborder-radius:0px 0px 0px 0px;\npadding:0px 0px 0px 0px;\n}\n<\/style>\n<div  class='flex_column av-572c-85789e1f17436040713d28a8f749b016 av_one_full  avia-builder-el-1  el_after_av_textblock  avia-builder-el-last  first flex_column_div av-zero-column-padding  column-top-margin'     ><div id='av-masonry-1' class='av-masonry av-2cys-f10b7c8982a6b7932bc01649add05997 noHover av-fixed-size av-large-gap av-hover-overlay-active av-masonry-animation-active av-masonry-col-3 av-caption-always av-caption-style- av-masonry-entries ' data-post_id=\"30001\"><div class=\"av-masonry-container isotope av-js-disabled\"><div class='av-masonry-entry isotope-item av-masonry-item-no-image '><\/div><a href=\"https:\/\/www.arc.cz\/de\/portfolio-item\/2010-rodinny-dum-v-el-palol\/\"  id='av-masonry-1-item-29840' data-av-masonry-item='29840' class='av-masonry-entry isotope-item post-29840 portfolio type-portfolio status-publish has-post-thumbnail hentry tag-celostni-architektura-de tag-rodinny-dum-de tag-feng-shui-de tag-geomantie-de tag-zahrada-de tag-hlinene-omitky-de tag-drevostavba-de tag-nizkoenergeticky-de tag-prirodni-materialy-de portfolio_entries-architektura-a-krajinna-tvorba-de portfolio_entries-geomantie-a-tvorba-prostredi-de portfolio_entries-nabytek-a-interiery-de  av-masonry-item-with-image av-grid-img' title=\"el palol\"   itemscope=\"itemscope\" itemtype=\"https:\/\/schema.org\/CreativeWork\" ><div class='av-inner-masonry-sizer'><\/div><figure class='av-inner-masonry main_color'><div class=\"av-masonry-outerimage-container\"><div class='av-masonry-image-container' style=\"background-image: url(https:\/\/www.arc.cz\/wp-content\/uploads\/2015\/01\/el-palol-400x266.jpg);\"  title=\"el palol\" ><\/div><\/div><figcaption class='av-inner-masonry-content site-background'><div class='av-inner-masonry-content-pos'><div class='av-inner-masonry-content-pos-content'><div class='avia-arrow'><\/div><h3 class='av-masonry-entry-title entry-title '  itemprop=\"headline\" >Einfamilienhaus in El Palol, Spanien<\/h3><\/div><\/div><\/figcaption><\/figure><\/a><!--end av-masonry entry--><a href=\"https:\/\/www.arc.cz\/de\/portfolio-item\/2011-rodinny-dum-v-nebusicich\/\"  id='av-masonry-1-item-29834' data-av-masonry-item='29834' class='av-masonry-entry isotope-item post-29834 portfolio type-portfolio status-publish has-post-thumbnail hentry tag-rodinny-dum-de portfolio_entries-architektura-a-krajinna-tvorba-de portfolio_entries-nabytek-a-interiery-de  av-masonry-item-with-image av-grid-img' title=\"00001-20141011_143335\"   itemscope=\"itemscope\" itemtype=\"https:\/\/schema.org\/CreativeWork\" ><div class='av-inner-masonry-sizer'><\/div><figure class='av-inner-masonry main_color'><div class=\"av-masonry-outerimage-container\"><div class='av-masonry-image-container' style=\"background-image: url(https:\/\/www.arc.cz\/wp-content\/uploads\/2011\/01\/00001-20141011_143335-400x300.jpg);\"  title=\"00001-20141011_143335\" ><\/div><\/div><figcaption class='av-inner-masonry-content site-background'><div class='av-inner-masonry-content-pos'><div class='av-inner-masonry-content-pos-content'><div class='avia-arrow'><\/div><h3 class='av-masonry-entry-title entry-title '  itemprop=\"headline\" >Einfamilienhaus in Nebu\u0161ice<\/h3><\/div><\/div><\/figcaption><\/figure><\/a><!--end av-masonry entry--><a href=\"https:\/\/www.arc.cz\/de\/portfolio-item\/2005-rodinny-dum-v-chrustenicich\/\"  id='av-masonry-1-item-29872' data-av-masonry-item='29872' class='av-masonry-entry isotope-item post-29872 portfolio type-portfolio status-publish has-post-thumbnail hentry tag-rodinny-dum-de tag-rodinny-dum-de-2 tag-video-de portfolio_entries-architektura-a-krajinna-tvorba-de  av-masonry-item-with-image av-grid-img' title=\"00001-ekologicky-rodinny-dum-1\"   itemscope=\"itemscope\" itemtype=\"https:\/\/schema.org\/CreativeWork\" ><div class='av-inner-masonry-sizer'><\/div><figure class='av-inner-masonry main_color'><div class=\"av-masonry-outerimage-container\"><div class='av-masonry-image-container' style=\"background-image: url(https:\/\/www.arc.cz\/wp-content\/uploads\/2005\/01\/00001-ekologicky-rodinny-dum-1-400x337.jpg);\"  title=\"00001-ekologicky-rodinny-dum-1\" ><\/div><\/div><figcaption class='av-inner-masonry-content site-background'><div class='av-inner-masonry-content-pos'><div class='av-inner-masonry-content-pos-content'><div class='avia-arrow'><\/div><h3 class='av-masonry-entry-title entry-title '  itemprop=\"headline\" >Einfamilienhaus in Chrustenice<\/h3><\/div><\/div><\/figcaption><\/figure><\/a><!--end av-masonry entry--><a href=\"https:\/\/www.arc.cz\/de\/portfolio-item\/2005-rodinny-dum-v-lanech\/\"  id='av-masonry-1-item-29874' data-av-masonry-item='29874' class='av-masonry-entry isotope-item post-29874 portfolio type-portfolio status-publish has-post-thumbnail hentry tag-rodinny-dum-de tag-rodinny-dum portfolio_entries-architektura-a-krajinna-tvorba-de  av-masonry-item-with-image av-grid-img' title=\"00002-navrh_barevnosti_fasady-2\"   itemscope=\"itemscope\" itemtype=\"https:\/\/schema.org\/CreativeWork\" ><div class='av-inner-masonry-sizer'><\/div><figure class='av-inner-masonry main_color'><div class=\"av-masonry-outerimage-container\"><div class='av-masonry-image-container' style=\"background-image: url(https:\/\/www.arc.cz\/wp-content\/uploads\/2005\/01\/00002-navrh_barevnosti_fasady-2-400x285.jpg);\"  title=\"00002-navrh_barevnosti_fasady-2\" ><\/div><\/div><figcaption class='av-inner-masonry-content site-background'><div class='av-inner-masonry-content-pos'><div class='av-inner-masonry-content-pos-content'><div class='avia-arrow'><\/div><h3 class='av-masonry-entry-title entry-title '  itemprop=\"headline\" >Einfamilienhaus in L\u00e1ny<\/h3><\/div><\/div><\/figcaption><\/figure><\/a><!--end av-masonry entry--><a href=\"https:\/\/www.arc.cz\/de\/portfolio-item\/2007-atriovy-dum-u-prahy\/\"  id='av-masonry-1-item-29869' data-av-masonry-item='29869' class='av-masonry-entry isotope-item post-29869 portfolio type-portfolio status-publish has-post-thumbnail hentry tag-feng-shui-de tag-rodinny-dum portfolio_entries-architektura-a-krajinna-tvorba-de portfolio_entries-geomantie-a-tvorba-prostredi-de portfolio_entries-nabytek-a-interiery-de  av-masonry-item-with-image av-grid-img' title=\"00001-dum_a_zahrada_z_jihu\"   itemscope=\"itemscope\" itemtype=\"https:\/\/schema.org\/CreativeWork\" ><div class='av-inner-masonry-sizer'><\/div><figure class='av-inner-masonry main_color'><div class=\"av-masonry-outerimage-container\"><div class='av-masonry-image-container' style=\"background-image: url(https:\/\/www.arc.cz\/wp-content\/uploads\/2007\/01\/00001-dum_a_zahrada_z_jihu-400x267.jpg);\"  title=\"00001-dum_a_zahrada_z_jihu\" ><\/div><\/div><figcaption class='av-inner-masonry-content site-background'><div class='av-inner-masonry-content-pos'><div class='av-inner-masonry-content-pos-content'><div class='avia-arrow'><\/div><h3 class='av-masonry-entry-title entry-title '  itemprop=\"headline\" >Atriumeinfamilienhaus mit Garten<\/h3><\/div><\/div><\/figcaption><\/figure><\/a><!--end av-masonry entry--><a href=\"https:\/\/www.arc.cz\/de\/portfolio-item\/2012-ekologicka-farma-bemagro\/\"  id='av-masonry-1-item-29819' data-av-masonry-item='29819' class='av-masonry-entry isotope-item post-29819 portfolio type-portfolio status-publish has-post-thumbnail hentry tag-statek-de tag-farma-de tag-farma-de-2 tag-feng-shui-de tag-prumyslove-stavby-de tag-prumyslove-stavby-de-2 tag-statek-de-2 portfolio_entries-architektura-a-krajinna-tvorba-de portfolio_entries-nabytek-a-interiery-de  av-masonry-item-with-image av-landscape-img' title=\"00002-20160726_083110\"   itemscope=\"itemscope\" itemtype=\"https:\/\/schema.org\/CreativeWork\" ><div class='av-inner-masonry-sizer'><\/div><figure class='av-inner-masonry main_color'><div class=\"av-masonry-outerimage-container\"><div class='av-masonry-image-container' style=\"background-image: url(https:\/\/www.arc.cz\/wp-content\/uploads\/2012\/01\/00002-20160726_083110-400x225.jpg);\"  title=\"00002-20160726_083110\" ><\/div><\/div><figcaption class='av-inner-masonry-content site-background'><div class='av-inner-masonry-content-pos'><div class='av-inner-masonry-content-pos-content'><div class='avia-arrow'><\/div><h3 class='av-masonry-entry-title entry-title '  itemprop=\"headline\" >\u00d6kobauernhof Bemagro<\/h3><\/div><\/div><\/figcaption><\/figure><\/a><!--end av-masonry entry--><\/div><\/div><\/div>","protected":false},"excerpt":{"rendered":"","protected":false},"author":1,"featured_media":0,"parent":29946,"menu_order":0,"comment_status":"closed","ping_status":"closed","template":"","meta":{"footnotes":""},"yoast_head":"<!-- This site is optimized with the Yoast SEO plugin v23.1 - https:\/\/yoast.com\/wordpress\/plugins\/seo\/ -->\n<title>Leistungen - Studio ARC<\/title>\n<meta name=\"robots\" content=\"index, follow, max-snippet:-1, max-image-preview:large, max-video-preview:-1\" \/>\n<link rel=\"canonical\" href=\"https:\/\/www.arc.cz\/de\/architektura\/architektura-a-krajinna-tvorba\/\" \/>\n<meta property=\"og:locale\" content=\"de_DE\" \/>\n<meta property=\"og:type\" content=\"article\" \/>\n<meta property=\"og:title\" content=\"Leistungen - Studio ARC\" \/>\n<meta property=\"og:url\" content=\"https:\/\/www.arc.cz\/de\/architektura\/architektura-a-krajinna-tvorba\/\" \/>\n<meta property=\"og:site_name\" content=\"Studio ARC\" \/>\n<meta property=\"article:modified_time\" content=\"2024-07-29T21:13:07+00:00\" \/>\n<meta name=\"twitter:card\" content=\"summary_large_image\" \/>\n<meta name=\"twitter:label1\" content=\"Gesch\u00e4tzte Lesezeit\" \/>\n\t<meta name=\"twitter:data1\" content=\"2\u00a0Minuten\" \/>\n<script type=\"application\/ld+json\" class=\"yoast-schema-graph\">{\"@context\":\"https:\/\/schema.org\",\"@graph\":[{\"@type\":\"WebPage\",\"@id\":\"https:\/\/www.arc.cz\/de\/architektura\/architektura-a-krajinna-tvorba\/\",\"url\":\"https:\/\/www.arc.cz\/de\/architektura\/architektura-a-krajinna-tvorba\/\",\"name\":\"Leistungen - Studio ARC\",\"isPartOf\":{\"@id\":\"https:\/\/www.arc.cz\/de\/#website\"},\"datePublished\":\"2015-01-09T11:08:54+00:00\",\"dateModified\":\"2024-07-29T21:13:07+00:00\",\"breadcrumb\":{\"@id\":\"https:\/\/www.arc.cz\/de\/architektura\/architektura-a-krajinna-tvorba\/#breadcrumb\"},\"inLanguage\":\"de\",\"potentialAction\":[{\"@type\":\"ReadAction\",\"target\":[\"https:\/\/www.arc.cz\/de\/architektura\/architektura-a-krajinna-tvorba\/\"]}]},{\"@type\":\"BreadcrumbList\",\"@id\":\"https:\/\/www.arc.cz\/de\/architektura\/architektura-a-krajinna-tvorba\/#breadcrumb\",\"itemListElement\":[{\"@type\":\"ListItem\",\"position\":1,\"name\":\"Dom\u016f\",\"item\":\"https:\/\/www.arc.cz\/de\/celostni-a-organicka-architektura\/\"},{\"@type\":\"ListItem\",\"position\":2,\"name\":\"Architektur und Landschaftsgestaltung\",\"item\":\"https:\/\/www.arc.cz\/de\/architektura\/\"},{\"@type\":\"ListItem\",\"position\":3,\"name\":\"Leistungen\"}]},{\"@type\":\"WebSite\",\"@id\":\"https:\/\/www.arc.cz\/de\/#website\",\"url\":\"https:\/\/www.arc.cz\/de\/\",\"name\":\"Studio ARC\",\"description\":\"Old\u0159ich Hozman Architect | Holistic and organic architecture\",\"publisher\":{\"@id\":\"https:\/\/www.arc.cz\/de\/#organization\"},\"potentialAction\":[{\"@type\":\"SearchAction\",\"target\":{\"@type\":\"EntryPoint\",\"urlTemplate\":\"https:\/\/www.arc.cz\/de\/?s={search_term_string}\"},\"query-input\":\"required name=search_term_string\"}],\"inLanguage\":\"de\"},{\"@type\":\"Organization\",\"@id\":\"https:\/\/www.arc.cz\/de\/#organization\",\"name\":\"Studio ARC\",\"url\":\"https:\/\/www.arc.cz\/de\/\",\"logo\":{\"@type\":\"ImageObject\",\"inLanguage\":\"de\",\"@id\":\"https:\/\/www.arc.cz\/de\/#\/schema\/logo\/image\/\",\"url\":\"https:\/\/www.arc.cz\/wp-content\/uploads\/logo.gif\",\"contentUrl\":\"https:\/\/www.arc.cz\/wp-content\/uploads\/logo.gif\",\"width\":125,\"height\":125,\"caption\":\"Studio ARC\"},\"image\":{\"@id\":\"https:\/\/www.arc.cz\/de\/#\/schema\/logo\/image\/\"}}]}<\/script>\n<!-- \/ Yoast SEO plugin. -->","yoast_head_json":{"title":"Leistungen - Studio ARC","robots":{"index":"index","follow":"follow","max-snippet":"max-snippet:-1","max-image-preview":"max-image-preview:large","max-video-preview":"max-video-preview:-1"},"canonical":"https:\/\/www.arc.cz\/de\/architektura\/architektura-a-krajinna-tvorba\/","og_locale":"de_DE","og_type":"article","og_title":"Leistungen - Studio ARC","og_url":"https:\/\/www.arc.cz\/de\/architektura\/architektura-a-krajinna-tvorba\/","og_site_name":"Studio ARC","article_modified_time":"2024-07-29T21:13:07+00:00","twitter_card":"summary_large_image","twitter_misc":{"Gesch\u00e4tzte Lesezeit":"2\u00a0Minuten"},"schema":{"@context":"https:\/\/schema.org","@graph":[{"@type":"WebPage","@id":"https:\/\/www.arc.cz\/de\/architektura\/architektura-a-krajinna-tvorba\/","url":"https:\/\/www.arc.cz\/de\/architektura\/architektura-a-krajinna-tvorba\/","name":"Leistungen - Studio ARC","isPartOf":{"@id":"https:\/\/www.arc.cz\/de\/#website"},"datePublished":"2015-01-09T11:08:54+00:00","dateModified":"2024-07-29T21:13:07+00:00","breadcrumb":{"@id":"https:\/\/www.arc.cz\/de\/architektura\/architektura-a-krajinna-tvorba\/#breadcrumb"},"inLanguage":"de","potentialAction":[{"@type":"ReadAction","target":["https:\/\/www.arc.cz\/de\/architektura\/architektura-a-krajinna-tvorba\/"]}]},{"@type":"BreadcrumbList","@id":"https:\/\/www.arc.cz\/de\/architektura\/architektura-a-krajinna-tvorba\/#breadcrumb","itemListElement":[{"@type":"ListItem","position":1,"name":"Dom\u016f","item":"https:\/\/www.arc.cz\/de\/celostni-a-organicka-architektura\/"},{"@type":"ListItem","position":2,"name":"Architektur und Landschaftsgestaltung","item":"https:\/\/www.arc.cz\/de\/architektura\/"},{"@type":"ListItem","position":3,"name":"Leistungen"}]},{"@type":"WebSite","@id":"https:\/\/www.arc.cz\/de\/#website","url":"https:\/\/www.arc.cz\/de\/","name":"Studio ARC","description":"Old\u0159ich Hozman Architect | Holistic and organic architecture","publisher":{"@id":"https:\/\/www.arc.cz\/de\/#organization"},"potentialAction":[{"@type":"SearchAction","target":{"@type":"EntryPoint","urlTemplate":"https:\/\/www.arc.cz\/de\/?s={search_term_string}"},"query-input":"required name=search_term_string"}],"inLanguage":"de"},{"@type":"Organization","@id":"https:\/\/www.arc.cz\/de\/#organization","name":"Studio ARC","url":"https:\/\/www.arc.cz\/de\/","logo":{"@type":"ImageObject","inLanguage":"de","@id":"https:\/\/www.arc.cz\/de\/#\/schema\/logo\/image\/","url":"https:\/\/www.arc.cz\/wp-content\/uploads\/logo.gif","contentUrl":"https:\/\/www.arc.cz\/wp-content\/uploads\/logo.gif","width":125,"height":125,"caption":"Studio ARC"},"image":{"@id":"https:\/\/www.arc.cz\/de\/#\/schema\/logo\/image\/"}}]}},"_links":{"self":[{"href":"https:\/\/www.arc.cz\/de\/wp-json\/wp\/v2\/pages\/30001"}],"collection":[{"href":"https:\/\/www.arc.cz\/de\/wp-json\/wp\/v2\/pages"}],"about":[{"href":"https:\/\/www.arc.cz\/de\/wp-json\/wp\/v2\/types\/page"}],"author":[{"embeddable":true,"href":"https:\/\/www.arc.cz\/de\/wp-json\/wp\/v2\/users\/1"}],"replies":[{"embeddable":true,"href":"https:\/\/www.arc.cz\/de\/wp-json\/wp\/v2\/comments?post=30001"}],"version-history":[{"count":2,"href":"https:\/\/www.arc.cz\/de\/wp-json\/wp\/v2\/pages\/30001\/revisions"}],"predecessor-version":[{"id":190165,"href":"https:\/\/www.arc.cz\/de\/wp-json\/wp\/v2\/pages\/30001\/revisions\/190165"}],"up":[{"embeddable":true,"href":"https:\/\/www.arc.cz\/de\/wp-json\/wp\/v2\/pages\/29946"}],"wp:attachment":[{"href":"https:\/\/www.arc.cz\/de\/wp-json\/wp\/v2\/media?parent=30001"}],"curies":[{"name":"wp","href":"https:\/\/api.w.org\/{rel}","templated":true}]}}