{"id":15762,"date":"2015-01-09T15:45:20","date_gmt":"2015-01-09T14:45:20","guid":{"rendered":"https:\/\/www.arc.cz\/?page_id=15762"},"modified":"2024-07-30T14:42:23","modified_gmt":"2024-07-30T12:42:23","slug":"furniture-interiors","status":"publish","type":"page","link":"https:\/\/www.arc.cz\/en\/furniture-interiors-2\/furniture-interiors\/","title":{"rendered":"Our services"},"content":{"rendered":"<section  class='av_textblock_section av-j7zlb-465b247f9cb7729eec1f20d5a2d3d17f '   itemscope=\"itemscope\" itemtype=\"https:\/\/schema.org\/CreativeWork\" ><div class='avia_textblock'  itemprop=\"text\" ><ul>\n<li><em>Interior projects from natural ecological material<\/em><\/li>\n<li><em>Projects of healthy corporate and business premise<\/em><\/li>\n<li><em>Design of atypical interiors and furniture<\/em><\/li>\n<li><em>Design of furniture and utility items for industrial production<\/em><\/li>\n<li><em>Originals, artworks, and furniture solitaires<\/em><\/li>\n<li><em>Design of furnaces, fireplaces, and stoves in proposed buildings<\/em><\/li>\n<li><em>Designs of fountains, water elements, and flow forms<\/em><\/li>\n<\/ul>\n<p>We perceive designs and implementations of interiors and furniture as important manifestations of human action. Interiors and furniture directly affect the mood, behaviour, and health of the user. That is why we treat the designs we process responsibly. A&nbsp;well-designed interior brings opportunities for change, development, and new growth not only on the physical level, but also on the mental level. Thus, through the creation and active cooperation with the client, it is possible to give a&nbsp;new face to the objects, furniture, and the entire spaces; and to make it possible for those who inhabit or visit them to have a&nbsp;new view of reality. Our goal is to provide people with background and incentives for their own development and growth.<\/p>\n<p>Because we are interested in preserving a&nbsp;sustainable life, we propose furniture and interiors of materials that are healthy for both humans and the Earth. This means easy to produce, suitable for human being, and ultimately recyclable. In interiors and furniture, it is most often wood, metal, glass, fabrics from vegetable raw materials, vegetable oil based lacquers, and surface waxes.<\/p>\n<p>Our response to the development of the civilization changes and contemporary approaches to interior design and industrial design is the design of organic products. Furniture, interiors and utility items are designed with regard to the holistic principles of ergonometry, ecology, and feng shui. Our intention is that the interior is in line with the place and harmoniously empowers the user.<\/p>\n<h2>Implemented projects<\/h2>\n<\/div><\/section>\n\n\n<style type=\"text\/css\" data-created_by=\"avia_inline_auto\" id=\"style-css-av-fdz87-f698878ad46d8e7b9c5120f48d620409\">\n.flex_column.av-fdz87-f698878ad46d8e7b9c5120f48d620409{\nborder-radius:0px 0px 0px 0px;\npadding:0px 0px 0px 0px;\n}\n<\/style>\n<div  class='flex_column av-fdz87-f698878ad46d8e7b9c5120f48d620409 av_one_full  avia-builder-el-1  el_after_av_textblock  avia-builder-el-last  first flex_column_div av-zero-column-padding  column-top-margin'     ><div id='av-masonry-1' class='av-masonry av-9sbyv-54c8cc8bfccffb808c30491c999530ef noHover av-fixed-size av-large-gap av-hover-overlay-active av-masonry-animation-active av-masonry-col-3 av-caption-always av-caption-style- av-masonry-entries ' data-post_id=\"15762\"><div class=\"av-masonry-container isotope av-js-disabled\"><div class='av-masonry-entry isotope-item av-masonry-item-no-image '><\/div><a href=\"https:\/\/www.arc.cz\/en\/portfolio-item\/2010-family-house-in-el-palol-spain\/\"  id='av-masonry-1-item-29344' data-av-masonry-item='29344' class='av-masonry-entry isotope-item post-29344 portfolio type-portfolio status-publish has-post-thumbnail hentry tag-clay-plasters tag-hlinene-omitky-en tag-family-house tag-feng-shui tag-feng-shui-en tag-garden tag-zahrada-en tag-geomancy tag-celostni-architektura-en tag-holistic-architecture tag-low-energy tag-prirodni-materialy-en tag-natural-materials tag-participatory-design tag-wooden-building portfolio_entries-architecture portfolio_entries-interiors portfolio_entries-environment  av-masonry-item-with-image av-grid-img' title=\"el palol\"   itemscope=\"itemscope\" itemtype=\"https:\/\/schema.org\/CreativeWork\" ><div class='av-inner-masonry-sizer'><\/div><figure class='av-inner-masonry main_color'><div class=\"av-masonry-outerimage-container\"><div class='av-masonry-image-container' style=\"background-image: url(https:\/\/www.arc.cz\/wp-content\/uploads\/2015\/01\/el-palol-400x266.jpg);\"  title=\"el palol\" ><\/div><\/div><figcaption class='av-inner-masonry-content site-background'><div class='av-inner-masonry-content-pos'><div class='av-inner-masonry-content-pos-content'><div class='avia-arrow'><\/div><h3 class='av-masonry-entry-title entry-title '  itemprop=\"headline\" >Family house in El Palol, Spain<\/h3><\/div><\/div><\/figcaption><\/figure><\/a><!--end av-masonry entry--><a href=\"https:\/\/www.arc.cz\/en\/portfolio-item\/2011-family-house-in-nebusice\/\"  id='av-masonry-1-item-29340' data-av-masonry-item='29340' class='av-masonry-entry isotope-item post-29340 portfolio type-portfolio status-publish has-post-thumbnail hentry tag-family-house portfolio_entries-architecture portfolio_entries-interiors  av-masonry-item-with-image av-grid-img' title=\"00001-20141011_143335\"   itemscope=\"itemscope\" itemtype=\"https:\/\/schema.org\/CreativeWork\" ><div class='av-inner-masonry-sizer'><\/div><figure class='av-inner-masonry main_color'><div class=\"av-masonry-outerimage-container\"><div class='av-masonry-image-container' style=\"background-image: url(https:\/\/www.arc.cz\/wp-content\/uploads\/2011\/01\/00001-20141011_143335-400x300.jpg);\"  title=\"00001-20141011_143335\" ><\/div><\/div><figcaption class='av-inner-masonry-content site-background'><div class='av-inner-masonry-content-pos'><div class='av-inner-masonry-content-pos-content'><div class='avia-arrow'><\/div><h3 class='av-masonry-entry-title entry-title '  itemprop=\"headline\" >Family house in Nebusice<\/h3><\/div><\/div><\/figcaption><\/figure><\/a><!--end av-masonry entry--><a href=\"https:\/\/www.arc.cz\/en\/portfolio-item\/2007-atrium-family-house-with-garden-in-ricany\/\"  id='av-masonry-1-item-29394' data-av-masonry-item='29394' class='av-masonry-entry isotope-item post-29394 portfolio type-portfolio status-publish has-post-thumbnail hentry tag-clay-plasters tag-drevostavba tag-feng-shui tag-garden tag-geomantie tag-holistic-architecture tag-natural-materials tag-nizkoenergeticky tag-organic-architecture tag-prirodni-zahrada tag-rodinny-dum portfolio_entries-architecture portfolio_entries-interiors portfolio_entries-environment  av-masonry-item-with-image av-grid-img' title=\"Pohled z&nbsp;jihu na \u010d\u00e1st domu s&nbsp;obytn\u00fdmi m\u00edstnostmi.\"   itemscope=\"itemscope\" itemtype=\"https:\/\/schema.org\/CreativeWork\" ><div class='av-inner-masonry-sizer'><\/div><figure class='av-inner-masonry main_color'><div class=\"av-masonry-outerimage-container\"><div class='av-masonry-image-container' style=\"background-image: url(https:\/\/www.arc.cz\/wp-content\/uploads\/2007\/01\/00001-dum_a_zahrada_z_jihu-400x267.jpg);\"  title=\"Pohled z&nbsp;jihu na \u010d\u00e1st domu s&nbsp;obytn\u00fdmi m\u00edstnostmi.\" ><\/div><\/div><figcaption class='av-inner-masonry-content site-background'><div class='av-inner-masonry-content-pos'><div class='av-inner-masonry-content-pos-content'><div class='avia-arrow'><\/div><h3 class='av-masonry-entry-title entry-title '  itemprop=\"headline\" >Atrium family house with garden in \u0158\u00ed\u010dany<\/h3><\/div><\/div><\/figcaption><\/figure><\/a><!--end av-masonry entry--><a href=\"https:\/\/www.arc.cz\/en\/portfolio-item\/2012-ekologicka-farma-bemagro\/\"  id='av-masonry-1-item-29218' data-av-masonry-item='29218' class='av-masonry-entry isotope-item post-29218 portfolio type-portfolio status-publish has-post-thumbnail hentry tag-farm tag-farma tag-farmhouse tag-feng-shui-en tag-feng-shui tag-industrial-building tag-prumyslove-stavby tag-statek portfolio_entries-architecture portfolio_entries-interiors  av-masonry-item-with-image av-landscape-img' title=\"00002-20160726_083110\"   itemscope=\"itemscope\" itemtype=\"https:\/\/schema.org\/CreativeWork\" ><div class='av-inner-masonry-sizer'><\/div><figure class='av-inner-masonry main_color'><div class=\"av-masonry-outerimage-container\"><div class='av-masonry-image-container' style=\"background-image: url(https:\/\/www.arc.cz\/wp-content\/uploads\/2012\/01\/00002-20160726_083110-400x225.jpg);\"  title=\"00002-20160726_083110\" ><\/div><\/div><figcaption class='av-inner-masonry-content site-background'><div class='av-inner-masonry-content-pos'><div class='av-inner-masonry-content-pos-content'><div class='avia-arrow'><\/div><h3 class='av-masonry-entry-title entry-title '  itemprop=\"headline\" >Bio-dynamic Agriculture Farmhouse Bemagro<\/h3><\/div><\/div><\/figcaption><\/figure><\/a><!--end av-masonry entry--><a href=\"https:\/\/www.arc.cz\/en\/portfolio-item\/2005-protected-residence-in-slapy\/\"  id='av-masonry-1-item-29468' data-av-masonry-item='29468' class='av-masonry-entry isotope-item post-29468 portfolio type-portfolio status-publish has-post-thumbnail hentry tag-protected-residence portfolio_entries-architecture portfolio_entries-interiors portfolio_entries-environment  av-masonry-item-with-image av-grid-img' title=\"00001-south_view_detail1\"   itemscope=\"itemscope\" itemtype=\"https:\/\/schema.org\/CreativeWork\" ><div class='av-inner-masonry-sizer'><\/div><figure class='av-inner-masonry main_color'><div class=\"av-masonry-outerimage-container\"><div class='av-masonry-image-container' style=\"background-image: url(https:\/\/www.arc.cz\/wp-content\/uploads\/2005\/01\/00001-south_view_detail1-400x285.jpg);\"  title=\"00001-south_view_detail1\" ><\/div><\/div><figcaption class='av-inner-masonry-content site-background'><div class='av-inner-masonry-content-pos'><div class='av-inner-masonry-content-pos-content'><div class='avia-arrow'><\/div><h3 class='av-masonry-entry-title entry-title '  itemprop=\"headline\" >Sheltered Housing in Slapy<\/h3><\/div><\/div><\/figcaption><\/figure><\/a><!--end av-masonry entry--><\/div><\/div><\/div>","protected":false},"excerpt":{"rendered":"","protected":false},"author":1,"featured_media":0,"parent":24595,"menu_order":15,"comment_status":"closed","ping_status":"closed","template":"","meta":{"footnotes":""},"yoast_head":"<!-- This site is optimized with the Yoast SEO plugin v23.1 - https:\/\/yoast.com\/wordpress\/plugins\/seo\/ -->\n<title>Our services - Studio ARC<\/title>\n<meta name=\"robots\" content=\"index, follow, max-snippet:-1, max-image-preview:large, max-video-preview:-1\" \/>\n<link rel=\"canonical\" href=\"https:\/\/www.arc.cz\/en\/furniture-interiors-2\/furniture-interiors\/\" \/>\n<meta property=\"og:locale\" content=\"en_US\" \/>\n<meta property=\"og:type\" content=\"article\" \/>\n<meta property=\"og:title\" content=\"Our services - Studio ARC\" \/>\n<meta property=\"og:url\" content=\"https:\/\/www.arc.cz\/en\/furniture-interiors-2\/furniture-interiors\/\" \/>\n<meta property=\"og:site_name\" content=\"Studio ARC\" \/>\n<meta property=\"article:modified_time\" content=\"2024-07-30T12:42:23+00:00\" \/>\n<meta name=\"twitter:card\" content=\"summary_large_image\" \/>\n<meta name=\"twitter:label1\" content=\"Est. reading time\" \/>\n\t<meta name=\"twitter:data1\" content=\"2 minutes\" \/>\n<script type=\"application\/ld+json\" class=\"yoast-schema-graph\">{\"@context\":\"https:\/\/schema.org\",\"@graph\":[{\"@type\":\"WebPage\",\"@id\":\"https:\/\/www.arc.cz\/en\/furniture-interiors-2\/furniture-interiors\/\",\"url\":\"https:\/\/www.arc.cz\/en\/furniture-interiors-2\/furniture-interiors\/\",\"name\":\"Our services - Studio ARC\",\"isPartOf\":{\"@id\":\"https:\/\/www.arc.cz\/en\/#website\"},\"datePublished\":\"2015-01-09T14:45:20+00:00\",\"dateModified\":\"2024-07-30T12:42:23+00:00\",\"breadcrumb\":{\"@id\":\"https:\/\/www.arc.cz\/en\/furniture-interiors-2\/furniture-interiors\/#breadcrumb\"},\"inLanguage\":\"en-US\",\"potentialAction\":[{\"@type\":\"ReadAction\",\"target\":[\"https:\/\/www.arc.cz\/en\/furniture-interiors-2\/furniture-interiors\/\"]}]},{\"@type\":\"BreadcrumbList\",\"@id\":\"https:\/\/www.arc.cz\/en\/furniture-interiors-2\/furniture-interiors\/#breadcrumb\",\"itemListElement\":[{\"@type\":\"ListItem\",\"position\":1,\"name\":\"Dom\u016f\",\"item\":\"https:\/\/www.arc.cz\/en\/uvod\/\"},{\"@type\":\"ListItem\",\"position\":2,\"name\":\"Furniture &amp; Interiors\",\"item\":\"https:\/\/www.arc.cz\/en\/furniture-interiors-2\/\"},{\"@type\":\"ListItem\",\"position\":3,\"name\":\"Our services\"}]},{\"@type\":\"WebSite\",\"@id\":\"https:\/\/www.arc.cz\/en\/#website\",\"url\":\"https:\/\/www.arc.cz\/en\/\",\"name\":\"Studio ARC\",\"description\":\"Old\u0159ich Hozman Architect | Holistic and organic architecture\",\"publisher\":{\"@id\":\"https:\/\/www.arc.cz\/en\/#organization\"},\"potentialAction\":[{\"@type\":\"SearchAction\",\"target\":{\"@type\":\"EntryPoint\",\"urlTemplate\":\"https:\/\/www.arc.cz\/en\/?s={search_term_string}\"},\"query-input\":\"required name=search_term_string\"}],\"inLanguage\":\"en-US\"},{\"@type\":\"Organization\",\"@id\":\"https:\/\/www.arc.cz\/en\/#organization\",\"name\":\"Studio ARC\",\"url\":\"https:\/\/www.arc.cz\/en\/\",\"logo\":{\"@type\":\"ImageObject\",\"inLanguage\":\"en-US\",\"@id\":\"https:\/\/www.arc.cz\/en\/#\/schema\/logo\/image\/\",\"url\":\"https:\/\/www.arc.cz\/wp-content\/uploads\/logo.gif\",\"contentUrl\":\"https:\/\/www.arc.cz\/wp-content\/uploads\/logo.gif\",\"width\":125,\"height\":125,\"caption\":\"Studio ARC\"},\"image\":{\"@id\":\"https:\/\/www.arc.cz\/en\/#\/schema\/logo\/image\/\"}}]}<\/script>\n<!-- \/ Yoast SEO plugin. -->","yoast_head_json":{"title":"Our services - Studio ARC","robots":{"index":"index","follow":"follow","max-snippet":"max-snippet:-1","max-image-preview":"max-image-preview:large","max-video-preview":"max-video-preview:-1"},"canonical":"https:\/\/www.arc.cz\/en\/furniture-interiors-2\/furniture-interiors\/","og_locale":"en_US","og_type":"article","og_title":"Our services - Studio ARC","og_url":"https:\/\/www.arc.cz\/en\/furniture-interiors-2\/furniture-interiors\/","og_site_name":"Studio ARC","article_modified_time":"2024-07-30T12:42:23+00:00","twitter_card":"summary_large_image","twitter_misc":{"Est. reading time":"2 minutes"},"schema":{"@context":"https:\/\/schema.org","@graph":[{"@type":"WebPage","@id":"https:\/\/www.arc.cz\/en\/furniture-interiors-2\/furniture-interiors\/","url":"https:\/\/www.arc.cz\/en\/furniture-interiors-2\/furniture-interiors\/","name":"Our services - Studio ARC","isPartOf":{"@id":"https:\/\/www.arc.cz\/en\/#website"},"datePublished":"2015-01-09T14:45:20+00:00","dateModified":"2024-07-30T12:42:23+00:00","breadcrumb":{"@id":"https:\/\/www.arc.cz\/en\/furniture-interiors-2\/furniture-interiors\/#breadcrumb"},"inLanguage":"en-US","potentialAction":[{"@type":"ReadAction","target":["https:\/\/www.arc.cz\/en\/furniture-interiors-2\/furniture-interiors\/"]}]},{"@type":"BreadcrumbList","@id":"https:\/\/www.arc.cz\/en\/furniture-interiors-2\/furniture-interiors\/#breadcrumb","itemListElement":[{"@type":"ListItem","position":1,"name":"Dom\u016f","item":"https:\/\/www.arc.cz\/en\/uvod\/"},{"@type":"ListItem","position":2,"name":"Furniture &amp; Interiors","item":"https:\/\/www.arc.cz\/en\/furniture-interiors-2\/"},{"@type":"ListItem","position":3,"name":"Our services"}]},{"@type":"WebSite","@id":"https:\/\/www.arc.cz\/en\/#website","url":"https:\/\/www.arc.cz\/en\/","name":"Studio ARC","description":"Old\u0159ich Hozman Architect | Holistic and organic architecture","publisher":{"@id":"https:\/\/www.arc.cz\/en\/#organization"},"potentialAction":[{"@type":"SearchAction","target":{"@type":"EntryPoint","urlTemplate":"https:\/\/www.arc.cz\/en\/?s={search_term_string}"},"query-input":"required name=search_term_string"}],"inLanguage":"en-US"},{"@type":"Organization","@id":"https:\/\/www.arc.cz\/en\/#organization","name":"Studio ARC","url":"https:\/\/www.arc.cz\/en\/","logo":{"@type":"ImageObject","inLanguage":"en-US","@id":"https:\/\/www.arc.cz\/en\/#\/schema\/logo\/image\/","url":"https:\/\/www.arc.cz\/wp-content\/uploads\/logo.gif","contentUrl":"https:\/\/www.arc.cz\/wp-content\/uploads\/logo.gif","width":125,"height":125,"caption":"Studio ARC"},"image":{"@id":"https:\/\/www.arc.cz\/en\/#\/schema\/logo\/image\/"}}]}},"_links":{"self":[{"href":"https:\/\/www.arc.cz\/en\/wp-json\/wp\/v2\/pages\/15762"}],"collection":[{"href":"https:\/\/www.arc.cz\/en\/wp-json\/wp\/v2\/pages"}],"about":[{"href":"https:\/\/www.arc.cz\/en\/wp-json\/wp\/v2\/types\/page"}],"author":[{"embeddable":true,"href":"https:\/\/www.arc.cz\/en\/wp-json\/wp\/v2\/users\/1"}],"replies":[{"embeddable":true,"href":"https:\/\/www.arc.cz\/en\/wp-json\/wp\/v2\/comments?post=15762"}],"version-history":[{"count":2,"href":"https:\/\/www.arc.cz\/en\/wp-json\/wp\/v2\/pages\/15762\/revisions"}],"predecessor-version":[{"id":190722,"href":"https:\/\/www.arc.cz\/en\/wp-json\/wp\/v2\/pages\/15762\/revisions\/190722"}],"up":[{"embeddable":true,"href":"https:\/\/www.arc.cz\/en\/wp-json\/wp\/v2\/pages\/24595"}],"wp:attachment":[{"href":"https:\/\/www.arc.cz\/en\/wp-json\/wp\/v2\/media?parent=15762"}],"curies":[{"name":"wp","href":"https:\/\/api.w.org\/{rel}","templated":true}]}}