{"id":21212,"date":"2015-01-09T15:50:10","date_gmt":"2015-01-09T14:50:10","guid":{"rendered":"https:\/\/www.arc.cz\/?page_id=21212\/"},"modified":"2024-07-30T14:42:30","modified_gmt":"2024-07-30T12:42:30","slug":"our-services","status":"publish","type":"page","link":"https:\/\/www.arc.cz\/en\/geomancy-feng-shui\/our-services\/","title":{"rendered":"Our services"},"content":{"rendered":"<section  class='av_textblock_section av-nfz1v-3e5c9e8028ee81ce48a15b38797e6227 '   itemscope=\"itemscope\" itemtype=\"https:\/\/schema.org\/CreativeWork\" ><div class='avia_textblock'  itemprop=\"text\" ><ul>\n<li><em>deepened study of the relationships between men and the environment<\/em><\/li>\n<li><em>holistic architecture and holistically formed environment<\/em><\/li>\n<li><em>design of healthy buildings<\/em><\/li>\n<li><em>geomancy and relationship to the Genius loci of the place<\/em><\/li>\n<li><em>\u00a0applying the principles of sacral geometry<\/em><\/li>\n<li><em>inspiration and use of culturally transferable principles of feng shui<\/em><\/li>\n<\/ul>\n<p>In our projects we deal with a&nbsp;deepened study of the spiritual, mental, and physical characteristics of men and the environment. The main sources of knowledge and inspiration for us are European cultural resources and European holistic spiritual doctrines.<\/p>\n<p>We perceive the architecture as a&nbsp;holistic environment with fine qualities and subtle energies. We deal equally with the spiritual, mental, and physical qualities of the environment and architecture.<\/p>\n<p>When designing buildings, we pay attention to the holistic concept. At the spiritual level, we create projects to best match the essential self of the person who placed the order. On the mental level, we make sure that the buildings have living impression and that the creative powers of modern men can be felt from it. We incorporate principles of organic architecture into our work. We use shapes, processes, and natural materials that create health-promoting forces in men and environment.<\/p>\n<p>Geomancy is the doctrine of the subtle forces of the Earth; how to understand them and work with them properly. Thanks to geomancy, we can capture subtle changes in the life energy in the space and adapt the buildings so that these subtle forces of nature are not weakened. Geomancy also includes locating of geopathogenic zones on the land. Consequently, we adapt building designs to these gentle energies so that the future users are in line with them.<\/p>\n<p>Sacral geometry is the sacred geometry of nature. For centuries, people have perceived the living and inanimate nature and have observed the proportions of the sizes found in nature. Sacred geometry is the foundation for the healthy flow of revitalizing forces in nature and also the foundation of perception of the beauty in the environment. We study these sacred dimensions and integrate them into the shapes and dimensions of the proposed structures.<\/p>\n<p>We also draw our inspiration from feng shui. These are the principles we can follow to be able to capture subtle changes in the proper flow of the life energy into the space. Since feng shui comes from non-European cultural sources, we use its principles with regards to our culture.<\/p>\n<\/div><\/section>\n\n\n<style type=\"text\/css\" data-created_by=\"avia_inline_auto\" id=\"style-css-av-gbpqr-c43212d7ba683281e30393c33c91d550\">\n.flex_column.av-gbpqr-c43212d7ba683281e30393c33c91d550{\nborder-radius:0px 0px 0px 0px;\npadding:0px 0px 0px 0px;\n}\n<\/style>\n<div  class='flex_column av-gbpqr-c43212d7ba683281e30393c33c91d550 av_one_full  avia-builder-el-1  el_after_av_textblock  avia-builder-el-last  first flex_column_div av-zero-column-padding  column-top-margin'     ><div id='av-masonry-1' class='av-masonry av-akuzf-7e57a190bcf960c55524abd6590a54bb noHover av-fixed-size av-large-gap av-hover-overlay-active av-masonry-animation-active av-masonry-col-3 av-caption-always av-caption-style- av-masonry-entries ' data-post_id=\"21212\"><div class=\"av-masonry-container isotope av-js-disabled\"><div class='av-masonry-entry isotope-item av-masonry-item-no-image '><\/div><a href=\"https:\/\/www.arc.cz\/en\/portfolio-item\/2010-family-house-in-el-palol-spain\/\"  id='av-masonry-1-item-29344' data-av-masonry-item='29344' class='av-masonry-entry isotope-item post-29344 portfolio type-portfolio status-publish has-post-thumbnail hentry tag-clay-plasters tag-hlinene-omitky-en tag-family-house tag-feng-shui tag-feng-shui-en tag-zahrada-en tag-garden tag-geomancy tag-holistic-architecture tag-celostni-architektura-en tag-low-energy tag-natural-materials tag-prirodni-materialy-en tag-participatory-design tag-prirodni-materialy-en-2 tag-wooden-building portfolio_entries-architecture portfolio_entries-interiors portfolio_entries-environment  av-masonry-item-with-image av-grid-img' title=\"el palol\"   itemscope=\"itemscope\" itemtype=\"https:\/\/schema.org\/CreativeWork\" ><div class='av-inner-masonry-sizer'><\/div><figure class='av-inner-masonry main_color'><div class=\"av-masonry-outerimage-container\"><div class='av-masonry-image-container' style=\"background-image: url(https:\/\/www.arc.cz\/wp-content\/uploads\/2015\/01\/el-palol-400x266.jpg);\"  title=\"el palol\" ><\/div><\/div><figcaption class='av-inner-masonry-content site-background'><div class='av-inner-masonry-content-pos'><div class='av-inner-masonry-content-pos-content'><div class='avia-arrow'><\/div><h3 class='av-masonry-entry-title entry-title '  itemprop=\"headline\" >Family house in El Palol, Spain<\/h3><\/div><\/div><\/figcaption><\/figure><\/a><!--end av-masonry entry--><a href=\"https:\/\/www.arc.cz\/en\/portfolio-item\/2007-atrium-family-house-with-garden-in-ricany\/\"  id='av-masonry-1-item-29394' data-av-masonry-item='29394' class='av-masonry-entry isotope-item post-29394 portfolio type-portfolio status-publish has-post-thumbnail hentry tag-clay-plasters tag-drevostavba tag-feng-shui tag-garden tag-geomantie tag-holistic-architecture tag-natural-materials tag-nizkoenergeticky tag-organic-architecture tag-prirodni-zahrada tag-rodinny-dum portfolio_entries-architecture portfolio_entries-interiors portfolio_entries-environment  av-masonry-item-with-image av-grid-img' title=\"Pohled z&nbsp;jihu na \u010d\u00e1st domu s&nbsp;obytn\u00fdmi m\u00edstnostmi.\"   itemscope=\"itemscope\" itemtype=\"https:\/\/schema.org\/CreativeWork\" ><div class='av-inner-masonry-sizer'><\/div><figure class='av-inner-masonry main_color'><div class=\"av-masonry-outerimage-container\"><div class='av-masonry-image-container' style=\"background-image: url(https:\/\/www.arc.cz\/wp-content\/uploads\/2007\/01\/00001-dum_a_zahrada_z_jihu-400x267.jpg);\"  title=\"Pohled z&nbsp;jihu na \u010d\u00e1st domu s&nbsp;obytn\u00fdmi m\u00edstnostmi.\" ><\/div><\/div><figcaption class='av-inner-masonry-content site-background'><div class='av-inner-masonry-content-pos'><div class='av-inner-masonry-content-pos-content'><div class='avia-arrow'><\/div><h3 class='av-masonry-entry-title entry-title '  itemprop=\"headline\" >Atrium family house with garden in \u0158\u00ed\u010dany<\/h3><\/div><\/div><\/figcaption><\/figure><\/a><!--end av-masonry entry--><a href=\"https:\/\/www.arc.cz\/en\/portfolio-item\/2005-protected-residence-in-slapy\/\"  id='av-masonry-1-item-29468' data-av-masonry-item='29468' class='av-masonry-entry isotope-item post-29468 portfolio type-portfolio status-publish has-post-thumbnail hentry tag-protected-residence portfolio_entries-architecture portfolio_entries-interiors portfolio_entries-environment  av-masonry-item-with-image av-grid-img' title=\"00001-south_view_detail1\"   itemscope=\"itemscope\" itemtype=\"https:\/\/schema.org\/CreativeWork\" ><div class='av-inner-masonry-sizer'><\/div><figure class='av-inner-masonry main_color'><div class=\"av-masonry-outerimage-container\"><div class='av-masonry-image-container' style=\"background-image: url(https:\/\/www.arc.cz\/wp-content\/uploads\/2005\/01\/00001-south_view_detail1-400x285.jpg);\"  title=\"00001-south_view_detail1\" ><\/div><\/div><figcaption class='av-inner-masonry-content site-background'><div class='av-inner-masonry-content-pos'><div class='av-inner-masonry-content-pos-content'><div class='avia-arrow'><\/div><h3 class='av-masonry-entry-title entry-title '  itemprop=\"headline\" >Sheltered Housing in Slapy<\/h3><\/div><\/div><\/figcaption><\/figure><\/a><!--end av-masonry entry--><a href=\"https:\/\/www.arc.cz\/en\/portfolio-item\/2004-elderly-nursing-house-in-zlicin-prague\/\"  id='av-masonry-1-item-29408' data-av-masonry-item='29408' class='av-masonry-entry isotope-item post-29408 portfolio type-portfolio status-publish has-post-thumbnail hentry tag-anthroposophy-design tag-hlinene-omitky-en tag-feng-shui-en tag-geomancy tag-goetheanictic-architecture tag-celostni-architektura-en tag-low-energy tag-natural-building-materials tag-organicka-architektura-en tag-sacral tag-sheltered-workshops tag-terapeutikum-en tag-terapie-en portfolio_entries-architecture portfolio_entries-environment  av-masonry-item-with-image av-grid-img' title=\"00001-dum_s_pecovatelskou_sluzbou_zlicin_praha_5\"   itemscope=\"itemscope\" itemtype=\"https:\/\/schema.org\/CreativeWork\" ><div class='av-inner-masonry-sizer'><\/div><figure class='av-inner-masonry main_color'><div class=\"av-masonry-outerimage-container\"><div class='av-masonry-image-container' style=\"background-image: url(https:\/\/www.arc.cz\/wp-content\/uploads\/2004\/01\/00001-dum_s_pecovatelskou_sluzbou_zlicin_praha_5-400x341.jpg);\"  title=\"00001-dum_s_pecovatelskou_sluzbou_zlicin_praha_5\" ><\/div><\/div><figcaption class='av-inner-masonry-content site-background'><div class='av-inner-masonry-content-pos'><div class='av-inner-masonry-content-pos-content'><div class='avia-arrow'><\/div><h3 class='av-masonry-entry-title entry-title '  itemprop=\"headline\" >Retirement house in Zli\u010d\u00edn, Prague<\/h3><\/div><\/div><\/figcaption><\/figure><\/a><!--end av-masonry entry--><a href=\"https:\/\/www.arc.cz\/en\/portfolio-item\/2008-house-of-self-development-maitrea-in-prague\/\"  id='av-masonry-1-item-29387' data-av-masonry-item='29387' class='av-masonry-entry isotope-item post-29387 portfolio type-portfolio status-publish has-post-thumbnail hentry tag-cinzovni-dum-en tag-restaurant portfolio_entries-architecture portfolio_entries-interiors portfolio_entries-environment  av-masonry-item-with-image av-grid-img' title=\"00070-web-maitrea-3078\"   itemscope=\"itemscope\" itemtype=\"https:\/\/schema.org\/CreativeWork\" ><div class='av-inner-masonry-sizer'><\/div><figure class='av-inner-masonry main_color'><div class=\"av-masonry-outerimage-container\"><div class='av-masonry-image-container' style=\"background-image: url(https:\/\/www.arc.cz\/wp-content\/uploads\/2008\/01\/00070-web-maitrea-3078-400x267.jpg);\"  title=\"00070-web-maitrea-3078\" ><\/div><\/div><figcaption class='av-inner-masonry-content site-background'><div class='av-inner-masonry-content-pos'><div class='av-inner-masonry-content-pos-content'><div class='avia-arrow'><\/div><h3 class='av-masonry-entry-title entry-title '  itemprop=\"headline\" >Reconstruction of MAITREA &#8211; House of Personal Development in Prague<\/h3><\/div><\/div><\/figcaption><\/figure><\/a><!--end av-masonry entry--><a href=\"https:\/\/www.arc.cz\/en\/portfolio-item\/2014-urbanisticka-studie-vzdelavaciho-mestecka-krumlovia-v-ceskem-krumlove\/\"  id='av-masonry-1-item-29298' data-av-masonry-item='29298' class='av-masonry-entry isotope-item post-29298 portfolio type-portfolio status-publish has-post-thumbnail hentry tag-apartment-building tag-hotel tag-hriste tag-playground tag-skolka portfolio_entries-architecture portfolio_entries-environment  av-masonry-item-with-image av-grid-img' title=\"00001-a0-study without-description-low\"   itemscope=\"itemscope\" itemtype=\"https:\/\/schema.org\/CreativeWork\" ><div class='av-inner-masonry-sizer'><\/div><figure class='av-inner-masonry main_color'><div class=\"av-masonry-outerimage-container\"><div class='av-masonry-image-container' style=\"background-image: url(https:\/\/www.arc.cz\/wp-content\/uploads\/2014\/01\/00001-a0-studie-bez-popisek-low-400x286.jpg);\"  title=\"00001-a0-study without-description-low\" ><\/div><\/div><figcaption class='av-inner-masonry-content site-background'><div class='av-inner-masonry-content-pos'><div class='av-inner-masonry-content-pos-content'><div class='avia-arrow'><\/div><h3 class='av-masonry-entry-title entry-title '  itemprop=\"headline\" >Urbanistic study of the Krumlovia educational village in \u010cesk\u00fd Krumlov<\/h3><\/div><\/div><\/figcaption><\/figure><\/a><!--end av-masonry entry--><\/div><\/div><\/div>","protected":false},"excerpt":{"rendered":"","protected":false},"author":1,"featured_media":0,"parent":24311,"menu_order":0,"comment_status":"closed","ping_status":"closed","template":"","meta":{"footnotes":""},"yoast_head":"<!-- This site is optimized with the Yoast SEO plugin v23.1 - https:\/\/yoast.com\/wordpress\/plugins\/seo\/ -->\n<title>Our services - Studio ARC<\/title>\n<meta name=\"robots\" content=\"index, follow, max-snippet:-1, max-image-preview:large, max-video-preview:-1\" \/>\n<link rel=\"canonical\" href=\"https:\/\/www.arc.cz\/en\/geomancy-feng-shui\/our-services\/\" \/>\n<meta property=\"og:locale\" content=\"en_US\" \/>\n<meta property=\"og:type\" content=\"article\" \/>\n<meta property=\"og:title\" content=\"Our services - Studio ARC\" \/>\n<meta property=\"og:url\" content=\"https:\/\/www.arc.cz\/en\/geomancy-feng-shui\/our-services\/\" \/>\n<meta property=\"og:site_name\" content=\"Studio ARC\" \/>\n<meta property=\"article:modified_time\" content=\"2024-07-30T12:42:30+00:00\" \/>\n<meta name=\"twitter:card\" content=\"summary_large_image\" \/>\n<meta name=\"twitter:label1\" content=\"Est. reading time\" \/>\n\t<meta name=\"twitter:data1\" content=\"3 minutes\" \/>\n<script type=\"application\/ld+json\" class=\"yoast-schema-graph\">{\"@context\":\"https:\/\/schema.org\",\"@graph\":[{\"@type\":\"WebPage\",\"@id\":\"https:\/\/www.arc.cz\/en\/geomancy-feng-shui\/our-services\/\",\"url\":\"https:\/\/www.arc.cz\/en\/geomancy-feng-shui\/our-services\/\",\"name\":\"Our services - Studio ARC\",\"isPartOf\":{\"@id\":\"https:\/\/www.arc.cz\/en\/#website\"},\"datePublished\":\"2015-01-09T14:50:10+00:00\",\"dateModified\":\"2024-07-30T12:42:30+00:00\",\"breadcrumb\":{\"@id\":\"https:\/\/www.arc.cz\/en\/geomancy-feng-shui\/our-services\/#breadcrumb\"},\"inLanguage\":\"en-US\",\"potentialAction\":[{\"@type\":\"ReadAction\",\"target\":[\"https:\/\/www.arc.cz\/en\/geomancy-feng-shui\/our-services\/\"]}]},{\"@type\":\"BreadcrumbList\",\"@id\":\"https:\/\/www.arc.cz\/en\/geomancy-feng-shui\/our-services\/#breadcrumb\",\"itemListElement\":[{\"@type\":\"ListItem\",\"position\":1,\"name\":\"Dom\u016f\",\"item\":\"https:\/\/www.arc.cz\/en\/uvod\/\"},{\"@type\":\"ListItem\",\"position\":2,\"name\":\"Geomancy &amp; feng-shui\",\"item\":\"https:\/\/www.arc.cz\/en\/geomancy-feng-shui\/\"},{\"@type\":\"ListItem\",\"position\":3,\"name\":\"Our services\"}]},{\"@type\":\"WebSite\",\"@id\":\"https:\/\/www.arc.cz\/en\/#website\",\"url\":\"https:\/\/www.arc.cz\/en\/\",\"name\":\"Studio ARC\",\"description\":\"Old\u0159ich Hozman Architect | Holistic and organic architecture\",\"publisher\":{\"@id\":\"https:\/\/www.arc.cz\/en\/#organization\"},\"potentialAction\":[{\"@type\":\"SearchAction\",\"target\":{\"@type\":\"EntryPoint\",\"urlTemplate\":\"https:\/\/www.arc.cz\/en\/?s={search_term_string}\"},\"query-input\":\"required name=search_term_string\"}],\"inLanguage\":\"en-US\"},{\"@type\":\"Organization\",\"@id\":\"https:\/\/www.arc.cz\/en\/#organization\",\"name\":\"Studio ARC\",\"url\":\"https:\/\/www.arc.cz\/en\/\",\"logo\":{\"@type\":\"ImageObject\",\"inLanguage\":\"en-US\",\"@id\":\"https:\/\/www.arc.cz\/en\/#\/schema\/logo\/image\/\",\"url\":\"https:\/\/www.arc.cz\/wp-content\/uploads\/logo.gif\",\"contentUrl\":\"https:\/\/www.arc.cz\/wp-content\/uploads\/logo.gif\",\"width\":125,\"height\":125,\"caption\":\"Studio ARC\"},\"image\":{\"@id\":\"https:\/\/www.arc.cz\/en\/#\/schema\/logo\/image\/\"}}]}<\/script>\n<!-- \/ Yoast SEO plugin. -->","yoast_head_json":{"title":"Our services - Studio ARC","robots":{"index":"index","follow":"follow","max-snippet":"max-snippet:-1","max-image-preview":"max-image-preview:large","max-video-preview":"max-video-preview:-1"},"canonical":"https:\/\/www.arc.cz\/en\/geomancy-feng-shui\/our-services\/","og_locale":"en_US","og_type":"article","og_title":"Our services - Studio ARC","og_url":"https:\/\/www.arc.cz\/en\/geomancy-feng-shui\/our-services\/","og_site_name":"Studio ARC","article_modified_time":"2024-07-30T12:42:30+00:00","twitter_card":"summary_large_image","twitter_misc":{"Est. reading time":"3 minutes"},"schema":{"@context":"https:\/\/schema.org","@graph":[{"@type":"WebPage","@id":"https:\/\/www.arc.cz\/en\/geomancy-feng-shui\/our-services\/","url":"https:\/\/www.arc.cz\/en\/geomancy-feng-shui\/our-services\/","name":"Our services - Studio ARC","isPartOf":{"@id":"https:\/\/www.arc.cz\/en\/#website"},"datePublished":"2015-01-09T14:50:10+00:00","dateModified":"2024-07-30T12:42:30+00:00","breadcrumb":{"@id":"https:\/\/www.arc.cz\/en\/geomancy-feng-shui\/our-services\/#breadcrumb"},"inLanguage":"en-US","potentialAction":[{"@type":"ReadAction","target":["https:\/\/www.arc.cz\/en\/geomancy-feng-shui\/our-services\/"]}]},{"@type":"BreadcrumbList","@id":"https:\/\/www.arc.cz\/en\/geomancy-feng-shui\/our-services\/#breadcrumb","itemListElement":[{"@type":"ListItem","position":1,"name":"Dom\u016f","item":"https:\/\/www.arc.cz\/en\/uvod\/"},{"@type":"ListItem","position":2,"name":"Geomancy &amp; feng-shui","item":"https:\/\/www.arc.cz\/en\/geomancy-feng-shui\/"},{"@type":"ListItem","position":3,"name":"Our services"}]},{"@type":"WebSite","@id":"https:\/\/www.arc.cz\/en\/#website","url":"https:\/\/www.arc.cz\/en\/","name":"Studio ARC","description":"Old\u0159ich Hozman Architect | Holistic and organic architecture","publisher":{"@id":"https:\/\/www.arc.cz\/en\/#organization"},"potentialAction":[{"@type":"SearchAction","target":{"@type":"EntryPoint","urlTemplate":"https:\/\/www.arc.cz\/en\/?s={search_term_string}"},"query-input":"required name=search_term_string"}],"inLanguage":"en-US"},{"@type":"Organization","@id":"https:\/\/www.arc.cz\/en\/#organization","name":"Studio ARC","url":"https:\/\/www.arc.cz\/en\/","logo":{"@type":"ImageObject","inLanguage":"en-US","@id":"https:\/\/www.arc.cz\/en\/#\/schema\/logo\/image\/","url":"https:\/\/www.arc.cz\/wp-content\/uploads\/logo.gif","contentUrl":"https:\/\/www.arc.cz\/wp-content\/uploads\/logo.gif","width":125,"height":125,"caption":"Studio ARC"},"image":{"@id":"https:\/\/www.arc.cz\/en\/#\/schema\/logo\/image\/"}}]}},"_links":{"self":[{"href":"https:\/\/www.arc.cz\/en\/wp-json\/wp\/v2\/pages\/21212"}],"collection":[{"href":"https:\/\/www.arc.cz\/en\/wp-json\/wp\/v2\/pages"}],"about":[{"href":"https:\/\/www.arc.cz\/en\/wp-json\/wp\/v2\/types\/page"}],"author":[{"embeddable":true,"href":"https:\/\/www.arc.cz\/en\/wp-json\/wp\/v2\/users\/1"}],"replies":[{"embeddable":true,"href":"https:\/\/www.arc.cz\/en\/wp-json\/wp\/v2\/comments?post=21212"}],"version-history":[{"count":2,"href":"https:\/\/www.arc.cz\/en\/wp-json\/wp\/v2\/pages\/21212\/revisions"}],"predecessor-version":[{"id":190728,"href":"https:\/\/www.arc.cz\/en\/wp-json\/wp\/v2\/pages\/21212\/revisions\/190728"}],"up":[{"embeddable":true,"href":"https:\/\/www.arc.cz\/en\/wp-json\/wp\/v2\/pages\/24311"}],"wp:attachment":[{"href":"https:\/\/www.arc.cz\/en\/wp-json\/wp\/v2\/media?parent=21212"}],"curies":[{"name":"wp","href":"https:\/\/api.w.org\/{rel}","templated":true}]}}