{"id":24894,"date":"2015-01-09T15:43:48","date_gmt":"2015-01-09T14:43:48","guid":{"rendered":"https:\/\/www.arc.cz\/?page_id=24894\/"},"modified":"2024-07-30T13:25:38","modified_gmt":"2024-07-30T11:25:38","slug":"contact","status":"publish","type":"page","link":"https:\/\/www.arc.cz\/en\/contact\/","title":{"rendered":"Contact"},"content":{"rendered":"\n<style type=\"text\/css\" data-created_by=\"avia_inline_auto\" id=\"style-css-av-14103h-5f414b51065c49a5ca7d6c7a0250b1c4\">\n.flex_column.av-14103h-5f414b51065c49a5ca7d6c7a0250b1c4{\nborder-radius:0px 0px 0px 0px;\npadding:0px 0px 0px 0px;\n}\n<\/style>\n<div  class='flex_column av-14103h-5f414b51065c49a5ca7d6c7a0250b1c4 av_one_third  avia-builder-el-0  el_before_av_one_half  avia-builder-el-first  first flex_column_div av-zero-column-padding  '     ><section  class='av_textblock_section av-wv805-c0ae1fa652a8a67a2be53944b85aea1b '   itemscope=\"itemscope\" itemtype=\"https:\/\/schema.org\/CreativeWork\" ><div class='avia_textblock'  itemprop=\"text\" ><h3>acad. arch. Old\u0159ich Hozman<\/h3>\n<p>ID: 40666093, TAX ID: CZ6409071086<\/p>\n<p>databox ID: 5esrs7e<\/p>\n<p>Kupkova 796\/20&nbsp;103&nbsp;00<br \/>\nPrague 10 &#8211; Kolovraty<\/p>\n<p>Tel.\/fax: +420&nbsp;235&nbsp;311&nbsp;622<\/p>\n<h3>Studio ARC s.r.o.<\/h3>\n<p>ID: 291&nbsp;54&nbsp;502<\/p>\n<p>databox ID: 62uq2cj<\/p>\n<p><strong>Business address:<\/strong><br \/>\nKupkova 796\/20&nbsp;103&nbsp;00<br \/>\nPrague 10 &#8211; Kolovraty<\/p>\n<p>Tel.\/fax: +420&nbsp;235&nbsp;311&nbsp;622<\/p>\n<p><a href=\"mailto:arc@arc.cz\">arc@arc.cz<\/a><br \/>\n<a href=\"https:\/\/www.arc.cz\/en\/\">www.arc.cz<\/a><\/p>\n<\/div><\/section><\/div>\n<style type=\"text\/css\" data-created_by=\"avia_inline_auto\" id=\"style-css-av-sxw1h-41d38206699dcf058ee34ad16c262e2d\">\n.flex_column.av-sxw1h-41d38206699dcf058ee34ad16c262e2d{\nborder-radius:0px 0px 0px 0px;\npadding:0px 0px 0px 0px;\n}\n<\/style>\n<div  class='flex_column av-sxw1h-41d38206699dcf058ee34ad16c262e2d av_one_half  avia-builder-el-2  el_after_av_one_third  el_before_av_google_map  avia-builder-el-last  flex_column_div av-zero-column-padding  '     ><section  class='av_textblock_section av-iql1p-7acfd166d0b320920524829866ac3b9f '   itemscope=\"itemscope\" itemtype=\"https:\/\/schema.org\/CreativeWork\" ><div class='avia_textblock'  itemprop=\"text\" ><h3>Email us<\/h3>\n\n<div class=\"wpcf7 no-js\" id=\"wpcf7-f29549-o1\" lang=\"en-US\" dir=\"ltr\">\n<div class=\"screen-reader-response\"><p role=\"status\" aria-live=\"polite\" aria-atomic=\"true\"><\/p> <ul><\/ul><\/div>\n<form action=\"\/en\/wp-json\/wp\/v2\/pages\/24894#wpcf7-f29549-o1\" method=\"post\" class=\"wpcf7-form init\" aria-label=\"Contact form\" novalidate=\"novalidate\" data-status=\"init\">\n<div style=\"display: none;\">\n<input type=\"hidden\" name=\"_wpcf7\" value=\"29549\" \/>\n<input type=\"hidden\" name=\"_wpcf7_version\" value=\"5.9.7\" \/>\n<input type=\"hidden\" name=\"_wpcf7_locale\" value=\"en_US\" \/>\n<input type=\"hidden\" name=\"_wpcf7_unit_tag\" value=\"wpcf7-f29549-o1\" \/>\n<input type=\"hidden\" name=\"_wpcf7_container_post\" value=\"0\" \/>\n<input type=\"hidden\" name=\"_wpcf7_posted_data_hash\" value=\"\" \/>\n<\/div>\n<p>Your name\n<\/p>\n<p><span class=\"wpcf7-form-control-wrap\" data-name=\"your-name\"><input size=\"40\" maxlength=\"400\" class=\"wpcf7-form-control wpcf7-text wpcf7-validates-as-required\" aria-required=\"true\" aria-invalid=\"false\" value=\"\" type=\"text\" name=\"your-name\" \/><\/span>\n<\/p>\n<p>Your email\n<\/p>\n<p><span class=\"wpcf7-form-control-wrap\" data-name=\"your-email\"><input size=\"40\" maxlength=\"400\" class=\"wpcf7-form-control wpcf7-email wpcf7-validates-as-required wpcf7-text wpcf7-validates-as-email\" aria-required=\"true\" aria-invalid=\"false\" value=\"\" type=\"email\" name=\"your-email\" \/><\/span>\n<\/p>\n<p>Subject\n<\/p>\n<p><span class=\"wpcf7-form-control-wrap\" data-name=\"your-subject\"><input size=\"40\" maxlength=\"400\" class=\"wpcf7-form-control wpcf7-text wpcf7-validates-as-required\" aria-required=\"true\" aria-invalid=\"false\" value=\"\" type=\"text\" name=\"your-subject\" \/><\/span>\n<\/p>\n<p>Message body\n<\/p>\n<p><span class=\"wpcf7-form-control-wrap\" data-name=\"your-message\"><textarea cols=\"40\" rows=\"10\" maxlength=\"2000\" class=\"wpcf7-form-control wpcf7-textarea wpcf7-validates-as-required\" aria-required=\"true\" aria-invalid=\"false\" name=\"your-message\"><\/textarea><\/span>\n<\/p>\n<p><input type=\"hidden\" name=\"_wpcf7_captcha_challenge_captcha-638\" value=\"332697773\" \/><img loading=\"lazy\" decoding=\"async\" class=\"wpcf7-form-control wpcf7-captchac wpcf7-captcha-captcha-638\" width=\"72\" height=\"24\" alt=\"captcha\" src=\"https:\/\/www.arc.cz\/wp-content\/uploads\/wpcf7_captcha\/332697773.png\" \/>\n<\/p>\n<p>Please rewrite code from image<br \/>\n(spam protection):<br \/>\n<span id=\"wpcf7-69dee78db12ca-wrapper\" class=\"wpcf7-form-control-wrap captcha-wrap\" style=\"display:none !important; visibility:hidden !important;\"><label for=\"wpcf7-69dee78db12ca-field\" class=\"hp-message\">Please leave this field empty.<\/label><input id=\"wpcf7-69dee78db12ca-field\"  class=\"wpcf7-form-control wpcf7-text\" type=\"text\" name=\"captcha\" value=\"\" size=\"40\" tabindex=\"-1\" autocomplete=\"new-password\" \/><\/span><span id=\"wpcf7-69dee78db12f1-wrapper\" class=\"wpcf7-form-control-wrap recaptcha-wrap\" style=\"display:none !important; visibility:hidden !important;\"><label for=\"wpcf7-69dee78db12f1-field\" class=\"hp-message\">Please leave this field empty.<\/label><input id=\"wpcf7-69dee78db12f1-field\"  class=\"wpcf7-form-control wpcf7-text\" type=\"text\" name=\"recaptcha\" value=\"\" size=\"40\" tabindex=\"-1\" autocomplete=\"new-password\" \/><\/span><span id=\"wpcf7-69dee78db130d-wrapper\" class=\"wpcf7-form-control-wrap website-wrap\" style=\"display:none !important; visibility:hidden !important;\"><label for=\"wpcf7-69dee78db130d-field\" class=\"hp-message\">Please leave this field empty.<\/label><input id=\"wpcf7-69dee78db130d-field\"  class=\"wpcf7-form-control wpcf7-text\" type=\"text\" name=\"website\" value=\"\" size=\"40\" tabindex=\"-1\" autocomplete=\"new-password\" \/><\/span><br \/>\n<span class=\"wpcf7-form-control-wrap\" data-name=\"captcha-638\"><input size=\"40\" class=\"wpcf7-form-control wpcf7-captchar\" autocomplete=\"off\" aria-invalid=\"false\" value=\"\" type=\"text\" name=\"captcha-638\" \/><\/span>\n<\/p>\n<p><span class=\"wpcf7-form-control-wrap\" data-name=\"acceptance-654\"><span class=\"wpcf7-form-control wpcf7-acceptance\"><span class=\"wpcf7-list-item\"><label><input type=\"checkbox\" name=\"acceptance-654\" value=\"1\" aria-invalid=\"false\" \/><span class=\"wpcf7-list-item-label\">I agree with the processing of my personal data in accordance with the data protection information<\/span><\/label><\/span><\/span><\/span>\n<\/p>\n<p>* All fields are required\n<\/p>\n<p><input class=\"wpcf7-form-control wpcf7-submit has-spinner\" type=\"submit\" value=\"Send\" \/>\n<\/p><div class=\"wpcf7-response-output\" aria-hidden=\"true\"><\/div>\n<\/form>\n<\/div>\n\n<\/div><\/section><\/div>\n\n<div  class='av_gmaps_sc_main_wrap av_gmaps_main_wrap '><div id='av_gmap_0' class='avia-google-map-container avia-google-map-sc av_gmaps_show_unconditionally av-no-fallback-img ' data-mapid='av_gmap_0'  style='height: 400px;'><a class=\"av_gmaps_browser_disabled av_text_confirm_link av_text_confirm_link_visible\" href=\"https:\/\/www.google.com\/maps\/search\/?api=1&#038;query=\u017dabov\u0159esky%20130%2037341%20\u017dabov\u0159esky%20%20Czech%20Republic\" target=\"_blank\" rel=\"noopener\">Maps were disabled by the visitor on this site. Click to open the map in a new window.<\/a><\/div><\/div>\n\n","protected":false},"excerpt":{"rendered":"","protected":false},"author":1,"featured_media":0,"parent":0,"menu_order":37,"comment_status":"closed","ping_status":"closed","template":"","meta":{"footnotes":""},"yoast_head":"<!-- This site is optimized with the Yoast SEO plugin v23.1 - https:\/\/yoast.com\/wordpress\/plugins\/seo\/ -->\n<title>Contact - Studio ARC<\/title>\n<meta name=\"robots\" content=\"index, follow, max-snippet:-1, max-image-preview:large, max-video-preview:-1\" \/>\n<link rel=\"canonical\" href=\"https:\/\/www.arc.cz\/en\/contact\/\" \/>\n<meta property=\"og:locale\" content=\"en_US\" \/>\n<meta property=\"og:type\" content=\"article\" \/>\n<meta property=\"og:title\" content=\"Contact - Studio ARC\" \/>\n<meta property=\"og:url\" content=\"https:\/\/www.arc.cz\/en\/contact\/\" \/>\n<meta property=\"og:site_name\" content=\"Studio ARC\" \/>\n<meta property=\"article:modified_time\" content=\"2024-07-30T11:25:38+00:00\" \/>\n<meta name=\"twitter:card\" content=\"summary_large_image\" \/>\n<meta name=\"twitter:label1\" content=\"Est. reading time\" \/>\n\t<meta name=\"twitter:data1\" content=\"2 minutes\" \/>\n<script type=\"application\/ld+json\" class=\"yoast-schema-graph\">{\"@context\":\"https:\/\/schema.org\",\"@graph\":[{\"@type\":\"WebPage\",\"@id\":\"https:\/\/www.arc.cz\/en\/contact\/\",\"url\":\"https:\/\/www.arc.cz\/en\/contact\/\",\"name\":\"Contact - Studio ARC\",\"isPartOf\":{\"@id\":\"https:\/\/www.arc.cz\/en\/#website\"},\"datePublished\":\"2015-01-09T14:43:48+00:00\",\"dateModified\":\"2024-07-30T11:25:38+00:00\",\"breadcrumb\":{\"@id\":\"https:\/\/www.arc.cz\/en\/contact\/#breadcrumb\"},\"inLanguage\":\"en-US\",\"potentialAction\":[{\"@type\":\"ReadAction\",\"target\":[\"https:\/\/www.arc.cz\/en\/contact\/\"]}]},{\"@type\":\"BreadcrumbList\",\"@id\":\"https:\/\/www.arc.cz\/en\/contact\/#breadcrumb\",\"itemListElement\":[{\"@type\":\"ListItem\",\"position\":1,\"name\":\"Dom\u016f\",\"item\":\"https:\/\/www.arc.cz\/en\/uvod\/\"},{\"@type\":\"ListItem\",\"position\":2,\"name\":\"Contact\"}]},{\"@type\":\"WebSite\",\"@id\":\"https:\/\/www.arc.cz\/en\/#website\",\"url\":\"https:\/\/www.arc.cz\/en\/\",\"name\":\"Studio ARC\",\"description\":\"Old\u0159ich Hozman Architect | Holistic and organic architecture\",\"publisher\":{\"@id\":\"https:\/\/www.arc.cz\/en\/#organization\"},\"potentialAction\":[{\"@type\":\"SearchAction\",\"target\":{\"@type\":\"EntryPoint\",\"urlTemplate\":\"https:\/\/www.arc.cz\/en\/?s={search_term_string}\"},\"query-input\":\"required name=search_term_string\"}],\"inLanguage\":\"en-US\"},{\"@type\":\"Organization\",\"@id\":\"https:\/\/www.arc.cz\/en\/#organization\",\"name\":\"Studio ARC\",\"url\":\"https:\/\/www.arc.cz\/en\/\",\"logo\":{\"@type\":\"ImageObject\",\"inLanguage\":\"en-US\",\"@id\":\"https:\/\/www.arc.cz\/en\/#\/schema\/logo\/image\/\",\"url\":\"https:\/\/www.arc.cz\/wp-content\/uploads\/logo.gif\",\"contentUrl\":\"https:\/\/www.arc.cz\/wp-content\/uploads\/logo.gif\",\"width\":125,\"height\":125,\"caption\":\"Studio ARC\"},\"image\":{\"@id\":\"https:\/\/www.arc.cz\/en\/#\/schema\/logo\/image\/\"}}]}<\/script>\n<!-- \/ Yoast SEO plugin. -->","yoast_head_json":{"title":"Contact - Studio ARC","robots":{"index":"index","follow":"follow","max-snippet":"max-snippet:-1","max-image-preview":"max-image-preview:large","max-video-preview":"max-video-preview:-1"},"canonical":"https:\/\/www.arc.cz\/en\/contact\/","og_locale":"en_US","og_type":"article","og_title":"Contact - Studio ARC","og_url":"https:\/\/www.arc.cz\/en\/contact\/","og_site_name":"Studio ARC","article_modified_time":"2024-07-30T11:25:38+00:00","twitter_card":"summary_large_image","twitter_misc":{"Est. reading time":"2 minutes"},"schema":{"@context":"https:\/\/schema.org","@graph":[{"@type":"WebPage","@id":"https:\/\/www.arc.cz\/en\/contact\/","url":"https:\/\/www.arc.cz\/en\/contact\/","name":"Contact - Studio ARC","isPartOf":{"@id":"https:\/\/www.arc.cz\/en\/#website"},"datePublished":"2015-01-09T14:43:48+00:00","dateModified":"2024-07-30T11:25:38+00:00","breadcrumb":{"@id":"https:\/\/www.arc.cz\/en\/contact\/#breadcrumb"},"inLanguage":"en-US","potentialAction":[{"@type":"ReadAction","target":["https:\/\/www.arc.cz\/en\/contact\/"]}]},{"@type":"BreadcrumbList","@id":"https:\/\/www.arc.cz\/en\/contact\/#breadcrumb","itemListElement":[{"@type":"ListItem","position":1,"name":"Dom\u016f","item":"https:\/\/www.arc.cz\/en\/uvod\/"},{"@type":"ListItem","position":2,"name":"Contact"}]},{"@type":"WebSite","@id":"https:\/\/www.arc.cz\/en\/#website","url":"https:\/\/www.arc.cz\/en\/","name":"Studio ARC","description":"Old\u0159ich Hozman Architect | Holistic and organic architecture","publisher":{"@id":"https:\/\/www.arc.cz\/en\/#organization"},"potentialAction":[{"@type":"SearchAction","target":{"@type":"EntryPoint","urlTemplate":"https:\/\/www.arc.cz\/en\/?s={search_term_string}"},"query-input":"required name=search_term_string"}],"inLanguage":"en-US"},{"@type":"Organization","@id":"https:\/\/www.arc.cz\/en\/#organization","name":"Studio ARC","url":"https:\/\/www.arc.cz\/en\/","logo":{"@type":"ImageObject","inLanguage":"en-US","@id":"https:\/\/www.arc.cz\/en\/#\/schema\/logo\/image\/","url":"https:\/\/www.arc.cz\/wp-content\/uploads\/logo.gif","contentUrl":"https:\/\/www.arc.cz\/wp-content\/uploads\/logo.gif","width":125,"height":125,"caption":"Studio ARC"},"image":{"@id":"https:\/\/www.arc.cz\/en\/#\/schema\/logo\/image\/"}}]}},"_links":{"self":[{"href":"https:\/\/www.arc.cz\/en\/wp-json\/wp\/v2\/pages\/24894"}],"collection":[{"href":"https:\/\/www.arc.cz\/en\/wp-json\/wp\/v2\/pages"}],"about":[{"href":"https:\/\/www.arc.cz\/en\/wp-json\/wp\/v2\/types\/page"}],"author":[{"embeddable":true,"href":"https:\/\/www.arc.cz\/en\/wp-json\/wp\/v2\/users\/1"}],"replies":[{"embeddable":true,"href":"https:\/\/www.arc.cz\/en\/wp-json\/wp\/v2\/comments?post=24894"}],"version-history":[{"count":2,"href":"https:\/\/www.arc.cz\/en\/wp-json\/wp\/v2\/pages\/24894\/revisions"}],"predecessor-version":[{"id":190371,"href":"https:\/\/www.arc.cz\/en\/wp-json\/wp\/v2\/pages\/24894\/revisions\/190371"}],"wp:attachment":[{"href":"https:\/\/www.arc.cz\/en\/wp-json\/wp\/v2\/media?parent=24894"}],"curies":[{"name":"wp","href":"https:\/\/api.w.org\/{rel}","templated":true}]}}