{"id":25863,"date":"2015-01-09T15:42:24","date_gmt":"2015-01-09T14:42:24","guid":{"rendered":"https:\/\/www.arc.cz\/?page_id=25863\/"},"modified":"2019-05-02T20:30:57","modified_gmt":"2019-05-02T19:30:57","slug":"architect-oldrich-hozman","status":"publish","type":"page","link":"https:\/\/www.arc.cz\/en\/about-us\/architect-oldrich-hozman\/","title":{"rendered":"Architect Old\u0159ich Hozman"},"content":{"rendered":"graduated from the Academy of Arts, Architecture and Design, Prague, in the field of architecture. He has been working as a&nbsp;freelance architect since 1989. His designs incorporate the principles of feng shui, geomancy, ecology and organic architecture. He supports the holistic view on the creation of a&nbsp;healthy environment and architecture. He lectures on new approaches to the design of architecture in harmony with nature.\r\n<h4 class=\"clearBoth\">Structured professional resume<\/h4>\r\n<table class=\"TabSeznam\" border=\"0\" width=\"602\" cellspacing=\"0\" cellpadding=\"0\" align=\"left\">\r\n<tbody>\r\n<tr>\r\n<td  width=\"66\">1964<\/td>\r\n<td width=\"536\">born in Prague<\/td>\r\n<\/tr>\r\n<tr>\r\n<td class=\"BunkaNazevBloku\" colspan=\"2\">Education<\/td>\r\n<\/tr>\r\n<tr>\r\n<td class=\"TextNezalamovat\"  >1983 &#8211; 1989<\/td>\r\n<td >Academy of Arts, Architecture and Design in Prague, architecture atelier specializing in interior and furniture design (leading professors architect Josef Svoboda and architect Vladislav Vr\u00e1tn\u00edk).<\/td>\r\n<\/tr>\r\n<tr>\r\n<td  >1979 &#8211; 1983<\/td>\r\n<td >Secondary Academy of Arts in Prague, interior and furniture design (leading professor architect Karel Str\u00e1nsk\u00fd)<\/td>\r\n<\/tr>\r\n<tr>\r\n<td  >1972 &#8211; 1979<\/td>\r\n<td >Visual art techniques studies under the guidance of acad. painter V\u011bra Roeselov\u00e1 at the People&#8217;s&nbsp;Art School.<\/td>\r\n<\/tr>\r\n<tr>\r\n<td class=\"BunkaNazevBloku\" colspan=\"2\"><strong>Languages<\/strong><\/td>\r\n<\/tr>\r\n<tr>\r\n<td><\/td>\r\n<td >English\r\nRussian<\/td>\r\n<\/tr>\r\n<tr>\r\n<td class=\"BunkaNazevBloku\" colspan=\"2\"><strong>Fellowships<\/strong><\/td>\r\n<\/tr>\r\n<tr>\r\n<td  >1988 &#8211; 1989<\/td>\r\n<td >Research fellowship at the University of Industrial Arts in Helsinki, majoring in interior and furniture design (leading professor Simo Heikill\u00e4)<\/td>\r\n<\/tr>\r\n<tr>\r\n<td class=\"BunkaNazevBloku\" colspan=\"2\"><strong>Experience<\/strong><\/td>\r\n<\/tr>\r\n<tr>\r\n<td  >1993<\/td>\r\n<td >founded personal architectural studio, since 1997 known as Studio ARC<\/td>\r\n<\/tr>\r\n<tr>\r\n<td  >1992<\/td>\r\n<td >obtained authorization from the Czech Chamber of Architects<\/td>\r\n<\/tr>\r\n<tr>\r\n<td  >1992<\/td>\r\n<td >founded Studio MOA together with architect Martin Vr\u00e1tn\u00edk and architect Andrej Koz\u00e1nek<\/td>\r\n<\/tr>\r\n<tr>\r\n<td  >1990 &#8211; 1991<\/td>\r\n<td >national service in the Military art studio concentrating on interior design<\/td>\r\n<\/tr>\r\n<tr>\r\n<td class=\"BunkaNazevBloku\" colspan=\"2\"><strong>Exhibitions and fairs<\/strong><\/td>\r\n<\/tr>\r\n<tr>\r\n<td  >2007<\/td>\r\n<td >Exhibition of ARC studio on <strong>Biostyle 2007<\/strong> fair in Prague.<\/td>\r\n<\/tr>\r\n<tr>\r\n<td  >2006<\/td>\r\n<td >Exhibition of ARC studio on <strong>Biostyle 2006<\/strong> fair in Prague.<\/td>\r\n<\/tr>\r\n<tr>\r\n<td  >2002<\/td>\r\n<td >Exhibition of ARC studio for <strong>HARMONY 2002<\/strong> fair in Prague.<\/td>\r\n<\/tr>\r\n<tr>\r\n<td  >2001<\/td>\r\n<td >Central exhibition called <em>&#8220;The place where we can listen to the voices of the nature&#8221;<\/em> for the <strong>Habitat<\/strong> Fair in Prague.<\/td>\r\n<\/tr>\r\n<tr>\r\n<td  >2001<\/td>\r\n<td >Central exhibition <em>&#8220;Golden Mean Pavilion&#8221;<\/em> for the <strong>Art Expo<\/strong> Fair in Prague.<\/td>\r\n<\/tr>\r\n<tr>\r\n<td  >2000<\/td>\r\n<td >Architectonic conception of the exhibition stand and the presentation of the mirrors of <em>&#8220;five colours&#8221;<\/em> for JSJ Sestak Interiors at the exhibition <strong>Home and Warmth<\/strong> in Lys\u00e1 nad Labem<\/td>\r\n<\/tr>\r\n<tr>\r\n<td  >2000<\/td>\r\n<td >Design of the <em>&#8220;Five Elements Furniture&#8221;<\/em> company exhibition for <strong>JSJ Sestak Interiors<\/strong><\/td>\r\n<\/tr>\r\n<tr>\r\n<td  >2000<\/td>\r\n<td >Armchairs from BALDVIN &amp; Baldvin reflected in the mirrors of five seasons for JSJ Sestak interiors at the Terinvest <strong>Pragointerior<\/strong> Fair at the Prague Exhibition Grounds<\/td>\r\n<\/tr>\r\n<tr>\r\n<td  >2000<\/td>\r\n<td >Participation at the <strong>AMBIENTE Furniture<\/strong> Fair in Frankfurt with a&nbsp;<em>&#8220;Water&#8221; table<\/em>, a<em> &#8220;Birch Bark&#8221; bookcase<\/em> and a&nbsp;<em>&#8220;Stems&#8221; chair<\/em> at the BYRAINTERIOROBJECTS company stand.<\/td>\r\n<\/tr>\r\n<tr>\r\n<td  >2000<\/td>\r\n<td >Architectonic conception of the exhibition stand and presentation of mirrors of <em>&#8220;five seasons of the year&#8221;<\/em> for JSJ \u0160est\u00e1k Interiors at the<strong> Golden Cross exhibition <\/strong>in Prague.<\/td>\r\n<\/tr>\r\n<tr>\r\n<td  >1999<\/td>\r\n<td >ARCO furniture exposition at the internatonal furniture fair <strong>Pragointerier <\/strong>in Prague<\/td>\r\n<\/tr>\r\n<tr>\r\n<td  >1999<\/td>\r\n<td >Architectural concepts and participation in the company expo <em>&#8220;the movement and non-movement of furniture&#8221;<\/em> by JSJ \u0160est\u00e1k interiors <strong>at the Tekton Gallery in Prague <\/strong><\/td>\r\n<\/tr>\r\n<tr>\r\n<td  >1999<\/td>\r\n<td >International furniture fair <strong>Mobis in Brno<\/strong><\/td>\r\n<\/tr>\r\n<tr>\r\n<td  >1998<\/td>\r\n<td ><strong>From furniture to an angel and vice versa<\/strong>, Fragner&#8217;s&nbsp;Gallery, exposition of furniture by JSJ \u0160est\u00e1k interiors<\/td>\r\n<\/tr>\r\n<tr>\r\n<td  >1998<\/td>\r\n<td >Exposition of fully upholstered social chairs BALDVIN &amp; baldvin at the international furniture fair <strong>Pragointerier <\/strong>in Prague<\/td>\r\n<\/tr>\r\n<tr>\r\n<td  >1998<\/td>\r\n<td >Arco furniture exposition at the <strong>Profi-interiors fair, Prague Strahov<\/strong><\/td>\r\n<\/tr>\r\n<tr>\r\n<td  >1998<\/td>\r\n<td >participation in the New Design exhibition, The first showcase of Czech design within the scope of <strong>Pragointerier in Prague<\/strong><\/td>\r\n<\/tr>\r\n<tr>\r\n<td  >1997<\/td>\r\n<td >ARCO furniture Home-office exposition at the international furniture fair <strong>Ifabo in Prague<\/strong><\/td>\r\n<\/tr>\r\n<tr>\r\n<td  >1997<\/td>\r\n<td >the &#8220;form of potentiality and the potentiality of form&#8221; installation for the development of ARCO furniture at the international furniture fair <strong>Mobis in Brno<\/strong><\/td>\r\n<\/tr>\r\n<tr>\r\n<td  >1997<\/td>\r\n<td><strong>International furniture fair in Milan<\/strong><\/td>\r\n<\/tr>\r\n<tr>\r\n<td  >1996<\/td>\r\n<td >Participation in the <strong>Czech architecture showcase<\/strong><\/td>\r\n<\/tr>\r\n<tr>\r\n<td  >1995<\/td>\r\n<td >Participation in the <strong>Czech architecture showcase<\/strong><\/td>\r\n<\/tr>\r\n<tr>\r\n<td  >1995<\/td>\r\n<td >Participation in the <strong>Architect Community Grand Prix<\/strong> &#8211; Interier\u00b495<\/td>\r\n<\/tr>\r\n<tr>\r\n<td  >1990<\/td>\r\n<td ><strong>Czechoslovakian general exhibition<\/strong>, collection of seating furniture prototypes<\/td>\r\n<\/tr>\r\n<tr>\r\n<td  >1990<\/td>\r\n<td ><strong>Consumer goods fair in Brno<\/strong>, personal exposition of seating furniture made of lamellar wood<\/td>\r\n<\/tr>\r\n<tr>\r\n<td class=\"BunkaNazevBloku\" colspan=\"2\"><strong>Competitions and prizes<\/strong><\/td>\r\n<\/tr>\r\n<tr>\r\n<td  >1995<\/td>\r\n<td ><strong>Interier\u00b495<\/strong>, award from the Brno city municipality, division of culture, for the project and implementation of the entrance hall to the children&#8217;s&nbsp;oncology department at Motol Faculty Hospital in Prague (in cooperation with acad. painter Mat\u011bj Forman and acad. painter Daniel V\u00e1clav\u00edk)<\/td>\r\n<\/tr>\r\n<tr>\r\n<td  >1988<\/td>\r\n<td >collection of furniture for cutting wood with laser technology, first prize in the competition organized by the <strong>Research Institute for Furniture in Bratislava<\/strong><\/td>\r\n<\/tr>\r\n<tr>\r\n<td  >1987<\/td>\r\n<td >architectural studies of the National Theatre in Ko\u0161ice, Slovakia, <strong>honourable mention<\/strong><\/td>\r\n<\/tr>\r\n<tr>\r\n<td class=\"BunkaNazevBloku\" colspan=\"2\"><strong>Membership<\/strong><\/td>\r\n<\/tr>\r\n<tr>\r\n<td  >1992<\/td>\r\n<td>Czech Chamber of Architects, authorized architect, authorization number 01284<\/td>\r\n<\/tr>\r\n<tr>\r\n<td  >1990<\/td>\r\n<td >Architect community<\/td>\r\n<\/tr>\r\n<tr>\r\n<td  >1990<\/td>\r\n<td>Association of Interior Architects \/ AIA (IFI)<\/td>\r\n<\/tr>\r\n<tr>\r\n<td  >1990<\/td>\r\n<td>The Union of Visual Artists of the Czech Republic, Professional Association of Visual Artists of the CR, and the IAA International Association of Art IAA\/AIAP (UNESCO)<\/td>\r\n<\/tr>\r\n<tr>\r\n<td class=\"BunkaNazevBloku\" colspan=\"2\"><strong>Professional travels<\/strong><\/td>\r\n<\/tr>\r\n<tr>\r\n<td >2010<\/td>\r\n<td>Participation in the anthroposophical architecture seminar on building the Goetheanum in Dornach, Switzerland<\/td>\r\n<\/tr>\r\n<tr>\r\n<td >2010<\/td>\r\n<td>Study trip to the Waldorf Teaching Institute in Witten, sprachgestaltung and eurhythmics studies<\/td>\r\n<\/tr>\r\n<tr>\r\n<td >2009<\/td>\r\n<td>Participation and presenting a&nbsp;message at the Bio architecture conference in Cardiff, Wales<\/td>\r\n<\/tr>\r\n<tr>\r\n<td >2009<\/td>\r\n<td>Organic architecture study trip to Grobenzell near Munich. Visit to the Waldorf School and new Christian Community chapel<\/td>\r\n<\/tr>\r\n<tr>\r\n<td >2009<\/td>\r\n<td>Participation and presenting a&nbsp;message at the Organic architecture conference in Budapest<\/td>\r\n<\/tr>\r\n<tr>\r\n<td >2009<\/td>\r\n<td>Participation in the anthroposophical architecture of houses in Dornach, Switzerland, studying the second form of Goetheanum<\/td>\r\n<\/tr>\r\n<tr>\r\n<td >2009<\/td>\r\n<td>Participation at the healthy home conference in Brno, tour of Claygar and Rigi<\/td>\r\n<\/tr>\r\n<tr>\r\n<td >2009<\/td>\r\n<td>Participation at the Eurhythmy Forum festival in Witten, Germany<\/td>\r\n<\/tr>\r\n<tr>\r\n<td >2009<\/td>\r\n<td>Tour of the Rudolf Steiner School premises in Dortmund<\/td>\r\n<\/tr>\r\n<tr>\r\n<td >2009<\/td>\r\n<td>Study trip to the Waldorf Teaching Institute in Witten, sprachgestaltung and eurhythmics studies<\/td>\r\n<\/tr>\r\n<tr>\r\n<td >2007<\/td>\r\n<td>Study trip to Mexico, participation at the Bio architecture conference in Mexico City<\/td>\r\n<\/tr>\r\n<tr>\r\n<td >2007<\/td>\r\n<td>Participation and presenting a&nbsp;message at the Feng-Shui conference in Budapest<\/td>\r\n<\/tr>\r\n<tr>\r\n<td >2007<\/td>\r\n<td>Study trip around Japan, visiting traditional Japanese spas and warm baths (onsens)<\/td>\r\n<\/tr>\r\n<tr>\r\n<td >2007<\/td>\r\n<td>Study tour in the Waldorf School in Soest with J\u00f6rgem Schr\u00f6der<\/td>\r\n<\/tr>\r\n<tr>\r\n<td >2006<\/td>\r\n<td>Study trip around Russia, visiting the Russian family school of academic Scetinin, staying at family settlements and visiting places with megalithic cultures in the Caucasus Mountains<\/td>\r\n<\/tr>\r\n<tr>\r\n<td >2006<\/td>\r\n<td>Visit to the centre of Natur&amp;Lehm in Austria<\/td>\r\n<\/tr>\r\n<tr>\r\n<td >2004<\/td>\r\n<td>Birmingham, staying at a&nbsp;Buddhist centre<\/td>\r\n<\/tr>\r\n<tr>\r\n<td >2004<\/td>\r\n<td>Study trip around England, visiting Buddhist centres<\/td>\r\n<\/tr>\r\n<tr>\r\n<td >2004<\/td>\r\n<td>Amaravati Monastery in England<\/td>\r\n<\/tr>\r\n<tr>\r\n<td >2002<\/td>\r\n<td>Waldorf nursery school in Sorsum, Germany<\/td>\r\n<\/tr>\r\n<tr>\r\n<td  >1997<\/td>\r\n<td>Professional visit around the contemporary architecture of Rome<\/td>\r\n<\/tr>\r\n<tr>\r\n<td  >1996<\/td>\r\n<td>International furniture fair in Milan<\/td>\r\n<\/tr>\r\n<tr>\r\n<td  >1996<\/td>\r\n<td>International furniture fair in Verona<\/td>\r\n<\/tr>\r\n<tr>\r\n<td  >1996<\/td>\r\n<td>Visit around the historic architecture of Rome<\/td>\r\n<\/tr>\r\n<tr>\r\n<td  >1995<\/td>\r\n<td>International furniture fair in Milan<\/td>\r\n<\/tr>\r\n<tr>\r\n<td  >1995<\/td>\r\n<td>International furniture fair in Verona<\/td>\r\n<\/tr>\r\n<tr>\r\n<td  >1994<\/td>\r\n<td>Professional visit around the contemporary architecture of London<\/td>\r\n<\/tr>\r\n<tr>\r\n<td  >1993<\/td>\r\n<td>Professional visit around the contemporary architecture of Paris<\/td>\r\n<\/tr>\r\n<tr>\r\n<td  >1990<\/td>\r\n<td>International furniture fair in Cologne<\/td>\r\n<\/tr>\r\n<tr>\r\n<td  >1988 &#8211; 1989<\/td>\r\n<td>Study trips to see Finnish, Swedish and Norwegian architecture<\/td>\r\n<\/tr>\r\n<tr>\r\n<td  >1987<\/td>\r\n<td>International furniture fair in Copenhagen<\/td>\r\n<\/tr>\r\n<tr>\r\n<td  >1985<\/td>\r\n<td>International furniture fair in Milan<\/td>\r\n<\/tr>\r\n<tr>\r\n<td  >1985<\/td>\r\n<td>Professional visit around the contemporary architecture of Vienna<\/td>\r\n<\/tr>\r\n<tr>\r\n<td  >1983<\/td>\r\n<td>Study trip around Greek and Cretan monuments<\/td>\r\n<\/tr>\r\n<tr>\r\n<td class=\"BunkaNazevBloku\" colspan=\"2\"><strong>Participation in seminars<\/strong><\/td>\r\n<\/tr>\r\n<tr>\r\n<td>2010<\/td>\r\n<td>Shapes of the first Goetheanum in Dornach, theory of colours and anthroposophical buildings, J\u00f6rg Schr\u00f6der<\/td>\r\n<\/tr>\r\n<tr>\r\n<td>2010<\/td>\r\n<td>Seminar on modelling Goethean forms emerging from projective geometry with Jana Koen in Prague<\/td>\r\n<\/tr>\r\n<tr>\r\n<td>2010<\/td>\r\n<td>Participation at the healthy architecture and geomancy conference in Bratislava<\/td>\r\n<\/tr>\r\n<tr>\r\n<td>2008-2010<\/td>\r\n<td>Two-year anthroposophical studies via the being of eurhythmy with J\u00f6rg Schr\u00f6der<\/td>\r\n<\/tr>\r\n<tr>\r\n<td >2010<\/td>\r\n<td>Leading the seminar on Reviving the Christian community home in Prague, cooperative creation of entrance gate model for the purpose of preparing its implementation<\/td>\r\n<\/tr>\r\n<tr>\r\n<td >2009<\/td>\r\n<td>Leading the seminar on Reviving the Christian community home in Prague, creation of building  model for the purpose of reconstruction<\/td>\r\n<\/tr>\r\n<tr>\r\n<td >2009<\/td>\r\n<td>Twelve senses, week-long seminar with Uelli Seiler, Obo\u0159ice<\/td>\r\n<\/tr>\r\n<tr>\r\n<td >2009<\/td>\r\n<td>Goetheanum and anthroposophical buildings, J\u00f6rg Schr\u00f6der<\/td>\r\n<\/tr>\r\n<tr>\r\n<td >2009<\/td>\r\n<td>Carving session with Jana Koen in Vset\u00edn<\/td>\r\n<\/tr>\r\n<tr>\r\n<td >2009<\/td>\r\n<td>Moral technics, J\u00f6rg Schr\u00f6der (seminars organized in Prague)<\/td>\r\n<\/tr>\r\n<tr>\r\n<td >2009<\/td>\r\n<td>Watercolour painting with Mrs. Renate Pel\u00ed\u0161kov\u00e1<\/td>\r\n<\/tr>\r\n<tr>\r\n<td >2009<\/td>\r\n<td>Beating copper with Ji\u0159\u00ed Moravec<\/td>\r\n<\/tr>\r\n<tr>\r\n<td >2008<\/td>\r\n<td>Creating a&nbsp;garden in cooperation with elementary beings, J\u00f6rg Schr\u00f6der (Zaje\u017eov\u00e1 community in Slovakia)<\/td>\r\n<\/tr>\r\n<tr>\r\n<td >2008<\/td>\r\n<td>Creating a&nbsp;garden in cooperation with elementary beings, J\u00f6rg Schr\u00f6der (Skalka centre near Doks)<\/td>\r\n<\/tr>\r\n<tr>\r\n<td >2008<\/td>\r\n<td>Goetheanum and anthroposophical buildings, J\u00f6rg Schr\u00f6der<\/td>\r\n<\/tr>\r\n<tr>\r\n<td >2007<\/td>\r\n<td>Prague geomancy, Marko Poga\u010dnik<\/td>\r\n<\/tr>\r\n<tr>\r\n<td >2007<\/td>\r\n<td>Clay plasterwork in Permalot, Bouzov, Max Jensen and Tom Rijven<\/td>\r\n<\/tr>\r\n<tr>\r\n<td >2007<\/td>\r\n<td>Waldorf school design modelling, J\u00f6rg Schr\u00f6der<\/td>\r\n<\/tr>\r\n<tr>\r\n<td >2007<\/td>\r\n<td>Architecture and elementary beings, J\u00f6rg Schr\u00f6der<\/td>\r\n<\/tr>\r\n<tr>\r\n<td >2007<\/td>\r\n<td>Creating a&nbsp;garden in cooperation with elementary beings, J\u00f6rg Schr\u00f6der (Mrs. Kv\u011bta&#8217;s&nbsp;garden)<\/td>\r\n<\/tr>\r\n<tr>\r\n<td >2007<\/td>\r\n<td>Community planning and creating villages, seminar lead by British environmental architect and urbanist Christopher Day<\/td>\r\n<\/tr>\r\n<tr>\r\n<td >2007<\/td>\r\n<td>Energy of the land, Ana Pogacnik<\/td>\r\n<\/tr>\r\n<tr>\r\n<td >2007<\/td>\r\n<td>Creating a&nbsp;garden in cooperation with elementary beings, J\u00f6rg Schr\u00f6der (Noskovi family garden)<\/td>\r\n<\/tr>\r\n<tr>\r\n<td >2007<\/td>\r\n<td>Organizing a&nbsp;public discussion on a&nbsp;study trip around Russia in the Toulc\u016fv dv\u016fr Ecological centre in Prague<\/td>\r\n<\/tr>\r\n<tr>\r\n<td >2007<\/td>\r\n<td>Slavic traditions, Miro \u017diarislav \u0160vick\u00fd<\/td>\r\n<\/tr>\r\n<tr>\r\n<td >2006<\/td>\r\n<td>Leading the seminar <em>Living creation<\/em> in Tabor Academy in Nov\u00e1 Ves nad Popelkou<\/td>\r\n<\/tr>\r\n<tr>\r\n<td >2006<\/td>\r\n<td>Prague geomancy, Marko Poga\u010dnik<\/td>\r\n<\/tr>\r\n<tr>\r\n<td >2006<\/td>\r\n<td>Sacred geometry,  Dan Winter<\/td>\r\n<\/tr>\r\n<\/tbody>\r\n<\/table>\r\n&nbsp;","protected":false},"excerpt":{"rendered":"graduated from the Academy of Arts, Architecture and Design, Prague, in the field of architecture. He has been working as a&nbsp;freelance architect since 1989. His designs incorporate the principles of feng shui, geomancy, ecology and organic architecture. He supports the holistic view on the creation of a&nbsp;healthy environment and architecture. He lectures on new approaches [&hellip;]","protected":false},"author":1,"featured_media":0,"parent":23457,"menu_order":4,"comment_status":"closed","ping_status":"closed","template":"","meta":{"footnotes":""},"yoast_head":"<!-- This site is optimized with the Yoast SEO plugin v23.1 - https:\/\/yoast.com\/wordpress\/plugins\/seo\/ -->\n<title>Architect Old\u0159ich Hozman - Studio ARC<\/title>\n<meta name=\"robots\" content=\"index, follow, max-snippet:-1, max-image-preview:large, max-video-preview:-1\" \/>\n<link rel=\"canonical\" href=\"https:\/\/www.arc.cz\/en\/about-us\/architect-oldrich-hozman\/\" \/>\n<meta property=\"og:locale\" content=\"en_US\" \/>\n<meta property=\"og:type\" content=\"article\" \/>\n<meta property=\"og:title\" content=\"Architect Old\u0159ich Hozman - Studio ARC\" \/>\n<meta property=\"og:description\" content=\"graduated from the Academy of Arts, Architecture and Design, Prague, in the field of architecture. He has been working as a&nbsp;freelance architect since 1989. His designs incorporate the principles of feng shui, geomancy, ecology and organic architecture. He supports the holistic view on the creation of a&nbsp;healthy environment and architecture. He lectures on new approaches [&hellip;]\" \/>\n<meta property=\"og:url\" content=\"https:\/\/www.arc.cz\/en\/about-us\/architect-oldrich-hozman\/\" \/>\n<meta property=\"og:site_name\" content=\"Studio ARC\" \/>\n<meta property=\"article:modified_time\" content=\"2019-05-02T19:30:57+00:00\" \/>\n<meta name=\"twitter:card\" content=\"summary_large_image\" \/>\n<meta name=\"twitter:label1\" content=\"Est. reading time\" \/>\n\t<meta name=\"twitter:data1\" content=\"7 minutes\" \/>\n<script type=\"application\/ld+json\" class=\"yoast-schema-graph\">{\"@context\":\"https:\/\/schema.org\",\"@graph\":[{\"@type\":\"WebPage\",\"@id\":\"https:\/\/www.arc.cz\/en\/about-us\/architect-oldrich-hozman\/\",\"url\":\"https:\/\/www.arc.cz\/en\/about-us\/architect-oldrich-hozman\/\",\"name\":\"Architect Old\u0159ich Hozman - Studio ARC\",\"isPartOf\":{\"@id\":\"https:\/\/www.arc.cz\/en\/#website\"},\"datePublished\":\"2015-01-09T14:42:24+00:00\",\"dateModified\":\"2019-05-02T19:30:57+00:00\",\"breadcrumb\":{\"@id\":\"https:\/\/www.arc.cz\/en\/about-us\/architect-oldrich-hozman\/#breadcrumb\"},\"inLanguage\":\"en-US\",\"potentialAction\":[{\"@type\":\"ReadAction\",\"target\":[\"https:\/\/www.arc.cz\/en\/about-us\/architect-oldrich-hozman\/\"]}]},{\"@type\":\"BreadcrumbList\",\"@id\":\"https:\/\/www.arc.cz\/en\/about-us\/architect-oldrich-hozman\/#breadcrumb\",\"itemListElement\":[{\"@type\":\"ListItem\",\"position\":1,\"name\":\"Dom\u016f\",\"item\":\"https:\/\/www.arc.cz\/en\/uvod\/\"},{\"@type\":\"ListItem\",\"position\":2,\"name\":\"About us\",\"item\":\"https:\/\/www.arc.cz\/en\/about-us\/\"},{\"@type\":\"ListItem\",\"position\":3,\"name\":\"Architect Old\u0159ich Hozman\"}]},{\"@type\":\"WebSite\",\"@id\":\"https:\/\/www.arc.cz\/en\/#website\",\"url\":\"https:\/\/www.arc.cz\/en\/\",\"name\":\"Studio ARC\",\"description\":\"Old\u0159ich Hozman Architect | Holistic and organic architecture\",\"publisher\":{\"@id\":\"https:\/\/www.arc.cz\/en\/#organization\"},\"potentialAction\":[{\"@type\":\"SearchAction\",\"target\":{\"@type\":\"EntryPoint\",\"urlTemplate\":\"https:\/\/www.arc.cz\/en\/?s={search_term_string}\"},\"query-input\":\"required name=search_term_string\"}],\"inLanguage\":\"en-US\"},{\"@type\":\"Organization\",\"@id\":\"https:\/\/www.arc.cz\/en\/#organization\",\"name\":\"Studio ARC\",\"url\":\"https:\/\/www.arc.cz\/en\/\",\"logo\":{\"@type\":\"ImageObject\",\"inLanguage\":\"en-US\",\"@id\":\"https:\/\/www.arc.cz\/en\/#\/schema\/logo\/image\/\",\"url\":\"https:\/\/www.arc.cz\/wp-content\/uploads\/logo.gif\",\"contentUrl\":\"https:\/\/www.arc.cz\/wp-content\/uploads\/logo.gif\",\"width\":125,\"height\":125,\"caption\":\"Studio ARC\"},\"image\":{\"@id\":\"https:\/\/www.arc.cz\/en\/#\/schema\/logo\/image\/\"}}]}<\/script>\n<!-- \/ Yoast SEO plugin. -->","yoast_head_json":{"title":"Architect Old\u0159ich Hozman - Studio ARC","robots":{"index":"index","follow":"follow","max-snippet":"max-snippet:-1","max-image-preview":"max-image-preview:large","max-video-preview":"max-video-preview:-1"},"canonical":"https:\/\/www.arc.cz\/en\/about-us\/architect-oldrich-hozman\/","og_locale":"en_US","og_type":"article","og_title":"Architect Old\u0159ich Hozman - Studio ARC","og_description":"graduated from the Academy of Arts, Architecture and Design, Prague, in the field of architecture. He has been working as a&nbsp;freelance architect since 1989. His designs incorporate the principles of feng shui, geomancy, ecology and organic architecture. He supports the holistic view on the creation of a&nbsp;healthy environment and architecture. He lectures on new approaches [&hellip;]","og_url":"https:\/\/www.arc.cz\/en\/about-us\/architect-oldrich-hozman\/","og_site_name":"Studio ARC","article_modified_time":"2019-05-02T19:30:57+00:00","twitter_card":"summary_large_image","twitter_misc":{"Est. reading time":"7 minutes"},"schema":{"@context":"https:\/\/schema.org","@graph":[{"@type":"WebPage","@id":"https:\/\/www.arc.cz\/en\/about-us\/architect-oldrich-hozman\/","url":"https:\/\/www.arc.cz\/en\/about-us\/architect-oldrich-hozman\/","name":"Architect Old\u0159ich Hozman - Studio ARC","isPartOf":{"@id":"https:\/\/www.arc.cz\/en\/#website"},"datePublished":"2015-01-09T14:42:24+00:00","dateModified":"2019-05-02T19:30:57+00:00","breadcrumb":{"@id":"https:\/\/www.arc.cz\/en\/about-us\/architect-oldrich-hozman\/#breadcrumb"},"inLanguage":"en-US","potentialAction":[{"@type":"ReadAction","target":["https:\/\/www.arc.cz\/en\/about-us\/architect-oldrich-hozman\/"]}]},{"@type":"BreadcrumbList","@id":"https:\/\/www.arc.cz\/en\/about-us\/architect-oldrich-hozman\/#breadcrumb","itemListElement":[{"@type":"ListItem","position":1,"name":"Dom\u016f","item":"https:\/\/www.arc.cz\/en\/uvod\/"},{"@type":"ListItem","position":2,"name":"About us","item":"https:\/\/www.arc.cz\/en\/about-us\/"},{"@type":"ListItem","position":3,"name":"Architect Old\u0159ich Hozman"}]},{"@type":"WebSite","@id":"https:\/\/www.arc.cz\/en\/#website","url":"https:\/\/www.arc.cz\/en\/","name":"Studio ARC","description":"Old\u0159ich Hozman Architect | Holistic and organic architecture","publisher":{"@id":"https:\/\/www.arc.cz\/en\/#organization"},"potentialAction":[{"@type":"SearchAction","target":{"@type":"EntryPoint","urlTemplate":"https:\/\/www.arc.cz\/en\/?s={search_term_string}"},"query-input":"required name=search_term_string"}],"inLanguage":"en-US"},{"@type":"Organization","@id":"https:\/\/www.arc.cz\/en\/#organization","name":"Studio ARC","url":"https:\/\/www.arc.cz\/en\/","logo":{"@type":"ImageObject","inLanguage":"en-US","@id":"https:\/\/www.arc.cz\/en\/#\/schema\/logo\/image\/","url":"https:\/\/www.arc.cz\/wp-content\/uploads\/logo.gif","contentUrl":"https:\/\/www.arc.cz\/wp-content\/uploads\/logo.gif","width":125,"height":125,"caption":"Studio ARC"},"image":{"@id":"https:\/\/www.arc.cz\/en\/#\/schema\/logo\/image\/"}}]}},"_links":{"self":[{"href":"https:\/\/www.arc.cz\/en\/wp-json\/wp\/v2\/pages\/25863"}],"collection":[{"href":"https:\/\/www.arc.cz\/en\/wp-json\/wp\/v2\/pages"}],"about":[{"href":"https:\/\/www.arc.cz\/en\/wp-json\/wp\/v2\/types\/page"}],"author":[{"embeddable":true,"href":"https:\/\/www.arc.cz\/en\/wp-json\/wp\/v2\/users\/1"}],"replies":[{"embeddable":true,"href":"https:\/\/www.arc.cz\/en\/wp-json\/wp\/v2\/comments?post=25863"}],"version-history":[{"count":0,"href":"https:\/\/www.arc.cz\/en\/wp-json\/wp\/v2\/pages\/25863\/revisions"}],"up":[{"embeddable":true,"href":"https:\/\/www.arc.cz\/en\/wp-json\/wp\/v2\/pages\/23457"}],"wp:attachment":[{"href":"https:\/\/www.arc.cz\/en\/wp-json\/wp\/v2\/media?parent=25863"}],"curies":[{"name":"wp","href":"https:\/\/api.w.org\/{rel}","templated":true}]}}