{"id":25873,"date":"2015-01-09T15:41:17","date_gmt":"2015-01-09T14:41:17","guid":{"rendered":"https:\/\/www.arc.cz\/?page_id=25873\/"},"modified":"2024-07-30T16:08:08","modified_gmt":"2024-07-30T14:08:08","slug":"o-studiu-arc","status":"publish","type":"page","link":"https:\/\/www.arc.cz\/en\/about-us\/o-studiu-arc\/","title":{"rendered":"About Studio"},"content":{"rendered":"<section  class='av_textblock_section av-3buwqn-d695031b7338dc00cddaa29ac3efe338 '   itemscope=\"itemscope\" itemtype=\"https:\/\/schema.org\/CreativeWork\" ><div class='avia_textblock'  itemprop=\"text\" ><p>Architect Oldrich Hozman (1964) has been professionally involved in architectural design since 1989. Since 1997, his studio accepted &#8220;<strong>ARC<\/strong>&#8221; as its name. The name together with the logo expresses its activity. He likes to sketch, the line helps him to create &#8220;Arrrrr &#8230; ..c&#8221; is carried through the space, it defines the area. <strong>Arc<\/strong> is the beginning of the curve. The arc is then a&nbsp;balanced element of two opposing forces. Constant search for harmony.<\/p>\n<h2>acad. arch. Old\u0159ich Hozman<\/h2>\n<p>&nbsp;<\/p>\n<\/div><\/section>\n\n<div class='flex_column_table av-39i7cv-01752b4fcf99f2592fe1d3bfc2deb509 sc-av_one_fifth av-equal-height-column-flextable'>\n<style type=\"text\/css\" data-created_by=\"avia_inline_auto\" id=\"style-css-av-39i7cv-01752b4fcf99f2592fe1d3bfc2deb509\">\n.flex_column.av-39i7cv-01752b4fcf99f2592fe1d3bfc2deb509{\nborder-radius:0px 0px 0px 0px;\npadding:0px 0px 0px 0px;\n}\n<\/style>\n<div  class='flex_column av-39i7cv-01752b4fcf99f2592fe1d3bfc2deb509 av_one_fifth  avia-builder-el-1  el_after_av_textblock  el_before_av_four_fifth  first flex_column_table_cell av-equal-height-column av-align-top av-zero-column-padding  column-top-margin'     ><style type=\"text\/css\" data-created_by=\"avia_inline_auto\" id=\"style-css-av-32ye5r-260b593cf32b6a389d5bbef973cec08d\">\n.avia-image-container.av-32ye5r-260b593cf32b6a389d5bbef973cec08d img.avia_image{\nbox-shadow:none;\n}\n.avia-image-container.av-32ye5r-260b593cf32b6a389d5bbef973cec08d .av-image-caption-overlay-center{\ncolor:#ffffff;\n}\n<\/style>\n<div  class='avia-image-container av-32ye5r-260b593cf32b6a389d5bbef973cec08d av-styling- avia-align-center  avia-builder-el-2  avia-builder-el-no-sibling '   itemprop=\"image\" itemscope=\"itemscope\" itemtype=\"https:\/\/schema.org\/ImageObject\" ><div class=\"avia-image-container-inner\"><div class=\"avia-image-overlay-wrap\"><img decoding=\"async\" fetchpriority=\"high\" class='wp-image-40322 avia-img-lazy-loading-not-40322 avia_image ' src=\"https:\/\/www.arc.cz\/wp-content\/uploads\/2020\/11\/oldrich_hozman1-e1605901369996-300x454.jpg\" alt='' title='Oldrich_Hozman1'  height=\"454\" width=\"300\"  itemprop=\"thumbnailUrl\" srcset=\"https:\/\/www.arc.cz\/wp-content\/uploads\/2020\/11\/oldrich_hozman1-e1605901369996-300x454.jpg 300w, https:\/\/www.arc.cz\/wp-content\/uploads\/2020\/11\/oldrich_hozman1-e1605901369996-99x150.jpg 99w, https:\/\/www.arc.cz\/wp-content\/uploads\/2020\/11\/oldrich_hozman1-e1605901369996-180x272.jpg 180w, https:\/\/www.arc.cz\/wp-content\/uploads\/2020\/11\/oldrich_hozman1-e1605901369996-415x628.jpg 415w, https:\/\/www.arc.cz\/wp-content\/uploads\/2020\/11\/oldrich_hozman1-e1605901369996-400x605.jpg 400w, https:\/\/www.arc.cz\/wp-content\/uploads\/2020\/11\/oldrich_hozman1-e1605901369996.jpg 478w\" sizes=\"(max-width: 300px) 100vw, 300px\" \/><\/div><\/div><\/div><\/div>\n\n<div class='av-flex-placeholder'><\/div>\n<style type=\"text\/css\" data-created_by=\"avia_inline_auto\" id=\"style-css-av-anh3r-ae549610227df54f7ffee4c554e039e3\">\n.flex_column.av-anh3r-ae549610227df54f7ffee4c554e039e3{\nborder-radius:0px 0px 0px 0px;\npadding:0px 0px 0px 0px;\n}\n<\/style>\n<div  class='flex_column av-anh3r-ae549610227df54f7ffee4c554e039e3 av_four_fifth  avia-builder-el-3  el_after_av_one_fifth  el_before_av_textblock  flex_column_table_cell av-equal-height-column av-align-top av-zero-column-padding  column-top-margin'     ><section  class='av_textblock_section av-2py8rj-d189eb3178f3c09dff7e6630594d3137 '   itemscope=\"itemscope\" itemtype=\"https:\/\/schema.org\/CreativeWork\" ><div class='avia_textblock'  itemprop=\"text\" ><p>He studied architecture at the Academy of Arts, Architecture, and Design in Prague. He has been professionally involved in the architectural design since 1989. His ideas include the principles of feng shui, geomancy, ecology, and organic construction. He promotes a&nbsp;holistic view of creation of healthy environment and architecture. He lectures on new approaches of architectonic creation in harmony with nature.<\/p>\n<p><strong><a class=\"OdkazVice\" href=\"https:\/\/www.arc.cz\/en\/o-studiu-arc\/akad-arch-oldrich-hozman\/\">More included in the CV<\/a><\/strong><\/p>\n<\/div><\/section>\n<section  class='av_textblock_section av-l4410on1-89284bb0899cc906a70302c833241366 '   itemscope=\"itemscope\" itemtype=\"https:\/\/schema.org\/CreativeWork\" ><div class='avia_textblock'  itemprop=\"text\" ><p><strong><a href=\"https:\/\/www.arc.cz\/en\/category\/own-free-artwork\/\">Gallery of own free artwork<\/a><\/strong><\/p>\n<\/div><\/section><\/div><\/div><!--close column table wrapper. Autoclose: 1 -->\n\n<section  class='av_textblock_section av-2idbx3-e014f4ac520400603cf3d5b7349f6cdc '   itemscope=\"itemscope\" itemtype=\"https:\/\/schema.org\/CreativeWork\" ><div class='avia_textblock'  itemprop=\"text\" ><h2>Filip Hozman<\/h2>\n<\/div><\/section>\n\n<div class='flex_column_table av-2ey1nb-c1e13ca2b602650c53417ad34db4cab7 sc-av_one_fifth av-equal-height-column-flextable'>\n<style type=\"text\/css\" data-created_by=\"avia_inline_auto\" id=\"style-css-av-2ey1nb-c1e13ca2b602650c53417ad34db4cab7\">\n.flex_column.av-2ey1nb-c1e13ca2b602650c53417ad34db4cab7{\nborder-radius:0px 0px 0px 0px;\npadding:0px 0px 0px 0px;\n}\n<\/style>\n<div  class='flex_column av-2ey1nb-c1e13ca2b602650c53417ad34db4cab7 av_one_fifth  avia-builder-el-7  el_after_av_textblock  el_before_av_four_fifth  first flex_column_table_cell av-equal-height-column av-align-top av-zero-column-padding  column-top-margin'     ><style type=\"text\/css\" data-created_by=\"avia_inline_auto\" id=\"style-css-av-8841j-5b2de743f9a8c6df539d92ec2d61a848\">\n.avia-image-container.av-8841j-5b2de743f9a8c6df539d92ec2d61a848 img.avia_image{\nbox-shadow:none;\n}\n.avia-image-container.av-8841j-5b2de743f9a8c6df539d92ec2d61a848 .av-image-caption-overlay-center{\ncolor:#ffffff;\n}\n<\/style>\n<div  class='avia-image-container av-8841j-5b2de743f9a8c6df539d92ec2d61a848 av-styling- avia-align-center  avia-builder-el-8  avia-builder-el-no-sibling '   itemprop=\"image\" itemscope=\"itemscope\" itemtype=\"https:\/\/schema.org\/ImageObject\" ><div class=\"avia-image-container-inner\"><div class=\"avia-image-overlay-wrap\"><img decoding=\"async\" fetchpriority=\"high\" class='wp-image-11099 avia-img-lazy-loading-not-11099 avia_image ' src=\"https:\/\/www.arc.cz\/wp-content\/uploads\/filip-300x375.jpg\" alt='' title='filip'  height=\"375\" width=\"300\"  itemprop=\"thumbnailUrl\" srcset=\"https:\/\/www.arc.cz\/wp-content\/uploads\/filip-300x375.jpg 300w, https:\/\/www.arc.cz\/wp-content\/uploads\/filip-120x150.jpg 120w, https:\/\/www.arc.cz\/wp-content\/uploads\/filip-180x225.jpg 180w, https:\/\/www.arc.cz\/wp-content\/uploads\/filip-280x350.jpg 280w, https:\/\/www.arc.cz\/wp-content\/uploads\/filip-400x500.jpg 400w, https:\/\/www.arc.cz\/wp-content\/uploads\/filip.jpg 402w\" sizes=\"(max-width: 300px) 100vw, 300px\" \/><\/div><\/div><\/div><\/div>\n\n<div class='av-flex-placeholder'><\/div>\n<style type=\"text\/css\" data-created_by=\"avia_inline_auto\" id=\"style-css-av-23jqtb-c1bd9b0c6276366e10382c6f5739b986\">\n.flex_column.av-23jqtb-c1bd9b0c6276366e10382c6f5739b986{\nborder-radius:0px 0px 0px 0px;\npadding:0px 0px 0px 0px;\n}\n<\/style>\n<div  class='flex_column av-23jqtb-c1bd9b0c6276366e10382c6f5739b986 av_four_fifth  avia-builder-el-9  el_after_av_one_fifth  el_before_av_textblock  flex_column_table_cell av-equal-height-column av-align-top av-zero-column-padding  column-top-margin'     ><section  class='av_textblock_section av-1y8d5j-8997fe306bacbb825ffb73ef031a5b89 '   itemscope=\"itemscope\" itemtype=\"https:\/\/schema.org\/CreativeWork\" ><div class='avia_textblock'  itemprop=\"text\" ><p>In the atelier, he works in different parts of the workshop. He develops studies, projects for building permits, and implementation projects. He focuses on interior projects in detail. He completed his studies at the Secondary School of Applied Arts in the field of furniture and interior design and for one year, he studied at the Academy of Arts, Architecture, and Design in Prague, in the field of architecture.<\/p>\n<\/div><\/section><\/div><\/div><!--close column table wrapper. Autoclose: 1 -->\n\n<section  class='av_textblock_section av-1ramev-4a615cad1cbe47dfe8105d878dc5a794 '   itemscope=\"itemscope\" itemtype=\"https:\/\/schema.org\/CreativeWork\" ><div class='avia_textblock'  itemprop=\"text\" ><h2>M.Ed. Ji\u0159\u00ed Proch\u00e1zka<\/h2>\n<\/div><\/section>\n\n<div class='flex_column_table av-1izet3-56008873fedb50a4ac7093c35e9f9560 sc-av_one_fifth av-equal-height-column-flextable'>\n<style type=\"text\/css\" data-created_by=\"avia_inline_auto\" id=\"style-css-av-1izet3-56008873fedb50a4ac7093c35e9f9560\">\n.flex_column.av-1izet3-56008873fedb50a4ac7093c35e9f9560{\nborder-radius:0px 0px 0px 0px;\npadding:0px 0px 0px 0px;\n}\n<\/style>\n<div  class='flex_column av-1izet3-56008873fedb50a4ac7093c35e9f9560 av_one_fifth  avia-builder-el-12  el_after_av_textblock  el_before_av_four_fifth  first flex_column_table_cell av-equal-height-column av-align-top av-zero-column-padding  column-top-margin'     ><style type=\"text\/css\" data-created_by=\"avia_inline_auto\" id=\"style-css-av-irh3-7f4d166ee402cc8b357a41eb0ee661e2\">\n.avia-image-container.av-irh3-7f4d166ee402cc8b357a41eb0ee661e2 img.avia_image{\nbox-shadow:none;\n}\n.avia-image-container.av-irh3-7f4d166ee402cc8b357a41eb0ee661e2 .av-image-caption-overlay-center{\ncolor:#ffffff;\n}\n<\/style>\n<div  class='avia-image-container av-irh3-7f4d166ee402cc8b357a41eb0ee661e2 av-styling- avia-align-center  avia-builder-el-13  avia-builder-el-no-sibling '   itemprop=\"image\" itemscope=\"itemscope\" itemtype=\"https:\/\/schema.org\/ImageObject\" ><div class=\"avia-image-container-inner\"><div class=\"avia-image-overlay-wrap\"><img decoding=\"async\" fetchpriority=\"high\" class='wp-image-190797 avia-img-lazy-loading-not-190797 avia_image ' src=\"https:\/\/www.arc.cz\/wp-content\/uploads\/2024\/07\/profile250.jpg\" alt='' title='profile250'  height=\"644\" width=\"483\"  itemprop=\"thumbnailUrl\"  \/><\/div><\/div><\/div><\/div><div class='av-flex-placeholder'><\/div>\n<style type=\"text\/css\" data-created_by=\"avia_inline_auto\" id=\"style-css-av-1b7fbz-c0f7e0cc7c9f6467b35a3e33e2fbcf6b\">\n.flex_column.av-1b7fbz-c0f7e0cc7c9f6467b35a3e33e2fbcf6b{\nborder-radius:0px 0px 0px 0px;\npadding:0px 0px 0px 0px;\n}\n<\/style>\n<div  class='flex_column av-1b7fbz-c0f7e0cc7c9f6467b35a3e33e2fbcf6b av_four_fifth  avia-builder-el-14  el_after_av_one_fifth  el_before_av_hr  flex_column_table_cell av-equal-height-column av-align-top av-zero-column-padding  column-top-margin'     ><section  class='av_textblock_section av-126slr-f05ababfc887982140b7952908f00dcf '   itemscope=\"itemscope\" itemtype=\"https:\/\/schema.org\/CreativeWork\" ><div class='avia_textblock'  itemprop=\"text\" ><p>He collaborates as a&nbsp;graphic designer, web designer, and IT consultant. He explores the possibilities of using new technologies in building design, such as 3D printing, 3D scanning, and AI. He teaches computer science at the Waldorf Lyceum in Prague. He studied pedagogy at the Masaryk Institute of the Czech Technical University and Charles University, and also attended a&nbsp;seminar on Waldorf pedagogy.<\/p>\n<\/div><\/section><\/div><\/div><!--close column table wrapper. Autoclose: 1 -->\n<style type=\"text\/css\" data-created_by=\"avia_inline_auto\" id=\"style-css-av-l44hlc2c-55c2dde460c28ab8a0dab444cd46e5a9\">\n#top .hr.hr-invisible.av-l44hlc2c-55c2dde460c28ab8a0dab444cd46e5a9{\nheight:30px;\n}\n<\/style>\n<div  class='hr av-l44hlc2c-55c2dde460c28ab8a0dab444cd46e5a9 hr-invisible  avia-builder-el-16  el_after_av_four_fifth  el_before_av_textblock '><span class='hr-inner '><span class=\"hr-inner-style\"><\/span><\/span><\/div>\n\n<section  class='av_textblock_section av-xth0v-0c20feddb17ea80a62ca89cc0bffc31f '   itemscope=\"itemscope\" itemtype=\"https:\/\/schema.org\/CreativeWork\" ><div class='avia_textblock'  itemprop=\"text\" ><p style=\"text-align: center;\">***<\/p>\n<\/div><\/section>\n\n<section  class='av_textblock_section av-2yn1z-be97880643dbe99f3bb5c5d652a2dd07 '   itemscope=\"itemscope\" itemtype=\"https:\/\/schema.org\/CreativeWork\" ><div class='avia_textblock'  itemprop=\"text\" ><h2>Environmental Declaration of Products<\/h2>\n<p>The ARC studio successfully participated in the &#8220;<strong>Environmental Declaration of Products<\/strong>&#8221; project in the years 2006-2008 and managed to get <strong>environmental certification<\/strong> as one of the ten selected Czech organizations. This is an international <a href=\"http:\/\/www.arc.cz\/dokumenty\/epd-certifikace.pdf\">environmental marking<\/a> of services or products, anchored by the National Environmental Marking Program. The certification is also usable in the EU; it is mainly relevant to communicating with customers, public, and suppliers, and it leads to an awareness that people also receive values outside the calculated price.<\/p>\n<p>This certification, called <strong>Environmental Product Declaration (EPD)<\/strong> was awarded to the ARC Studio by the Electrotechnical Testing Institute, based on a&nbsp;two-year review of the methods of designing his architectural projects (according to the principles of holistic architecture) as well as the lifestyle, and way of thinking of the ARC Studio. An approach that respects natural patterns, responsible behaviour towards nature, people, and the environment is characteristic for the ARC Studio.<\/p>\n<p>In the Czech Republic, this certification is currently a&nbsp;voluntary tool for verifying the quality of the product or services provided from an environmental point of view. Given the fact that this trend plays an important role in the decision-making process in the developed countries, it is also increasingly promoted and sought in the Czech Republic.<\/p>\n<p>We cooperate with <a href=\"https:\/\/www.cart4future.cz\/\" target=\"_blank\" rel=\"noopener noreferrer\"><img loading=\"lazy\" decoding=\"async\" src=\"https:\/\/www.arc.cz\/obrazky\/clip_image001.jpg\" alt=\"logo_c4f_9\" width=\"152\" height=\"46\" \/><\/a>, which is engaged in the collection, purchase and environmentally friendly recycling of used ink cartridges and laser toners for printers in the Czech Republic. Using collection boxes, they try to simplify the conditions for recycling new materials. They know that many people are discouraged from recycling by the complexity and unavailability of collection points. And unlike our competitors, we also get refilled cartridges and toners !!! All this is FREE. <strong>That&#8217;s&nbsp;why we&#8217;ve decided that the ARC studio will become a&nbsp;collection point. We allow our partners and colleagues to bring empty cartridges and toners to our collection box.<\/strong><\/p>\n<p>Since 2017, we have a&nbsp;new large-format plotter in our studio. To print the drawings, we try to use 80% of the papers &#8220;made in accordance with the principles of the &#8220;forest management close to the nature&#8221;. See: <a href=\"https:\/\/cs.wikipedia.org\/wiki\/Forest_Stewardship_Council\">Wikipedia<\/a><\/p>\n<h2>Prospects and panels<\/h2>\n<\/div><\/section>\n\n[av_one_full first min_height='' vertical_alignment='' space='' custom_margin='' margin='0px' row_boxshadow='' row_boxshadow_color='' row_boxshadow_width='10' link='' linktarget='' link_hover='' title_attr='' alt_attr='' padding='0px' highlight='' highlight_size='' border='' border_color='' radius='0px' column_boxshadow='' column_boxshadow_color='' column_boxshadow_width='10' background='bg_color' background_color='' background_gradient_color1='' background_gradient_color2='' background_gradient_direction='vertical' src='' background_position='top left' background_repeat='no-repeat' animation='' mobile_breaking='' mobile_display='' av_uid='av-7dmtj']\r\n\r\n[av_horizontal_gallery ids='40463,40512,27459,27455,27451,27447,92231,91943,188391,188450' initial='' img_copyright='' height='35' size='gallery' gap='large' active='enlarge' control_layout='av-control-default' slider_navigation='av-navigate-arrows av-navigate-dots' nav_visibility_desktop='' nav_arrow_color='' nav_arrow_bg_color='#4da92f' nav_dots_color='' nav_dot_active_color='' lightbox_arrow_color='' lightbox_arrow_bg_color='' img_copyright_font='' av-desktop-font-img_copyright_font='' av-medium-font-img_copyright_font='' av-small-font-img_copyright_font='' av-mini-font-img_copyright_font='' img_copyright_color='' img_copyright_bg='' transition_speed='' autoplay='false' interval='5' links='' link_dest='_blank' lightbox_text='caption' img_scrset='' lazy_loading='enabled' alb_description='' id='' custom_class='' template_class='' av_uid='av-kiapl4zc' sc_version='1.0'][\/av_horizontal_gallery]\r\n\r\n[\/av_one_full]\n\n","protected":false},"excerpt":{"rendered":"","protected":false},"author":1,"featured_media":0,"parent":23457,"menu_order":0,"comment_status":"closed","ping_status":"closed","template":"","meta":{"footnotes":""},"yoast_head":"<!-- This site is optimized with the Yoast SEO plugin v23.1 - https:\/\/yoast.com\/wordpress\/plugins\/seo\/ -->\n<title>About Studio - Studio ARC<\/title>\n<meta name=\"robots\" content=\"index, follow, max-snippet:-1, max-image-preview:large, max-video-preview:-1\" \/>\n<link rel=\"canonical\" href=\"https:\/\/www.arc.cz\/en\/about-us\/o-studiu-arc\/\" \/>\n<meta property=\"og:locale\" content=\"en_US\" \/>\n<meta property=\"og:type\" content=\"article\" \/>\n<meta property=\"og:title\" content=\"About Studio - Studio ARC\" \/>\n<meta property=\"og:url\" content=\"https:\/\/www.arc.cz\/en\/about-us\/o-studiu-arc\/\" \/>\n<meta property=\"og:site_name\" content=\"Studio ARC\" \/>\n<meta property=\"article:modified_time\" content=\"2024-07-30T14:08:08+00:00\" \/>\n<meta property=\"og:image\" content=\"https:\/\/www.arc.cz\/obrazky\/clip_image001.jpg\" \/>\n<meta name=\"twitter:card\" content=\"summary_large_image\" \/>\n<meta name=\"twitter:label1\" content=\"Est. reading time\" \/>\n\t<meta name=\"twitter:data1\" content=\"10 minutes\" \/>\n<script type=\"application\/ld+json\" class=\"yoast-schema-graph\">{\"@context\":\"https:\/\/schema.org\",\"@graph\":[{\"@type\":\"WebPage\",\"@id\":\"https:\/\/www.arc.cz\/en\/about-us\/o-studiu-arc\/\",\"url\":\"https:\/\/www.arc.cz\/en\/about-us\/o-studiu-arc\/\",\"name\":\"About Studio - Studio ARC\",\"isPartOf\":{\"@id\":\"https:\/\/www.arc.cz\/en\/#website\"},\"primaryImageOfPage\":{\"@id\":\"https:\/\/www.arc.cz\/en\/about-us\/o-studiu-arc\/#primaryimage\"},\"image\":{\"@id\":\"https:\/\/www.arc.cz\/en\/about-us\/o-studiu-arc\/#primaryimage\"},\"thumbnailUrl\":\"https:\/\/www.arc.cz\/obrazky\/clip_image001.jpg\",\"datePublished\":\"2015-01-09T14:41:17+00:00\",\"dateModified\":\"2024-07-30T14:08:08+00:00\",\"breadcrumb\":{\"@id\":\"https:\/\/www.arc.cz\/en\/about-us\/o-studiu-arc\/#breadcrumb\"},\"inLanguage\":\"en-US\",\"potentialAction\":[{\"@type\":\"ReadAction\",\"target\":[\"https:\/\/www.arc.cz\/en\/about-us\/o-studiu-arc\/\"]}]},{\"@type\":\"ImageObject\",\"inLanguage\":\"en-US\",\"@id\":\"https:\/\/www.arc.cz\/en\/about-us\/o-studiu-arc\/#primaryimage\",\"url\":\"https:\/\/www.arc.cz\/obrazky\/clip_image001.jpg\",\"contentUrl\":\"https:\/\/www.arc.cz\/obrazky\/clip_image001.jpg\"},{\"@type\":\"BreadcrumbList\",\"@id\":\"https:\/\/www.arc.cz\/en\/about-us\/o-studiu-arc\/#breadcrumb\",\"itemListElement\":[{\"@type\":\"ListItem\",\"position\":1,\"name\":\"Dom\u016f\",\"item\":\"https:\/\/www.arc.cz\/en\/uvod\/\"},{\"@type\":\"ListItem\",\"position\":2,\"name\":\"About us\",\"item\":\"https:\/\/www.arc.cz\/en\/about-us\/\"},{\"@type\":\"ListItem\",\"position\":3,\"name\":\"About Studio\"}]},{\"@type\":\"WebSite\",\"@id\":\"https:\/\/www.arc.cz\/en\/#website\",\"url\":\"https:\/\/www.arc.cz\/en\/\",\"name\":\"Studio ARC\",\"description\":\"Old\u0159ich Hozman Architect | Holistic and organic architecture\",\"publisher\":{\"@id\":\"https:\/\/www.arc.cz\/en\/#organization\"},\"potentialAction\":[{\"@type\":\"SearchAction\",\"target\":{\"@type\":\"EntryPoint\",\"urlTemplate\":\"https:\/\/www.arc.cz\/en\/?s={search_term_string}\"},\"query-input\":\"required name=search_term_string\"}],\"inLanguage\":\"en-US\"},{\"@type\":\"Organization\",\"@id\":\"https:\/\/www.arc.cz\/en\/#organization\",\"name\":\"Studio ARC\",\"url\":\"https:\/\/www.arc.cz\/en\/\",\"logo\":{\"@type\":\"ImageObject\",\"inLanguage\":\"en-US\",\"@id\":\"https:\/\/www.arc.cz\/en\/#\/schema\/logo\/image\/\",\"url\":\"https:\/\/www.arc.cz\/wp-content\/uploads\/logo.gif\",\"contentUrl\":\"https:\/\/www.arc.cz\/wp-content\/uploads\/logo.gif\",\"width\":125,\"height\":125,\"caption\":\"Studio ARC\"},\"image\":{\"@id\":\"https:\/\/www.arc.cz\/en\/#\/schema\/logo\/image\/\"}}]}<\/script>\n<!-- \/ Yoast SEO plugin. -->","yoast_head_json":{"title":"About Studio - Studio ARC","robots":{"index":"index","follow":"follow","max-snippet":"max-snippet:-1","max-image-preview":"max-image-preview:large","max-video-preview":"max-video-preview:-1"},"canonical":"https:\/\/www.arc.cz\/en\/about-us\/o-studiu-arc\/","og_locale":"en_US","og_type":"article","og_title":"About Studio - Studio ARC","og_url":"https:\/\/www.arc.cz\/en\/about-us\/o-studiu-arc\/","og_site_name":"Studio ARC","article_modified_time":"2024-07-30T14:08:08+00:00","og_image":[{"url":"https:\/\/www.arc.cz\/obrazky\/clip_image001.jpg"}],"twitter_card":"summary_large_image","twitter_misc":{"Est. reading time":"10 minutes"},"schema":{"@context":"https:\/\/schema.org","@graph":[{"@type":"WebPage","@id":"https:\/\/www.arc.cz\/en\/about-us\/o-studiu-arc\/","url":"https:\/\/www.arc.cz\/en\/about-us\/o-studiu-arc\/","name":"About Studio - Studio ARC","isPartOf":{"@id":"https:\/\/www.arc.cz\/en\/#website"},"primaryImageOfPage":{"@id":"https:\/\/www.arc.cz\/en\/about-us\/o-studiu-arc\/#primaryimage"},"image":{"@id":"https:\/\/www.arc.cz\/en\/about-us\/o-studiu-arc\/#primaryimage"},"thumbnailUrl":"https:\/\/www.arc.cz\/obrazky\/clip_image001.jpg","datePublished":"2015-01-09T14:41:17+00:00","dateModified":"2024-07-30T14:08:08+00:00","breadcrumb":{"@id":"https:\/\/www.arc.cz\/en\/about-us\/o-studiu-arc\/#breadcrumb"},"inLanguage":"en-US","potentialAction":[{"@type":"ReadAction","target":["https:\/\/www.arc.cz\/en\/about-us\/o-studiu-arc\/"]}]},{"@type":"ImageObject","inLanguage":"en-US","@id":"https:\/\/www.arc.cz\/en\/about-us\/o-studiu-arc\/#primaryimage","url":"https:\/\/www.arc.cz\/obrazky\/clip_image001.jpg","contentUrl":"https:\/\/www.arc.cz\/obrazky\/clip_image001.jpg"},{"@type":"BreadcrumbList","@id":"https:\/\/www.arc.cz\/en\/about-us\/o-studiu-arc\/#breadcrumb","itemListElement":[{"@type":"ListItem","position":1,"name":"Dom\u016f","item":"https:\/\/www.arc.cz\/en\/uvod\/"},{"@type":"ListItem","position":2,"name":"About us","item":"https:\/\/www.arc.cz\/en\/about-us\/"},{"@type":"ListItem","position":3,"name":"About Studio"}]},{"@type":"WebSite","@id":"https:\/\/www.arc.cz\/en\/#website","url":"https:\/\/www.arc.cz\/en\/","name":"Studio ARC","description":"Old\u0159ich Hozman Architect | Holistic and organic architecture","publisher":{"@id":"https:\/\/www.arc.cz\/en\/#organization"},"potentialAction":[{"@type":"SearchAction","target":{"@type":"EntryPoint","urlTemplate":"https:\/\/www.arc.cz\/en\/?s={search_term_string}"},"query-input":"required name=search_term_string"}],"inLanguage":"en-US"},{"@type":"Organization","@id":"https:\/\/www.arc.cz\/en\/#organization","name":"Studio ARC","url":"https:\/\/www.arc.cz\/en\/","logo":{"@type":"ImageObject","inLanguage":"en-US","@id":"https:\/\/www.arc.cz\/en\/#\/schema\/logo\/image\/","url":"https:\/\/www.arc.cz\/wp-content\/uploads\/logo.gif","contentUrl":"https:\/\/www.arc.cz\/wp-content\/uploads\/logo.gif","width":125,"height":125,"caption":"Studio ARC"},"image":{"@id":"https:\/\/www.arc.cz\/en\/#\/schema\/logo\/image\/"}}]}},"_links":{"self":[{"href":"https:\/\/www.arc.cz\/en\/wp-json\/wp\/v2\/pages\/25873"}],"collection":[{"href":"https:\/\/www.arc.cz\/en\/wp-json\/wp\/v2\/pages"}],"about":[{"href":"https:\/\/www.arc.cz\/en\/wp-json\/wp\/v2\/types\/page"}],"author":[{"embeddable":true,"href":"https:\/\/www.arc.cz\/en\/wp-json\/wp\/v2\/users\/1"}],"replies":[{"embeddable":true,"href":"https:\/\/www.arc.cz\/en\/wp-json\/wp\/v2\/comments?post=25873"}],"version-history":[{"count":13,"href":"https:\/\/www.arc.cz\/en\/wp-json\/wp\/v2\/pages\/25873\/revisions"}],"predecessor-version":[{"id":190805,"href":"https:\/\/www.arc.cz\/en\/wp-json\/wp\/v2\/pages\/25873\/revisions\/190805"}],"up":[{"embeddable":true,"href":"https:\/\/www.arc.cz\/en\/wp-json\/wp\/v2\/pages\/23457"}],"wp:attachment":[{"href":"https:\/\/www.arc.cz\/en\/wp-json\/wp\/v2\/media?parent=25873"}],"curies":[{"name":"wp","href":"https:\/\/api.w.org\/{rel}","templated":true}]}}