{"id":114095,"date":"2015-01-09T15:57:46","date_gmt":"2015-01-09T14:57:46","guid":{"rendered":"https:\/\/www.arc.cz\/envio-de-invitaciones\/"},"modified":"2023-02-12T18:30:36","modified_gmt":"2023-02-12T17:30:36","slug":"envio-de-invitaciones","status":"publish","type":"page","link":"https:\/\/www.arc.cz\/es\/seminarios-y-conferencias\/envio-de-invitaciones\/","title":{"rendered":"Env\u00edo de invitaciones"},"content":{"rendered":"<em>Utilice este formulario para a\u00f1adir su direcci\u00f3n y recibir invitaciones a&nbsp;conferencias y seminarios relacionados con la arquitectura y el cuidado del medio ambiente. Tambi\u00e9n puede darse de baja del directorio.<\/em>\n<h4>Introduzca su direcci\u00f3n de correo electr\u00f3nico y la acci\u00f3n que desea realizar:<\/h4>\n\n<div class=\"wpcf7 no-js\" id=\"wpcf7-f9274-o1\" lang=\"cs-CZ\" dir=\"ltr\">\n<div class=\"screen-reader-response\"><p role=\"status\" aria-live=\"polite\" aria-atomic=\"true\"><\/p> <ul><\/ul><\/div>\n<form action=\"\/es\/wp-json\/wp\/v2\/pages\/114095#wpcf7-f9274-o1\" method=\"post\" class=\"wpcf7-form init\" aria-label=\"Kontaktn\u00ed formul\u00e1\u0159\" novalidate=\"novalidate\" data-status=\"init\">\n<div style=\"display: none;\">\n<input type=\"hidden\" name=\"_wpcf7\" value=\"9274\" \/>\n<input type=\"hidden\" name=\"_wpcf7_version\" value=\"5.9.7\" \/>\n<input type=\"hidden\" name=\"_wpcf7_locale\" value=\"cs_CZ\" \/>\n<input type=\"hidden\" name=\"_wpcf7_unit_tag\" value=\"wpcf7-f9274-o1\" \/>\n<input type=\"hidden\" name=\"_wpcf7_container_post\" value=\"0\" \/>\n<input type=\"hidden\" name=\"_wpcf7_posted_data_hash\" value=\"\" \/>\n<\/div>\n<p><label>V\u00e1\u0161 e-mail (vy\u017eadov\u00e1no)<\/label><br \/>\n<span class=\"wpcf7-form-control-wrap\" data-name=\"your-email\"><input size=\"40\" maxlength=\"400\" class=\"wpcf7-form-control wpcf7-email wpcf7-validates-as-required wpcf7-text wpcf7-validates-as-email\" aria-required=\"true\" aria-invalid=\"false\" value=\"\" type=\"email\" name=\"your-email\" \/><\/span>\n<\/p>\n<p><label>Akce<\/label><br \/>\n<span class=\"wpcf7-form-control-wrap\" data-name=\"akce\"><span class=\"wpcf7-form-control wpcf7-radio\"><span class=\"wpcf7-list-item first\"><input type=\"radio\" name=\"akce\" value=\"P\u0159ihl\u00e1sit odb\u011br\" checked=\"checked\" \/><span class=\"wpcf7-list-item-label\">P\u0159ihl\u00e1sit odb\u011br<\/span><\/span><span class=\"wpcf7-list-item last\"><input type=\"radio\" name=\"akce\" value=\"Odhl\u00e1sit odb\u011br\" \/><span class=\"wpcf7-list-item-label\">Odhl\u00e1sit odb\u011br<\/span><\/span><\/span><\/span>\n<\/p>\n<p><input class=\"wpcf7-form-control wpcf7-submit has-spinner\" type=\"submit\" value=\"Ulo\u017eit zm\u011bny\" \/>\n<\/p><div class=\"wpcf7-response-output\" aria-hidden=\"true\"><\/div>\n<\/form>\n<\/div>\n","protected":false},"excerpt":{"rendered":"Utilice este formulario para a\u00f1adir su direcci\u00f3n y recibir invitaciones a&nbsp;conferencias y seminarios relacionados con la arquitectura y el cuidado del medio ambiente. Tambi\u00e9n puede darse de baja del directorio. Introduzca su direcci\u00f3n de correo electr\u00f3nico y la acci\u00f3n que desea realizar:","protected":false},"author":1,"featured_media":0,"parent":114280,"menu_order":10,"comment_status":"closed","ping_status":"closed","template":"","meta":{"footnotes":""},"yoast_head":"<!-- This site is optimized with the Yoast SEO plugin v23.1 - https:\/\/yoast.com\/wordpress\/plugins\/seo\/ -->\n<title>Env\u00edo de invitaciones - Studio ARC<\/title>\n<meta name=\"robots\" content=\"index, follow, max-snippet:-1, max-image-preview:large, max-video-preview:-1\" \/>\n<link rel=\"canonical\" href=\"https:\/\/www.arc.cz\/es\/seminarios-y-conferencias\/envio-de-invitaciones\/\" \/>\n<meta property=\"og:locale\" content=\"es_ES\" \/>\n<meta property=\"og:type\" content=\"article\" \/>\n<meta property=\"og:title\" content=\"Env\u00edo de invitaciones - Studio ARC\" \/>\n<meta property=\"og:description\" content=\"Utilice este formulario para a\u00f1adir su direcci\u00f3n y recibir invitaciones a&nbsp;conferencias y seminarios relacionados con la arquitectura y el cuidado del medio ambiente. Tambi\u00e9n puede darse de baja del directorio. Introduzca su direcci\u00f3n de correo electr\u00f3nico y la acci\u00f3n que desea realizar:\" \/>\n<meta property=\"og:url\" content=\"https:\/\/www.arc.cz\/es\/seminarios-y-conferencias\/envio-de-invitaciones\/\" \/>\n<meta property=\"og:site_name\" content=\"Studio ARC\" \/>\n<meta property=\"article:modified_time\" content=\"2023-02-12T17:30:36+00:00\" \/>\n<meta name=\"twitter:card\" content=\"summary_large_image\" \/>\n<script type=\"application\/ld+json\" class=\"yoast-schema-graph\">{\"@context\":\"https:\/\/schema.org\",\"@graph\":[{\"@type\":\"WebPage\",\"@id\":\"https:\/\/www.arc.cz\/es\/seminarios-y-conferencias\/envio-de-invitaciones\/\",\"url\":\"https:\/\/www.arc.cz\/es\/seminarios-y-conferencias\/envio-de-invitaciones\/\",\"name\":\"Env\u00edo de invitaciones - Studio ARC\",\"isPartOf\":{\"@id\":\"https:\/\/www.arc.cz\/es\/#website\"},\"datePublished\":\"2015-01-09T14:57:46+00:00\",\"dateModified\":\"2023-02-12T17:30:36+00:00\",\"breadcrumb\":{\"@id\":\"https:\/\/www.arc.cz\/es\/seminarios-y-conferencias\/envio-de-invitaciones\/#breadcrumb\"},\"inLanguage\":\"es\",\"potentialAction\":[{\"@type\":\"ReadAction\",\"target\":[\"https:\/\/www.arc.cz\/es\/seminarios-y-conferencias\/envio-de-invitaciones\/\"]}]},{\"@type\":\"BreadcrumbList\",\"@id\":\"https:\/\/www.arc.cz\/es\/seminarios-y-conferencias\/envio-de-invitaciones\/#breadcrumb\",\"itemListElement\":[{\"@type\":\"ListItem\",\"position\":1,\"name\":\"Dom\u016f\",\"item\":\"https:\/\/www.arc.cz\/es\/celostni-a-organicka-architektura\/\"},{\"@type\":\"ListItem\",\"position\":2,\"name\":\"Seminarios y conferencias\",\"item\":\"https:\/\/www.arc.cz\/es\/seminarios-y-conferencias\/\"},{\"@type\":\"ListItem\",\"position\":3,\"name\":\"Env\u00edo de invitaciones\"}]},{\"@type\":\"WebSite\",\"@id\":\"https:\/\/www.arc.cz\/es\/#website\",\"url\":\"https:\/\/www.arc.cz\/es\/\",\"name\":\"Studio ARC\",\"description\":\"Old\u0159ich Hozman Architect | Holistic and organic architecture\",\"publisher\":{\"@id\":\"https:\/\/www.arc.cz\/es\/#organization\"},\"potentialAction\":[{\"@type\":\"SearchAction\",\"target\":{\"@type\":\"EntryPoint\",\"urlTemplate\":\"https:\/\/www.arc.cz\/es\/?s={search_term_string}\"},\"query-input\":\"required name=search_term_string\"}],\"inLanguage\":\"es\"},{\"@type\":\"Organization\",\"@id\":\"https:\/\/www.arc.cz\/es\/#organization\",\"name\":\"Studio ARC\",\"url\":\"https:\/\/www.arc.cz\/es\/\",\"logo\":{\"@type\":\"ImageObject\",\"inLanguage\":\"es\",\"@id\":\"https:\/\/www.arc.cz\/es\/#\/schema\/logo\/image\/\",\"url\":\"https:\/\/www.arc.cz\/wp-content\/uploads\/logo.gif\",\"contentUrl\":\"https:\/\/www.arc.cz\/wp-content\/uploads\/logo.gif\",\"width\":125,\"height\":125,\"caption\":\"Studio ARC\"},\"image\":{\"@id\":\"https:\/\/www.arc.cz\/es\/#\/schema\/logo\/image\/\"}}]}<\/script>\n<!-- \/ Yoast SEO plugin. -->","yoast_head_json":{"title":"Env\u00edo de invitaciones - Studio ARC","robots":{"index":"index","follow":"follow","max-snippet":"max-snippet:-1","max-image-preview":"max-image-preview:large","max-video-preview":"max-video-preview:-1"},"canonical":"https:\/\/www.arc.cz\/es\/seminarios-y-conferencias\/envio-de-invitaciones\/","og_locale":"es_ES","og_type":"article","og_title":"Env\u00edo de invitaciones - Studio ARC","og_description":"Utilice este formulario para a\u00f1adir su direcci\u00f3n y recibir invitaciones a&nbsp;conferencias y seminarios relacionados con la arquitectura y el cuidado del medio ambiente. Tambi\u00e9n puede darse de baja del directorio. Introduzca su direcci\u00f3n de correo electr\u00f3nico y la acci\u00f3n que desea realizar:","og_url":"https:\/\/www.arc.cz\/es\/seminarios-y-conferencias\/envio-de-invitaciones\/","og_site_name":"Studio ARC","article_modified_time":"2023-02-12T17:30:36+00:00","twitter_card":"summary_large_image","schema":{"@context":"https:\/\/schema.org","@graph":[{"@type":"WebPage","@id":"https:\/\/www.arc.cz\/es\/seminarios-y-conferencias\/envio-de-invitaciones\/","url":"https:\/\/www.arc.cz\/es\/seminarios-y-conferencias\/envio-de-invitaciones\/","name":"Env\u00edo de invitaciones - Studio ARC","isPartOf":{"@id":"https:\/\/www.arc.cz\/es\/#website"},"datePublished":"2015-01-09T14:57:46+00:00","dateModified":"2023-02-12T17:30:36+00:00","breadcrumb":{"@id":"https:\/\/www.arc.cz\/es\/seminarios-y-conferencias\/envio-de-invitaciones\/#breadcrumb"},"inLanguage":"es","potentialAction":[{"@type":"ReadAction","target":["https:\/\/www.arc.cz\/es\/seminarios-y-conferencias\/envio-de-invitaciones\/"]}]},{"@type":"BreadcrumbList","@id":"https:\/\/www.arc.cz\/es\/seminarios-y-conferencias\/envio-de-invitaciones\/#breadcrumb","itemListElement":[{"@type":"ListItem","position":1,"name":"Dom\u016f","item":"https:\/\/www.arc.cz\/es\/celostni-a-organicka-architektura\/"},{"@type":"ListItem","position":2,"name":"Seminarios y conferencias","item":"https:\/\/www.arc.cz\/es\/seminarios-y-conferencias\/"},{"@type":"ListItem","position":3,"name":"Env\u00edo de invitaciones"}]},{"@type":"WebSite","@id":"https:\/\/www.arc.cz\/es\/#website","url":"https:\/\/www.arc.cz\/es\/","name":"Studio ARC","description":"Old\u0159ich Hozman Architect | Holistic and organic architecture","publisher":{"@id":"https:\/\/www.arc.cz\/es\/#organization"},"potentialAction":[{"@type":"SearchAction","target":{"@type":"EntryPoint","urlTemplate":"https:\/\/www.arc.cz\/es\/?s={search_term_string}"},"query-input":"required name=search_term_string"}],"inLanguage":"es"},{"@type":"Organization","@id":"https:\/\/www.arc.cz\/es\/#organization","name":"Studio ARC","url":"https:\/\/www.arc.cz\/es\/","logo":{"@type":"ImageObject","inLanguage":"es","@id":"https:\/\/www.arc.cz\/es\/#\/schema\/logo\/image\/","url":"https:\/\/www.arc.cz\/wp-content\/uploads\/logo.gif","contentUrl":"https:\/\/www.arc.cz\/wp-content\/uploads\/logo.gif","width":125,"height":125,"caption":"Studio ARC"},"image":{"@id":"https:\/\/www.arc.cz\/es\/#\/schema\/logo\/image\/"}}]}},"_links":{"self":[{"href":"https:\/\/www.arc.cz\/es\/wp-json\/wp\/v2\/pages\/114095"}],"collection":[{"href":"https:\/\/www.arc.cz\/es\/wp-json\/wp\/v2\/pages"}],"about":[{"href":"https:\/\/www.arc.cz\/es\/wp-json\/wp\/v2\/types\/page"}],"author":[{"embeddable":true,"href":"https:\/\/www.arc.cz\/es\/wp-json\/wp\/v2\/users\/1"}],"replies":[{"embeddable":true,"href":"https:\/\/www.arc.cz\/es\/wp-json\/wp\/v2\/comments?post=114095"}],"version-history":[{"count":0,"href":"https:\/\/www.arc.cz\/es\/wp-json\/wp\/v2\/pages\/114095\/revisions"}],"up":[{"embeddable":true,"href":"https:\/\/www.arc.cz\/es\/wp-json\/wp\/v2\/pages\/114280"}],"wp:attachment":[{"href":"https:\/\/www.arc.cz\/es\/wp-json\/wp\/v2\/media?parent=114095"}],"curies":[{"name":"wp","href":"https:\/\/api.w.org\/{rel}","templated":true}]}}