{"id":114096,"date":"2015-01-09T15:48:13","date_gmt":"2015-01-09T14:48:13","guid":{"rendered":"https:\/\/www.arc.cz\/muebles-e-interiores\/contenido-de-los-proyectos\/"},"modified":"2023-02-11T13:10:04","modified_gmt":"2023-02-11T12:10:04","slug":"contenido-de-los-proyectos","status":"publish","type":"page","link":"https:\/\/www.arc.cz\/es\/muebles-e-interiores\/contenido-de-los-proyectos\/","title":{"rendered":"Contenido de los proyectos"},"content":{"rendered":"<h2>INFORMACI\u00d3N SOBRE LAS FECHAS Y EL CONTENIDO DE LAS FASES DEL PROYECTO<\/h2>\n<h3>Descripci\u00f3n detallada de las diferentes fases del proyecto:<\/h3>\n<ol>\n \t<li>Preparaci\u00f3n del contrato: familiarizaci\u00f3n con el proyecto, visita a&nbsp;la obra y entrega de documentos<\/li>\n \t<li>Interiorismo &#8211; estudio: elaboraci\u00f3n de bocetos art\u00edsticos en variantes, presentaci\u00f3n de maquetas en variantes<\/li>\n \t<li>Elaboraci\u00f3n de la documentaci\u00f3n para el dise\u00f1o interior: elaboraci\u00f3n de la documentaci\u00f3n t\u00e9cnica para la producci\u00f3n<\/li>\n \t<li>Preparaci\u00f3n de los documentos para la b\u00fasqueda y adjudicaci\u00f3n de la obra al contratista: preparaci\u00f3n del presupuesto y de los documentos para la b\u00fasqueda del contratista<\/li>\n \t<li>Cooperaci\u00f3n en la realizaci\u00f3n de la obra (supervisi\u00f3n t\u00e9cnica y de autor): inspecci\u00f3n y visita de edificios y talleres de producci\u00f3n<\/li>\n<\/ol>\nEl precio no incluye los precios de la topograf\u00eda interior. La tarifa tampoco incluye la producci\u00f3n de los modelos.\n\nLos gastos generales asociados a&nbsp;los desplazamientos en coche al recinto se cobran 8 coronas checas por kil\u00f3metro. Los precios no incluyen el 21% de IVA.\n\nLos plazos para empezar a&nbsp;trabajar en los proyectos oscilan entre 1 y 2 meses desde la aprobaci\u00f3n de la oferta.\n\nEl tiempo de tramitaci\u00f3n de todas las partes de las fases del proyecto oscila entre 6 y 12 meses.","protected":false},"excerpt":{"rendered":"INFORMACI\u00d3N SOBRE LAS FECHAS Y EL CONTENIDO DE LAS FASES DEL PROYECTO Descripci\u00f3n detallada de las diferentes fases del proyecto: Preparaci\u00f3n del contrato: familiarizaci\u00f3n con el proyecto, visita a&nbsp;la obra y entrega de documentos Interiorismo &#8211; estudio: elaboraci\u00f3n de bocetos art\u00edsticos en variantes, presentaci\u00f3n de maquetas en variantes Elaboraci\u00f3n de la documentaci\u00f3n para el dise\u00f1o [&hellip;]","protected":false},"author":1,"featured_media":0,"parent":113989,"menu_order":19,"comment_status":"closed","ping_status":"closed","template":"","meta":{"footnotes":""},"yoast_head":"<!-- This site is optimized with the Yoast SEO plugin v23.1 - https:\/\/yoast.com\/wordpress\/plugins\/seo\/ -->\n<title>Contenido de los proyectos - Studio ARC<\/title>\n<meta name=\"robots\" content=\"index, follow, max-snippet:-1, max-image-preview:large, max-video-preview:-1\" \/>\n<link rel=\"canonical\" href=\"https:\/\/www.arc.cz\/es\/muebles-e-interiores\/contenido-de-los-proyectos\/\" \/>\n<meta property=\"og:locale\" content=\"es_ES\" \/>\n<meta property=\"og:type\" content=\"article\" \/>\n<meta property=\"og:title\" content=\"Contenido de los proyectos - Studio ARC\" \/>\n<meta property=\"og:description\" content=\"INFORMACI\u00d3N SOBRE LAS FECHAS Y EL CONTENIDO DE LAS FASES DEL PROYECTO Descripci\u00f3n detallada de las diferentes fases del proyecto: Preparaci\u00f3n del contrato: familiarizaci\u00f3n con el proyecto, visita a&nbsp;la obra y entrega de documentos Interiorismo &#8211; estudio: elaboraci\u00f3n de bocetos art\u00edsticos en variantes, presentaci\u00f3n de maquetas en variantes Elaboraci\u00f3n de la documentaci\u00f3n para el dise\u00f1o [&hellip;]\" \/>\n<meta property=\"og:url\" content=\"https:\/\/www.arc.cz\/es\/muebles-e-interiores\/contenido-de-los-proyectos\/\" \/>\n<meta property=\"og:site_name\" content=\"Studio ARC\" \/>\n<meta property=\"article:modified_time\" content=\"2023-02-11T12:10:04+00:00\" \/>\n<meta name=\"twitter:card\" content=\"summary_large_image\" \/>\n<meta name=\"twitter:label1\" content=\"Tiempo de lectura\" \/>\n\t<meta name=\"twitter:data1\" content=\"1 minuto\" \/>\n<script type=\"application\/ld+json\" class=\"yoast-schema-graph\">{\"@context\":\"https:\/\/schema.org\",\"@graph\":[{\"@type\":\"WebPage\",\"@id\":\"https:\/\/www.arc.cz\/es\/muebles-e-interiores\/contenido-de-los-proyectos\/\",\"url\":\"https:\/\/www.arc.cz\/es\/muebles-e-interiores\/contenido-de-los-proyectos\/\",\"name\":\"Contenido de los proyectos - Studio ARC\",\"isPartOf\":{\"@id\":\"https:\/\/www.arc.cz\/es\/#website\"},\"datePublished\":\"2015-01-09T14:48:13+00:00\",\"dateModified\":\"2023-02-11T12:10:04+00:00\",\"breadcrumb\":{\"@id\":\"https:\/\/www.arc.cz\/es\/muebles-e-interiores\/contenido-de-los-proyectos\/#breadcrumb\"},\"inLanguage\":\"es\",\"potentialAction\":[{\"@type\":\"ReadAction\",\"target\":[\"https:\/\/www.arc.cz\/es\/muebles-e-interiores\/contenido-de-los-proyectos\/\"]}]},{\"@type\":\"BreadcrumbList\",\"@id\":\"https:\/\/www.arc.cz\/es\/muebles-e-interiores\/contenido-de-los-proyectos\/#breadcrumb\",\"itemListElement\":[{\"@type\":\"ListItem\",\"position\":1,\"name\":\"Dom\u016f\",\"item\":\"https:\/\/www.arc.cz\/es\/celostni-a-organicka-architektura\/\"},{\"@type\":\"ListItem\",\"position\":2,\"name\":\"Muebles e interiores\",\"item\":\"https:\/\/www.arc.cz\/es\/muebles-e-interiores\/\"},{\"@type\":\"ListItem\",\"position\":3,\"name\":\"Contenido de los proyectos\"}]},{\"@type\":\"WebSite\",\"@id\":\"https:\/\/www.arc.cz\/es\/#website\",\"url\":\"https:\/\/www.arc.cz\/es\/\",\"name\":\"Studio ARC\",\"description\":\"Old\u0159ich Hozman Architect | Holistic and organic architecture\",\"publisher\":{\"@id\":\"https:\/\/www.arc.cz\/es\/#organization\"},\"potentialAction\":[{\"@type\":\"SearchAction\",\"target\":{\"@type\":\"EntryPoint\",\"urlTemplate\":\"https:\/\/www.arc.cz\/es\/?s={search_term_string}\"},\"query-input\":\"required name=search_term_string\"}],\"inLanguage\":\"es\"},{\"@type\":\"Organization\",\"@id\":\"https:\/\/www.arc.cz\/es\/#organization\",\"name\":\"Studio ARC\",\"url\":\"https:\/\/www.arc.cz\/es\/\",\"logo\":{\"@type\":\"ImageObject\",\"inLanguage\":\"es\",\"@id\":\"https:\/\/www.arc.cz\/es\/#\/schema\/logo\/image\/\",\"url\":\"https:\/\/www.arc.cz\/wp-content\/uploads\/logo.gif\",\"contentUrl\":\"https:\/\/www.arc.cz\/wp-content\/uploads\/logo.gif\",\"width\":125,\"height\":125,\"caption\":\"Studio ARC\"},\"image\":{\"@id\":\"https:\/\/www.arc.cz\/es\/#\/schema\/logo\/image\/\"}}]}<\/script>\n<!-- \/ Yoast SEO plugin. -->","yoast_head_json":{"title":"Contenido de los proyectos - Studio ARC","robots":{"index":"index","follow":"follow","max-snippet":"max-snippet:-1","max-image-preview":"max-image-preview:large","max-video-preview":"max-video-preview:-1"},"canonical":"https:\/\/www.arc.cz\/es\/muebles-e-interiores\/contenido-de-los-proyectos\/","og_locale":"es_ES","og_type":"article","og_title":"Contenido de los proyectos - Studio ARC","og_description":"INFORMACI\u00d3N SOBRE LAS FECHAS Y EL CONTENIDO DE LAS FASES DEL PROYECTO Descripci\u00f3n detallada de las diferentes fases del proyecto: Preparaci\u00f3n del contrato: familiarizaci\u00f3n con el proyecto, visita a&nbsp;la obra y entrega de documentos Interiorismo &#8211; estudio: elaboraci\u00f3n de bocetos art\u00edsticos en variantes, presentaci\u00f3n de maquetas en variantes Elaboraci\u00f3n de la documentaci\u00f3n para el dise\u00f1o [&hellip;]","og_url":"https:\/\/www.arc.cz\/es\/muebles-e-interiores\/contenido-de-los-proyectos\/","og_site_name":"Studio ARC","article_modified_time":"2023-02-11T12:10:04+00:00","twitter_card":"summary_large_image","twitter_misc":{"Tiempo de lectura":"1 minuto"},"schema":{"@context":"https:\/\/schema.org","@graph":[{"@type":"WebPage","@id":"https:\/\/www.arc.cz\/es\/muebles-e-interiores\/contenido-de-los-proyectos\/","url":"https:\/\/www.arc.cz\/es\/muebles-e-interiores\/contenido-de-los-proyectos\/","name":"Contenido de los proyectos - Studio ARC","isPartOf":{"@id":"https:\/\/www.arc.cz\/es\/#website"},"datePublished":"2015-01-09T14:48:13+00:00","dateModified":"2023-02-11T12:10:04+00:00","breadcrumb":{"@id":"https:\/\/www.arc.cz\/es\/muebles-e-interiores\/contenido-de-los-proyectos\/#breadcrumb"},"inLanguage":"es","potentialAction":[{"@type":"ReadAction","target":["https:\/\/www.arc.cz\/es\/muebles-e-interiores\/contenido-de-los-proyectos\/"]}]},{"@type":"BreadcrumbList","@id":"https:\/\/www.arc.cz\/es\/muebles-e-interiores\/contenido-de-los-proyectos\/#breadcrumb","itemListElement":[{"@type":"ListItem","position":1,"name":"Dom\u016f","item":"https:\/\/www.arc.cz\/es\/celostni-a-organicka-architektura\/"},{"@type":"ListItem","position":2,"name":"Muebles e interiores","item":"https:\/\/www.arc.cz\/es\/muebles-e-interiores\/"},{"@type":"ListItem","position":3,"name":"Contenido de los proyectos"}]},{"@type":"WebSite","@id":"https:\/\/www.arc.cz\/es\/#website","url":"https:\/\/www.arc.cz\/es\/","name":"Studio ARC","description":"Old\u0159ich Hozman Architect | Holistic and organic architecture","publisher":{"@id":"https:\/\/www.arc.cz\/es\/#organization"},"potentialAction":[{"@type":"SearchAction","target":{"@type":"EntryPoint","urlTemplate":"https:\/\/www.arc.cz\/es\/?s={search_term_string}"},"query-input":"required name=search_term_string"}],"inLanguage":"es"},{"@type":"Organization","@id":"https:\/\/www.arc.cz\/es\/#organization","name":"Studio ARC","url":"https:\/\/www.arc.cz\/es\/","logo":{"@type":"ImageObject","inLanguage":"es","@id":"https:\/\/www.arc.cz\/es\/#\/schema\/logo\/image\/","url":"https:\/\/www.arc.cz\/wp-content\/uploads\/logo.gif","contentUrl":"https:\/\/www.arc.cz\/wp-content\/uploads\/logo.gif","width":125,"height":125,"caption":"Studio ARC"},"image":{"@id":"https:\/\/www.arc.cz\/es\/#\/schema\/logo\/image\/"}}]}},"_links":{"self":[{"href":"https:\/\/www.arc.cz\/es\/wp-json\/wp\/v2\/pages\/114096"}],"collection":[{"href":"https:\/\/www.arc.cz\/es\/wp-json\/wp\/v2\/pages"}],"about":[{"href":"https:\/\/www.arc.cz\/es\/wp-json\/wp\/v2\/types\/page"}],"author":[{"embeddable":true,"href":"https:\/\/www.arc.cz\/es\/wp-json\/wp\/v2\/users\/1"}],"replies":[{"embeddable":true,"href":"https:\/\/www.arc.cz\/es\/wp-json\/wp\/v2\/comments?post=114096"}],"version-history":[{"count":0,"href":"https:\/\/www.arc.cz\/es\/wp-json\/wp\/v2\/pages\/114096\/revisions"}],"up":[{"embeddable":true,"href":"https:\/\/www.arc.cz\/es\/wp-json\/wp\/v2\/pages\/113989"}],"wp:attachment":[{"href":"https:\/\/www.arc.cz\/es\/wp-json\/wp\/v2\/media?parent=114096"}],"curies":[{"name":"wp","href":"https:\/\/api.w.org\/{rel}","templated":true}]}}