{"id":114098,"date":"2015-01-09T12:08:54","date_gmt":"2015-01-09T11:08:54","guid":{"rendered":"https:\/\/www.arc.cz\/arquitectura-y-paisajismo\/servicios-prestados\/"},"modified":"2023-02-11T22:40:40","modified_gmt":"2023-02-11T21:40:40","slug":"servicios-prestados","status":"publish","type":"page","link":"https:\/\/www.arc.cz\/es\/arquitectura-y-paisajismo\/servicios-prestados\/","title":{"rendered":"Servicios prestados"},"content":{"rendered":"<section  class='av_textblock_section av-qms-dad8647b03539c854e3bcff2d0cd4a5c '   itemscope=\"itemscope\" itemtype=\"https:\/\/schema.org\/CreativeWork\" ><div class='avia_textblock'  itemprop=\"text\" ><ul>\n<li><em>Dise\u00f1os originales para edificios de bajo consumo energ\u00e9tico<\/em><\/li>\n<li><em>Estudios y proyectos para permisos de construcci\u00f3n y proyectos de ejecuci\u00f3n de edificios  <\/em><\/li>\n<li><em>Propuestas de reconstrucci\u00f3n ecol\u00f3gica de edificios y monumentos  <\/em><\/li>\n<li><em>Planes urban\u00edsticos en armon\u00eda con el paisaje y dise\u00f1os de jardines<\/em><\/li>\n<li><em>Utilizar materiales de construcci\u00f3n sanos y principios de construcci\u00f3n ecol\u00f3gicos  <\/em><\/li>\n<li><em>Edificios para la educaci\u00f3n, la cultura y la asistencia social  <\/em><\/li>\n<\/ul>\n<p>Entendemos el dise\u00f1o y la realizaci\u00f3n de unidades arquitect\u00f3nicas y paisaj\u00edsticas como expresiones significativas de la acci\u00f3n humana. La arquitectura crea oportunidades para el cambio de comportamiento, la evoluci\u00f3n y un nuevo crecimiento humano. Desarrollamos proyectos de forma hol\u00edstica, es decir, a&nbsp;todos los niveles: espiritual, mental, fuerza vital y f\u00edsico. Gracias a&nbsp;ello, se puede dar un nuevo equilibrio a&nbsp;los lugares mediante dicha creaci\u00f3n y la cooperaci\u00f3n activa con el cliente. Y proporcionar incentivos para su propio desarrollo y crecimiento a&nbsp;quienes los habitan o&nbsp;visitan.<\/p>\n<p>Nuestra respuesta al desarrollo de los cambios civilizacionales y a&nbsp;los enfoques contempor\u00e1neos en la industria de la construcci\u00f3n es el dise\u00f1o de casas ecol\u00f3gicas y energ\u00e9ticamente eficientes. Al mismo tiempo, prestamos atenci\u00f3n a&nbsp;la est\u00e9tica y a&nbsp;la artesan\u00eda art\u00edstica.<\/p>\n<p>Como nos interesa preservar una vida sostenible, dise\u00f1amos proyectos con materiales saludables tanto para las personas como para la Tierra. Es decir, f\u00e1cil de fabricar, apto para la habitaci\u00f3n humana y, en \u00faltima instancia, reciclable. En el caso de los edificios, los materiales suelen ser la madera, la piedra, los ladrillos quemados o&nbsp;de barro cocido, la cer\u00e1mica y los aislantes de origen vegetal.<\/p>\n<p>Desarrollamos los proyectos con sensibilidad en relaci\u00f3n con el lugar y el paisaje de forma hol\u00edstica. Nuestro trabajo se inspira en los principios hol\u00edsticos de la creaci\u00f3n de entornos humanos. Nos acercamos a&nbsp;las ense\u00f1anzas del feng-shui o&nbsp;a&nbsp;los principios de la geomancia europea moderna. Tambi\u00e9n nos inspira la ciencia espiritual del hombre.<\/p>\n<\/div><\/section>\n\n\n<style type=\"text\/css\" data-created_by=\"avia_inline_auto\" id=\"style-css-av-572c-85789e1f17436040713d28a8f749b016\">\n.flex_column.av-572c-85789e1f17436040713d28a8f749b016{\nborder-radius:0px 0px 0px 0px;\npadding:0px 0px 0px 0px;\n}\n<\/style>\n<div  class='flex_column av-572c-85789e1f17436040713d28a8f749b016 av_one_full  avia-builder-el-1  el_after_av_textblock  avia-builder-el-last  first flex_column_div av-zero-column-padding  column-top-margin'     ><div id='av-masonry-1' class='av-masonry av-2cys-f10b7c8982a6b7932bc01649add05997 noHover av-fixed-size av-large-gap av-hover-overlay-active av-masonry-animation-active av-masonry-col-3 av-caption-always av-caption-style- av-masonry-entries ' data-post_id=\"114098\"><div class=\"av-masonry-container isotope av-js-disabled\"><div class='av-masonry-entry isotope-item av-masonry-item-no-image '><\/div><a href=\"https:\/\/www.arc.cz\/es\/portfolio-item\/diseno-arquitectonico-de-una-escuela-y-jardin-de-infancia-waldorf-en-reno-nevada-2019\/\"  id='av-masonry-1-item-114464' data-av-masonry-item='114464' class='av-masonry-entry isotope-item post-114464 portfolio type-portfolio status-publish has-post-thumbnail hentry tag-arquitectura-holistica-es tag-arquitectura-organica-es tag-arte-goetheanista tag-diseno-antroposofico-es tag-diseno-colectivo-es tag-diseno-participativo-es tag-feng-shui-es tag-geomancia-es tag-materiales-naturales-es tag-planificacion-participativa tag-yesos-de-arcilla portfolio_entries-arquitectura-y-paisajismo  av-masonry-item-with-image av-landscape-img' title=\"Maqueta de un campus escolar Waldorf creado de forma participativa\"   itemscope=\"itemscope\" itemtype=\"https:\/\/schema.org\/CreativeWork\" ><div class='av-inner-masonry-sizer'><\/div><figure class='av-inner-masonry main_color'><div class=\"av-masonry-outerimage-container\"><div class='av-masonry-image-container' style=\"background-image: url(https:\/\/www.arc.cz\/wp-content\/uploads\/2019\/09\/waldorf_school_architecture_participative_design_model_reno_detail-400x224.jpg);\"  title=\"Maqueta de un campus escolar Waldorf creado de forma participativa\" ><\/div><\/div><figcaption class='av-inner-masonry-content site-background'><div class='av-inner-masonry-content-pos'><div class='av-inner-masonry-content-pos-content'><div class='avia-arrow'><\/div><h3 class='av-masonry-entry-title entry-title '  itemprop=\"headline\" >Dise\u00f1o arquitect\u00f3nico de una escuela y jard\u00edn de infancia Waldorf en Reno, Nevada (2019)<\/h3><\/div><\/div><\/figcaption><\/figure><\/a><!--end av-masonry entry--><a href=\"https:\/\/www.arc.cz\/es\/portfolio-item\/diseno-urbano-de-nuevos-edificios-en-el-pueblo-de-byst\/\"  id='av-masonry-1-item-114433' data-av-masonry-item='114433' class='av-masonry-entry isotope-item post-114433 portfolio type-portfolio status-publish has-post-thumbnail hentry tag-plano tag-arquitectura-organica tag-casa-de-familia tag-baja-energia tag-edificio-de-apartamentos tag-feng-shui-es tag-jardin tag-jardin-natural tag-materiales-naturales tag-viviendas-protegidas tag-yeso-de-arcilla portfolio_entries-arquitectura-y-paisajismo  av-masonry-item-with-image av-grid-img' title=\"nuevo plan urban\u00edstico sostenible en vilage Byst (17)\"   itemscope=\"itemscope\" itemtype=\"https:\/\/schema.org\/CreativeWork\" ><div class='av-inner-masonry-sizer'><\/div><figure class='av-inner-masonry main_color'><div class=\"av-masonry-outerimage-container\"><div class='av-masonry-image-container' style=\"background-image: url(https:\/\/www.arc.cz\/wp-content\/uploads\/2019\/10\/sustainable-new-urban-plan-in-vilage-byst-17-400x242.jpg);\"  title=\"nuevo plan urban\u00edstico sostenible en vilage Byst (17)\" ><\/div><\/div><figcaption class='av-inner-masonry-content site-background'><div class='av-inner-masonry-content-pos'><div class='av-inner-masonry-content-pos-content'><div class='avia-arrow'><\/div><h3 class='av-masonry-entry-title entry-title '  itemprop=\"headline\" >Dise\u00f1o urbano de nuevos edificios en el pueblo de B\u00fd\u0161t&#8217;<\/h3><\/div><\/div><\/figcaption><\/figure><\/a><!--end av-masonry entry--><a href=\"https:\/\/www.arc.cz\/es\/portfolio-item\/casa-en-el-palol-espana-2010\/\"  id='av-masonry-1-item-113982' data-av-masonry-item='113982' class='av-masonry-entry isotope-item post-113982 portfolio type-portfolio status-publish has-post-thumbnail hentry tag-arquitectura-holistica tag-casa-de-familia tag-baja-energia tag-diseno-participativo tag-edificio-de-madera tag-feng-shui-es tag-geomancia tag-jardin tag-materiales-naturales tag-yeso-de-arcilla portfolio_entries-arquitectura-y-paisajismo portfolio_entries-geomancia-y-creacion-de-entornos portfolio_entries-muebles-e-interiores  av-masonry-item-with-image av-grid-img' title=\"casa org\u00e1nica\"   itemscope=\"itemscope\" itemtype=\"https:\/\/schema.org\/CreativeWork\" ><div class='av-inner-masonry-sizer'><\/div><figure class='av-inner-masonry main_color'><div class=\"av-masonry-outerimage-container\"><div class='av-masonry-image-container' style=\"background-image: url(https:\/\/www.arc.cz\/wp-content\/uploads\/2015\/01\/low-web_hdr2sun-400x266.jpg);\"  title=\"casa org\u00e1nica\" ><\/div><\/div><figcaption class='av-inner-masonry-content site-background'><div class='av-inner-masonry-content-pos'><div class='av-inner-masonry-content-pos-content'><div class='avia-arrow'><\/div><h3 class='av-masonry-entry-title entry-title '  itemprop=\"headline\" >Casa en El Palol, Espa\u00f1a (2010)<\/h3><\/div><\/div><\/figcaption><\/figure><\/a><!--end av-masonry entry--><a href=\"https:\/\/www.arc.cz\/es\/portfolio-item\/centro-de-desarrollo-personal-de-ceske-budejovice-2018\/\"  id='av-masonry-1-item-114444' data-av-masonry-item='114444' class='av-masonry-entry isotope-item post-114444 portfolio type-portfolio status-publish has-post-thumbnail hentry portfolio_entries-arquitectura-y-paisajismo  av-masonry-item-with-image av-grid-img' title=\"2017_11_26_vista_norte_variante_1\"   itemscope=\"itemscope\" itemtype=\"https:\/\/schema.org\/CreativeWork\" ><div class='av-inner-masonry-sizer'><\/div><figure class='av-inner-masonry main_color'><div class=\"av-masonry-outerimage-container\"><div class='av-masonry-image-container' style=\"background-image: url(https:\/\/www.arc.cz\/wp-content\/uploads\/2019\/03\/2017_11_26_severni_pohled_varianta_1-400x283.jpg);\"  title=\"2017_11_26_vista_norte_variante_1\" ><\/div><\/div><figcaption class='av-inner-masonry-content site-background'><div class='av-inner-masonry-content-pos'><div class='av-inner-masonry-content-pos-content'><div class='avia-arrow'><\/div><h3 class='av-masonry-entry-title entry-title '  itemprop=\"headline\" >Centro de Desarrollo Personal de \u010cesk\u00e9 Bud\u011bjovice (2018)<\/h3><\/div><\/div><\/figcaption><\/figure><\/a><!--end av-masonry entry--><a href=\"https:\/\/www.arc.cz\/es\/portfolio-item\/casa-unifamiliar-en-nebusice\/\"  id='av-masonry-1-item-114246' data-av-masonry-item='114246' class='av-masonry-entry isotope-item post-114246 portfolio type-portfolio status-publish has-post-thumbnail hentry tag-casa-de-familia portfolio_entries-arquitectura-y-paisajismo portfolio_entries-muebles-e-interiores  av-masonry-item-with-image av-grid-img' title=\"00001-20141011_143335\"   itemscope=\"itemscope\" itemtype=\"https:\/\/schema.org\/CreativeWork\" ><div class='av-inner-masonry-sizer'><\/div><figure class='av-inner-masonry main_color'><div class=\"av-masonry-outerimage-container\"><div class='av-masonry-image-container' style=\"background-image: url(https:\/\/www.arc.cz\/wp-content\/uploads\/2011\/01\/00001-20141011_143335-400x300.jpg);\"  title=\"00001-20141011_143335\" ><\/div><\/div><figcaption class='av-inner-masonry-content site-background'><div class='av-inner-masonry-content-pos'><div class='av-inner-masonry-content-pos-content'><div class='avia-arrow'><\/div><h3 class='av-masonry-entry-title entry-title '  itemprop=\"headline\" >Casa unifamiliar en&nbsp;Nebusice<\/h3><\/div><\/div><\/figcaption><\/figure><\/a><!--end av-masonry entry--><a href=\"https:\/\/www.arc.cz\/es\/portfolio-item\/casa-familiar-en-bratislava-2018\/\"  id='av-masonry-1-item-114434' data-av-masonry-item='114434' class='av-masonry-entry isotope-item post-114434 portfolio type-portfolio status-publish has-post-thumbnail hentry tag-arquitectura-holistica tag-arquitectura-organica tag-arte-goetheano tag-baja-energia tag-diseno-antroposofico tag-diseno-colectivo tag-feng-shui-es tag-jardin tag-materiales-naturales tag-yeso-de-arcilla portfolio_entries-arquitectura-y-paisajismo  av-masonry-item-with-image av-grid-img' title=\"vista noroeste\"   itemscope=\"itemscope\" itemtype=\"https:\/\/schema.org\/CreativeWork\" ><div class='av-inner-masonry-sizer'><\/div><figure class='av-inner-masonry main_color'><div class=\"av-masonry-outerimage-container\"><div class='av-masonry-image-container' style=\"background-image: url(https:\/\/www.arc.cz\/wp-content\/uploads\/2019\/02\/2019_01_05_severozapadni_pohled-400x283.jpg);\"  title=\"vista noroeste\" ><\/div><\/div><figcaption class='av-inner-masonry-content site-background'><div class='av-inner-masonry-content-pos'><div class='av-inner-masonry-content-pos-content'><div class='avia-arrow'><\/div><h3 class='av-masonry-entry-title entry-title '  itemprop=\"headline\" >Casa familiar en Bratislava (2018)<\/h3><\/div><\/div><\/figcaption><\/figure><\/a><!--end av-masonry entry--><\/div><\/div><\/div>","protected":false},"excerpt":{"rendered":"","protected":false},"author":1,"featured_media":0,"parent":113988,"menu_order":0,"comment_status":"closed","ping_status":"closed","template":"","meta":{"footnotes":""},"yoast_head":"<!-- This site is optimized with the Yoast SEO plugin v23.1 - https:\/\/yoast.com\/wordpress\/plugins\/seo\/ -->\n<title>Servicios prestados - Studio ARC<\/title>\n<meta name=\"robots\" content=\"index, follow, max-snippet:-1, max-image-preview:large, max-video-preview:-1\" \/>\n<link rel=\"canonical\" href=\"https:\/\/www.arc.cz\/es\/arquitectura-y-paisajismo\/servicios-prestados\/\" \/>\n<meta property=\"og:locale\" content=\"es_ES\" \/>\n<meta property=\"og:type\" content=\"article\" \/>\n<meta property=\"og:title\" content=\"Servicios prestados - Studio ARC\" \/>\n<meta property=\"og:url\" content=\"https:\/\/www.arc.cz\/es\/arquitectura-y-paisajismo\/servicios-prestados\/\" \/>\n<meta property=\"og:site_name\" content=\"Studio ARC\" \/>\n<meta property=\"article:modified_time\" content=\"2023-02-11T21:40:40+00:00\" \/>\n<meta name=\"twitter:card\" content=\"summary_large_image\" \/>\n<meta name=\"twitter:label1\" content=\"Tiempo de lectura\" \/>\n\t<meta name=\"twitter:data1\" content=\"2 minutos\" \/>\n<script type=\"application\/ld+json\" class=\"yoast-schema-graph\">{\"@context\":\"https:\/\/schema.org\",\"@graph\":[{\"@type\":\"WebPage\",\"@id\":\"https:\/\/www.arc.cz\/es\/arquitectura-y-paisajismo\/servicios-prestados\/\",\"url\":\"https:\/\/www.arc.cz\/es\/arquitectura-y-paisajismo\/servicios-prestados\/\",\"name\":\"Servicios prestados - Studio ARC\",\"isPartOf\":{\"@id\":\"https:\/\/www.arc.cz\/es\/#website\"},\"datePublished\":\"2015-01-09T11:08:54+00:00\",\"dateModified\":\"2023-02-11T21:40:40+00:00\",\"breadcrumb\":{\"@id\":\"https:\/\/www.arc.cz\/es\/arquitectura-y-paisajismo\/servicios-prestados\/#breadcrumb\"},\"inLanguage\":\"es\",\"potentialAction\":[{\"@type\":\"ReadAction\",\"target\":[\"https:\/\/www.arc.cz\/es\/arquitectura-y-paisajismo\/servicios-prestados\/\"]}]},{\"@type\":\"BreadcrumbList\",\"@id\":\"https:\/\/www.arc.cz\/es\/arquitectura-y-paisajismo\/servicios-prestados\/#breadcrumb\",\"itemListElement\":[{\"@type\":\"ListItem\",\"position\":1,\"name\":\"Dom\u016f\",\"item\":\"https:\/\/www.arc.cz\/es\/celostni-a-organicka-architektura\/\"},{\"@type\":\"ListItem\",\"position\":2,\"name\":\"Arquitectura y paisajismo\",\"item\":\"https:\/\/www.arc.cz\/es\/arquitectura-y-paisajismo\/\"},{\"@type\":\"ListItem\",\"position\":3,\"name\":\"Servicios prestados\"}]},{\"@type\":\"WebSite\",\"@id\":\"https:\/\/www.arc.cz\/es\/#website\",\"url\":\"https:\/\/www.arc.cz\/es\/\",\"name\":\"Studio ARC\",\"description\":\"Old\u0159ich Hozman Architect | Holistic and organic architecture\",\"publisher\":{\"@id\":\"https:\/\/www.arc.cz\/es\/#organization\"},\"potentialAction\":[{\"@type\":\"SearchAction\",\"target\":{\"@type\":\"EntryPoint\",\"urlTemplate\":\"https:\/\/www.arc.cz\/es\/?s={search_term_string}\"},\"query-input\":\"required name=search_term_string\"}],\"inLanguage\":\"es\"},{\"@type\":\"Organization\",\"@id\":\"https:\/\/www.arc.cz\/es\/#organization\",\"name\":\"Studio ARC\",\"url\":\"https:\/\/www.arc.cz\/es\/\",\"logo\":{\"@type\":\"ImageObject\",\"inLanguage\":\"es\",\"@id\":\"https:\/\/www.arc.cz\/es\/#\/schema\/logo\/image\/\",\"url\":\"https:\/\/www.arc.cz\/wp-content\/uploads\/logo.gif\",\"contentUrl\":\"https:\/\/www.arc.cz\/wp-content\/uploads\/logo.gif\",\"width\":125,\"height\":125,\"caption\":\"Studio ARC\"},\"image\":{\"@id\":\"https:\/\/www.arc.cz\/es\/#\/schema\/logo\/image\/\"}}]}<\/script>\n<!-- \/ Yoast SEO plugin. -->","yoast_head_json":{"title":"Servicios prestados - Studio ARC","robots":{"index":"index","follow":"follow","max-snippet":"max-snippet:-1","max-image-preview":"max-image-preview:large","max-video-preview":"max-video-preview:-1"},"canonical":"https:\/\/www.arc.cz\/es\/arquitectura-y-paisajismo\/servicios-prestados\/","og_locale":"es_ES","og_type":"article","og_title":"Servicios prestados - Studio ARC","og_url":"https:\/\/www.arc.cz\/es\/arquitectura-y-paisajismo\/servicios-prestados\/","og_site_name":"Studio ARC","article_modified_time":"2023-02-11T21:40:40+00:00","twitter_card":"summary_large_image","twitter_misc":{"Tiempo de lectura":"2 minutos"},"schema":{"@context":"https:\/\/schema.org","@graph":[{"@type":"WebPage","@id":"https:\/\/www.arc.cz\/es\/arquitectura-y-paisajismo\/servicios-prestados\/","url":"https:\/\/www.arc.cz\/es\/arquitectura-y-paisajismo\/servicios-prestados\/","name":"Servicios prestados - Studio ARC","isPartOf":{"@id":"https:\/\/www.arc.cz\/es\/#website"},"datePublished":"2015-01-09T11:08:54+00:00","dateModified":"2023-02-11T21:40:40+00:00","breadcrumb":{"@id":"https:\/\/www.arc.cz\/es\/arquitectura-y-paisajismo\/servicios-prestados\/#breadcrumb"},"inLanguage":"es","potentialAction":[{"@type":"ReadAction","target":["https:\/\/www.arc.cz\/es\/arquitectura-y-paisajismo\/servicios-prestados\/"]}]},{"@type":"BreadcrumbList","@id":"https:\/\/www.arc.cz\/es\/arquitectura-y-paisajismo\/servicios-prestados\/#breadcrumb","itemListElement":[{"@type":"ListItem","position":1,"name":"Dom\u016f","item":"https:\/\/www.arc.cz\/es\/celostni-a-organicka-architektura\/"},{"@type":"ListItem","position":2,"name":"Arquitectura y paisajismo","item":"https:\/\/www.arc.cz\/es\/arquitectura-y-paisajismo\/"},{"@type":"ListItem","position":3,"name":"Servicios prestados"}]},{"@type":"WebSite","@id":"https:\/\/www.arc.cz\/es\/#website","url":"https:\/\/www.arc.cz\/es\/","name":"Studio ARC","description":"Old\u0159ich Hozman Architect | Holistic and organic architecture","publisher":{"@id":"https:\/\/www.arc.cz\/es\/#organization"},"potentialAction":[{"@type":"SearchAction","target":{"@type":"EntryPoint","urlTemplate":"https:\/\/www.arc.cz\/es\/?s={search_term_string}"},"query-input":"required name=search_term_string"}],"inLanguage":"es"},{"@type":"Organization","@id":"https:\/\/www.arc.cz\/es\/#organization","name":"Studio ARC","url":"https:\/\/www.arc.cz\/es\/","logo":{"@type":"ImageObject","inLanguage":"es","@id":"https:\/\/www.arc.cz\/es\/#\/schema\/logo\/image\/","url":"https:\/\/www.arc.cz\/wp-content\/uploads\/logo.gif","contentUrl":"https:\/\/www.arc.cz\/wp-content\/uploads\/logo.gif","width":125,"height":125,"caption":"Studio ARC"},"image":{"@id":"https:\/\/www.arc.cz\/es\/#\/schema\/logo\/image\/"}}]}},"_links":{"self":[{"href":"https:\/\/www.arc.cz\/es\/wp-json\/wp\/v2\/pages\/114098"}],"collection":[{"href":"https:\/\/www.arc.cz\/es\/wp-json\/wp\/v2\/pages"}],"about":[{"href":"https:\/\/www.arc.cz\/es\/wp-json\/wp\/v2\/types\/page"}],"author":[{"embeddable":true,"href":"https:\/\/www.arc.cz\/es\/wp-json\/wp\/v2\/users\/1"}],"replies":[{"embeddable":true,"href":"https:\/\/www.arc.cz\/es\/wp-json\/wp\/v2\/comments?post=114098"}],"version-history":[{"count":0,"href":"https:\/\/www.arc.cz\/es\/wp-json\/wp\/v2\/pages\/114098\/revisions"}],"up":[{"embeddable":true,"href":"https:\/\/www.arc.cz\/es\/wp-json\/wp\/v2\/pages\/113988"}],"wp:attachment":[{"href":"https:\/\/www.arc.cz\/es\/wp-json\/wp\/v2\/media?parent=114098"}],"curies":[{"name":"wp","href":"https:\/\/api.w.org\/{rel}","templated":true}]}}