{"id":114103,"date":"2015-01-09T15:39:48","date_gmt":"2015-01-09T14:39:48","guid":{"rendered":"https:\/\/www.arc.cz\/consulta\/"},"modified":"2024-08-03T22:23:01","modified_gmt":"2024-08-03T20:23:01","slug":"consulta","status":"publish","type":"page","link":"https:\/\/www.arc.cz\/es\/consulta\/","title":{"rendered":"Consulta"},"content":{"rendered":"<h3>Tipos y m\u00e9todos de consulta:<\/h3>\n<ul>\n \t<li>El precio de una consulta oral profesional en el estudio, por tel\u00e9fono o&nbsp;por escrito por correo electr\u00f3nico es de 1.200 CZK\/hora (45 EUR\/hora).<\/li>\n \t<li>El precio de una consulta profesional en casa del cliente es de 2.400 CZK\/hora (90 EUR\/hora).<\/li>\n \t<li>El precio por el tiempo empleado en el trayecto hasta el cliente es de 350 CZK\/hora (13 EUR\/hora).<\/li>\n \t<li>El precio del transporte es de 8 CZK\/km (0,3 EUR\/km).<\/li>\n<\/ul>\nDurante la consulta tambi\u00e9n puede recibir sugerencias en forma de bocetos y dibujos para la documentaci\u00f3n del proyecto. Puede grabar la consulta. Si la consulta es m\u00e1s breve, se cobrar\u00e1 el tiempo exacto empleado.","protected":false},"excerpt":{"rendered":"Tipos y m\u00e9todos de consulta: El precio de una consulta oral profesional en el estudio, por tel\u00e9fono o&nbsp;por escrito por correo electr\u00f3nico es de 1.200 CZK\/hora (45 EUR\/hora). El precio de una consulta profesional en casa del cliente es de 2.400 CZK\/hora (90 EUR\/hora). El precio por el tiempo empleado en el trayecto hasta el [&hellip;]","protected":false},"author":1,"featured_media":0,"parent":0,"menu_order":31,"comment_status":"closed","ping_status":"closed","template":"","meta":{"footnotes":""},"yoast_head":"<!-- This site is optimized with the Yoast SEO plugin v23.1 - https:\/\/yoast.com\/wordpress\/plugins\/seo\/ -->\n<title>Consulta - Studio ARC<\/title>\n<meta name=\"robots\" content=\"index, follow, max-snippet:-1, max-image-preview:large, max-video-preview:-1\" \/>\n<link rel=\"canonical\" href=\"https:\/\/www.arc.cz\/es\/consulta\/\" \/>\n<meta property=\"og:locale\" content=\"es_ES\" \/>\n<meta property=\"og:type\" content=\"article\" \/>\n<meta property=\"og:title\" content=\"Consulta - Studio ARC\" \/>\n<meta property=\"og:description\" content=\"Tipos y m\u00e9todos de consulta: El precio de una consulta oral profesional en el estudio, por tel\u00e9fono o&nbsp;por escrito por correo electr\u00f3nico es de 1.200 CZK\/hora (45 EUR\/hora). El precio de una consulta profesional en casa del cliente es de 2.400 CZK\/hora (90 EUR\/hora). El precio por el tiempo empleado en el trayecto hasta el [&hellip;]\" \/>\n<meta property=\"og:url\" content=\"https:\/\/www.arc.cz\/es\/consulta\/\" \/>\n<meta property=\"og:site_name\" content=\"Studio ARC\" \/>\n<meta property=\"article:modified_time\" content=\"2024-08-03T20:23:01+00:00\" \/>\n<meta name=\"twitter:card\" content=\"summary_large_image\" \/>\n<meta name=\"twitter:label1\" content=\"Tiempo de lectura\" \/>\n\t<meta name=\"twitter:data1\" content=\"1 minuto\" \/>\n<script type=\"application\/ld+json\" class=\"yoast-schema-graph\">{\"@context\":\"https:\/\/schema.org\",\"@graph\":[{\"@type\":\"WebPage\",\"@id\":\"https:\/\/www.arc.cz\/es\/consulta\/\",\"url\":\"https:\/\/www.arc.cz\/es\/consulta\/\",\"name\":\"Consulta - Studio ARC\",\"isPartOf\":{\"@id\":\"https:\/\/www.arc.cz\/es\/#website\"},\"datePublished\":\"2015-01-09T14:39:48+00:00\",\"dateModified\":\"2024-08-03T20:23:01+00:00\",\"breadcrumb\":{\"@id\":\"https:\/\/www.arc.cz\/es\/consulta\/#breadcrumb\"},\"inLanguage\":\"es\",\"potentialAction\":[{\"@type\":\"ReadAction\",\"target\":[\"https:\/\/www.arc.cz\/es\/consulta\/\"]}]},{\"@type\":\"BreadcrumbList\",\"@id\":\"https:\/\/www.arc.cz\/es\/consulta\/#breadcrumb\",\"itemListElement\":[{\"@type\":\"ListItem\",\"position\":1,\"name\":\"Dom\u016f\",\"item\":\"https:\/\/www.arc.cz\/es\/celostni-a-organicka-architektura\/\"},{\"@type\":\"ListItem\",\"position\":2,\"name\":\"Consulta\"}]},{\"@type\":\"WebSite\",\"@id\":\"https:\/\/www.arc.cz\/es\/#website\",\"url\":\"https:\/\/www.arc.cz\/es\/\",\"name\":\"Studio ARC\",\"description\":\"Old\u0159ich Hozman Architect | Holistic and organic architecture\",\"publisher\":{\"@id\":\"https:\/\/www.arc.cz\/es\/#organization\"},\"potentialAction\":[{\"@type\":\"SearchAction\",\"target\":{\"@type\":\"EntryPoint\",\"urlTemplate\":\"https:\/\/www.arc.cz\/es\/?s={search_term_string}\"},\"query-input\":\"required name=search_term_string\"}],\"inLanguage\":\"es\"},{\"@type\":\"Organization\",\"@id\":\"https:\/\/www.arc.cz\/es\/#organization\",\"name\":\"Studio ARC\",\"url\":\"https:\/\/www.arc.cz\/es\/\",\"logo\":{\"@type\":\"ImageObject\",\"inLanguage\":\"es\",\"@id\":\"https:\/\/www.arc.cz\/es\/#\/schema\/logo\/image\/\",\"url\":\"https:\/\/www.arc.cz\/wp-content\/uploads\/logo.gif\",\"contentUrl\":\"https:\/\/www.arc.cz\/wp-content\/uploads\/logo.gif\",\"width\":125,\"height\":125,\"caption\":\"Studio ARC\"},\"image\":{\"@id\":\"https:\/\/www.arc.cz\/es\/#\/schema\/logo\/image\/\"}}]}<\/script>\n<!-- \/ Yoast SEO plugin. -->","yoast_head_json":{"title":"Consulta - Studio ARC","robots":{"index":"index","follow":"follow","max-snippet":"max-snippet:-1","max-image-preview":"max-image-preview:large","max-video-preview":"max-video-preview:-1"},"canonical":"https:\/\/www.arc.cz\/es\/consulta\/","og_locale":"es_ES","og_type":"article","og_title":"Consulta - Studio ARC","og_description":"Tipos y m\u00e9todos de consulta: El precio de una consulta oral profesional en el estudio, por tel\u00e9fono o&nbsp;por escrito por correo electr\u00f3nico es de 1.200 CZK\/hora (45 EUR\/hora). El precio de una consulta profesional en casa del cliente es de 2.400 CZK\/hora (90 EUR\/hora). El precio por el tiempo empleado en el trayecto hasta el [&hellip;]","og_url":"https:\/\/www.arc.cz\/es\/consulta\/","og_site_name":"Studio ARC","article_modified_time":"2024-08-03T20:23:01+00:00","twitter_card":"summary_large_image","twitter_misc":{"Tiempo de lectura":"1 minuto"},"schema":{"@context":"https:\/\/schema.org","@graph":[{"@type":"WebPage","@id":"https:\/\/www.arc.cz\/es\/consulta\/","url":"https:\/\/www.arc.cz\/es\/consulta\/","name":"Consulta - Studio ARC","isPartOf":{"@id":"https:\/\/www.arc.cz\/es\/#website"},"datePublished":"2015-01-09T14:39:48+00:00","dateModified":"2024-08-03T20:23:01+00:00","breadcrumb":{"@id":"https:\/\/www.arc.cz\/es\/consulta\/#breadcrumb"},"inLanguage":"es","potentialAction":[{"@type":"ReadAction","target":["https:\/\/www.arc.cz\/es\/consulta\/"]}]},{"@type":"BreadcrumbList","@id":"https:\/\/www.arc.cz\/es\/consulta\/#breadcrumb","itemListElement":[{"@type":"ListItem","position":1,"name":"Dom\u016f","item":"https:\/\/www.arc.cz\/es\/celostni-a-organicka-architektura\/"},{"@type":"ListItem","position":2,"name":"Consulta"}]},{"@type":"WebSite","@id":"https:\/\/www.arc.cz\/es\/#website","url":"https:\/\/www.arc.cz\/es\/","name":"Studio ARC","description":"Old\u0159ich Hozman Architect | Holistic and organic architecture","publisher":{"@id":"https:\/\/www.arc.cz\/es\/#organization"},"potentialAction":[{"@type":"SearchAction","target":{"@type":"EntryPoint","urlTemplate":"https:\/\/www.arc.cz\/es\/?s={search_term_string}"},"query-input":"required name=search_term_string"}],"inLanguage":"es"},{"@type":"Organization","@id":"https:\/\/www.arc.cz\/es\/#organization","name":"Studio ARC","url":"https:\/\/www.arc.cz\/es\/","logo":{"@type":"ImageObject","inLanguage":"es","@id":"https:\/\/www.arc.cz\/es\/#\/schema\/logo\/image\/","url":"https:\/\/www.arc.cz\/wp-content\/uploads\/logo.gif","contentUrl":"https:\/\/www.arc.cz\/wp-content\/uploads\/logo.gif","width":125,"height":125,"caption":"Studio ARC"},"image":{"@id":"https:\/\/www.arc.cz\/es\/#\/schema\/logo\/image\/"}}]}},"_links":{"self":[{"href":"https:\/\/www.arc.cz\/es\/wp-json\/wp\/v2\/pages\/114103"}],"collection":[{"href":"https:\/\/www.arc.cz\/es\/wp-json\/wp\/v2\/pages"}],"about":[{"href":"https:\/\/www.arc.cz\/es\/wp-json\/wp\/v2\/types\/page"}],"author":[{"embeddable":true,"href":"https:\/\/www.arc.cz\/es\/wp-json\/wp\/v2\/users\/1"}],"replies":[{"embeddable":true,"href":"https:\/\/www.arc.cz\/es\/wp-json\/wp\/v2\/comments?post=114103"}],"version-history":[{"count":1,"href":"https:\/\/www.arc.cz\/es\/wp-json\/wp\/v2\/pages\/114103\/revisions"}],"predecessor-version":[{"id":190826,"href":"https:\/\/www.arc.cz\/es\/wp-json\/wp\/v2\/pages\/114103\/revisions\/190826"}],"wp:attachment":[{"href":"https:\/\/www.arc.cz\/es\/wp-json\/wp\/v2\/media?parent=114103"}],"curies":[{"name":"wp","href":"https:\/\/api.w.org\/{rel}","templated":true}]}}