{"id":114106,"date":"2015-01-09T15:59:37","date_gmt":"2015-01-09T14:59:37","guid":{"rendered":"https:\/\/www.arc.cz\/servicios-prestados\/"},"modified":"2023-02-10T10:16:36","modified_gmt":"2023-02-10T09:16:36","slug":"servicios-prestados","status":"publish","type":"page","link":"https:\/\/www.arc.cz\/es\/exposiciones-y-estilo-corporativo\/servicios-prestados\/","title":{"rendered":"Servicios prestados"},"content":{"rendered":"<section  class='av_textblock_section av-l7cae-75addd811ad6d0d56da199db6042bcc1 '   itemscope=\"itemscope\" itemtype=\"https:\/\/schema.org\/CreativeWork\" ><div class='avia_textblock'  itemprop=\"text\" ><ul>\n<li><em>Soluci\u00f3n visual del entorno corporativo<\/em><\/li>\n<li><em>\u00c9nfasis en la est\u00e9tica y en un estilo uniforme y coherente del entorno corporativo (por ejemplo, hacer coincidir el estilo del edificio con el estilo de los gr\u00e1ficos corporativos).<\/em><\/li>\n<li><em>Dise\u00f1o de conceptos de estilo corporativo<\/em><\/li>\n<li><em>Aplicaci\u00f3n de m\u00e9todos que conduzcan a&nbsp;una conexi\u00f3n con el cliente (dise\u00f1o participativo y modelado conjunto con los clientes)<\/em><\/li>\n<li><em>Conexi\u00f3n con la idea viva y existencial del encargo (el cliente tiene la oportunidad de expresarse art\u00edsticamente, modelando, pintando, dibujando&#8230;)<\/em><\/li>\n<li><em>M\u00e9todos de desarrollo armonioso del encargo y la intenci\u00f3n (por ejemplo, que la forma de la casa siga la forma del terreno&#8230;o&nbsp;que la funci\u00f3n de una parte del edificio influya en su forma y estos motivos se apliquen en la representaci\u00f3n gr\u00e1fica de los gr\u00e1ficos corporativos emergentes)<\/em><\/li>\n<li><em>Dise\u00f1os de logo art\u00edstico y dise\u00f1o gr\u00e1fico corporativo<\/em><\/li>\n<li><em>Dise\u00f1ar exposiciones, presentaciones y garantizar su realizaci\u00f3n<\/em><\/li>\n<li><em>Incorporaci\u00f3n de los principios del feng shui, la geomancia, la ecolog\u00eda y otros enfoques alternativos en los dise\u00f1os gr\u00e1ficos y los planes de desarrollo corporativo.<br \/>\n<\/em><\/li>\n<\/ul>\n<p>El estilo visual corporativo ayuda a&nbsp;cultivar est\u00e9ticamente el entorno. Afecta a&nbsp;las relaciones morales y sociales en el lugar de trabajo y de cara al p\u00fablico. La visi\u00f3n de un entorno agradable y bien coordinado ayuda al alma a&nbsp;experimentar el entorno con satisfacci\u00f3n. As\u00ed, el ser humano es libre de seguir desarroll\u00e1ndose. Un estilo visual coherente apoya el desarrollo de la personalidad y de la empresa.C\u00f3mo se desarrollan los acontecimientos de los diferentes proyectos en nuestra vida cotidiana est\u00e1 relacionado con nuestra intenci\u00f3n. Por eso me aseguro de darle la forma correcta y ayudo al cliente a&nbsp;completarla. Cuanto m\u00e1s concreta sea la imagen que llevamos dentro de nosotros de lo que est\u00e1 por venir, m\u00e1s real ser\u00e1 la realidad que surja posteriormente. Entiendo mi estilo visual personal y corporativo como una expresi\u00f3n est\u00e9tica de mi intenci\u00f3n interior con la que me identifico. En este sentido, ayudo a&nbsp;los inversores y patrocinadores.<\/p>\n<p>A&nbsp;trav\u00e9s de un estilo visual armonioso, tambi\u00e9n apoyamos el desarrollo a&nbsp;nivel \u00e9tico, moral y social. Cuando una persona est\u00e1 intr\u00ednsecamente conectada con su Ser y su prop\u00f3sito, puede desarrollarse plenamente no s\u00f3lo f\u00edsicamente, sino tambi\u00e9n vital, emocional, mental y espiritualmente. Por eso ofrezco a&nbsp;empresas y particulares ayuda para seguir su plan de vida de acuerdo con un estilo visual adecuado. Creamos dise\u00f1os medioambientales complejos, incluidos los gr\u00e1ficos de apoyo, para que sean respetuosos con el medio ambiente.<\/p>\n<p>Doy mucha importancia a&nbsp;los elementos estil\u00edsticos del entorno. La unidad de los elementos que forman el estilo es importante. El estilo es en realidad la morfolog\u00eda del entorno. Es el lenguaje que utiliza el medio ambiente para expresarse. El estilo consiste, por ejemplo, en los materiales utilizados, sus formas y colores.<\/p>\n<p>Cuando el proyecto consigue mantener uniformes los elementos formadores de estilo, la percepci\u00f3n del entorno es armoniosa. Esto afecta a&nbsp;la forma en que uno experimenta posteriormente la moralidad en ese entorno. Un entorno agradable nos hace sentir bien y lo cuidamos con esmero. Que tendemos a&nbsp;comportarnos bien. Adem\u00e1s, en un entorno bello, a&nbsp;una persona le llega m\u00e1s f\u00e1cilmente la inspiraci\u00f3n y tiene mejor intuici\u00f3n. El estilo visual de la empresa tambi\u00e9n ayuda.<\/p>\n<\/div><\/section>\n\n\n<style type=\"text\/css\" data-created_by=\"avia_inline_auto\" id=\"style-css-av-d7ejq-99d32edca232fee4735f12cd5c178c5b\">\n.flex_column.av-d7ejq-99d32edca232fee4735f12cd5c178c5b{\nborder-radius:0px 0px 0px 0px;\npadding:0px 0px 0px 0px;\n}\n<\/style>\n<div  class='flex_column av-d7ejq-99d32edca232fee4735f12cd5c178c5b av_one_full  avia-builder-el-1  el_after_av_textblock  avia-builder-el-last  first flex_column_div av-zero-column-padding  column-top-margin'     ><div id='av-masonry-1' class='av-masonry av-zl7q-332b0d107dbfbfd3fafdf6b77d41f062 noHover av-fixed-size av-large-gap av-hover-overlay-active av-masonry-animation-active av-masonry-col-3 av-caption-always av-caption-style- av-masonry-entries ' data-post_id=\"114106\"><div class=\"av-masonry-container isotope av-js-disabled\"><div class='av-masonry-entry isotope-item av-masonry-item-no-image '><\/div><a href=\"https:\/\/www.arc.cz\/es\/portfolio-item\/sensorium-dvanacti-smyslu-cloveka\/\"  id='av-masonry-1-item-114799' data-av-masonry-item='114799' class='av-masonry-entry isotope-item post-114799 portfolio type-portfolio status-publish has-post-thumbnail hentry portfolio_entries-exposiciones-y-estilo-corporativo  av-masonry-item-with-image av-grid-img' title=\"2012_sensorium_sinnesrausch\"   itemscope=\"itemscope\" itemtype=\"https:\/\/schema.org\/CreativeWork\" ><div class='av-inner-masonry-sizer'><\/div><figure class='av-inner-masonry main_color'><div class=\"av-masonry-outerimage-container\"><div class='av-masonry-image-container' style=\"background-image: url(https:\/\/www.arc.cz\/wp-content\/uploads\/2016\/12\/2012_sensorium_sinnesrausch-400x266.jpg);\"  title=\"2012_sensorium_sinnesrausch\" ><\/div><\/div><figcaption class='av-inner-masonry-content site-background'><div class='av-inner-masonry-content-pos'><div class='av-inner-masonry-content-pos-content'><div class='avia-arrow'><\/div><h3 class='av-masonry-entry-title entry-title '  itemprop=\"headline\" >El sensorium de los doce sentidos humanos<\/h3><\/div><\/div><\/figcaption><\/figure><\/a><!--end av-masonry entry--><a href=\"https:\/\/www.arc.cz\/es\/portfolio-item\/estilo-corporativo-del-estudio-arc\/\"  id='av-masonry-1-item-114412' data-av-masonry-item='114412' class='av-masonry-entry isotope-item post-114412 portfolio type-portfolio status-publish has-post-thumbnail hentry portfolio_entries-exposiciones-y-estilo-corporativo  av-masonry-item-with-image av-grid-img' title=\"estilo corporativo de Studio ARC\"   itemscope=\"itemscope\" itemtype=\"https:\/\/schema.org\/CreativeWork\" ><div class='av-inner-masonry-sizer'><\/div><figure class='av-inner-masonry main_color'><div class=\"av-masonry-outerimage-container\"><div class='av-masonry-image-container' style=\"background-image: url(https:\/\/www.arc.cz\/wp-content\/uploads\/2009\/12\/firemni-styl-studia-arc-400x335.jpg);\"  title=\"estilo corporativo de Studio ARC\" ><\/div><\/div><figcaption class='av-inner-masonry-content site-background'><div class='av-inner-masonry-content-pos'><div class='av-inner-masonry-content-pos-content'><div class='avia-arrow'><\/div><h3 class='av-masonry-entry-title entry-title '  itemprop=\"headline\" >Estilo corporativo del estudio ARC<\/h3><\/div><\/div><\/figcaption><\/figure><\/a><!--end av-masonry entry--><a href=\"https:\/\/www.arc.cz\/es\/portfolio-item\/interiores-del-centro-de-medicina-ayurvedica\/\"  id='av-masonry-1-item-114372' data-av-masonry-item='114372' class='av-masonry-entry isotope-item post-114372 portfolio type-portfolio status-publish has-post-thumbnail hentry portfolio_entries-exposiciones-y-estilo-corporativo portfolio_entries-muebles-e-interiores  av-masonry-item-with-image av-grid-img' title=\"00001-pracoviste_anury\"   itemscope=\"itemscope\" itemtype=\"https:\/\/schema.org\/CreativeWork\" ><div class='av-inner-masonry-sizer'><\/div><figure class='av-inner-masonry main_color'><div class=\"av-masonry-outerimage-container\"><div class='av-masonry-image-container' style=\"background-image: url(https:\/\/www.arc.cz\/wp-content\/uploads\/2002\/12\/00001-pracoviste_anury-400x533.jpg);\"  title=\"00001-pracoviste_anury\" ><\/div><\/div><figcaption class='av-inner-masonry-content site-background'><div class='av-inner-masonry-content-pos'><div class='av-inner-masonry-content-pos-content'><div class='avia-arrow'><\/div><h3 class='av-masonry-entry-title entry-title '  itemprop=\"headline\" >Interiores del Centro de Medicina Ayurv\u00e9dica<\/h3><\/div><\/div><\/figcaption><\/figure><\/a><!--end av-masonry entry--><a href=\"https:\/\/www.arc.cz\/es\/portfolio-item\/exposiciones-2001-1994\/\"  id='av-masonry-1-item-114423' data-av-masonry-item='114423' class='av-masonry-entry isotope-item post-114423 portfolio type-portfolio status-publish has-post-thumbnail hentry portfolio_entries-exposiciones-y-estilo-corporativo  av-masonry-item-with-image av-grid-img' title=\"2000_ambiente_d_01_s\"   itemscope=\"itemscope\" itemtype=\"https:\/\/schema.org\/CreativeWork\" ><div class='av-inner-masonry-sizer'><\/div><figure class='av-inner-masonry main_color'><div class=\"av-masonry-outerimage-container\"><div class='av-masonry-image-container' style=\"background-image: url(https:\/\/www.arc.cz\/wp-content\/uploads\/2001\/12\/2000_ambiente_d_01_s-400x289.jpg);\"  title=\"2000_ambiente_d_01_s\" ><\/div><\/div><figcaption class='av-inner-masonry-content site-background'><div class='av-inner-masonry-content-pos'><div class='av-inner-masonry-content-pos-content'><div class='avia-arrow'><\/div><h3 class='av-masonry-entry-title entry-title '  itemprop=\"headline\" >Exposiciones 2001-1994<\/h3><\/div><\/div><\/figcaption><\/figure><\/a><!--end av-masonry entry--><\/div><\/div><\/div>\n\n","protected":false},"excerpt":{"rendered":"","protected":false},"author":1,"featured_media":0,"parent":114278,"menu_order":5,"comment_status":"closed","ping_status":"closed","template":"","meta":{"footnotes":""},"yoast_head":"<!-- This site is optimized with the Yoast SEO plugin v23.1 - https:\/\/yoast.com\/wordpress\/plugins\/seo\/ -->\n<title>Servicios prestados - Studio ARC<\/title>\n<meta name=\"robots\" content=\"index, follow, max-snippet:-1, max-image-preview:large, max-video-preview:-1\" \/>\n<link rel=\"canonical\" href=\"https:\/\/www.arc.cz\/es\/exposiciones-y-estilo-corporativo\/servicios-prestados\/\" \/>\n<meta property=\"og:locale\" content=\"es_ES\" \/>\n<meta property=\"og:type\" content=\"article\" \/>\n<meta property=\"og:title\" content=\"Servicios prestados - Studio ARC\" \/>\n<meta property=\"og:url\" content=\"https:\/\/www.arc.cz\/es\/exposiciones-y-estilo-corporativo\/servicios-prestados\/\" \/>\n<meta property=\"og:site_name\" content=\"Studio ARC\" \/>\n<meta property=\"article:modified_time\" content=\"2023-02-10T09:16:36+00:00\" \/>\n<meta name=\"twitter:card\" content=\"summary_large_image\" \/>\n<meta name=\"twitter:label1\" content=\"Tiempo de lectura\" \/>\n\t<meta name=\"twitter:data1\" content=\"4 minutos\" \/>\n<script type=\"application\/ld+json\" class=\"yoast-schema-graph\">{\"@context\":\"https:\/\/schema.org\",\"@graph\":[{\"@type\":\"WebPage\",\"@id\":\"https:\/\/www.arc.cz\/es\/exposiciones-y-estilo-corporativo\/servicios-prestados\/\",\"url\":\"https:\/\/www.arc.cz\/es\/exposiciones-y-estilo-corporativo\/servicios-prestados\/\",\"name\":\"Servicios prestados - Studio ARC\",\"isPartOf\":{\"@id\":\"https:\/\/www.arc.cz\/es\/#website\"},\"datePublished\":\"2015-01-09T14:59:37+00:00\",\"dateModified\":\"2023-02-10T09:16:36+00:00\",\"breadcrumb\":{\"@id\":\"https:\/\/www.arc.cz\/es\/exposiciones-y-estilo-corporativo\/servicios-prestados\/#breadcrumb\"},\"inLanguage\":\"es\",\"potentialAction\":[{\"@type\":\"ReadAction\",\"target\":[\"https:\/\/www.arc.cz\/es\/exposiciones-y-estilo-corporativo\/servicios-prestados\/\"]}]},{\"@type\":\"BreadcrumbList\",\"@id\":\"https:\/\/www.arc.cz\/es\/exposiciones-y-estilo-corporativo\/servicios-prestados\/#breadcrumb\",\"itemListElement\":[{\"@type\":\"ListItem\",\"position\":1,\"name\":\"Dom\u016f\",\"item\":\"https:\/\/www.arc.cz\/es\/celostni-a-organicka-architektura\/\"},{\"@type\":\"ListItem\",\"position\":2,\"name\":\"Exposiciones y estilo corporativo\",\"item\":\"https:\/\/www.arc.cz\/es\/exposiciones-y-estilo-corporativo\/\"},{\"@type\":\"ListItem\",\"position\":3,\"name\":\"Servicios prestados\"}]},{\"@type\":\"WebSite\",\"@id\":\"https:\/\/www.arc.cz\/es\/#website\",\"url\":\"https:\/\/www.arc.cz\/es\/\",\"name\":\"Studio ARC\",\"description\":\"Old\u0159ich Hozman Architect | Holistic and organic architecture\",\"publisher\":{\"@id\":\"https:\/\/www.arc.cz\/es\/#organization\"},\"potentialAction\":[{\"@type\":\"SearchAction\",\"target\":{\"@type\":\"EntryPoint\",\"urlTemplate\":\"https:\/\/www.arc.cz\/es\/?s={search_term_string}\"},\"query-input\":\"required name=search_term_string\"}],\"inLanguage\":\"es\"},{\"@type\":\"Organization\",\"@id\":\"https:\/\/www.arc.cz\/es\/#organization\",\"name\":\"Studio ARC\",\"url\":\"https:\/\/www.arc.cz\/es\/\",\"logo\":{\"@type\":\"ImageObject\",\"inLanguage\":\"es\",\"@id\":\"https:\/\/www.arc.cz\/es\/#\/schema\/logo\/image\/\",\"url\":\"https:\/\/www.arc.cz\/wp-content\/uploads\/logo.gif\",\"contentUrl\":\"https:\/\/www.arc.cz\/wp-content\/uploads\/logo.gif\",\"width\":125,\"height\":125,\"caption\":\"Studio ARC\"},\"image\":{\"@id\":\"https:\/\/www.arc.cz\/es\/#\/schema\/logo\/image\/\"}}]}<\/script>\n<!-- \/ Yoast SEO plugin. -->","yoast_head_json":{"title":"Servicios prestados - Studio ARC","robots":{"index":"index","follow":"follow","max-snippet":"max-snippet:-1","max-image-preview":"max-image-preview:large","max-video-preview":"max-video-preview:-1"},"canonical":"https:\/\/www.arc.cz\/es\/exposiciones-y-estilo-corporativo\/servicios-prestados\/","og_locale":"es_ES","og_type":"article","og_title":"Servicios prestados - Studio ARC","og_url":"https:\/\/www.arc.cz\/es\/exposiciones-y-estilo-corporativo\/servicios-prestados\/","og_site_name":"Studio ARC","article_modified_time":"2023-02-10T09:16:36+00:00","twitter_card":"summary_large_image","twitter_misc":{"Tiempo de lectura":"4 minutos"},"schema":{"@context":"https:\/\/schema.org","@graph":[{"@type":"WebPage","@id":"https:\/\/www.arc.cz\/es\/exposiciones-y-estilo-corporativo\/servicios-prestados\/","url":"https:\/\/www.arc.cz\/es\/exposiciones-y-estilo-corporativo\/servicios-prestados\/","name":"Servicios prestados - Studio ARC","isPartOf":{"@id":"https:\/\/www.arc.cz\/es\/#website"},"datePublished":"2015-01-09T14:59:37+00:00","dateModified":"2023-02-10T09:16:36+00:00","breadcrumb":{"@id":"https:\/\/www.arc.cz\/es\/exposiciones-y-estilo-corporativo\/servicios-prestados\/#breadcrumb"},"inLanguage":"es","potentialAction":[{"@type":"ReadAction","target":["https:\/\/www.arc.cz\/es\/exposiciones-y-estilo-corporativo\/servicios-prestados\/"]}]},{"@type":"BreadcrumbList","@id":"https:\/\/www.arc.cz\/es\/exposiciones-y-estilo-corporativo\/servicios-prestados\/#breadcrumb","itemListElement":[{"@type":"ListItem","position":1,"name":"Dom\u016f","item":"https:\/\/www.arc.cz\/es\/celostni-a-organicka-architektura\/"},{"@type":"ListItem","position":2,"name":"Exposiciones y estilo corporativo","item":"https:\/\/www.arc.cz\/es\/exposiciones-y-estilo-corporativo\/"},{"@type":"ListItem","position":3,"name":"Servicios prestados"}]},{"@type":"WebSite","@id":"https:\/\/www.arc.cz\/es\/#website","url":"https:\/\/www.arc.cz\/es\/","name":"Studio ARC","description":"Old\u0159ich Hozman Architect | Holistic and organic architecture","publisher":{"@id":"https:\/\/www.arc.cz\/es\/#organization"},"potentialAction":[{"@type":"SearchAction","target":{"@type":"EntryPoint","urlTemplate":"https:\/\/www.arc.cz\/es\/?s={search_term_string}"},"query-input":"required name=search_term_string"}],"inLanguage":"es"},{"@type":"Organization","@id":"https:\/\/www.arc.cz\/es\/#organization","name":"Studio ARC","url":"https:\/\/www.arc.cz\/es\/","logo":{"@type":"ImageObject","inLanguage":"es","@id":"https:\/\/www.arc.cz\/es\/#\/schema\/logo\/image\/","url":"https:\/\/www.arc.cz\/wp-content\/uploads\/logo.gif","contentUrl":"https:\/\/www.arc.cz\/wp-content\/uploads\/logo.gif","width":125,"height":125,"caption":"Studio ARC"},"image":{"@id":"https:\/\/www.arc.cz\/es\/#\/schema\/logo\/image\/"}}]}},"_links":{"self":[{"href":"https:\/\/www.arc.cz\/es\/wp-json\/wp\/v2\/pages\/114106"}],"collection":[{"href":"https:\/\/www.arc.cz\/es\/wp-json\/wp\/v2\/pages"}],"about":[{"href":"https:\/\/www.arc.cz\/es\/wp-json\/wp\/v2\/types\/page"}],"author":[{"embeddable":true,"href":"https:\/\/www.arc.cz\/es\/wp-json\/wp\/v2\/users\/1"}],"replies":[{"embeddable":true,"href":"https:\/\/www.arc.cz\/es\/wp-json\/wp\/v2\/comments?post=114106"}],"version-history":[{"count":0,"href":"https:\/\/www.arc.cz\/es\/wp-json\/wp\/v2\/pages\/114106\/revisions"}],"up":[{"embeddable":true,"href":"https:\/\/www.arc.cz\/es\/wp-json\/wp\/v2\/pages\/114278"}],"wp:attachment":[{"href":"https:\/\/www.arc.cz\/es\/wp-json\/wp\/v2\/media?parent=114106"}],"curies":[{"name":"wp","href":"https:\/\/api.w.org\/{rel}","templated":true}]}}