{"id":114111,"date":"2015-01-09T16:01:26","date_gmt":"2015-01-09T15:01:26","guid":{"rendered":"https:\/\/www.arc.cz\/metodos-de-creacion\/"},"modified":"2023-02-10T11:09:55","modified_gmt":"2023-02-10T10:09:55","slug":"metodos-de-creacion","status":"publish","type":"page","link":"https:\/\/www.arc.cz\/es\/metodos-de-creacion\/","title":{"rendered":"M\u00e9todos de creaci\u00f3n"},"content":{"rendered":"<strong>\u00abLo m\u00e1s hermoso es cuando la idea te viene sola\u00bb<\/strong>\n\nLos diferentes m\u00e9todos de creaci\u00f3n ayudan a&nbsp;encontrar la expresi\u00f3n est\u00e9tica del futuro proyecto para que se identifique con sus propias ideas. Una de ellas, por ejemplo, es modelar su idea en arcilla para esculpir.\n\nSi el car\u00e1cter visual de su entorno est\u00e1 conectado con su ser, usted abraza plenamente su espacio y est\u00e1 contento en este lugar. Esculpiendo juntos su idea en arcilla escult\u00f3rica, tocaremos la esencia de lo que lleva en su subconsciente como base para un proyecto futuro.\n\nEl m\u00e9todo aqu\u00ed es orientativo. Es una forma de guiarle con sensibilidad y atenci\u00f3n a&nbsp;trav\u00e9s del proceso de creaci\u00f3n de las primeras formas de un nuevo encargo. Los m\u00e9todos pueden ser diferentes. Por ejemplo, modelar o&nbsp;dibujar juntos. Lo ideal es cuando el cliente, bajo mi direcci\u00f3n, es capaz de dise\u00f1ar por s\u00ed mismo la base de lo que desea.\n\nDoy mucha importancia a&nbsp;los elementos formadores de estilo del entorno que se van a&nbsp;crear. Al hacerlo, es importante garantizar la unidad de los elementos que forman el estilo. Un entorno as\u00ed no s\u00f3lo es agradable, sino que tambi\u00e9n tiene un efecto armonioso en la persona. Uno de los m\u00e9todos para crear elementos de estilo uniformes es el principio de metamorfosis. La metamorfosis es en realidad una transformaci\u00f3n gradual de las formas. En la naturaleza, el principio de la metamorfosis puede encontrarse, por ejemplo, en las formas de las diferentes partes de una misma planta. O&nbsp;un animal o&nbsp;mineral (preferiblemente un cristal). El aspecto general de una planta, un animal o&nbsp;un mineral nos impresiona con un estilo unificado. As\u00ed, es posible utilizar el principio de la metamorfosis para dise\u00f1ar la arquitectura, los interiores y el estilo gr\u00e1fico de la empresa. La metamorfosis de las formas es la base de la llamada. arquitectura org\u00e1nica y llamada. dise\u00f1o org\u00e1nico.","protected":false},"excerpt":{"rendered":"\u00abLo m\u00e1s hermoso es cuando la idea te viene sola\u00bb Los diferentes m\u00e9todos de creaci\u00f3n ayudan a&nbsp;encontrar la expresi\u00f3n est\u00e9tica del futuro proyecto para que se identifique con sus propias ideas. Una de ellas, por ejemplo, es modelar su idea en arcilla para esculpir. Si el car\u00e1cter visual de su entorno est\u00e1 conectado con su [&hellip;]","protected":false},"author":1,"featured_media":0,"parent":0,"menu_order":28,"comment_status":"closed","ping_status":"closed","template":"","meta":{"footnotes":""},"yoast_head":"<!-- This site is optimized with the Yoast SEO plugin v23.1 - https:\/\/yoast.com\/wordpress\/plugins\/seo\/ -->\n<title>M\u00e9todos de creaci\u00f3n - Studio ARC<\/title>\n<meta name=\"robots\" content=\"index, follow, max-snippet:-1, max-image-preview:large, max-video-preview:-1\" \/>\n<link rel=\"canonical\" href=\"https:\/\/www.arc.cz\/es\/metodos-de-creacion\/\" \/>\n<meta property=\"og:locale\" content=\"es_ES\" \/>\n<meta property=\"og:type\" content=\"article\" \/>\n<meta property=\"og:title\" content=\"M\u00e9todos de creaci\u00f3n - Studio ARC\" \/>\n<meta property=\"og:description\" content=\"\u00abLo m\u00e1s hermoso es cuando la idea te viene sola\u00bb Los diferentes m\u00e9todos de creaci\u00f3n ayudan a&nbsp;encontrar la expresi\u00f3n est\u00e9tica del futuro proyecto para que se identifique con sus propias ideas. Una de ellas, por ejemplo, es modelar su idea en arcilla para esculpir. Si el car\u00e1cter visual de su entorno est\u00e1 conectado con su [&hellip;]\" \/>\n<meta property=\"og:url\" content=\"https:\/\/www.arc.cz\/es\/metodos-de-creacion\/\" \/>\n<meta property=\"og:site_name\" content=\"Studio ARC\" \/>\n<meta property=\"article:modified_time\" content=\"2023-02-10T10:09:55+00:00\" \/>\n<meta name=\"twitter:card\" content=\"summary_large_image\" \/>\n<meta name=\"twitter:label1\" content=\"Tiempo de lectura\" \/>\n\t<meta name=\"twitter:data1\" content=\"2 minutos\" \/>\n<script type=\"application\/ld+json\" class=\"yoast-schema-graph\">{\"@context\":\"https:\/\/schema.org\",\"@graph\":[{\"@type\":\"WebPage\",\"@id\":\"https:\/\/www.arc.cz\/es\/metodos-de-creacion\/\",\"url\":\"https:\/\/www.arc.cz\/es\/metodos-de-creacion\/\",\"name\":\"M\u00e9todos de creaci\u00f3n - Studio ARC\",\"isPartOf\":{\"@id\":\"https:\/\/www.arc.cz\/es\/#website\"},\"datePublished\":\"2015-01-09T15:01:26+00:00\",\"dateModified\":\"2023-02-10T10:09:55+00:00\",\"breadcrumb\":{\"@id\":\"https:\/\/www.arc.cz\/es\/metodos-de-creacion\/#breadcrumb\"},\"inLanguage\":\"es\",\"potentialAction\":[{\"@type\":\"ReadAction\",\"target\":[\"https:\/\/www.arc.cz\/es\/metodos-de-creacion\/\"]}]},{\"@type\":\"BreadcrumbList\",\"@id\":\"https:\/\/www.arc.cz\/es\/metodos-de-creacion\/#breadcrumb\",\"itemListElement\":[{\"@type\":\"ListItem\",\"position\":1,\"name\":\"Dom\u016f\",\"item\":\"https:\/\/www.arc.cz\/es\/celostni-a-organicka-architektura\/\"},{\"@type\":\"ListItem\",\"position\":2,\"name\":\"M\u00e9todos de creaci\u00f3n\"}]},{\"@type\":\"WebSite\",\"@id\":\"https:\/\/www.arc.cz\/es\/#website\",\"url\":\"https:\/\/www.arc.cz\/es\/\",\"name\":\"Studio ARC\",\"description\":\"Old\u0159ich Hozman Architect | Holistic and organic architecture\",\"publisher\":{\"@id\":\"https:\/\/www.arc.cz\/es\/#organization\"},\"potentialAction\":[{\"@type\":\"SearchAction\",\"target\":{\"@type\":\"EntryPoint\",\"urlTemplate\":\"https:\/\/www.arc.cz\/es\/?s={search_term_string}\"},\"query-input\":\"required name=search_term_string\"}],\"inLanguage\":\"es\"},{\"@type\":\"Organization\",\"@id\":\"https:\/\/www.arc.cz\/es\/#organization\",\"name\":\"Studio ARC\",\"url\":\"https:\/\/www.arc.cz\/es\/\",\"logo\":{\"@type\":\"ImageObject\",\"inLanguage\":\"es\",\"@id\":\"https:\/\/www.arc.cz\/es\/#\/schema\/logo\/image\/\",\"url\":\"https:\/\/www.arc.cz\/wp-content\/uploads\/logo.gif\",\"contentUrl\":\"https:\/\/www.arc.cz\/wp-content\/uploads\/logo.gif\",\"width\":125,\"height\":125,\"caption\":\"Studio ARC\"},\"image\":{\"@id\":\"https:\/\/www.arc.cz\/es\/#\/schema\/logo\/image\/\"}}]}<\/script>\n<!-- \/ Yoast SEO plugin. -->","yoast_head_json":{"title":"M\u00e9todos de creaci\u00f3n - Studio ARC","robots":{"index":"index","follow":"follow","max-snippet":"max-snippet:-1","max-image-preview":"max-image-preview:large","max-video-preview":"max-video-preview:-1"},"canonical":"https:\/\/www.arc.cz\/es\/metodos-de-creacion\/","og_locale":"es_ES","og_type":"article","og_title":"M\u00e9todos de creaci\u00f3n - Studio ARC","og_description":"\u00abLo m\u00e1s hermoso es cuando la idea te viene sola\u00bb Los diferentes m\u00e9todos de creaci\u00f3n ayudan a&nbsp;encontrar la expresi\u00f3n est\u00e9tica del futuro proyecto para que se identifique con sus propias ideas. Una de ellas, por ejemplo, es modelar su idea en arcilla para esculpir. Si el car\u00e1cter visual de su entorno est\u00e1 conectado con su [&hellip;]","og_url":"https:\/\/www.arc.cz\/es\/metodos-de-creacion\/","og_site_name":"Studio ARC","article_modified_time":"2023-02-10T10:09:55+00:00","twitter_card":"summary_large_image","twitter_misc":{"Tiempo de lectura":"2 minutos"},"schema":{"@context":"https:\/\/schema.org","@graph":[{"@type":"WebPage","@id":"https:\/\/www.arc.cz\/es\/metodos-de-creacion\/","url":"https:\/\/www.arc.cz\/es\/metodos-de-creacion\/","name":"M\u00e9todos de creaci\u00f3n - Studio ARC","isPartOf":{"@id":"https:\/\/www.arc.cz\/es\/#website"},"datePublished":"2015-01-09T15:01:26+00:00","dateModified":"2023-02-10T10:09:55+00:00","breadcrumb":{"@id":"https:\/\/www.arc.cz\/es\/metodos-de-creacion\/#breadcrumb"},"inLanguage":"es","potentialAction":[{"@type":"ReadAction","target":["https:\/\/www.arc.cz\/es\/metodos-de-creacion\/"]}]},{"@type":"BreadcrumbList","@id":"https:\/\/www.arc.cz\/es\/metodos-de-creacion\/#breadcrumb","itemListElement":[{"@type":"ListItem","position":1,"name":"Dom\u016f","item":"https:\/\/www.arc.cz\/es\/celostni-a-organicka-architektura\/"},{"@type":"ListItem","position":2,"name":"M\u00e9todos de creaci\u00f3n"}]},{"@type":"WebSite","@id":"https:\/\/www.arc.cz\/es\/#website","url":"https:\/\/www.arc.cz\/es\/","name":"Studio ARC","description":"Old\u0159ich Hozman Architect | Holistic and organic architecture","publisher":{"@id":"https:\/\/www.arc.cz\/es\/#organization"},"potentialAction":[{"@type":"SearchAction","target":{"@type":"EntryPoint","urlTemplate":"https:\/\/www.arc.cz\/es\/?s={search_term_string}"},"query-input":"required name=search_term_string"}],"inLanguage":"es"},{"@type":"Organization","@id":"https:\/\/www.arc.cz\/es\/#organization","name":"Studio ARC","url":"https:\/\/www.arc.cz\/es\/","logo":{"@type":"ImageObject","inLanguage":"es","@id":"https:\/\/www.arc.cz\/es\/#\/schema\/logo\/image\/","url":"https:\/\/www.arc.cz\/wp-content\/uploads\/logo.gif","contentUrl":"https:\/\/www.arc.cz\/wp-content\/uploads\/logo.gif","width":125,"height":125,"caption":"Studio ARC"},"image":{"@id":"https:\/\/www.arc.cz\/es\/#\/schema\/logo\/image\/"}}]}},"_links":{"self":[{"href":"https:\/\/www.arc.cz\/es\/wp-json\/wp\/v2\/pages\/114111"}],"collection":[{"href":"https:\/\/www.arc.cz\/es\/wp-json\/wp\/v2\/pages"}],"about":[{"href":"https:\/\/www.arc.cz\/es\/wp-json\/wp\/v2\/types\/page"}],"author":[{"embeddable":true,"href":"https:\/\/www.arc.cz\/es\/wp-json\/wp\/v2\/users\/1"}],"replies":[{"embeddable":true,"href":"https:\/\/www.arc.cz\/es\/wp-json\/wp\/v2\/comments?post=114111"}],"version-history":[{"count":0,"href":"https:\/\/www.arc.cz\/es\/wp-json\/wp\/v2\/pages\/114111\/revisions"}],"wp:attachment":[{"href":"https:\/\/www.arc.cz\/es\/wp-json\/wp\/v2\/media?parent=114111"}],"curies":[{"name":"wp","href":"https:\/\/api.w.org\/{rel}","templated":true}]}}