{"id":114112,"date":"2015-01-09T15:41:17","date_gmt":"2015-01-09T14:41:17","guid":{"rendered":"https:\/\/www.arc.cz\/acerca-de-arc-studio\/"},"modified":"2024-07-30T16:45:49","modified_gmt":"2024-07-30T14:45:49","slug":"acerca-de-arc-studio","status":"publish","type":"page","link":"https:\/\/www.arc.cz\/es\/acerca-de-arc-studio-2\/acerca-de-arc-studio\/","title":{"rendered":"Acerca de ARC Studio"},"content":{"rendered":"<section  class='av_textblock_section av-3buwqn-d695031b7338dc00cddaa29ac3efe338 '   itemscope=\"itemscope\" itemtype=\"https:\/\/schema.org\/CreativeWork\" ><div class='avia_textblock'  itemprop=\"text\" ><p>El arquitecto Old\u0159ich Hozman (1964) se dedica profesionalmente a&nbsp;la arquitectura desde 1989. Desde 1997 ha adoptado el nombre de <strong>ARC<\/strong> para su estudio. El nombre junto con el logotipo expresan su actividad. Le gusta esbozar y <strong>dibujar<\/strong>, y <strong>la l\u00ednea <\/strong>le ayuda a&nbsp;crear. \u00abArrrr&#8230;..c\u00bb se transporta a&nbsp;trav\u00e9s del espacio, definiendo un \u00e1rea. El <strong>arco<\/strong> es el origen de la curva. El arco es entonces un elemento equilibrado de dos fuerzas opuestas. Una b\u00fasqueda constante de la armon\u00eda. <\/p>\n<h2>Arq. acad. Old\u0159ich Hozman<\/h2>\n<\/div><\/section>\n\n<div class='flex_column_table av-39i7cv-01752b4fcf99f2592fe1d3bfc2deb509 sc-av_one_fifth av-equal-height-column-flextable'>\n<style type=\"text\/css\" data-created_by=\"avia_inline_auto\" id=\"style-css-av-39i7cv-01752b4fcf99f2592fe1d3bfc2deb509\">\n.flex_column.av-39i7cv-01752b4fcf99f2592fe1d3bfc2deb509{\nborder-radius:0px 0px 0px 0px;\npadding:0px 0px 0px 0px;\n}\n<\/style>\n<div  class='flex_column av-39i7cv-01752b4fcf99f2592fe1d3bfc2deb509 av_one_fifth  avia-builder-el-1  el_after_av_textblock  el_before_av_four_fifth  first flex_column_table_cell av-equal-height-column av-align-top av-zero-column-padding  column-top-margin'     ><style type=\"text\/css\" data-created_by=\"avia_inline_auto\" id=\"style-css-av-32ye5r-4b72ff5adbed51e78854880dfa0a8a9d\">\n.avia-image-container.av-32ye5r-4b72ff5adbed51e78854880dfa0a8a9d img.avia_image{\nbox-shadow:none;\n}\n.avia-image-container.av-32ye5r-4b72ff5adbed51e78854880dfa0a8a9d .av-image-caption-overlay-center{\ncolor:#ffffff;\n}\n<\/style>\n<div  class='avia-image-container av-32ye5r-4b72ff5adbed51e78854880dfa0a8a9d av-styling- avia-align-center  avia-builder-el-2  avia-builder-el-no-sibling '   itemprop=\"image\" itemscope=\"itemscope\" itemtype=\"https:\/\/schema.org\/ImageObject\" ><div class=\"avia-image-container-inner\"><div class=\"avia-image-overlay-wrap\"><img decoding=\"async\" fetchpriority=\"high\" class='wp-image-101817 avia-img-lazy-loading-not-101817 avia_image ' src=\"https:\/\/www.arc.cz\/wp-content\/uploads\/2020\/11\/oldrich_hozman1-e1605901369996-300x454.jpg\" alt='' title='Oldrich_Hozman1'  height=\"454\" width=\"300\"  itemprop=\"thumbnailUrl\" srcset=\"https:\/\/www.arc.cz\/wp-content\/uploads\/2020\/11\/oldrich_hozman1-e1605901369996-300x454.jpg 300w, https:\/\/www.arc.cz\/wp-content\/uploads\/2020\/11\/oldrich_hozman1-e1605901369996-99x150.jpg 99w, https:\/\/www.arc.cz\/wp-content\/uploads\/2020\/11\/oldrich_hozman1-e1605901369996-180x272.jpg 180w, https:\/\/www.arc.cz\/wp-content\/uploads\/2020\/11\/oldrich_hozman1-e1605901369996-415x628.jpg 415w, https:\/\/www.arc.cz\/wp-content\/uploads\/2020\/11\/oldrich_hozman1-e1605901369996-400x605.jpg 400w, https:\/\/www.arc.cz\/wp-content\/uploads\/2020\/11\/oldrich_hozman1-e1605901369996.jpg 478w\" sizes=\"(max-width: 300px) 100vw, 300px\" \/><\/div><\/div><\/div><\/div>\n\n<div class='av-flex-placeholder'><\/div>\n<style type=\"text\/css\" data-created_by=\"avia_inline_auto\" id=\"style-css-av-anh3r-ae549610227df54f7ffee4c554e039e3\">\n.flex_column.av-anh3r-ae549610227df54f7ffee4c554e039e3{\nborder-radius:0px 0px 0px 0px;\npadding:0px 0px 0px 0px;\n}\n<\/style>\n<div  class='flex_column av-anh3r-ae549610227df54f7ffee4c554e039e3 av_four_fifth  avia-builder-el-3  el_after_av_one_fifth  el_before_av_textblock  flex_column_table_cell av-equal-height-column av-align-top av-zero-column-padding  column-top-margin'     ><section  class='av_textblock_section av-2py8rj-d189eb3178f3c09dff7e6630594d3137 '   itemscope=\"itemscope\" itemtype=\"https:\/\/schema.org\/CreativeWork\" ><div class='avia_textblock'  itemprop=\"text\" ><p>Se licenci\u00f3 en arquitectura en Academia de Artes, Arquitectura y Dise\u00f1o de Praga. Trabaja profesionalmente en arquitectura desde 1989. Sus dise\u00f1os incorporan principios del feng shui, la geomancia, la ecolog\u00eda y la construcci\u00f3n org\u00e1nica. Promueve una visi\u00f3n hol\u00edstica de la creaci\u00f3n de un entorno y una arquitectura saludables. Imparte conferencias sobre nuevos enfoques para crear una arquitectura en armon\u00eda con la naturaleza. <strong><a class=\"OdkazVice\" href=\"https:\/\/www.arc.cz\/o-studiu-arc\/akad-arch-oldrich-hozman\/\">M\u00e1s en el CV<\/a><\/strong><\/p>\n<\/div><\/section>\n<section  class='av_textblock_section av-l4410on1-89284bb0899cc906a70302c833241366 '   itemscope=\"itemscope\" itemtype=\"https:\/\/schema.org\/CreativeWork\" ><div class='avia_textblock'  itemprop=\"text\" ><p><strong><a href=\"https:\/\/www.arc.cz\/category\/vlastni-volna-tvorba\/\">Galer\u00eda de obras libres<\/a><\/strong><\/p>\n<\/div><\/section><\/div><\/div><!--close column table wrapper. Autoclose: 1 -->\n\n<section  class='av_textblock_section av-2idbx3-e014f4ac520400603cf3d5b7349f6cdc '   itemscope=\"itemscope\" itemtype=\"https:\/\/schema.org\/CreativeWork\" ><div class='avia_textblock'  itemprop=\"text\" ><h2>Filip Hozman<\/h2>\n<\/div><\/section>\n\n<div class='flex_column_table av-2ey1nb-c1e13ca2b602650c53417ad34db4cab7 sc-av_one_fifth av-equal-height-column-flextable'>\n<style type=\"text\/css\" data-created_by=\"avia_inline_auto\" id=\"style-css-av-2ey1nb-c1e13ca2b602650c53417ad34db4cab7\">\n.flex_column.av-2ey1nb-c1e13ca2b602650c53417ad34db4cab7{\nborder-radius:0px 0px 0px 0px;\npadding:0px 0px 0px 0px;\n}\n<\/style>\n<div  class='flex_column av-2ey1nb-c1e13ca2b602650c53417ad34db4cab7 av_one_fifth  avia-builder-el-7  el_after_av_textblock  el_before_av_four_fifth  first flex_column_table_cell av-equal-height-column av-align-top av-zero-column-padding  column-top-margin'     ><style type=\"text\/css\" data-created_by=\"avia_inline_auto\" id=\"style-css-av-8841j-ee9b73c597fd4927f4731b9a0c9038a9\">\n.avia-image-container.av-8841j-ee9b73c597fd4927f4731b9a0c9038a9 img.avia_image{\nbox-shadow:none;\n}\n.avia-image-container.av-8841j-ee9b73c597fd4927f4731b9a0c9038a9 .av-image-caption-overlay-center{\ncolor:#ffffff;\n}\n<\/style>\n<div  class='avia-image-container av-8841j-ee9b73c597fd4927f4731b9a0c9038a9 av-styling- avia-align-center  avia-builder-el-8  avia-builder-el-no-sibling '   itemprop=\"image\" itemscope=\"itemscope\" itemtype=\"https:\/\/schema.org\/ImageObject\" ><div class=\"avia-image-container-inner\"><div class=\"avia-image-overlay-wrap\"><img decoding=\"async\" fetchpriority=\"high\" class='wp-image-92652 avia-img-lazy-loading-not-92652 avia_image ' src=\"https:\/\/www.arc.cz\/wp-content\/uploads\/filip-287x358.jpg\" alt='' title='Philip'  height=\"358\" width=\"287\"  itemprop=\"thumbnailUrl\" srcset=\"https:\/\/www.arc.cz\/wp-content\/uploads\/filip-287x358.jpg 287w, https:\/\/www.arc.cz\/wp-content\/uploads\/filip-120x150.jpg 120w, https:\/\/www.arc.cz\/wp-content\/uploads\/filip-144x180.jpg 144w, https:\/\/www.arc.cz\/wp-content\/uploads\/filip-280x350.jpg 280w, https:\/\/www.arc.cz\/wp-content\/uploads\/filip-400x500.jpg 400w, https:\/\/www.arc.cz\/wp-content\/uploads\/filip.jpg 402w\" sizes=\"(max-width: 287px) 100vw, 287px\" \/><\/div><\/div><\/div><\/div>\n\n<div class='av-flex-placeholder'><\/div>\n<style type=\"text\/css\" data-created_by=\"avia_inline_auto\" id=\"style-css-av-23jqtb-c1bd9b0c6276366e10382c6f5739b986\">\n.flex_column.av-23jqtb-c1bd9b0c6276366e10382c6f5739b986{\nborder-radius:0px 0px 0px 0px;\npadding:0px 0px 0px 0px;\n}\n<\/style>\n<div  class='flex_column av-23jqtb-c1bd9b0c6276366e10382c6f5739b986 av_four_fifth  avia-builder-el-9  el_after_av_one_fifth  el_before_av_textblock  flex_column_table_cell av-equal-height-column av-align-top av-zero-column-padding  column-top-margin'     ><section  class='av_textblock_section av-1y8d5j-8997fe306bacbb825ffb73ef031a5b89 '   itemscope=\"itemscope\" itemtype=\"https:\/\/schema.org\/CreativeWork\" ><div class='avia_textblock'  itemprop=\"text\" ><p>En el estudio participa en varias partes de los proyectos. Elabora estudios, proyectos de licencia de obras y proyectos de ejecuci\u00f3n. Es un dise\u00f1ador de interiores detallista. Complet\u00f3 sus estudios en la Escuela Secundaria de Artes Aplicadas, especializ\u00e1ndose en mobiliario y dise\u00f1o de interiores y estudi\u00f3 durante un a\u00f1o en la Academia de Artes, Arquitectura y Dise\u00f1o de Praga, especializ\u00e1ndose en arquitectura.<\/p>\n<\/div><\/section><\/div><\/div><!--close column table wrapper. Autoclose: 1 -->\n\n<section  class='av_textblock_section av-1ramev-4a615cad1cbe47dfe8105d878dc5a794 '   itemscope=\"itemscope\" itemtype=\"https:\/\/schema.org\/CreativeWork\" ><div class='avia_textblock'  itemprop=\"text\" ><h2>Mg. Ji\u0159\u00ed Proch\u00e1zka <\/h2>\n<\/div><\/section>\n\n<div class='flex_column_table av-1izet3-56008873fedb50a4ac7093c35e9f9560 sc-av_one_fifth av-equal-height-column-flextable'>\n<style type=\"text\/css\" data-created_by=\"avia_inline_auto\" id=\"style-css-av-1izet3-56008873fedb50a4ac7093c35e9f9560\">\n.flex_column.av-1izet3-56008873fedb50a4ac7093c35e9f9560{\nborder-radius:0px 0px 0px 0px;\npadding:0px 0px 0px 0px;\n}\n<\/style>\n<div  class='flex_column av-1izet3-56008873fedb50a4ac7093c35e9f9560 av_one_fifth  avia-builder-el-12  el_after_av_textblock  el_before_av_four_fifth  first flex_column_table_cell av-equal-height-column av-align-top av-zero-column-padding  column-top-margin'     ><style type=\"text\/css\" data-created_by=\"avia_inline_auto\" id=\"style-css-av-irh3-e022898103c6ef9dbc4a933289033a96\">\n.avia-image-container.av-irh3-e022898103c6ef9dbc4a933289033a96 img.avia_image{\nbox-shadow:none;\n}\n.avia-image-container.av-irh3-e022898103c6ef9dbc4a933289033a96 .av-image-caption-overlay-center{\ncolor:#ffffff;\n}\n<\/style>\n<div  class='avia-image-container av-irh3-e022898103c6ef9dbc4a933289033a96 av-styling- avia-align-center  avia-builder-el-13  avia-builder-el-no-sibling '   itemprop=\"image\" itemscope=\"itemscope\" itemtype=\"https:\/\/schema.org\/ImageObject\" ><div class=\"avia-image-container-inner\"><div class=\"avia-image-overlay-wrap\"><img decoding=\"async\" fetchpriority=\"high\" class='wp-image-190801 avia-img-lazy-loading-not-190801 avia_image ' src=\"https:\/\/www.arc.cz\/wp-content\/uploads\/2024\/07\/profile250.jpg\" alt='' title='profile250'  height=\"644\" width=\"483\"  itemprop=\"thumbnailUrl\"  \/><\/div><\/div><\/div><\/div><div class='av-flex-placeholder'><\/div>\n<style type=\"text\/css\" data-created_by=\"avia_inline_auto\" id=\"style-css-av-1b7fbz-c0f7e0cc7c9f6467b35a3e33e2fbcf6b\">\n.flex_column.av-1b7fbz-c0f7e0cc7c9f6467b35a3e33e2fbcf6b{\nborder-radius:0px 0px 0px 0px;\npadding:0px 0px 0px 0px;\n}\n<\/style>\n<div  class='flex_column av-1b7fbz-c0f7e0cc7c9f6467b35a3e33e2fbcf6b av_four_fifth  avia-builder-el-14  el_after_av_one_fifth  el_before_av_hr  flex_column_table_cell av-equal-height-column av-align-top av-zero-column-padding  column-top-margin'     ><section  class='av_textblock_section av-126slr-f05ababfc887982140b7952908f00dcf '   itemscope=\"itemscope\" itemtype=\"https:\/\/schema.org\/CreativeWork\" ><div class='avia_textblock'  itemprop=\"text\" ><p>Trabaja como dise\u00f1ador gr\u00e1fico, dise\u00f1ador web y consultor inform\u00e1tico. Trata de las posibilidades de utilizar nuevas tecnolog\u00edas en el dise\u00f1o de edificios, por ejemplo como la impresi\u00f3n 3D, el escaneo 3D y la inteligencia artificial (IA). Ense\u00f1a inform\u00e1tica en el Liceo Waldorf de Praga.  Estudi\u00f3 pedagog\u00eda en el Instituto Masaryk de la Universidad T\u00e9cnica Checa y en la Universidad Carolina, tambi\u00e9n un seminario de pedagog\u00eda Waldorf.<\/p>\n<\/div><\/section><\/div><\/div><!--close column table wrapper. Autoclose: 1 -->\n<style type=\"text\/css\" data-created_by=\"avia_inline_auto\" id=\"style-css-av-l44hlc2c-55c2dde460c28ab8a0dab444cd46e5a9\">\n#top .hr.hr-invisible.av-l44hlc2c-55c2dde460c28ab8a0dab444cd46e5a9{\nheight:30px;\n}\n<\/style>\n<div  class='hr av-l44hlc2c-55c2dde460c28ab8a0dab444cd46e5a9 hr-invisible  avia-builder-el-16  el_after_av_four_fifth  el_before_av_textblock '><span class='hr-inner '><span class=\"hr-inner-style\"><\/span><\/span><\/div>\n\n<section  class='av_textblock_section av-xth0v-0c20feddb17ea80a62ca89cc0bffc31f '   itemscope=\"itemscope\" itemtype=\"https:\/\/schema.org\/CreativeWork\" ><div class='avia_textblock'  itemprop=\"text\" ><p><span style=\"color: #ff0000;\">Para una cooperaci\u00f3n a&nbsp;largo plazo buscamos un ingeniero estructural para estructuras de madera.<\/span><\/p>\n<\/div><\/section>\n\n<section  class='av_textblock_section av-2yn1z-be97880643dbe99f3bb5c5d652a2dd07 '   itemscope=\"itemscope\" itemtype=\"https:\/\/schema.org\/CreativeWork\" ><div class='avia_textblock'  itemprop=\"text\" ><h2>Declaraciones medioambientales de productos<\/h2>\n<p> Esta certificaci\u00f3n, denominada \u00ab<strong>Certificado de Validez de la<\/strong> <a href=\"https:\/\/www.arc.cz\/dokumenty\/epd-certifikace.pdf\">Declaraci\u00f3n Ambiental de Producto<\/a>\u00ab, fue otorgada al <strong>Estudio ARC<\/strong> por el Instituto de Pruebas Electrot\u00e9cnicas, basado en un proceso de <strong>verificaci\u00f3n de dos a\u00f1os de los m\u00e9todos de creaci\u00f3n<\/strong> de sus proyectos arquitect\u00f3nicos, as\u00ed como del estilo de vida y la forma de pensar del Estudio ARC. La certificaci\u00f3n tambi\u00e9n es aplicable en la UE, es importante sobre todo para la comunicaci\u00f3n con los clientes, el p\u00fablico y los proveedores y conduce a&nbsp;reforzar la conciencia de que las personas reciben valores adicionales que se incluyen m\u00e1s all\u00e1 del precio. Esta certificaci\u00f3n, denominada \u00ab<strong>Certificado de Validez de la Declaraci\u00f3n Ambiental de Producto<\/strong>\u00bb (\u00abEnvironmental Product Declaration\u00bb \u2013 EPD), fue otorgada al Estudio ARC por el Instituto de Pruebas Electrot\u00e9cnicas, basado en un proceso de verificaci\u00f3n de dos a\u00f1os de los m\u00e9todos de creaci\u00f3n de sus proyectos arquitect\u00f3nicos (basados en los principios de la arquitectura hol\u00edstica), as\u00ed como del estilo de vida y la forma de pensar del Estudio ARC. Un enfoque respetuoso con las leyes de la naturaleza, actuando de forma responsable con la naturaleza, las personas y el medio ambiente es caracter\u00edstico de Studio ARC. En la Rep\u00fablica Checa, esta certificaci\u00f3n existe actualmente como herramienta voluntaria para verificar la calidad medioambiental de un producto o&nbsp;servicio. Dado que en los pa\u00edses desarrollados esta tendencia desempe\u00f1a un papel importante en la toma de decisiones de los clientes, tambi\u00e9n es cada vez m\u00e1s popular y demandada en la Rep\u00fablica Checa. Cooperamos con la empresa  <a href=\"https:\/\/www.cart4future.cz\/\" target=\"_blank\" rel=\"noopener noreferrer\"><img loading=\"lazy\" decoding=\"async\" class=\"bezOkrajeInline alignnone\" src=\"https:\/\/www.arc.cz\/obrazky\/clip_image001.jpg\" alt=\"Logotipo de Cart For Future\" width=\"152\" height=\"46\"><\/a>que se ocupa de la recogida, compra y reciclaje ecol\u00f3gico de cartuchos de tinta usados y t\u00f3neres l\u00e1ser para impresoras en toda la Rep\u00fablica Checa. Con la ayuda de cajas de recogida, intentan simplificar las condiciones para reciclar nuevos materiales. Saben que muchas personas se desaniman a&nbsp;reciclar por la complejidad y la inaccesibilidad de los puntos de recogida. Y a&nbsp;diferencia de nuestros competidores, \u00a1\u00a1\u00a1tambi\u00e9n aceptamos cartuchos y t\u00f3neres reacondicionados!!! Todo esto es GRATIS. <strong>Por eso decidimos hacer de Studio ARC un punto de recogida. Permitimos que nuestros amigos y colegas traigan cartuchos y t\u00f3neres vac\u00edos a&nbsp;nuestra caja de recogida.<\/strong> Desde 2017 contamos con un nuevo plotter de gran formato en nuestro estudio. Para la impresi\u00f3n de los dibujos intentamos utilizar un 80% de papeles \u00abproducidos de acuerdo con los principios de la gesti\u00f3n forestal respetuosa con la naturaleza\u00bb. v\u00e9ase <a href=\"https:\/\/cs.wikipedia.org\/wiki\/Forest_Stewardship_Council\">Wikipedia<\/a><\/p>\n<h2>Folletos y paneles<\/h2>\n<\/div><\/section>\n\n[av_one_full first min_height='' vertical_alignment='' space='' custom_margin='' margin='0px' row_boxshadow='' row_boxshadow_color='' row_boxshadow_width='10' link='' linktarget='' link_hover='' title_attr='' alt_attr='' padding='0px' highlight='' highlight_size='' border='' border_color='' radius='0px' column_boxshadow='' column_boxshadow_color='' column_boxshadow_width='10' background='bg_color' background_color='' background_gradient_color1='' background_gradient_color2='' background_gradient_direction='vertical' src='' background_position='top left' background_repeat='no-repeat' animation='' mobile_breaking='' mobile_display='' av_uid='av-7dmtj']\r\n\r\n[av_horizontal_gallery ids='101826,101844,99626,99625,99624,99623,113968,113928,188430,188454' initial='' img_copyright='' height='35' size='gallery' gap='large' active='enlarge' control_layout='av-control-default' slider_navigation='av-navigate-arrows av-navigate-dots' nav_visibility_desktop='' nav_arrow_color='' nav_arrow_bg_color='#4da92f' nav_dots_color='' nav_dot_active_color='' lightbox_arrow_color='' lightbox_arrow_bg_color='' img_copyright_font='' av-desktop-font-img_copyright_font='' av-medium-font-img_copyright_font='' av-small-font-img_copyright_font='' av-mini-font-img_copyright_font='' img_copyright_color='' img_copyright_bg='' transition_speed='' autoplay='false' interval='5' links='' link_dest='_blank' lightbox_text='caption' img_scrset='' lazy_loading='enabled' alb_description='' id='' custom_class='' template_class='' av_uid='av-kiapl4zc' sc_version='1.0'][\/av_horizontal_gallery]\r\n\r\n[\/av_one_full]\n\n","protected":false},"excerpt":{"rendered":"","protected":false},"author":1,"featured_media":0,"parent":114262,"menu_order":0,"comment_status":"closed","ping_status":"closed","template":"","meta":{"footnotes":""},"yoast_head":"<!-- This site is optimized with the Yoast SEO plugin v23.1 - https:\/\/yoast.com\/wordpress\/plugins\/seo\/ -->\n<title>Acerca de ARC Studio - Studio ARC<\/title>\n<meta name=\"robots\" content=\"index, follow, max-snippet:-1, max-image-preview:large, max-video-preview:-1\" \/>\n<link rel=\"canonical\" href=\"https:\/\/www.arc.cz\/es\/acerca-de-arc-studio-2\/acerca-de-arc-studio\/\" \/>\n<meta property=\"og:locale\" content=\"es_ES\" \/>\n<meta property=\"og:type\" content=\"article\" \/>\n<meta property=\"og:title\" content=\"Acerca de ARC Studio - Studio ARC\" \/>\n<meta property=\"og:url\" content=\"https:\/\/www.arc.cz\/es\/acerca-de-arc-studio-2\/acerca-de-arc-studio\/\" \/>\n<meta property=\"og:site_name\" content=\"Studio ARC\" \/>\n<meta property=\"article:modified_time\" content=\"2024-07-30T14:45:49+00:00\" \/>\n<meta property=\"og:image\" content=\"https:\/\/www.arc.cz\/obrazky\/clip_image001.jpg\" \/>\n<meta name=\"twitter:card\" content=\"summary_large_image\" \/>\n<meta name=\"twitter:label1\" content=\"Tiempo de lectura\" \/>\n\t<meta name=\"twitter:data1\" content=\"11 minutos\" \/>\n<script type=\"application\/ld+json\" class=\"yoast-schema-graph\">{\"@context\":\"https:\/\/schema.org\",\"@graph\":[{\"@type\":\"WebPage\",\"@id\":\"https:\/\/www.arc.cz\/es\/acerca-de-arc-studio-2\/acerca-de-arc-studio\/\",\"url\":\"https:\/\/www.arc.cz\/es\/acerca-de-arc-studio-2\/acerca-de-arc-studio\/\",\"name\":\"Acerca de ARC Studio - Studio ARC\",\"isPartOf\":{\"@id\":\"https:\/\/www.arc.cz\/es\/#website\"},\"primaryImageOfPage\":{\"@id\":\"https:\/\/www.arc.cz\/es\/acerca-de-arc-studio-2\/acerca-de-arc-studio\/#primaryimage\"},\"image\":{\"@id\":\"https:\/\/www.arc.cz\/es\/acerca-de-arc-studio-2\/acerca-de-arc-studio\/#primaryimage\"},\"thumbnailUrl\":\"https:\/\/www.arc.cz\/obrazky\/clip_image001.jpg\",\"datePublished\":\"2015-01-09T14:41:17+00:00\",\"dateModified\":\"2024-07-30T14:45:49+00:00\",\"breadcrumb\":{\"@id\":\"https:\/\/www.arc.cz\/es\/acerca-de-arc-studio-2\/acerca-de-arc-studio\/#breadcrumb\"},\"inLanguage\":\"es\",\"potentialAction\":[{\"@type\":\"ReadAction\",\"target\":[\"https:\/\/www.arc.cz\/es\/acerca-de-arc-studio-2\/acerca-de-arc-studio\/\"]}]},{\"@type\":\"ImageObject\",\"inLanguage\":\"es\",\"@id\":\"https:\/\/www.arc.cz\/es\/acerca-de-arc-studio-2\/acerca-de-arc-studio\/#primaryimage\",\"url\":\"https:\/\/www.arc.cz\/obrazky\/clip_image001.jpg\",\"contentUrl\":\"https:\/\/www.arc.cz\/obrazky\/clip_image001.jpg\"},{\"@type\":\"BreadcrumbList\",\"@id\":\"https:\/\/www.arc.cz\/es\/acerca-de-arc-studio-2\/acerca-de-arc-studio\/#breadcrumb\",\"itemListElement\":[{\"@type\":\"ListItem\",\"position\":1,\"name\":\"Dom\u016f\",\"item\":\"https:\/\/www.arc.cz\/es\/celostni-a-organicka-architektura\/\"},{\"@type\":\"ListItem\",\"position\":2,\"name\":\"Acerca de ARC Studio\",\"item\":\"https:\/\/www.arc.cz\/es\/acerca-de-arc-studio-2\/\"},{\"@type\":\"ListItem\",\"position\":3,\"name\":\"Acerca de ARC Studio\"}]},{\"@type\":\"WebSite\",\"@id\":\"https:\/\/www.arc.cz\/es\/#website\",\"url\":\"https:\/\/www.arc.cz\/es\/\",\"name\":\"Studio ARC\",\"description\":\"Old\u0159ich Hozman Architect | Holistic and organic architecture\",\"publisher\":{\"@id\":\"https:\/\/www.arc.cz\/es\/#organization\"},\"potentialAction\":[{\"@type\":\"SearchAction\",\"target\":{\"@type\":\"EntryPoint\",\"urlTemplate\":\"https:\/\/www.arc.cz\/es\/?s={search_term_string}\"},\"query-input\":\"required name=search_term_string\"}],\"inLanguage\":\"es\"},{\"@type\":\"Organization\",\"@id\":\"https:\/\/www.arc.cz\/es\/#organization\",\"name\":\"Studio ARC\",\"url\":\"https:\/\/www.arc.cz\/es\/\",\"logo\":{\"@type\":\"ImageObject\",\"inLanguage\":\"es\",\"@id\":\"https:\/\/www.arc.cz\/es\/#\/schema\/logo\/image\/\",\"url\":\"https:\/\/www.arc.cz\/wp-content\/uploads\/logo.gif\",\"contentUrl\":\"https:\/\/www.arc.cz\/wp-content\/uploads\/logo.gif\",\"width\":125,\"height\":125,\"caption\":\"Studio ARC\"},\"image\":{\"@id\":\"https:\/\/www.arc.cz\/es\/#\/schema\/logo\/image\/\"}}]}<\/script>\n<!-- \/ Yoast SEO plugin. -->","yoast_head_json":{"title":"Acerca de ARC Studio - Studio ARC","robots":{"index":"index","follow":"follow","max-snippet":"max-snippet:-1","max-image-preview":"max-image-preview:large","max-video-preview":"max-video-preview:-1"},"canonical":"https:\/\/www.arc.cz\/es\/acerca-de-arc-studio-2\/acerca-de-arc-studio\/","og_locale":"es_ES","og_type":"article","og_title":"Acerca de ARC Studio - Studio ARC","og_url":"https:\/\/www.arc.cz\/es\/acerca-de-arc-studio-2\/acerca-de-arc-studio\/","og_site_name":"Studio ARC","article_modified_time":"2024-07-30T14:45:49+00:00","og_image":[{"url":"https:\/\/www.arc.cz\/obrazky\/clip_image001.jpg"}],"twitter_card":"summary_large_image","twitter_misc":{"Tiempo de lectura":"11 minutos"},"schema":{"@context":"https:\/\/schema.org","@graph":[{"@type":"WebPage","@id":"https:\/\/www.arc.cz\/es\/acerca-de-arc-studio-2\/acerca-de-arc-studio\/","url":"https:\/\/www.arc.cz\/es\/acerca-de-arc-studio-2\/acerca-de-arc-studio\/","name":"Acerca de ARC Studio - Studio ARC","isPartOf":{"@id":"https:\/\/www.arc.cz\/es\/#website"},"primaryImageOfPage":{"@id":"https:\/\/www.arc.cz\/es\/acerca-de-arc-studio-2\/acerca-de-arc-studio\/#primaryimage"},"image":{"@id":"https:\/\/www.arc.cz\/es\/acerca-de-arc-studio-2\/acerca-de-arc-studio\/#primaryimage"},"thumbnailUrl":"https:\/\/www.arc.cz\/obrazky\/clip_image001.jpg","datePublished":"2015-01-09T14:41:17+00:00","dateModified":"2024-07-30T14:45:49+00:00","breadcrumb":{"@id":"https:\/\/www.arc.cz\/es\/acerca-de-arc-studio-2\/acerca-de-arc-studio\/#breadcrumb"},"inLanguage":"es","potentialAction":[{"@type":"ReadAction","target":["https:\/\/www.arc.cz\/es\/acerca-de-arc-studio-2\/acerca-de-arc-studio\/"]}]},{"@type":"ImageObject","inLanguage":"es","@id":"https:\/\/www.arc.cz\/es\/acerca-de-arc-studio-2\/acerca-de-arc-studio\/#primaryimage","url":"https:\/\/www.arc.cz\/obrazky\/clip_image001.jpg","contentUrl":"https:\/\/www.arc.cz\/obrazky\/clip_image001.jpg"},{"@type":"BreadcrumbList","@id":"https:\/\/www.arc.cz\/es\/acerca-de-arc-studio-2\/acerca-de-arc-studio\/#breadcrumb","itemListElement":[{"@type":"ListItem","position":1,"name":"Dom\u016f","item":"https:\/\/www.arc.cz\/es\/celostni-a-organicka-architektura\/"},{"@type":"ListItem","position":2,"name":"Acerca de ARC Studio","item":"https:\/\/www.arc.cz\/es\/acerca-de-arc-studio-2\/"},{"@type":"ListItem","position":3,"name":"Acerca de ARC Studio"}]},{"@type":"WebSite","@id":"https:\/\/www.arc.cz\/es\/#website","url":"https:\/\/www.arc.cz\/es\/","name":"Studio ARC","description":"Old\u0159ich Hozman Architect | Holistic and organic architecture","publisher":{"@id":"https:\/\/www.arc.cz\/es\/#organization"},"potentialAction":[{"@type":"SearchAction","target":{"@type":"EntryPoint","urlTemplate":"https:\/\/www.arc.cz\/es\/?s={search_term_string}"},"query-input":"required name=search_term_string"}],"inLanguage":"es"},{"@type":"Organization","@id":"https:\/\/www.arc.cz\/es\/#organization","name":"Studio ARC","url":"https:\/\/www.arc.cz\/es\/","logo":{"@type":"ImageObject","inLanguage":"es","@id":"https:\/\/www.arc.cz\/es\/#\/schema\/logo\/image\/","url":"https:\/\/www.arc.cz\/wp-content\/uploads\/logo.gif","contentUrl":"https:\/\/www.arc.cz\/wp-content\/uploads\/logo.gif","width":125,"height":125,"caption":"Studio ARC"},"image":{"@id":"https:\/\/www.arc.cz\/es\/#\/schema\/logo\/image\/"}}]}},"_links":{"self":[{"href":"https:\/\/www.arc.cz\/es\/wp-json\/wp\/v2\/pages\/114112"}],"collection":[{"href":"https:\/\/www.arc.cz\/es\/wp-json\/wp\/v2\/pages"}],"about":[{"href":"https:\/\/www.arc.cz\/es\/wp-json\/wp\/v2\/types\/page"}],"author":[{"embeddable":true,"href":"https:\/\/www.arc.cz\/es\/wp-json\/wp\/v2\/users\/1"}],"replies":[{"embeddable":true,"href":"https:\/\/www.arc.cz\/es\/wp-json\/wp\/v2\/comments?post=114112"}],"version-history":[{"count":13,"href":"https:\/\/www.arc.cz\/es\/wp-json\/wp\/v2\/pages\/114112\/revisions"}],"predecessor-version":[{"id":190819,"href":"https:\/\/www.arc.cz\/es\/wp-json\/wp\/v2\/pages\/114112\/revisions\/190819"}],"up":[{"embeddable":true,"href":"https:\/\/www.arc.cz\/es\/wp-json\/wp\/v2\/pages\/114262"}],"wp:attachment":[{"href":"https:\/\/www.arc.cz\/es\/wp-json\/wp\/v2\/media?parent=114112"}],"curies":[{"name":"wp","href":"https:\/\/api.w.org\/{rel}","templated":true}]}}