{"id":114114,"date":"2015-01-09T15:47:42","date_gmt":"2015-01-09T14:47:42","guid":{"rendered":"https:\/\/www.arc.cz\/muebles-e-interiores\/precios-de-las-obras-del-proyecto\/"},"modified":"2023-02-10T12:34:14","modified_gmt":"2023-02-10T11:34:14","slug":"precios-de-las-obras-del-proyecto","status":"publish","type":"page","link":"https:\/\/www.arc.cz\/es\/muebles-e-interiores\/precios-de-las-obras-del-proyecto\/","title":{"rendered":"Precios de las obras de proyecto"},"content":{"rendered":"<h3>Informaci\u00f3n sobre los precios de los proyectos<\/h3>\nUtilizo un procedimiento est\u00e1ndar basado en el baremo de honorarios de la C\u00e1mara Checa de Arquitectos para determinar las tarifas de dise\u00f1o de interiores. Los honorarios se basan en la proporci\u00f3n de la complejidad y el alcance del trabajo resultante del coste total estimado del proyecto. El coste total del proyecto oscila entre el 10% y el 15% del coste estimado del interior. Las actividades y servicios detallados incluidos en el proyecto global se enumeran en el enlace de contenido y legislaci\u00f3n del proyecto.\n\nPongo precio a&nbsp;cada proyecto y lo presento individualmente a&nbsp;cada cliente en una oferta por escrito. Para poder tramitar la oferta, es necesario concertar una reuni\u00f3n personal para aclarar el alcance y la finalidad del contrato. La tramitaci\u00f3n de la oferta es gratuita.\n\nLa tasa b\u00e1sica oscila entre el 10% y el 15% del precio interior. Esta tarifa base principal se utiliza para determinar los precios de las etapas individuales del proyecto.\n<ol>\n \t<li>Preparaci\u00f3n del contrato: 3% de la tarifa b\u00e1sica<\/li>\n \t<li>Dise\u00f1o interior &#8211; estudio: 27% de la tarifa b\u00e1sica<\/li>\n \t<li>Preparaci\u00f3n de la documentaci\u00f3n para el dise\u00f1o interior: 34% de la tarifa b\u00e1sica<\/li>\n \t<li>Preparaci\u00f3n de documentos para la b\u00fasqueda y adjudicaci\u00f3n de la obra al contratista: 6% de los honorarios b\u00e1sicos<\/li>\n \t<li>Cooperaci\u00f3n en la ejecuci\u00f3n de la obra (autor\u00eda y supervisi\u00f3n t\u00e9cnica): 30% de la tarifa b\u00e1sica<\/li>\n<\/ol>","protected":false},"excerpt":{"rendered":"Informaci\u00f3n sobre los precios de los proyectos Utilizo un procedimiento est\u00e1ndar basado en el baremo de honorarios de la C\u00e1mara Checa de Arquitectos para determinar las tarifas de dise\u00f1o de interiores. Los honorarios se basan en la proporci\u00f3n de la complejidad y el alcance del trabajo resultante del coste total estimado del proyecto. El coste [&hellip;]","protected":false},"author":1,"featured_media":0,"parent":113989,"menu_order":21,"comment_status":"closed","ping_status":"closed","template":"","meta":{"footnotes":""},"yoast_head":"<!-- This site is optimized with the Yoast SEO plugin v23.1 - https:\/\/yoast.com\/wordpress\/plugins\/seo\/ -->\n<title>Precios de las obras de proyecto - Studio ARC<\/title>\n<meta name=\"robots\" content=\"index, follow, max-snippet:-1, max-image-preview:large, max-video-preview:-1\" \/>\n<link rel=\"canonical\" href=\"https:\/\/www.arc.cz\/es\/muebles-e-interiores\/precios-de-las-obras-del-proyecto\/\" \/>\n<meta property=\"og:locale\" content=\"es_ES\" \/>\n<meta property=\"og:type\" content=\"article\" \/>\n<meta property=\"og:title\" content=\"Precios de las obras de proyecto - Studio ARC\" \/>\n<meta property=\"og:description\" content=\"Informaci\u00f3n sobre los precios de los proyectos Utilizo un procedimiento est\u00e1ndar basado en el baremo de honorarios de la C\u00e1mara Checa de Arquitectos para determinar las tarifas de dise\u00f1o de interiores. Los honorarios se basan en la proporci\u00f3n de la complejidad y el alcance del trabajo resultante del coste total estimado del proyecto. El coste [&hellip;]\" \/>\n<meta property=\"og:url\" content=\"https:\/\/www.arc.cz\/es\/muebles-e-interiores\/precios-de-las-obras-del-proyecto\/\" \/>\n<meta property=\"og:site_name\" content=\"Studio ARC\" \/>\n<meta property=\"article:modified_time\" content=\"2023-02-10T11:34:14+00:00\" \/>\n<meta name=\"twitter:card\" content=\"summary_large_image\" \/>\n<meta name=\"twitter:label1\" content=\"Tiempo de lectura\" \/>\n\t<meta name=\"twitter:data1\" content=\"1 minuto\" \/>\n<script type=\"application\/ld+json\" class=\"yoast-schema-graph\">{\"@context\":\"https:\/\/schema.org\",\"@graph\":[{\"@type\":\"WebPage\",\"@id\":\"https:\/\/www.arc.cz\/es\/muebles-e-interiores\/precios-de-las-obras-del-proyecto\/\",\"url\":\"https:\/\/www.arc.cz\/es\/muebles-e-interiores\/precios-de-las-obras-del-proyecto\/\",\"name\":\"Precios de las obras de proyecto - Studio ARC\",\"isPartOf\":{\"@id\":\"https:\/\/www.arc.cz\/es\/#website\"},\"datePublished\":\"2015-01-09T14:47:42+00:00\",\"dateModified\":\"2023-02-10T11:34:14+00:00\",\"breadcrumb\":{\"@id\":\"https:\/\/www.arc.cz\/es\/muebles-e-interiores\/precios-de-las-obras-del-proyecto\/#breadcrumb\"},\"inLanguage\":\"es\",\"potentialAction\":[{\"@type\":\"ReadAction\",\"target\":[\"https:\/\/www.arc.cz\/es\/muebles-e-interiores\/precios-de-las-obras-del-proyecto\/\"]}]},{\"@type\":\"BreadcrumbList\",\"@id\":\"https:\/\/www.arc.cz\/es\/muebles-e-interiores\/precios-de-las-obras-del-proyecto\/#breadcrumb\",\"itemListElement\":[{\"@type\":\"ListItem\",\"position\":1,\"name\":\"Dom\u016f\",\"item\":\"https:\/\/www.arc.cz\/es\/celostni-a-organicka-architektura\/\"},{\"@type\":\"ListItem\",\"position\":2,\"name\":\"Muebles e interiores\",\"item\":\"https:\/\/www.arc.cz\/es\/muebles-e-interiores\/\"},{\"@type\":\"ListItem\",\"position\":3,\"name\":\"Precios de las obras de proyecto\"}]},{\"@type\":\"WebSite\",\"@id\":\"https:\/\/www.arc.cz\/es\/#website\",\"url\":\"https:\/\/www.arc.cz\/es\/\",\"name\":\"Studio ARC\",\"description\":\"Old\u0159ich Hozman Architect | Holistic and organic architecture\",\"publisher\":{\"@id\":\"https:\/\/www.arc.cz\/es\/#organization\"},\"potentialAction\":[{\"@type\":\"SearchAction\",\"target\":{\"@type\":\"EntryPoint\",\"urlTemplate\":\"https:\/\/www.arc.cz\/es\/?s={search_term_string}\"},\"query-input\":\"required name=search_term_string\"}],\"inLanguage\":\"es\"},{\"@type\":\"Organization\",\"@id\":\"https:\/\/www.arc.cz\/es\/#organization\",\"name\":\"Studio ARC\",\"url\":\"https:\/\/www.arc.cz\/es\/\",\"logo\":{\"@type\":\"ImageObject\",\"inLanguage\":\"es\",\"@id\":\"https:\/\/www.arc.cz\/es\/#\/schema\/logo\/image\/\",\"url\":\"https:\/\/www.arc.cz\/wp-content\/uploads\/logo.gif\",\"contentUrl\":\"https:\/\/www.arc.cz\/wp-content\/uploads\/logo.gif\",\"width\":125,\"height\":125,\"caption\":\"Studio ARC\"},\"image\":{\"@id\":\"https:\/\/www.arc.cz\/es\/#\/schema\/logo\/image\/\"}}]}<\/script>\n<!-- \/ Yoast SEO plugin. -->","yoast_head_json":{"title":"Precios de las obras de proyecto - Studio ARC","robots":{"index":"index","follow":"follow","max-snippet":"max-snippet:-1","max-image-preview":"max-image-preview:large","max-video-preview":"max-video-preview:-1"},"canonical":"https:\/\/www.arc.cz\/es\/muebles-e-interiores\/precios-de-las-obras-del-proyecto\/","og_locale":"es_ES","og_type":"article","og_title":"Precios de las obras de proyecto - Studio ARC","og_description":"Informaci\u00f3n sobre los precios de los proyectos Utilizo un procedimiento est\u00e1ndar basado en el baremo de honorarios de la C\u00e1mara Checa de Arquitectos para determinar las tarifas de dise\u00f1o de interiores. Los honorarios se basan en la proporci\u00f3n de la complejidad y el alcance del trabajo resultante del coste total estimado del proyecto. El coste [&hellip;]","og_url":"https:\/\/www.arc.cz\/es\/muebles-e-interiores\/precios-de-las-obras-del-proyecto\/","og_site_name":"Studio ARC","article_modified_time":"2023-02-10T11:34:14+00:00","twitter_card":"summary_large_image","twitter_misc":{"Tiempo de lectura":"1 minuto"},"schema":{"@context":"https:\/\/schema.org","@graph":[{"@type":"WebPage","@id":"https:\/\/www.arc.cz\/es\/muebles-e-interiores\/precios-de-las-obras-del-proyecto\/","url":"https:\/\/www.arc.cz\/es\/muebles-e-interiores\/precios-de-las-obras-del-proyecto\/","name":"Precios de las obras de proyecto - Studio ARC","isPartOf":{"@id":"https:\/\/www.arc.cz\/es\/#website"},"datePublished":"2015-01-09T14:47:42+00:00","dateModified":"2023-02-10T11:34:14+00:00","breadcrumb":{"@id":"https:\/\/www.arc.cz\/es\/muebles-e-interiores\/precios-de-las-obras-del-proyecto\/#breadcrumb"},"inLanguage":"es","potentialAction":[{"@type":"ReadAction","target":["https:\/\/www.arc.cz\/es\/muebles-e-interiores\/precios-de-las-obras-del-proyecto\/"]}]},{"@type":"BreadcrumbList","@id":"https:\/\/www.arc.cz\/es\/muebles-e-interiores\/precios-de-las-obras-del-proyecto\/#breadcrumb","itemListElement":[{"@type":"ListItem","position":1,"name":"Dom\u016f","item":"https:\/\/www.arc.cz\/es\/celostni-a-organicka-architektura\/"},{"@type":"ListItem","position":2,"name":"Muebles e interiores","item":"https:\/\/www.arc.cz\/es\/muebles-e-interiores\/"},{"@type":"ListItem","position":3,"name":"Precios de las obras de proyecto"}]},{"@type":"WebSite","@id":"https:\/\/www.arc.cz\/es\/#website","url":"https:\/\/www.arc.cz\/es\/","name":"Studio ARC","description":"Old\u0159ich Hozman Architect | Holistic and organic architecture","publisher":{"@id":"https:\/\/www.arc.cz\/es\/#organization"},"potentialAction":[{"@type":"SearchAction","target":{"@type":"EntryPoint","urlTemplate":"https:\/\/www.arc.cz\/es\/?s={search_term_string}"},"query-input":"required name=search_term_string"}],"inLanguage":"es"},{"@type":"Organization","@id":"https:\/\/www.arc.cz\/es\/#organization","name":"Studio ARC","url":"https:\/\/www.arc.cz\/es\/","logo":{"@type":"ImageObject","inLanguage":"es","@id":"https:\/\/www.arc.cz\/es\/#\/schema\/logo\/image\/","url":"https:\/\/www.arc.cz\/wp-content\/uploads\/logo.gif","contentUrl":"https:\/\/www.arc.cz\/wp-content\/uploads\/logo.gif","width":125,"height":125,"caption":"Studio ARC"},"image":{"@id":"https:\/\/www.arc.cz\/es\/#\/schema\/logo\/image\/"}}]}},"_links":{"self":[{"href":"https:\/\/www.arc.cz\/es\/wp-json\/wp\/v2\/pages\/114114"}],"collection":[{"href":"https:\/\/www.arc.cz\/es\/wp-json\/wp\/v2\/pages"}],"about":[{"href":"https:\/\/www.arc.cz\/es\/wp-json\/wp\/v2\/types\/page"}],"author":[{"embeddable":true,"href":"https:\/\/www.arc.cz\/es\/wp-json\/wp\/v2\/users\/1"}],"replies":[{"embeddable":true,"href":"https:\/\/www.arc.cz\/es\/wp-json\/wp\/v2\/comments?post=114114"}],"version-history":[{"count":0,"href":"https:\/\/www.arc.cz\/es\/wp-json\/wp\/v2\/pages\/114114\/revisions"}],"up":[{"embeddable":true,"href":"https:\/\/www.arc.cz\/es\/wp-json\/wp\/v2\/pages\/113989"}],"wp:attachment":[{"href":"https:\/\/www.arc.cz\/es\/wp-json\/wp\/v2\/media?parent=114114"}],"curies":[{"name":"wp","href":"https:\/\/api.w.org\/{rel}","templated":true}]}}