{"id":114115,"date":"2015-01-09T16:03:29","date_gmt":"2015-01-09T15:03:29","guid":{"rendered":"https:\/\/www.arc.cz\/contenido-de-los-proyectos\/"},"modified":"2023-02-10T09:53:19","modified_gmt":"2023-02-10T08:53:19","slug":"contenido-de-los-proyectos","status":"publish","type":"page","link":"https:\/\/www.arc.cz\/es\/exposiciones-y-estilo-corporativo\/contenido-de-los-proyectos\/","title":{"rendered":"Contenido de los proyectos"},"content":{"rendered":"<strong>Los proyectos de identidad corporativa constan de dos partes principales:<\/strong>\n<ul>\n\t<li>lo que queremos<\/li>\n\t<li>c\u00f3mo lo queremos<\/li>\n<\/ul>\nEn la parte introductoria del proyecto \u00ablo que queremos\u00bb encontramos juntos el tema principal por el que queremos hacer el proyecto. Le ayudar\u00e9 a&nbsp;aclarar el objetivo del proyecto.\n\nEn la segunda parte de \u00abc\u00f3mo lo queremos\u00bb, le ayudar\u00e9 a&nbsp;encontrar soluciones espec\u00edficas y a&nbsp;crear un estilo.\n\nCONTENIDO DEL PROYECTO:\n\nLo que queremos:\n<ul>\n\t<li>descripci\u00f3n de la finalidad y el objetivo<\/li>\n\t<li>dibujos y croquis que documentan la situaci\u00f3n de partida actual<\/li>\n\t<li>dibujos de la soluci\u00f3n ideal, modelado de la soluci\u00f3n ideal<\/li>\n\t<li>dise\u00f1o de la soluci\u00f3n \u00f3ptima y dise\u00f1o de los elementos formadores de estilo del dise\u00f1o gr\u00e1fico y ambiental<\/li>\n<\/ul>\nC\u00f3mo lo queremos:\n<ul>\n\t<li>selecci\u00f3n y perfeccionamiento de elementos de estilo, refinamiento de materiales y colores<\/li>\n\t<li>realizaci\u00f3n de dise\u00f1os gr\u00e1ficos y del logo<\/li>\n\t<li>proyecto de ejecuci\u00f3n, producci\u00f3n interior, impresi\u00f3n de material gr\u00e1fico<\/li>\n\t<li>ayuda y orientaci\u00f3n en la imaginaci\u00f3n &#8211; idea v\u00edvida del futuro trabajo<\/li>\n<\/ul>\n&nbsp;\n\nLos proyectos de estilo corporativo est\u00e1n dise\u00f1ados para particulares, peque\u00f1as y grandes empresas. El objetivo es crear un entorno estil\u00edsticamente uniforme. Un entorno estil\u00edsticamente uniforme mejora la moral y las relaciones sociales entre las personas. El entorno de estilo visual unificado lo abarca todo en t\u00e9rminos de arquitectura, interiores y dise\u00f1o. Incluye gr\u00e1ficos concebidos de forma uniforme para materiales promocionales, sistemas de orientaci\u00f3n, dise\u00f1o de p\u00e1ginas web y creaci\u00f3n de marcas y logotipos.","protected":false},"excerpt":{"rendered":"Los proyectos de identidad corporativa constan de dos partes principales: lo que queremos c\u00f3mo lo queremos En la parte introductoria del proyecto \u00ablo que queremos\u00bb encontramos juntos el tema principal por el que queremos hacer el proyecto. Le ayudar\u00e9 a&nbsp;aclarar el objetivo del proyecto. En la segunda parte de \u00abc\u00f3mo lo queremos\u00bb, le ayudar\u00e9 a&nbsp;encontrar [&hellip;]","protected":false},"author":1,"featured_media":0,"parent":114278,"menu_order":12,"comment_status":"closed","ping_status":"closed","template":"","meta":{"footnotes":""},"yoast_head":"<!-- This site is optimized with the Yoast SEO plugin v23.1 - https:\/\/yoast.com\/wordpress\/plugins\/seo\/ -->\n<title>Contenido de los proyectos - Studio ARC<\/title>\n<meta name=\"robots\" content=\"index, follow, max-snippet:-1, max-image-preview:large, max-video-preview:-1\" \/>\n<link rel=\"canonical\" href=\"https:\/\/www.arc.cz\/es\/exposiciones-y-estilo-corporativo\/contenido-de-los-proyectos\/\" \/>\n<meta property=\"og:locale\" content=\"es_ES\" \/>\n<meta property=\"og:type\" content=\"article\" \/>\n<meta property=\"og:title\" content=\"Contenido de los proyectos - Studio ARC\" \/>\n<meta property=\"og:description\" content=\"Los proyectos de identidad corporativa constan de dos partes principales: lo que queremos c\u00f3mo lo queremos En la parte introductoria del proyecto \u00ablo que queremos\u00bb encontramos juntos el tema principal por el que queremos hacer el proyecto. Le ayudar\u00e9 a&nbsp;aclarar el objetivo del proyecto. En la segunda parte de \u00abc\u00f3mo lo queremos\u00bb, le ayudar\u00e9 a&nbsp;encontrar [&hellip;]\" \/>\n<meta property=\"og:url\" content=\"https:\/\/www.arc.cz\/es\/exposiciones-y-estilo-corporativo\/contenido-de-los-proyectos\/\" \/>\n<meta property=\"og:site_name\" content=\"Studio ARC\" \/>\n<meta property=\"article:modified_time\" content=\"2023-02-10T08:53:19+00:00\" \/>\n<meta name=\"twitter:card\" content=\"summary_large_image\" \/>\n<meta name=\"twitter:label1\" content=\"Tiempo de lectura\" \/>\n\t<meta name=\"twitter:data1\" content=\"1 minuto\" \/>\n<script type=\"application\/ld+json\" class=\"yoast-schema-graph\">{\"@context\":\"https:\/\/schema.org\",\"@graph\":[{\"@type\":\"WebPage\",\"@id\":\"https:\/\/www.arc.cz\/es\/exposiciones-y-estilo-corporativo\/contenido-de-los-proyectos\/\",\"url\":\"https:\/\/www.arc.cz\/es\/exposiciones-y-estilo-corporativo\/contenido-de-los-proyectos\/\",\"name\":\"Contenido de los proyectos - Studio ARC\",\"isPartOf\":{\"@id\":\"https:\/\/www.arc.cz\/es\/#website\"},\"datePublished\":\"2015-01-09T15:03:29+00:00\",\"dateModified\":\"2023-02-10T08:53:19+00:00\",\"breadcrumb\":{\"@id\":\"https:\/\/www.arc.cz\/es\/exposiciones-y-estilo-corporativo\/contenido-de-los-proyectos\/#breadcrumb\"},\"inLanguage\":\"es\",\"potentialAction\":[{\"@type\":\"ReadAction\",\"target\":[\"https:\/\/www.arc.cz\/es\/exposiciones-y-estilo-corporativo\/contenido-de-los-proyectos\/\"]}]},{\"@type\":\"BreadcrumbList\",\"@id\":\"https:\/\/www.arc.cz\/es\/exposiciones-y-estilo-corporativo\/contenido-de-los-proyectos\/#breadcrumb\",\"itemListElement\":[{\"@type\":\"ListItem\",\"position\":1,\"name\":\"Dom\u016f\",\"item\":\"https:\/\/www.arc.cz\/es\/celostni-a-organicka-architektura\/\"},{\"@type\":\"ListItem\",\"position\":2,\"name\":\"Exposiciones y estilo corporativo\",\"item\":\"https:\/\/www.arc.cz\/es\/exposiciones-y-estilo-corporativo\/\"},{\"@type\":\"ListItem\",\"position\":3,\"name\":\"Contenido de los proyectos\"}]},{\"@type\":\"WebSite\",\"@id\":\"https:\/\/www.arc.cz\/es\/#website\",\"url\":\"https:\/\/www.arc.cz\/es\/\",\"name\":\"Studio ARC\",\"description\":\"Old\u0159ich Hozman Architect | Holistic and organic architecture\",\"publisher\":{\"@id\":\"https:\/\/www.arc.cz\/es\/#organization\"},\"potentialAction\":[{\"@type\":\"SearchAction\",\"target\":{\"@type\":\"EntryPoint\",\"urlTemplate\":\"https:\/\/www.arc.cz\/es\/?s={search_term_string}\"},\"query-input\":\"required name=search_term_string\"}],\"inLanguage\":\"es\"},{\"@type\":\"Organization\",\"@id\":\"https:\/\/www.arc.cz\/es\/#organization\",\"name\":\"Studio ARC\",\"url\":\"https:\/\/www.arc.cz\/es\/\",\"logo\":{\"@type\":\"ImageObject\",\"inLanguage\":\"es\",\"@id\":\"https:\/\/www.arc.cz\/es\/#\/schema\/logo\/image\/\",\"url\":\"https:\/\/www.arc.cz\/wp-content\/uploads\/logo.gif\",\"contentUrl\":\"https:\/\/www.arc.cz\/wp-content\/uploads\/logo.gif\",\"width\":125,\"height\":125,\"caption\":\"Studio ARC\"},\"image\":{\"@id\":\"https:\/\/www.arc.cz\/es\/#\/schema\/logo\/image\/\"}}]}<\/script>\n<!-- \/ Yoast SEO plugin. -->","yoast_head_json":{"title":"Contenido de los proyectos - Studio ARC","robots":{"index":"index","follow":"follow","max-snippet":"max-snippet:-1","max-image-preview":"max-image-preview:large","max-video-preview":"max-video-preview:-1"},"canonical":"https:\/\/www.arc.cz\/es\/exposiciones-y-estilo-corporativo\/contenido-de-los-proyectos\/","og_locale":"es_ES","og_type":"article","og_title":"Contenido de los proyectos - Studio ARC","og_description":"Los proyectos de identidad corporativa constan de dos partes principales: lo que queremos c\u00f3mo lo queremos En la parte introductoria del proyecto \u00ablo que queremos\u00bb encontramos juntos el tema principal por el que queremos hacer el proyecto. Le ayudar\u00e9 a&nbsp;aclarar el objetivo del proyecto. En la segunda parte de \u00abc\u00f3mo lo queremos\u00bb, le ayudar\u00e9 a&nbsp;encontrar [&hellip;]","og_url":"https:\/\/www.arc.cz\/es\/exposiciones-y-estilo-corporativo\/contenido-de-los-proyectos\/","og_site_name":"Studio ARC","article_modified_time":"2023-02-10T08:53:19+00:00","twitter_card":"summary_large_image","twitter_misc":{"Tiempo de lectura":"1 minuto"},"schema":{"@context":"https:\/\/schema.org","@graph":[{"@type":"WebPage","@id":"https:\/\/www.arc.cz\/es\/exposiciones-y-estilo-corporativo\/contenido-de-los-proyectos\/","url":"https:\/\/www.arc.cz\/es\/exposiciones-y-estilo-corporativo\/contenido-de-los-proyectos\/","name":"Contenido de los proyectos - Studio ARC","isPartOf":{"@id":"https:\/\/www.arc.cz\/es\/#website"},"datePublished":"2015-01-09T15:03:29+00:00","dateModified":"2023-02-10T08:53:19+00:00","breadcrumb":{"@id":"https:\/\/www.arc.cz\/es\/exposiciones-y-estilo-corporativo\/contenido-de-los-proyectos\/#breadcrumb"},"inLanguage":"es","potentialAction":[{"@type":"ReadAction","target":["https:\/\/www.arc.cz\/es\/exposiciones-y-estilo-corporativo\/contenido-de-los-proyectos\/"]}]},{"@type":"BreadcrumbList","@id":"https:\/\/www.arc.cz\/es\/exposiciones-y-estilo-corporativo\/contenido-de-los-proyectos\/#breadcrumb","itemListElement":[{"@type":"ListItem","position":1,"name":"Dom\u016f","item":"https:\/\/www.arc.cz\/es\/celostni-a-organicka-architektura\/"},{"@type":"ListItem","position":2,"name":"Exposiciones y estilo corporativo","item":"https:\/\/www.arc.cz\/es\/exposiciones-y-estilo-corporativo\/"},{"@type":"ListItem","position":3,"name":"Contenido de los proyectos"}]},{"@type":"WebSite","@id":"https:\/\/www.arc.cz\/es\/#website","url":"https:\/\/www.arc.cz\/es\/","name":"Studio ARC","description":"Old\u0159ich Hozman Architect | Holistic and organic architecture","publisher":{"@id":"https:\/\/www.arc.cz\/es\/#organization"},"potentialAction":[{"@type":"SearchAction","target":{"@type":"EntryPoint","urlTemplate":"https:\/\/www.arc.cz\/es\/?s={search_term_string}"},"query-input":"required name=search_term_string"}],"inLanguage":"es"},{"@type":"Organization","@id":"https:\/\/www.arc.cz\/es\/#organization","name":"Studio ARC","url":"https:\/\/www.arc.cz\/es\/","logo":{"@type":"ImageObject","inLanguage":"es","@id":"https:\/\/www.arc.cz\/es\/#\/schema\/logo\/image\/","url":"https:\/\/www.arc.cz\/wp-content\/uploads\/logo.gif","contentUrl":"https:\/\/www.arc.cz\/wp-content\/uploads\/logo.gif","width":125,"height":125,"caption":"Studio ARC"},"image":{"@id":"https:\/\/www.arc.cz\/es\/#\/schema\/logo\/image\/"}}]}},"_links":{"self":[{"href":"https:\/\/www.arc.cz\/es\/wp-json\/wp\/v2\/pages\/114115"}],"collection":[{"href":"https:\/\/www.arc.cz\/es\/wp-json\/wp\/v2\/pages"}],"about":[{"href":"https:\/\/www.arc.cz\/es\/wp-json\/wp\/v2\/types\/page"}],"author":[{"embeddable":true,"href":"https:\/\/www.arc.cz\/es\/wp-json\/wp\/v2\/users\/1"}],"replies":[{"embeddable":true,"href":"https:\/\/www.arc.cz\/es\/wp-json\/wp\/v2\/comments?post=114115"}],"version-history":[{"count":0,"href":"https:\/\/www.arc.cz\/es\/wp-json\/wp\/v2\/pages\/114115\/revisions"}],"up":[{"embeddable":true,"href":"https:\/\/www.arc.cz\/es\/wp-json\/wp\/v2\/pages\/114278"}],"wp:attachment":[{"href":"https:\/\/www.arc.cz\/es\/wp-json\/wp\/v2\/media?parent=114115"}],"curies":[{"name":"wp","href":"https:\/\/api.w.org\/{rel}","templated":true}]}}