{"id":114116,"date":"2015-01-09T15:50:10","date_gmt":"2015-01-09T14:50:10","guid":{"rendered":"https:\/\/www.arc.cz\/geomancia-y-creacion-de-entornos\/servicios-prestados\/"},"modified":"2023-02-10T15:35:47","modified_gmt":"2023-02-10T14:35:47","slug":"servicios-prestados","status":"publish","type":"page","link":"https:\/\/www.arc.cz\/es\/geomancia-y-creacion-de-entornos\/servicios-prestados\/","title":{"rendered":"Servicios prestados"},"content":{"rendered":"<section  class='av_textblock_section av-nfz1v-3e5c9e8028ee81ce48a15b38797e6227 '   itemscope=\"itemscope\" itemtype=\"https:\/\/schema.org\/CreativeWork\" ><div class='avia_textblock'  itemprop=\"text\" ><ul>\n<li><em>estudio en profundidad de las relaciones entre el hombre y el medio ambiente<\/em><\/li>\n<li><em>arquitectura hol\u00edstica y entorno hol\u00edstico<\/em><\/li>\n<li><em>dise\u00f1os de edificios beneficiosos para la salud<\/em><\/li>\n<li><em>geomancia y relaci\u00f3n con el genius loci del lugar<\/em><\/li>\n<li><em>aplicaci\u00f3n de los principios de la geometr\u00eda sagrada<\/em><\/li>\n<li><em>inspiraci\u00f3n y aplicaci\u00f3n de los principios del feng shui culturalmente transferibles<\/em><\/li>\n<\/ul>\n<p>En nuestros proyectos, nos dedicamos a&nbsp;estudiar en profundidad las cualidades espirituales, mentales y f\u00edsicas de las personas y del medio ambiente. Nuestra principal fuente de conocimiento e inspiraci\u00f3n son las fuentes culturales europeas y las ense\u00f1anzas espirituales hol\u00edsticas europeas.<\/p>\n<p>Entendemos la arquitectura como un entorno hol\u00edstico con cualidades sutiles y energ\u00edas sutiles. Nos preocupan por igual las cualidades espirituales, mentales y f\u00edsicas del entorno y la arquitectura.<\/p>\n<p>Cuando dise\u00f1amos edificios, prestamos atenci\u00f3n al concepto hol\u00edstico. A&nbsp;nivel espiritual, creamos proyectos para que se ajusten lo mejor posible al yo esencial de la persona que encarg\u00f3 la obra. A&nbsp;nivel espiritual, nos aseguramos de que los edificios se sientan vivos y de que tengan los poderes creativos del hombre moderno. Incorporamos a&nbsp;nuestro trabajo los principios de la arquitectura org\u00e1nica. Utilizamos formas, procesos y materiales naturales que crean fuerzas beneficiosas para la salud de las personas y el medio ambiente.<\/p>\n<p>La geomancia es la ciencia de las fuerzas materiales sutiles de la Tierra. C\u00f3mo entenderlos y trabajar con ellos adecuadamente. Mediante la geomancia, podemos detectar cambios sutiles de la energ\u00eda vital en el espacio y adaptar los edificios para que estas fuerzas sutiles de la naturaleza no se debiliten. La geomancia tambi\u00e9n incluye la localizaci\u00f3n de zonas geopat\u00f3genas en tierra. En consecuencia, adaptamos los dise\u00f1os de los edificios a&nbsp;estas energ\u00edas sutiles para que el futuro usuario est\u00e9 en armon\u00eda con ellas.<\/p>\n<p>La geometr\u00eda sacra es la geometr\u00eda sagrada de la naturaleza. Durante siglos, la gente ha percibido la naturaleza viva y no viva y ha observado las proporciones de tama\u00f1os que se encuentran en la naturaleza. La geometr\u00eda sagrada es la base del flujo saludable de las fuerzas animadoras en la naturaleza y tambi\u00e9n la base de la percepci\u00f3n de la belleza en el entorno. Estudiamos estas dimensiones sagradas y las incorporamos a&nbsp;las formas y dimensiones de los edificios que dise\u00f1amos.<\/p>\n<p>Tambi\u00e9n nos inspiramos en la ciencia del feng shui. Se trata de principios que podemos seguir para ser capaces de captar cambios sutiles en el flujo adecuado de la energ\u00eda vital en el espacio. Dado que la ciencia del feng shui procede de fuentes culturales no europeas, aplicamos sus principios con criterio en relaci\u00f3n con nuestra cultura.<\/p>\n<\/div><\/section>\n\n\n<style type=\"text\/css\" data-created_by=\"avia_inline_auto\" id=\"style-css-av-gbpqr-c43212d7ba683281e30393c33c91d550\">\n.flex_column.av-gbpqr-c43212d7ba683281e30393c33c91d550{\nborder-radius:0px 0px 0px 0px;\npadding:0px 0px 0px 0px;\n}\n<\/style>\n<div  class='flex_column av-gbpqr-c43212d7ba683281e30393c33c91d550 av_one_full  avia-builder-el-1  el_after_av_textblock  avia-builder-el-last  first flex_column_div av-zero-column-padding  column-top-margin'     ><div id='av-masonry-1' class='av-masonry av-akuzf-7e57a190bcf960c55524abd6590a54bb noHover av-fixed-size av-large-gap av-hover-overlay-active av-masonry-animation-active av-masonry-col-3 av-caption-always av-caption-style- av-masonry-entries ' data-post_id=\"114116\"><div class=\"av-masonry-container isotope av-js-disabled\"><div class='av-masonry-entry isotope-item av-masonry-item-no-image '><\/div><a href=\"https:\/\/www.arc.cz\/es\/portfolio-item\/casa-en-el-palol-espana-2010\/\"  id='av-masonry-1-item-113982' data-av-masonry-item='113982' class='av-masonry-entry isotope-item post-113982 portfolio type-portfolio status-publish has-post-thumbnail hentry tag-arquitectura-holistica tag-casa-de-familia tag-baja-energia tag-diseno-participativo tag-edificio-de-madera tag-feng-shui-es tag-geomancia tag-jardin tag-materiales-naturales tag-yeso-de-arcilla portfolio_entries-arquitectura-y-paisajismo portfolio_entries-geomancia-y-creacion-de-entornos portfolio_entries-muebles-e-interiores  av-masonry-item-with-image av-grid-img' title=\"casa org\u00e1nica\"   itemscope=\"itemscope\" itemtype=\"https:\/\/schema.org\/CreativeWork\" ><div class='av-inner-masonry-sizer'><\/div><figure class='av-inner-masonry main_color'><div class=\"av-masonry-outerimage-container\"><div class='av-masonry-image-container' style=\"background-image: url(https:\/\/www.arc.cz\/wp-content\/uploads\/2015\/01\/low-web_hdr2sun-400x266.jpg);\"  title=\"casa org\u00e1nica\" ><\/div><\/div><figcaption class='av-inner-masonry-content site-background'><div class='av-inner-masonry-content-pos'><div class='av-inner-masonry-content-pos-content'><div class='avia-arrow'><\/div><h3 class='av-masonry-entry-title entry-title '  itemprop=\"headline\" >Casa en El Palol, Espa\u00f1a (2010)<\/h3><\/div><\/div><\/figcaption><\/figure><\/a><!--end av-masonry entry--><a href=\"https:\/\/www.arc.cz\/es\/portfolio-item\/casa-atrio-con-jardin\/\"  id='av-masonry-1-item-114232' data-av-masonry-item='114232' class='av-masonry-entry isotope-item post-114232 portfolio type-portfolio status-publish has-post-thumbnail hentry tag-arquitectura-holistica-es tag-arquitectura-organica-es tag-baja-energia-es tag-casa-familiar tag-edificio-de-madera-es tag-feng-shui-es tag-geomancia-es tag-jardin-es tag-jardin-natural tag-materiales-naturales-es tag-yesos-de-arcilla portfolio_entries-arquitectura-y-paisajismo portfolio_entries-geomancia-y-creacion-de-entornos portfolio_entries-muebles-e-interiores  av-masonry-item-with-image av-landscape-img' title=\"Casa atrio con tejado verde.\"   itemscope=\"itemscope\" itemtype=\"https:\/\/schema.org\/CreativeWork\" ><div class='av-inner-masonry-sizer'><\/div><figure class='av-inner-masonry main_color'><div class=\"av-masonry-outerimage-container\"><div class='av-masonry-image-container' style=\"background-image: url(https:\/\/www.arc.cz\/wp-content\/uploads\/2017\/05\/627790-gallery1-c42ks-400x225.jpg);\"  title=\"Casa atrio con tejado verde.\" ><\/div><\/div><figcaption class='av-inner-masonry-content site-background'><div class='av-inner-masonry-content-pos'><div class='av-inner-masonry-content-pos-content'><div class='avia-arrow'><\/div><h3 class='av-masonry-entry-title entry-title '  itemprop=\"headline\" >Casa atrio con jard\u00edn<\/h3><\/div><\/div><\/figcaption><\/figure><\/a><!--end av-masonry entry--><a href=\"https:\/\/www.arc.cz\/es\/portfolio-item\/viviendas-tuteladas-portus-en-el-pueblo-de-slapy\/\"  id='av-masonry-1-item-114171' data-av-masonry-item='114171' class='av-masonry-entry isotope-item post-114171 portfolio type-portfolio status-publish has-post-thumbnail hentry tag-viviendas-protegidas portfolio_entries-arquitectura-y-paisajismo portfolio_entries-geomancia-y-creacion-de-entornos portfolio_entries-muebles-e-interiores  av-masonry-item-with-image av-grid-img' title=\"00001-south_view_detail1\"   itemscope=\"itemscope\" itemtype=\"https:\/\/schema.org\/CreativeWork\" ><div class='av-inner-masonry-sizer'><\/div><figure class='av-inner-masonry main_color'><div class=\"av-masonry-outerimage-container\"><div class='av-masonry-image-container' style=\"background-image: url(https:\/\/www.arc.cz\/wp-content\/uploads\/2005\/01\/00001-south_view_detail1-400x285.jpg);\"  title=\"00001-south_view_detail1\" ><\/div><\/div><figcaption class='av-inner-masonry-content site-background'><div class='av-inner-masonry-content-pos'><div class='av-inner-masonry-content-pos-content'><div class='avia-arrow'><\/div><h3 class='av-masonry-entry-title entry-title '  itemprop=\"headline\" >Viviendas tuteladas Portus en el pueblo de Slapy<\/h3><\/div><\/div><\/figcaption><\/figure><\/a><!--end av-masonry entry--><a href=\"https:\/\/www.arc.cz\/es\/portfolio-item\/casa-para-ancianos-en-zlicin\/\"  id='av-masonry-1-item-114140' data-av-masonry-item='114140' class='av-masonry-entry isotope-item post-114140 portfolio type-portfolio status-publish has-post-thumbnail hentry tag-casa-para-seoniors portfolio_entries-arquitectura-y-paisajismo portfolio_entries-geomancia-y-creacion-de-entornos  av-masonry-item-with-image av-grid-img' title=\"00001-dum_with_nursing_service_zlicin_praha_5\"   itemscope=\"itemscope\" itemtype=\"https:\/\/schema.org\/CreativeWork\" ><div class='av-inner-masonry-sizer'><\/div><figure class='av-inner-masonry main_color'><div class=\"av-masonry-outerimage-container\"><div class='av-masonry-image-container' style=\"background-image: url(https:\/\/www.arc.cz\/wp-content\/uploads\/2004\/01\/00001-dum_s_pecovatelskou_sluzbou_zlicin_praha_5-400x341.jpg);\"  title=\"00001-dum_with_nursing_service_zlicin_praha_5\" ><\/div><\/div><figcaption class='av-inner-masonry-content site-background'><div class='av-inner-masonry-content-pos'><div class='av-inner-masonry-content-pos-content'><div class='avia-arrow'><\/div><h3 class='av-masonry-entry-title entry-title '  itemprop=\"headline\" >Casa para ancianos en Zli\u010d\u00edn<\/h3><\/div><\/div><\/figcaption><\/figure><\/a><!--end av-masonry entry--><a href=\"https:\/\/www.arc.cz\/es\/portfolio-item\/reconstruccion-de-la-casa-maitrea\/\"  id='av-masonry-1-item-114212' data-av-masonry-item='114212' class='av-masonry-entry isotope-item post-114212 portfolio type-portfolio status-publish has-post-thumbnail hentry tag-casa-de-apartamentos tag-restaurante portfolio_entries-arquitectura-y-paisajismo portfolio_entries-geomancia-y-creacion-de-entornos portfolio_entries-muebles-e-interiores  av-masonry-item-with-image av-grid-img' title=\"00070-web-maitrea-3078\"   itemscope=\"itemscope\" itemtype=\"https:\/\/schema.org\/CreativeWork\" ><div class='av-inner-masonry-sizer'><\/div><figure class='av-inner-masonry main_color'><div class=\"av-masonry-outerimage-container\"><div class='av-masonry-image-container' style=\"background-image: url(https:\/\/www.arc.cz\/wp-content\/uploads\/2008\/01\/00070-web-maitrea-3078-400x267.jpg);\"  title=\"00070-web-maitrea-3078\" ><\/div><\/div><figcaption class='av-inner-masonry-content site-background'><div class='av-inner-masonry-content-pos'><div class='av-inner-masonry-content-pos-content'><div class='avia-arrow'><\/div><h3 class='av-masonry-entry-title entry-title '  itemprop=\"headline\" >Reconstrucci\u00f3n de la Casa Maitrea<\/h3><\/div><\/div><\/figcaption><\/figure><\/a><!--end av-masonry entry--><a href=\"https:\/\/www.arc.cz\/es\/portfolio-item\/estudio-urbanistico-de-la-ciudad-educativa-de-krumlovia-en-cesky-krumlov\/\"  id='av-masonry-1-item-114304' data-av-masonry-item='114304' class='av-masonry-entry isotope-item post-114304 portfolio type-portfolio status-publish has-post-thumbnail hentry tag-casa-de-familia tag-casa-de-apartamentos tag-edificio-de-apartamentos tag-escuela tag-geomancia tag-granja tag-hotel-es tag-jardin tag-zona-de-juegos tag-pension tag-restaurante tag-vivero tag-viviendas-protegidas portfolio_entries-arquitectura-y-paisajismo portfolio_entries-geomancia-y-creacion-de-entornos  av-masonry-item-with-image av-grid-img' title=\"00001-a0-studie-bez-popisek-low\"   itemscope=\"itemscope\" itemtype=\"https:\/\/schema.org\/CreativeWork\" ><div class='av-inner-masonry-sizer'><\/div><figure class='av-inner-masonry main_color'><div class=\"av-masonry-outerimage-container\"><div class='av-masonry-image-container' style=\"background-image: url(https:\/\/www.arc.cz\/wp-content\/uploads\/2014\/01\/00001-a0-studie-bez-popisek-low-400x286.jpg);\"  title=\"00001-a0-studie-bez-popisek-low\" ><\/div><\/div><figcaption class='av-inner-masonry-content site-background'><div class='av-inner-masonry-content-pos'><div class='av-inner-masonry-content-pos-content'><div class='avia-arrow'><\/div><h3 class='av-masonry-entry-title entry-title '  itemprop=\"headline\" >Estudio urban\u00edstico de la ciudad educativa de Krumlovia en \u010cesk\u00fd Krumlov<\/h3><\/div><\/div><\/figcaption><\/figure><\/a><!--end av-masonry entry--><\/div><\/div><\/div>","protected":false},"excerpt":{"rendered":"","protected":false},"author":1,"featured_media":0,"parent":113990,"menu_order":0,"comment_status":"closed","ping_status":"closed","template":"","meta":{"footnotes":""},"yoast_head":"<!-- This site is optimized with the Yoast SEO plugin v23.1 - https:\/\/yoast.com\/wordpress\/plugins\/seo\/ -->\n<title>Servicios prestados - Studio ARC<\/title>\n<meta name=\"robots\" content=\"index, follow, max-snippet:-1, max-image-preview:large, max-video-preview:-1\" \/>\n<link rel=\"canonical\" href=\"https:\/\/www.arc.cz\/es\/geomancia-y-creacion-de-entornos\/servicios-prestados\/\" \/>\n<meta property=\"og:locale\" content=\"es_ES\" \/>\n<meta property=\"og:type\" content=\"article\" \/>\n<meta property=\"og:title\" content=\"Servicios prestados - Studio ARC\" \/>\n<meta property=\"og:url\" content=\"https:\/\/www.arc.cz\/es\/geomancia-y-creacion-de-entornos\/servicios-prestados\/\" \/>\n<meta property=\"og:site_name\" content=\"Studio ARC\" \/>\n<meta property=\"article:modified_time\" content=\"2023-02-10T14:35:47+00:00\" \/>\n<meta name=\"twitter:card\" content=\"summary_large_image\" \/>\n<meta name=\"twitter:label1\" content=\"Tiempo de lectura\" \/>\n\t<meta name=\"twitter:data1\" content=\"3 minutos\" \/>\n<script type=\"application\/ld+json\" class=\"yoast-schema-graph\">{\"@context\":\"https:\/\/schema.org\",\"@graph\":[{\"@type\":\"WebPage\",\"@id\":\"https:\/\/www.arc.cz\/es\/geomancia-y-creacion-de-entornos\/servicios-prestados\/\",\"url\":\"https:\/\/www.arc.cz\/es\/geomancia-y-creacion-de-entornos\/servicios-prestados\/\",\"name\":\"Servicios prestados - Studio ARC\",\"isPartOf\":{\"@id\":\"https:\/\/www.arc.cz\/es\/#website\"},\"datePublished\":\"2015-01-09T14:50:10+00:00\",\"dateModified\":\"2023-02-10T14:35:47+00:00\",\"breadcrumb\":{\"@id\":\"https:\/\/www.arc.cz\/es\/geomancia-y-creacion-de-entornos\/servicios-prestados\/#breadcrumb\"},\"inLanguage\":\"es\",\"potentialAction\":[{\"@type\":\"ReadAction\",\"target\":[\"https:\/\/www.arc.cz\/es\/geomancia-y-creacion-de-entornos\/servicios-prestados\/\"]}]},{\"@type\":\"BreadcrumbList\",\"@id\":\"https:\/\/www.arc.cz\/es\/geomancia-y-creacion-de-entornos\/servicios-prestados\/#breadcrumb\",\"itemListElement\":[{\"@type\":\"ListItem\",\"position\":1,\"name\":\"Dom\u016f\",\"item\":\"https:\/\/www.arc.cz\/es\/celostni-a-organicka-architektura\/\"},{\"@type\":\"ListItem\",\"position\":2,\"name\":\"Geomancia y creaci\u00f3n de entornos\",\"item\":\"https:\/\/www.arc.cz\/es\/geomancia-y-creacion-de-entornos\/\"},{\"@type\":\"ListItem\",\"position\":3,\"name\":\"Servicios prestados\"}]},{\"@type\":\"WebSite\",\"@id\":\"https:\/\/www.arc.cz\/es\/#website\",\"url\":\"https:\/\/www.arc.cz\/es\/\",\"name\":\"Studio ARC\",\"description\":\"Old\u0159ich Hozman Architect | Holistic and organic architecture\",\"publisher\":{\"@id\":\"https:\/\/www.arc.cz\/es\/#organization\"},\"potentialAction\":[{\"@type\":\"SearchAction\",\"target\":{\"@type\":\"EntryPoint\",\"urlTemplate\":\"https:\/\/www.arc.cz\/es\/?s={search_term_string}\"},\"query-input\":\"required name=search_term_string\"}],\"inLanguage\":\"es\"},{\"@type\":\"Organization\",\"@id\":\"https:\/\/www.arc.cz\/es\/#organization\",\"name\":\"Studio ARC\",\"url\":\"https:\/\/www.arc.cz\/es\/\",\"logo\":{\"@type\":\"ImageObject\",\"inLanguage\":\"es\",\"@id\":\"https:\/\/www.arc.cz\/es\/#\/schema\/logo\/image\/\",\"url\":\"https:\/\/www.arc.cz\/wp-content\/uploads\/logo.gif\",\"contentUrl\":\"https:\/\/www.arc.cz\/wp-content\/uploads\/logo.gif\",\"width\":125,\"height\":125,\"caption\":\"Studio ARC\"},\"image\":{\"@id\":\"https:\/\/www.arc.cz\/es\/#\/schema\/logo\/image\/\"}}]}<\/script>\n<!-- \/ Yoast SEO plugin. -->","yoast_head_json":{"title":"Servicios prestados - Studio ARC","robots":{"index":"index","follow":"follow","max-snippet":"max-snippet:-1","max-image-preview":"max-image-preview:large","max-video-preview":"max-video-preview:-1"},"canonical":"https:\/\/www.arc.cz\/es\/geomancia-y-creacion-de-entornos\/servicios-prestados\/","og_locale":"es_ES","og_type":"article","og_title":"Servicios prestados - Studio ARC","og_url":"https:\/\/www.arc.cz\/es\/geomancia-y-creacion-de-entornos\/servicios-prestados\/","og_site_name":"Studio ARC","article_modified_time":"2023-02-10T14:35:47+00:00","twitter_card":"summary_large_image","twitter_misc":{"Tiempo de lectura":"3 minutos"},"schema":{"@context":"https:\/\/schema.org","@graph":[{"@type":"WebPage","@id":"https:\/\/www.arc.cz\/es\/geomancia-y-creacion-de-entornos\/servicios-prestados\/","url":"https:\/\/www.arc.cz\/es\/geomancia-y-creacion-de-entornos\/servicios-prestados\/","name":"Servicios prestados - Studio ARC","isPartOf":{"@id":"https:\/\/www.arc.cz\/es\/#website"},"datePublished":"2015-01-09T14:50:10+00:00","dateModified":"2023-02-10T14:35:47+00:00","breadcrumb":{"@id":"https:\/\/www.arc.cz\/es\/geomancia-y-creacion-de-entornos\/servicios-prestados\/#breadcrumb"},"inLanguage":"es","potentialAction":[{"@type":"ReadAction","target":["https:\/\/www.arc.cz\/es\/geomancia-y-creacion-de-entornos\/servicios-prestados\/"]}]},{"@type":"BreadcrumbList","@id":"https:\/\/www.arc.cz\/es\/geomancia-y-creacion-de-entornos\/servicios-prestados\/#breadcrumb","itemListElement":[{"@type":"ListItem","position":1,"name":"Dom\u016f","item":"https:\/\/www.arc.cz\/es\/celostni-a-organicka-architektura\/"},{"@type":"ListItem","position":2,"name":"Geomancia y creaci\u00f3n de entornos","item":"https:\/\/www.arc.cz\/es\/geomancia-y-creacion-de-entornos\/"},{"@type":"ListItem","position":3,"name":"Servicios prestados"}]},{"@type":"WebSite","@id":"https:\/\/www.arc.cz\/es\/#website","url":"https:\/\/www.arc.cz\/es\/","name":"Studio ARC","description":"Old\u0159ich Hozman Architect | Holistic and organic architecture","publisher":{"@id":"https:\/\/www.arc.cz\/es\/#organization"},"potentialAction":[{"@type":"SearchAction","target":{"@type":"EntryPoint","urlTemplate":"https:\/\/www.arc.cz\/es\/?s={search_term_string}"},"query-input":"required name=search_term_string"}],"inLanguage":"es"},{"@type":"Organization","@id":"https:\/\/www.arc.cz\/es\/#organization","name":"Studio ARC","url":"https:\/\/www.arc.cz\/es\/","logo":{"@type":"ImageObject","inLanguage":"es","@id":"https:\/\/www.arc.cz\/es\/#\/schema\/logo\/image\/","url":"https:\/\/www.arc.cz\/wp-content\/uploads\/logo.gif","contentUrl":"https:\/\/www.arc.cz\/wp-content\/uploads\/logo.gif","width":125,"height":125,"caption":"Studio ARC"},"image":{"@id":"https:\/\/www.arc.cz\/es\/#\/schema\/logo\/image\/"}}]}},"_links":{"self":[{"href":"https:\/\/www.arc.cz\/es\/wp-json\/wp\/v2\/pages\/114116"}],"collection":[{"href":"https:\/\/www.arc.cz\/es\/wp-json\/wp\/v2\/pages"}],"about":[{"href":"https:\/\/www.arc.cz\/es\/wp-json\/wp\/v2\/types\/page"}],"author":[{"embeddable":true,"href":"https:\/\/www.arc.cz\/es\/wp-json\/wp\/v2\/users\/1"}],"replies":[{"embeddable":true,"href":"https:\/\/www.arc.cz\/es\/wp-json\/wp\/v2\/comments?post=114116"}],"version-history":[{"count":0,"href":"https:\/\/www.arc.cz\/es\/wp-json\/wp\/v2\/pages\/114116\/revisions"}],"up":[{"embeddable":true,"href":"https:\/\/www.arc.cz\/es\/wp-json\/wp\/v2\/pages\/113990"}],"wp:attachment":[{"href":"https:\/\/www.arc.cz\/es\/wp-json\/wp\/v2\/media?parent=114116"}],"curies":[{"name":"wp","href":"https:\/\/api.w.org\/{rel}","templated":true}]}}