{"id":114130,"date":"2015-01-09T15:45:20","date_gmt":"2015-01-09T14:45:20","guid":{"rendered":"https:\/\/www.arc.cz\/muebles-e-interiores\/servicios-prestados\/"},"modified":"2023-02-10T15:24:54","modified_gmt":"2023-02-10T14:24:54","slug":"servicios-prestados","status":"publish","type":"page","link":"https:\/\/www.arc.cz\/es\/muebles-e-interiores\/servicios-prestados\/","title":{"rendered":"Servicios prestados"},"content":{"rendered":"<section  class='av_textblock_section av-j7zlb-465b247f9cb7729eec1f20d5a2d3d17f '   itemscope=\"itemscope\" itemtype=\"https:\/\/schema.org\/CreativeWork\" ><div class='avia_textblock'  itemprop=\"text\" ><ul>\n<li><em> Proyectos de interiores realizados con materiales ecol\u00f3gicos naturales <\/em><\/li>\n<li><em>  Proyectos de espacios corporativos y comerciales saludables<\/em><\/li>\n<li><em>  Dise\u00f1o de interiores y mobiliario at\u00edpico<\/em><\/li>\n<li><em>  Dise\u00f1o de muebles y art\u00edculos utilitarios para la producci\u00f3n industrial<\/em><\/li>\n<li><em>  Originales, obras de arte y muebles solitarios  <\/em><\/li>\n<li><em>Dise\u00f1o de hornos, chimeneas y estufas para edificios propuestos<\/em><\/li>\n<li><em>Dise\u00f1o de fuentes, juegos de agua y formas de flujo<br \/>\n<\/em><\/li>\n<\/ul>\n<p>Entendemos el dise\u00f1o y la realizaci\u00f3n de interiores y mobiliario como expresiones significativas de la acci\u00f3n humana. Los interiores y el mobiliario afectan directamente al estado de \u00e1nimo, el comportamiento y la salud del usuario. Por eso adoptamos un enfoque responsable en las propuestas que elaboramos. Un interior bien dise\u00f1ado aporta oportunidades de cambio, desarrollo y nuevo crecimiento no s\u00f3lo a&nbsp;nivel f\u00edsico sino tambi\u00e9n mental. De este modo, se puede dar un nuevo rostro a&nbsp;objetos, muebles y espacios enteros mediante la creaci\u00f3n y la colaboraci\u00f3n activa con el cliente. Y permitir a&nbsp;quienes las habitan o&nbsp;visitan una nueva perspectiva de la realidad. Nuestro objetivo es proporcionar a&nbsp;las personas el trasfondo y el est\u00edmulo para su propio desarrollo y crecimiento.<\/p>\n<p>Como nos interesa mantener una vida sostenible, dise\u00f1amos muebles e interiores con materiales saludables tanto para las personas como para la Tierra. Es decir, f\u00e1cil de fabricar, apto para la habitaci\u00f3n humana y, en \u00faltima instancia, reciclable. En el caso de los interiores y el mobiliario, suelen ser de madera, metal, vidrio; tambi\u00e9n hay textiles vegetales o&nbsp;bien se aplican barnices a&nbsp;base de aceites vegetales y ceras superficiales.<\/p>\n<p>Nuestra respuesta al desarrollo de los cambios civilizacionales y a&nbsp;los enfoques contempor\u00e1neos en el dise\u00f1o de interiores y el dise\u00f1o industrial es el dise\u00f1o de productos ecol\u00f3gicos. Los muebles, interiores y objetos utilitarios se dise\u00f1an teniendo en cuenta los principios hol\u00edsticos de la ergonom\u00eda, la ecolog\u00eda y el feng shui. Nuestra intenci\u00f3n es que el interior est\u00e9 en armon\u00eda con el lugar y capacite arm\u00f3nicamente al usuario.<\/p>\n<h2>Proyectos realizados<\/h2>\n<\/div><\/section>\n\n\n<style type=\"text\/css\" data-created_by=\"avia_inline_auto\" id=\"style-css-av-fdz87-f698878ad46d8e7b9c5120f48d620409\">\n.flex_column.av-fdz87-f698878ad46d8e7b9c5120f48d620409{\nborder-radius:0px 0px 0px 0px;\npadding:0px 0px 0px 0px;\n}\n<\/style>\n<div  class='flex_column av-fdz87-f698878ad46d8e7b9c5120f48d620409 av_one_full  avia-builder-el-1  el_after_av_textblock  avia-builder-el-last  first flex_column_div av-zero-column-padding  column-top-margin'     ><div id='av-masonry-1' class='av-masonry av-9sbyv-54c8cc8bfccffb808c30491c999530ef noHover av-fixed-size av-large-gap av-hover-overlay-active av-masonry-animation-active av-masonry-col-3 av-caption-always av-caption-style- av-masonry-entries ' data-post_id=\"114130\"><div class=\"av-masonry-container isotope av-js-disabled\"><div class='av-masonry-entry isotope-item av-masonry-item-no-image '><\/div><a href=\"https:\/\/www.arc.cz\/es\/portfolio-item\/casa-en-el-palol-espana-2010\/\"  id='av-masonry-1-item-113982' data-av-masonry-item='113982' class='av-masonry-entry isotope-item post-113982 portfolio type-portfolio status-publish has-post-thumbnail hentry tag-arquitectura-holistica tag-casa-de-familia tag-baja-energia tag-diseno-participativo tag-edificio-de-madera tag-feng-shui-es tag-geomancia tag-jardin tag-materiales-naturales tag-yeso-de-arcilla portfolio_entries-arquitectura-y-paisajismo portfolio_entries-geomancia-y-creacion-de-entornos portfolio_entries-muebles-e-interiores  av-masonry-item-with-image av-grid-img' title=\"casa org\u00e1nica\"   itemscope=\"itemscope\" itemtype=\"https:\/\/schema.org\/CreativeWork\" ><div class='av-inner-masonry-sizer'><\/div><figure class='av-inner-masonry main_color'><div class=\"av-masonry-outerimage-container\"><div class='av-masonry-image-container' style=\"background-image: url(https:\/\/www.arc.cz\/wp-content\/uploads\/2015\/01\/low-web_hdr2sun-400x266.jpg);\"  title=\"casa org\u00e1nica\" ><\/div><\/div><figcaption class='av-inner-masonry-content site-background'><div class='av-inner-masonry-content-pos'><div class='av-inner-masonry-content-pos-content'><div class='avia-arrow'><\/div><h3 class='av-masonry-entry-title entry-title '  itemprop=\"headline\" >Casa en El Palol, Espa\u00f1a (2010)<\/h3><\/div><\/div><\/figcaption><\/figure><\/a><!--end av-masonry entry--><a href=\"https:\/\/www.arc.cz\/es\/portfolio-item\/casa-unifamiliar-en-nebusice\/\"  id='av-masonry-1-item-114246' data-av-masonry-item='114246' class='av-masonry-entry isotope-item post-114246 portfolio type-portfolio status-publish has-post-thumbnail hentry tag-casa-de-familia portfolio_entries-arquitectura-y-paisajismo portfolio_entries-muebles-e-interiores  av-masonry-item-with-image av-grid-img' title=\"00001-20141011_143335\"   itemscope=\"itemscope\" itemtype=\"https:\/\/schema.org\/CreativeWork\" ><div class='av-inner-masonry-sizer'><\/div><figure class='av-inner-masonry main_color'><div class=\"av-masonry-outerimage-container\"><div class='av-masonry-image-container' style=\"background-image: url(https:\/\/www.arc.cz\/wp-content\/uploads\/2011\/01\/00001-20141011_143335-400x300.jpg);\"  title=\"00001-20141011_143335\" ><\/div><\/div><figcaption class='av-inner-masonry-content site-background'><div class='av-inner-masonry-content-pos'><div class='av-inner-masonry-content-pos-content'><div class='avia-arrow'><\/div><h3 class='av-masonry-entry-title entry-title '  itemprop=\"headline\" >Casa unifamiliar en&nbsp;Nebusice<\/h3><\/div><\/div><\/figcaption><\/figure><\/a><!--end av-masonry entry--><a href=\"https:\/\/www.arc.cz\/es\/portfolio-item\/casa-atrio-con-jardin\/\"  id='av-masonry-1-item-114232' data-av-masonry-item='114232' class='av-masonry-entry isotope-item post-114232 portfolio type-portfolio status-publish has-post-thumbnail hentry tag-arquitectura-holistica-es tag-arquitectura-organica-es tag-baja-energia-es tag-casa-familiar tag-edificio-de-madera-es tag-feng-shui-es tag-geomancia-es tag-jardin-es tag-jardin-natural tag-materiales-naturales-es tag-yesos-de-arcilla portfolio_entries-arquitectura-y-paisajismo portfolio_entries-geomancia-y-creacion-de-entornos portfolio_entries-muebles-e-interiores  av-masonry-item-with-image av-landscape-img' title=\"Casa atrio con tejado verde.\"   itemscope=\"itemscope\" itemtype=\"https:\/\/schema.org\/CreativeWork\" ><div class='av-inner-masonry-sizer'><\/div><figure class='av-inner-masonry main_color'><div class=\"av-masonry-outerimage-container\"><div class='av-masonry-image-container' style=\"background-image: url(https:\/\/www.arc.cz\/wp-content\/uploads\/2017\/05\/627790-gallery1-c42ks-400x225.jpg);\"  title=\"Casa atrio con tejado verde.\" ><\/div><\/div><figcaption class='av-inner-masonry-content site-background'><div class='av-inner-masonry-content-pos'><div class='av-inner-masonry-content-pos-content'><div class='avia-arrow'><\/div><h3 class='av-masonry-entry-title entry-title '  itemprop=\"headline\" >Casa atrio con jard\u00edn<\/h3><\/div><\/div><\/figcaption><\/figure><\/a><!--end av-masonry entry--><a href=\"https:\/\/www.arc.cz\/es\/portfolio-item\/granja-ecologica-bemagro\/\"  id='av-masonry-1-item-114233' data-av-masonry-item='114233' class='av-masonry-entry isotope-item post-114233 portfolio type-portfolio status-publish has-post-thumbnail hentry tag-edificios-industriales tag-feng-shui-es tag-barco tag-granja portfolio_entries-arquitectura-y-paisajismo portfolio_entries-muebles-e-interiores  av-masonry-item-with-image av-landscape-img' title=\"00002-20160726_083110\"   itemscope=\"itemscope\" itemtype=\"https:\/\/schema.org\/CreativeWork\" ><div class='av-inner-masonry-sizer'><\/div><figure class='av-inner-masonry main_color'><div class=\"av-masonry-outerimage-container\"><div class='av-masonry-image-container' style=\"background-image: url(https:\/\/www.arc.cz\/wp-content\/uploads\/2012\/01\/00002-20160726_083110-400x225.jpg);\"  title=\"00002-20160726_083110\" ><\/div><\/div><figcaption class='av-inner-masonry-content site-background'><div class='av-inner-masonry-content-pos'><div class='av-inner-masonry-content-pos-content'><div class='avia-arrow'><\/div><h3 class='av-masonry-entry-title entry-title '  itemprop=\"headline\" >Granja ecol\u00f3gica Bemagro<\/h3><\/div><\/div><\/figcaption><\/figure><\/a><!--end av-masonry entry--><a href=\"https:\/\/www.arc.cz\/es\/portfolio-item\/viviendas-tuteladas-portus-en-el-pueblo-de-slapy\/\"  id='av-masonry-1-item-114171' data-av-masonry-item='114171' class='av-masonry-entry isotope-item post-114171 portfolio type-portfolio status-publish has-post-thumbnail hentry tag-viviendas-protegidas portfolio_entries-arquitectura-y-paisajismo portfolio_entries-geomancia-y-creacion-de-entornos portfolio_entries-muebles-e-interiores  av-masonry-item-with-image av-grid-img' title=\"00001-south_view_detail1\"   itemscope=\"itemscope\" itemtype=\"https:\/\/schema.org\/CreativeWork\" ><div class='av-inner-masonry-sizer'><\/div><figure class='av-inner-masonry main_color'><div class=\"av-masonry-outerimage-container\"><div class='av-masonry-image-container' style=\"background-image: url(https:\/\/www.arc.cz\/wp-content\/uploads\/2005\/01\/00001-south_view_detail1-400x285.jpg);\"  title=\"00001-south_view_detail1\" ><\/div><\/div><figcaption class='av-inner-masonry-content site-background'><div class='av-inner-masonry-content-pos'><div class='av-inner-masonry-content-pos-content'><div class='avia-arrow'><\/div><h3 class='av-masonry-entry-title entry-title '  itemprop=\"headline\" >Viviendas tuteladas Portus en el pueblo de Slapy<\/h3><\/div><\/div><\/figcaption><\/figure><\/a><!--end av-masonry entry--><\/div><\/div><\/div>","protected":false},"excerpt":{"rendered":"","protected":false},"author":1,"featured_media":0,"parent":113989,"menu_order":15,"comment_status":"closed","ping_status":"closed","template":"","meta":{"footnotes":""},"yoast_head":"<!-- This site is optimized with the Yoast SEO plugin v23.1 - https:\/\/yoast.com\/wordpress\/plugins\/seo\/ -->\n<title>Servicios prestados - Studio ARC<\/title>\n<meta name=\"robots\" content=\"index, follow, max-snippet:-1, max-image-preview:large, max-video-preview:-1\" \/>\n<link rel=\"canonical\" href=\"https:\/\/www.arc.cz\/es\/muebles-e-interiores\/servicios-prestados\/\" \/>\n<meta property=\"og:locale\" content=\"es_ES\" \/>\n<meta property=\"og:type\" content=\"article\" \/>\n<meta property=\"og:title\" content=\"Servicios prestados - Studio ARC\" \/>\n<meta property=\"og:url\" content=\"https:\/\/www.arc.cz\/es\/muebles-e-interiores\/servicios-prestados\/\" \/>\n<meta property=\"og:site_name\" content=\"Studio ARC\" \/>\n<meta property=\"article:modified_time\" content=\"2023-02-10T14:24:54+00:00\" \/>\n<meta name=\"twitter:card\" content=\"summary_large_image\" \/>\n<meta name=\"twitter:label1\" content=\"Tiempo de lectura\" \/>\n\t<meta name=\"twitter:data1\" content=\"2 minutos\" \/>\n<script type=\"application\/ld+json\" class=\"yoast-schema-graph\">{\"@context\":\"https:\/\/schema.org\",\"@graph\":[{\"@type\":\"WebPage\",\"@id\":\"https:\/\/www.arc.cz\/es\/muebles-e-interiores\/servicios-prestados\/\",\"url\":\"https:\/\/www.arc.cz\/es\/muebles-e-interiores\/servicios-prestados\/\",\"name\":\"Servicios prestados - Studio ARC\",\"isPartOf\":{\"@id\":\"https:\/\/www.arc.cz\/es\/#website\"},\"datePublished\":\"2015-01-09T14:45:20+00:00\",\"dateModified\":\"2023-02-10T14:24:54+00:00\",\"breadcrumb\":{\"@id\":\"https:\/\/www.arc.cz\/es\/muebles-e-interiores\/servicios-prestados\/#breadcrumb\"},\"inLanguage\":\"es\",\"potentialAction\":[{\"@type\":\"ReadAction\",\"target\":[\"https:\/\/www.arc.cz\/es\/muebles-e-interiores\/servicios-prestados\/\"]}]},{\"@type\":\"BreadcrumbList\",\"@id\":\"https:\/\/www.arc.cz\/es\/muebles-e-interiores\/servicios-prestados\/#breadcrumb\",\"itemListElement\":[{\"@type\":\"ListItem\",\"position\":1,\"name\":\"Dom\u016f\",\"item\":\"https:\/\/www.arc.cz\/es\/celostni-a-organicka-architektura\/\"},{\"@type\":\"ListItem\",\"position\":2,\"name\":\"Muebles e interiores\",\"item\":\"https:\/\/www.arc.cz\/es\/muebles-e-interiores\/\"},{\"@type\":\"ListItem\",\"position\":3,\"name\":\"Servicios prestados\"}]},{\"@type\":\"WebSite\",\"@id\":\"https:\/\/www.arc.cz\/es\/#website\",\"url\":\"https:\/\/www.arc.cz\/es\/\",\"name\":\"Studio ARC\",\"description\":\"Old\u0159ich Hozman Architect | Holistic and organic architecture\",\"publisher\":{\"@id\":\"https:\/\/www.arc.cz\/es\/#organization\"},\"potentialAction\":[{\"@type\":\"SearchAction\",\"target\":{\"@type\":\"EntryPoint\",\"urlTemplate\":\"https:\/\/www.arc.cz\/es\/?s={search_term_string}\"},\"query-input\":\"required name=search_term_string\"}],\"inLanguage\":\"es\"},{\"@type\":\"Organization\",\"@id\":\"https:\/\/www.arc.cz\/es\/#organization\",\"name\":\"Studio ARC\",\"url\":\"https:\/\/www.arc.cz\/es\/\",\"logo\":{\"@type\":\"ImageObject\",\"inLanguage\":\"es\",\"@id\":\"https:\/\/www.arc.cz\/es\/#\/schema\/logo\/image\/\",\"url\":\"https:\/\/www.arc.cz\/wp-content\/uploads\/logo.gif\",\"contentUrl\":\"https:\/\/www.arc.cz\/wp-content\/uploads\/logo.gif\",\"width\":125,\"height\":125,\"caption\":\"Studio ARC\"},\"image\":{\"@id\":\"https:\/\/www.arc.cz\/es\/#\/schema\/logo\/image\/\"}}]}<\/script>\n<!-- \/ Yoast SEO plugin. -->","yoast_head_json":{"title":"Servicios prestados - Studio ARC","robots":{"index":"index","follow":"follow","max-snippet":"max-snippet:-1","max-image-preview":"max-image-preview:large","max-video-preview":"max-video-preview:-1"},"canonical":"https:\/\/www.arc.cz\/es\/muebles-e-interiores\/servicios-prestados\/","og_locale":"es_ES","og_type":"article","og_title":"Servicios prestados - Studio ARC","og_url":"https:\/\/www.arc.cz\/es\/muebles-e-interiores\/servicios-prestados\/","og_site_name":"Studio ARC","article_modified_time":"2023-02-10T14:24:54+00:00","twitter_card":"summary_large_image","twitter_misc":{"Tiempo de lectura":"2 minutos"},"schema":{"@context":"https:\/\/schema.org","@graph":[{"@type":"WebPage","@id":"https:\/\/www.arc.cz\/es\/muebles-e-interiores\/servicios-prestados\/","url":"https:\/\/www.arc.cz\/es\/muebles-e-interiores\/servicios-prestados\/","name":"Servicios prestados - Studio ARC","isPartOf":{"@id":"https:\/\/www.arc.cz\/es\/#website"},"datePublished":"2015-01-09T14:45:20+00:00","dateModified":"2023-02-10T14:24:54+00:00","breadcrumb":{"@id":"https:\/\/www.arc.cz\/es\/muebles-e-interiores\/servicios-prestados\/#breadcrumb"},"inLanguage":"es","potentialAction":[{"@type":"ReadAction","target":["https:\/\/www.arc.cz\/es\/muebles-e-interiores\/servicios-prestados\/"]}]},{"@type":"BreadcrumbList","@id":"https:\/\/www.arc.cz\/es\/muebles-e-interiores\/servicios-prestados\/#breadcrumb","itemListElement":[{"@type":"ListItem","position":1,"name":"Dom\u016f","item":"https:\/\/www.arc.cz\/es\/celostni-a-organicka-architektura\/"},{"@type":"ListItem","position":2,"name":"Muebles e interiores","item":"https:\/\/www.arc.cz\/es\/muebles-e-interiores\/"},{"@type":"ListItem","position":3,"name":"Servicios prestados"}]},{"@type":"WebSite","@id":"https:\/\/www.arc.cz\/es\/#website","url":"https:\/\/www.arc.cz\/es\/","name":"Studio ARC","description":"Old\u0159ich Hozman Architect | Holistic and organic architecture","publisher":{"@id":"https:\/\/www.arc.cz\/es\/#organization"},"potentialAction":[{"@type":"SearchAction","target":{"@type":"EntryPoint","urlTemplate":"https:\/\/www.arc.cz\/es\/?s={search_term_string}"},"query-input":"required name=search_term_string"}],"inLanguage":"es"},{"@type":"Organization","@id":"https:\/\/www.arc.cz\/es\/#organization","name":"Studio ARC","url":"https:\/\/www.arc.cz\/es\/","logo":{"@type":"ImageObject","inLanguage":"es","@id":"https:\/\/www.arc.cz\/es\/#\/schema\/logo\/image\/","url":"https:\/\/www.arc.cz\/wp-content\/uploads\/logo.gif","contentUrl":"https:\/\/www.arc.cz\/wp-content\/uploads\/logo.gif","width":125,"height":125,"caption":"Studio ARC"},"image":{"@id":"https:\/\/www.arc.cz\/es\/#\/schema\/logo\/image\/"}}]}},"_links":{"self":[{"href":"https:\/\/www.arc.cz\/es\/wp-json\/wp\/v2\/pages\/114130"}],"collection":[{"href":"https:\/\/www.arc.cz\/es\/wp-json\/wp\/v2\/pages"}],"about":[{"href":"https:\/\/www.arc.cz\/es\/wp-json\/wp\/v2\/types\/page"}],"author":[{"embeddable":true,"href":"https:\/\/www.arc.cz\/es\/wp-json\/wp\/v2\/users\/1"}],"replies":[{"embeddable":true,"href":"https:\/\/www.arc.cz\/es\/wp-json\/wp\/v2\/comments?post=114130"}],"version-history":[{"count":0,"href":"https:\/\/www.arc.cz\/es\/wp-json\/wp\/v2\/pages\/114130\/revisions"}],"up":[{"embeddable":true,"href":"https:\/\/www.arc.cz\/es\/wp-json\/wp\/v2\/pages\/113989"}],"wp:attachment":[{"href":"https:\/\/www.arc.cz\/es\/wp-json\/wp\/v2\/media?parent=114130"}],"curies":[{"name":"wp","href":"https:\/\/api.w.org\/{rel}","templated":true}]}}