{"id":114155,"date":"2015-01-09T15:38:13","date_gmt":"2015-01-09T14:38:13","guid":{"rendered":"https:\/\/www.arc.cz\/arquitectura-y-paisajismo\/precios-de-las-obras-del-proyecto\/"},"modified":"2023-02-11T22:30:27","modified_gmt":"2023-02-11T21:30:27","slug":"precios-de-las-obras-del-proyecto","status":"publish","type":"page","link":"https:\/\/www.arc.cz\/es\/arquitectura-y-paisajismo\/precios-de-las-obras-del-proyecto\/","title":{"rendered":"Precios de las obras del proyecto"},"content":{"rendered":"Ofrezco el precio del proyecto despu\u00e9s de una reuni\u00f3n personal cuando usted me dice lo que necesita. Baso la propuesta de honorarios en una estimaci\u00f3n del tiempo y la mano de obra necesarios. Tendr\u00e9 en cuenta la envergadura del proyecto y el n\u00famero de colaboradores necesarios. A&nbsp;la hora de determinar el precio de un proyecto, intento aproximarme a&nbsp;las recomendaciones del baremo de honorarios de la C\u00e1mara Checa de Arquitectos y a&nbsp;<a href=\"http:\/\/www.stavebnistandardy.cz\/doc\/vypocet\/hr2003.pdf\" target=\"_blank\" rel=\"noopener\">las normas de construcci\u00f3n checas<\/a>. Todas las actividades y servicios incluidos en el proyecto se enumeran en el enlace de contenido y legislaci\u00f3n del proyecto.\n\nPongo precio a&nbsp;cada proyecto y lo presento individualmente a&nbsp;cada cliente en una oferta por escrito. Para poder tramitar la oferta, es necesario concertar una reuni\u00f3n personal para aclarar el alcance y la finalidad del contrato. La tramitaci\u00f3n de la oferta es gratuita.\n\nEn el caso de los grandes edificios, la relaci\u00f3n entre el precio del proyecto y el de la construcci\u00f3n disminuye. En el caso de los edificios peque\u00f1os, la relaci\u00f3n entre el precio y el coste de construcci\u00f3n est\u00e1 aumentando.\n\nLa tarifa b\u00e1sica que acordemos se divide a&nbsp;su vez en etapas:\n<ol>\n\t<li>Preparaci\u00f3n del contrato: 3% de la tarifa b\u00e1sica<\/li>\n\t<li>Dise\u00f1o del edificio &#8211; estudio: 18% de la tarifa b\u00e1sica<\/li>\n\t<li>Preparaci\u00f3n de documentaci\u00f3n para procedimientos de planificaci\u00f3n\/construcci\u00f3n: 36% de la tarifa b\u00e1sica<\/li>\n\t<li>Elaboraci\u00f3n de la documentaci\u00f3n para la construcci\u00f3n: 25% de la tarifa b\u00e1sica<\/li>\n\t<li>Preparaci\u00f3n de documentos para la b\u00fasqueda y adjudicaci\u00f3n de la obra al contratista: 6% de los honorarios b\u00e1sicos<\/li>\n\t<li>Cooperaci\u00f3n en la ejecuci\u00f3n de la obra (autor\u00eda y supervisi\u00f3n t\u00e9cnica): 12% de la tarifa b\u00e1sica<\/li>\n<\/ol>\nLos porcentajes que determinan los honorarios de cada etapa del proyecto pueden variar en funci\u00f3n de la complejidad del trabajo.\n\nTambi\u00e9n utilizo <a href=\"http:\/\/www.stavebnistandardy.cz\/doc\/vypocet\/vyse_hodinovych_sazeb_2011.pdf\">tarifas horarias recomendadas<\/a> basadas en las normas de construcci\u00f3n checas a&nbsp;la hora de fijar los honorarios b\u00e1sicos.\n\n&nbsp;","protected":false},"excerpt":{"rendered":"Ofrezco el precio del proyecto despu\u00e9s de una reuni\u00f3n personal cuando usted me dice lo que necesita. Baso la propuesta de honorarios en una estimaci\u00f3n del tiempo y la mano de obra necesarios. Tendr\u00e9 en cuenta la envergadura del proyecto y el n\u00famero de colaboradores necesarios. A&nbsp;la hora de determinar el precio de un proyecto, [&hellip;]","protected":false},"author":1,"featured_media":0,"parent":113988,"menu_order":22,"comment_status":"closed","ping_status":"closed","template":"","meta":{"footnotes":""},"yoast_head":"<!-- This site is optimized with the Yoast SEO plugin v23.1 - https:\/\/yoast.com\/wordpress\/plugins\/seo\/ -->\n<title>Precios de las obras del proyecto - Studio ARC<\/title>\n<meta name=\"robots\" content=\"index, follow, max-snippet:-1, max-image-preview:large, max-video-preview:-1\" \/>\n<link rel=\"canonical\" href=\"https:\/\/www.arc.cz\/es\/arquitectura-y-paisajismo\/precios-de-las-obras-del-proyecto\/\" \/>\n<meta property=\"og:locale\" content=\"es_ES\" \/>\n<meta property=\"og:type\" content=\"article\" \/>\n<meta property=\"og:title\" content=\"Precios de las obras del proyecto - Studio ARC\" \/>\n<meta property=\"og:description\" content=\"Ofrezco el precio del proyecto despu\u00e9s de una reuni\u00f3n personal cuando usted me dice lo que necesita. Baso la propuesta de honorarios en una estimaci\u00f3n del tiempo y la mano de obra necesarios. Tendr\u00e9 en cuenta la envergadura del proyecto y el n\u00famero de colaboradores necesarios. A&nbsp;la hora de determinar el precio de un proyecto, [&hellip;]\" \/>\n<meta property=\"og:url\" content=\"https:\/\/www.arc.cz\/es\/arquitectura-y-paisajismo\/precios-de-las-obras-del-proyecto\/\" \/>\n<meta property=\"og:site_name\" content=\"Studio ARC\" \/>\n<meta property=\"article:modified_time\" content=\"2023-02-11T21:30:27+00:00\" \/>\n<meta name=\"twitter:card\" content=\"summary_large_image\" \/>\n<meta name=\"twitter:label1\" content=\"Tiempo de lectura\" \/>\n\t<meta name=\"twitter:data1\" content=\"2 minutos\" \/>\n<script type=\"application\/ld+json\" class=\"yoast-schema-graph\">{\"@context\":\"https:\/\/schema.org\",\"@graph\":[{\"@type\":\"WebPage\",\"@id\":\"https:\/\/www.arc.cz\/es\/arquitectura-y-paisajismo\/precios-de-las-obras-del-proyecto\/\",\"url\":\"https:\/\/www.arc.cz\/es\/arquitectura-y-paisajismo\/precios-de-las-obras-del-proyecto\/\",\"name\":\"Precios de las obras del proyecto - Studio ARC\",\"isPartOf\":{\"@id\":\"https:\/\/www.arc.cz\/es\/#website\"},\"datePublished\":\"2015-01-09T14:38:13+00:00\",\"dateModified\":\"2023-02-11T21:30:27+00:00\",\"breadcrumb\":{\"@id\":\"https:\/\/www.arc.cz\/es\/arquitectura-y-paisajismo\/precios-de-las-obras-del-proyecto\/#breadcrumb\"},\"inLanguage\":\"es\",\"potentialAction\":[{\"@type\":\"ReadAction\",\"target\":[\"https:\/\/www.arc.cz\/es\/arquitectura-y-paisajismo\/precios-de-las-obras-del-proyecto\/\"]}]},{\"@type\":\"BreadcrumbList\",\"@id\":\"https:\/\/www.arc.cz\/es\/arquitectura-y-paisajismo\/precios-de-las-obras-del-proyecto\/#breadcrumb\",\"itemListElement\":[{\"@type\":\"ListItem\",\"position\":1,\"name\":\"Dom\u016f\",\"item\":\"https:\/\/www.arc.cz\/es\/celostni-a-organicka-architektura\/\"},{\"@type\":\"ListItem\",\"position\":2,\"name\":\"Arquitectura y paisajismo\",\"item\":\"https:\/\/www.arc.cz\/es\/arquitectura-y-paisajismo\/\"},{\"@type\":\"ListItem\",\"position\":3,\"name\":\"Precios de las obras del proyecto\"}]},{\"@type\":\"WebSite\",\"@id\":\"https:\/\/www.arc.cz\/es\/#website\",\"url\":\"https:\/\/www.arc.cz\/es\/\",\"name\":\"Studio ARC\",\"description\":\"Old\u0159ich Hozman Architect | Holistic and organic architecture\",\"publisher\":{\"@id\":\"https:\/\/www.arc.cz\/es\/#organization\"},\"potentialAction\":[{\"@type\":\"SearchAction\",\"target\":{\"@type\":\"EntryPoint\",\"urlTemplate\":\"https:\/\/www.arc.cz\/es\/?s={search_term_string}\"},\"query-input\":\"required name=search_term_string\"}],\"inLanguage\":\"es\"},{\"@type\":\"Organization\",\"@id\":\"https:\/\/www.arc.cz\/es\/#organization\",\"name\":\"Studio ARC\",\"url\":\"https:\/\/www.arc.cz\/es\/\",\"logo\":{\"@type\":\"ImageObject\",\"inLanguage\":\"es\",\"@id\":\"https:\/\/www.arc.cz\/es\/#\/schema\/logo\/image\/\",\"url\":\"https:\/\/www.arc.cz\/wp-content\/uploads\/logo.gif\",\"contentUrl\":\"https:\/\/www.arc.cz\/wp-content\/uploads\/logo.gif\",\"width\":125,\"height\":125,\"caption\":\"Studio ARC\"},\"image\":{\"@id\":\"https:\/\/www.arc.cz\/es\/#\/schema\/logo\/image\/\"}}]}<\/script>\n<!-- \/ Yoast SEO plugin. -->","yoast_head_json":{"title":"Precios de las obras del proyecto - Studio ARC","robots":{"index":"index","follow":"follow","max-snippet":"max-snippet:-1","max-image-preview":"max-image-preview:large","max-video-preview":"max-video-preview:-1"},"canonical":"https:\/\/www.arc.cz\/es\/arquitectura-y-paisajismo\/precios-de-las-obras-del-proyecto\/","og_locale":"es_ES","og_type":"article","og_title":"Precios de las obras del proyecto - Studio ARC","og_description":"Ofrezco el precio del proyecto despu\u00e9s de una reuni\u00f3n personal cuando usted me dice lo que necesita. Baso la propuesta de honorarios en una estimaci\u00f3n del tiempo y la mano de obra necesarios. Tendr\u00e9 en cuenta la envergadura del proyecto y el n\u00famero de colaboradores necesarios. A&nbsp;la hora de determinar el precio de un proyecto, [&hellip;]","og_url":"https:\/\/www.arc.cz\/es\/arquitectura-y-paisajismo\/precios-de-las-obras-del-proyecto\/","og_site_name":"Studio ARC","article_modified_time":"2023-02-11T21:30:27+00:00","twitter_card":"summary_large_image","twitter_misc":{"Tiempo de lectura":"2 minutos"},"schema":{"@context":"https:\/\/schema.org","@graph":[{"@type":"WebPage","@id":"https:\/\/www.arc.cz\/es\/arquitectura-y-paisajismo\/precios-de-las-obras-del-proyecto\/","url":"https:\/\/www.arc.cz\/es\/arquitectura-y-paisajismo\/precios-de-las-obras-del-proyecto\/","name":"Precios de las obras del proyecto - Studio ARC","isPartOf":{"@id":"https:\/\/www.arc.cz\/es\/#website"},"datePublished":"2015-01-09T14:38:13+00:00","dateModified":"2023-02-11T21:30:27+00:00","breadcrumb":{"@id":"https:\/\/www.arc.cz\/es\/arquitectura-y-paisajismo\/precios-de-las-obras-del-proyecto\/#breadcrumb"},"inLanguage":"es","potentialAction":[{"@type":"ReadAction","target":["https:\/\/www.arc.cz\/es\/arquitectura-y-paisajismo\/precios-de-las-obras-del-proyecto\/"]}]},{"@type":"BreadcrumbList","@id":"https:\/\/www.arc.cz\/es\/arquitectura-y-paisajismo\/precios-de-las-obras-del-proyecto\/#breadcrumb","itemListElement":[{"@type":"ListItem","position":1,"name":"Dom\u016f","item":"https:\/\/www.arc.cz\/es\/celostni-a-organicka-architektura\/"},{"@type":"ListItem","position":2,"name":"Arquitectura y paisajismo","item":"https:\/\/www.arc.cz\/es\/arquitectura-y-paisajismo\/"},{"@type":"ListItem","position":3,"name":"Precios de las obras del proyecto"}]},{"@type":"WebSite","@id":"https:\/\/www.arc.cz\/es\/#website","url":"https:\/\/www.arc.cz\/es\/","name":"Studio ARC","description":"Old\u0159ich Hozman Architect | Holistic and organic architecture","publisher":{"@id":"https:\/\/www.arc.cz\/es\/#organization"},"potentialAction":[{"@type":"SearchAction","target":{"@type":"EntryPoint","urlTemplate":"https:\/\/www.arc.cz\/es\/?s={search_term_string}"},"query-input":"required name=search_term_string"}],"inLanguage":"es"},{"@type":"Organization","@id":"https:\/\/www.arc.cz\/es\/#organization","name":"Studio ARC","url":"https:\/\/www.arc.cz\/es\/","logo":{"@type":"ImageObject","inLanguage":"es","@id":"https:\/\/www.arc.cz\/es\/#\/schema\/logo\/image\/","url":"https:\/\/www.arc.cz\/wp-content\/uploads\/logo.gif","contentUrl":"https:\/\/www.arc.cz\/wp-content\/uploads\/logo.gif","width":125,"height":125,"caption":"Studio ARC"},"image":{"@id":"https:\/\/www.arc.cz\/es\/#\/schema\/logo\/image\/"}}]}},"_links":{"self":[{"href":"https:\/\/www.arc.cz\/es\/wp-json\/wp\/v2\/pages\/114155"}],"collection":[{"href":"https:\/\/www.arc.cz\/es\/wp-json\/wp\/v2\/pages"}],"about":[{"href":"https:\/\/www.arc.cz\/es\/wp-json\/wp\/v2\/types\/page"}],"author":[{"embeddable":true,"href":"https:\/\/www.arc.cz\/es\/wp-json\/wp\/v2\/users\/1"}],"replies":[{"embeddable":true,"href":"https:\/\/www.arc.cz\/es\/wp-json\/wp\/v2\/comments?post=114155"}],"version-history":[{"count":0,"href":"https:\/\/www.arc.cz\/es\/wp-json\/wp\/v2\/pages\/114155\/revisions"}],"up":[{"embeddable":true,"href":"https:\/\/www.arc.cz\/es\/wp-json\/wp\/v2\/pages\/113988"}],"wp:attachment":[{"href":"https:\/\/www.arc.cz\/es\/wp-json\/wp\/v2\/media?parent=114155"}],"curies":[{"name":"wp","href":"https:\/\/api.w.org\/{rel}","templated":true}]}}