{"id":114252,"date":"2015-01-09T15:52:09","date_gmt":"2015-01-09T14:52:09","guid":{"rendered":"https:\/\/www.arc.cz\/geomancia-y-creacion-de-entornos\/contenido-de-los-proyectos\/"},"modified":"2023-02-10T14:48:44","modified_gmt":"2023-02-10T13:48:44","slug":"contenido-de-los-proyectos","status":"publish","type":"page","link":"https:\/\/www.arc.cz\/es\/geomancia-y-creacion-de-entornos\/contenido-de-los-proyectos\/","title":{"rendered":"Contenido de los proyectos"},"content":{"rendered":"<strong>1. Descripci\u00f3n de una mirada en profundidad a&nbsp;las cualidades espirituales, mentales y f\u00edsicas de un lugar.<\/strong> Las cualidades espirituales de un lugar son reconocibles, por ejemplo, en la conformaci\u00f3n hist\u00f3rica y cultural de la historia de un lugar. La denominaci\u00f3n de las relaciones cliente-lugar refleja su estado de \u00e1nimo. Las caracter\u00edsticas f\u00edsicas en profundidad del emplazamiento incluyen, por ejemplo, estudios geol\u00f3gicos, radio\u00e9ticos y geom\u00e1nticos detallados. Una perspectiva espiritual y mental m\u00e1s profunda incluye ayudar a&nbsp;formular claramente el objetivo y el prop\u00f3sito del edificio.\n\n<strong>2.<\/strong> El contenido de un entorno conformado hol\u00edsticamente tambi\u00e9n incluye el <strong>trabajo con la naturaleza esencial del lugar. <\/strong>El t\u00e9rmino \u00abconciencia elemental del lugar\u00bb se utiliza para describir la naturaleza esencial del lugar. La conciencia esencial de los lugares ha sido reconocida y nombrada por todas las culturas del mundo a&nbsp;lo largo de la historia de la humanidad. Tambi\u00e9n se le llamaba el Genius loci del lugar. Eran los estados de \u00e1nimo mentales de los lugares del paisaje. Las descripciones de estos estados de \u00e1nimo de los lugares aparecen en el folclore nacional de diversos paisajes y naciones. Poco a&nbsp;poco se convierten en top\u00f3nimos. Son los nombres de los seres elementales que est\u00e1n detr\u00e1s de los estados de \u00e1nimo de paisajes, monta\u00f1as, r\u00edos, lagos y lugares sagrados. Estos estados de \u00e1nimo pueden detectarse a\u00fan hoy en el paisaje y en la tierra. Un m\u00e9todo consiste en percibir los cambios de humor a&nbsp;medida que se desplaza por el paisaje o&nbsp;la propiedad. Trabajando con la esencia del lugar, prepararemos bocetos y mapas para dibujar d\u00f3nde cambia el ambiente en la propiedad o&nbsp;en el paisaje. En funci\u00f3n de ello, m\u00e1s adelante podr\u00e1, por ejemplo, colocar adecuadamente la casa, crear un jard\u00edn o&nbsp;delimitar la parcela.\n\n<strong>3.<\/strong> Es importante que cualquier nuevo propietario de un terreno o&nbsp;una propiedad <strong>establezca una buena relaci\u00f3n con la esencia del lugar.<\/strong> Se trata de establecer una relaci\u00f3n con los seres elementales del lugar para que sean capaces de conectar con su prop\u00f3sito y el del edificio en su nivel de conciencia. Para que entiendan su intenci\u00f3n. Si est\u00e1 interesado, podemos ayudarle a&nbsp;construir una buena relaci\u00f3n con un sentido del lugar. En diferentes culturas, diversas celebraciones y rituales se han encargado de establecer una buena relaci\u00f3n con el ser de un lugar. Estas incluyen, por ejemplo: delimitar la nueva parcela con piedras angulares, anunciar la intenci\u00f3n de construir en el lugar, bendecir los materiales, colocar la primera piedra del edificio, celebrar la finalizaci\u00f3n del tejado, celebrar la finalizaci\u00f3n de la casa, inaugurar la casa, etc.\n\n<strong>4. Sintonizar y ayudar a&nbsp;expresar el yo esencial del cliente.<\/strong>  Ayuda a&nbsp;expresar los poderes espirituales de la persona que encarg\u00f3 la obra. En nuestros proyectos, intentamos acercarnos lo m\u00e1s posible a&nbsp;la esencia del encargo y a&nbsp;la esencia del cliente. Son sus fuerzas espirituales las que dan vida y forma a&nbsp;toda la obra. Por eso les damos todo el espacio creativo y libre posible. Por ejemplo, uno de los m\u00e9todos que utilizamos al comienzo de un proyecto es la creaci\u00f3n conjunta de un modelo arquitect\u00f3nico a&nbsp;partir de arcilla escult\u00f3rica. Esto da expresi\u00f3n a&nbsp;ideas y formas que de otro modo el cliente dif\u00edcilmente dibujar\u00eda o&nbsp;expresar\u00eda con palabras. Lo que le inspira espiritualmente puede as\u00ed manifestarse en lo material. As\u00ed se crea un boceto vivo del futuro edificio. Es un proceso creativo en el que la arquitectura, el cliente y el lugar cobran vida. Es un m\u00e9todo que ayuda a&nbsp;revelar la esencia art\u00edstica del objetivo y la finalidad del edificio. Cuando trabajamos con m\u00e1s personas en un grupo, hemos comprobado que tambi\u00e9n es un m\u00e9todo social, en el que hay armon\u00eda de opiniones a&nbsp;la hora de dar forma a&nbsp;la construcci\u00f3n. Los proyectos incluyen estos procesos desde el principio, y al crear los modelos, nosotros como arquitectos le ayudamos a&nbsp;formar la escala adecuada y las unidades funcionales de los edificios.\n\n<strong>5. Dise\u00f1ar edificios que favorezcan la salud, arquitectura org\u00e1nica y trabajar con formas y materiales que favorezcan la creaci\u00f3n de fuerzas que mantengan la salud general.<\/strong>  Nuestros proyectos le ayudar\u00e1n a&nbsp;aprender a&nbsp;ver c\u00f3mo las fuerzas vivas y formativas de la naturaleza trabajan para crear las formas de las diferentes partes de la naturaleza. Por ejemplo, en la formaci\u00f3n de las formas \u00f3seas y los esqueletos de animales y plantas. Le ayudaremos a&nbsp;utilizar art\u00edsticamente las fuerzas naturales y las formas de la naturaleza a&nbsp;la hora de crear sus estructuras. Le ayudaremos a&nbsp;tomar conciencia de los principios tect\u00f3nicos de la creaci\u00f3n de formas. Tambi\u00e9n aprenderemos a&nbsp;comprender mejor los principios de solidez de la materia y, por tanto, a&nbsp;entender mejor la morfolog\u00eda que conduce a&nbsp;la aparici\u00f3n del estilo.\n\n<strong>6. Geomancia, la exploraci\u00f3n de los flujos de las fuerzas vitales en la obra.<\/strong>  El \u00e1mbito del dise\u00f1o medioambiental hol\u00edstico es la exploraci\u00f3n de las direcciones y la intensidad del flujo de las fuerzas vitales en la obra. Esta encuesta ayuda a&nbsp;decidir la ubicaci\u00f3n y la rotaci\u00f3n correcta de la casa en la parcela.\n\n<strong>7. Aplicaci\u00f3n de los principios de la geometr\u00eda sacra.<\/strong>  Utilizando las dimensiones correctas del edificio y sus relaciones arm\u00f3nicas entre s\u00ed, se mejora el flujo de las fuerzas vitales a&nbsp;trav\u00e9s del edificio. En los proyectos utilizamos dimensiones arm\u00f3nicas (por ejemplo, la proporci\u00f3n \u00e1urea) para determinar las proporciones de los tama\u00f1os de las diferentes partes del edificio.\n\n<strong>8. Inspiraci\u00f3n y aplicaci\u00f3n de los principios del feng shui culturalmente transferibles.<\/strong>  Los principios intuitivos b\u00e1sicos del feng shui, especialmente la \u00abescuela de la forma\u00bb, est\u00e1n contenidos en cada proyecto que creamos. Si lo desea, tambi\u00e9n podemos crear un mapa del flujo del qi en la propiedad o&nbsp;un hor\u00f3scopo Bagua (8 direcciones).\n\n<strong>9.<\/strong> Si usted mismo estudia el feng shui y desea profundizar en esta doctrina y ordenar su casa seg\u00fan ella, <strong>podemos consultar con usted el hor\u00f3scopo Lo shu (direcciones favorables y menos favorables) o&nbsp;el hor\u00f3scopo \u00abEstrella voladora\u00bb.<\/strong> Sin embargo, estos hor\u00f3scopos son, en nuestra opini\u00f3n, menos transferibles culturalmente. Trabajan con s\u00edmbolos culturales distintos a&nbsp;los europeos y tienen en juego fuerzas existenciales diferentes a&nbsp;las que nosotros hemos encarnado como seres del espacio europeo. Trabajar con estos s\u00edmbolos de otra cultura puede distraernos de lo que nuestra alma individual ha elegido experimentar antes de nacer en un entorno cultural europeo.","protected":false},"excerpt":{"rendered":"1. Descripci\u00f3n de una mirada en profundidad a&nbsp;las cualidades espirituales, mentales y f\u00edsicas de un lugar. Las cualidades espirituales de un lugar son reconocibles, por ejemplo, en la conformaci\u00f3n hist\u00f3rica y cultural de la historia de un lugar. La denominaci\u00f3n de las relaciones cliente-lugar refleja su estado de \u00e1nimo. Las caracter\u00edsticas f\u00edsicas en profundidad del [&hellip;]","protected":false},"author":1,"featured_media":0,"parent":113990,"menu_order":10,"comment_status":"closed","ping_status":"closed","template":"","meta":{"footnotes":""},"yoast_head":"<!-- This site is optimized with the Yoast SEO plugin v23.1 - https:\/\/yoast.com\/wordpress\/plugins\/seo\/ -->\n<title>Contenido de los proyectos - Studio ARC<\/title>\n<meta name=\"robots\" content=\"index, follow, max-snippet:-1, max-image-preview:large, max-video-preview:-1\" \/>\n<link rel=\"canonical\" href=\"https:\/\/www.arc.cz\/es\/geomancia-y-creacion-de-entornos\/contenido-de-los-proyectos\/\" \/>\n<meta property=\"og:locale\" content=\"es_ES\" \/>\n<meta property=\"og:type\" content=\"article\" \/>\n<meta property=\"og:title\" content=\"Contenido de los proyectos - Studio ARC\" \/>\n<meta property=\"og:description\" content=\"1. Descripci\u00f3n de una mirada en profundidad a&nbsp;las cualidades espirituales, mentales y f\u00edsicas de un lugar. Las cualidades espirituales de un lugar son reconocibles, por ejemplo, en la conformaci\u00f3n hist\u00f3rica y cultural de la historia de un lugar. La denominaci\u00f3n de las relaciones cliente-lugar refleja su estado de \u00e1nimo. Las caracter\u00edsticas f\u00edsicas en profundidad del [&hellip;]\" \/>\n<meta property=\"og:url\" content=\"https:\/\/www.arc.cz\/es\/geomancia-y-creacion-de-entornos\/contenido-de-los-proyectos\/\" \/>\n<meta property=\"og:site_name\" content=\"Studio ARC\" \/>\n<meta property=\"article:modified_time\" content=\"2023-02-10T13:48:44+00:00\" \/>\n<meta name=\"twitter:card\" content=\"summary_large_image\" \/>\n<meta name=\"twitter:label1\" content=\"Tiempo de lectura\" \/>\n\t<meta name=\"twitter:data1\" content=\"6 minutos\" \/>\n<script type=\"application\/ld+json\" class=\"yoast-schema-graph\">{\"@context\":\"https:\/\/schema.org\",\"@graph\":[{\"@type\":\"WebPage\",\"@id\":\"https:\/\/www.arc.cz\/es\/geomancia-y-creacion-de-entornos\/contenido-de-los-proyectos\/\",\"url\":\"https:\/\/www.arc.cz\/es\/geomancia-y-creacion-de-entornos\/contenido-de-los-proyectos\/\",\"name\":\"Contenido de los proyectos - Studio ARC\",\"isPartOf\":{\"@id\":\"https:\/\/www.arc.cz\/es\/#website\"},\"datePublished\":\"2015-01-09T14:52:09+00:00\",\"dateModified\":\"2023-02-10T13:48:44+00:00\",\"breadcrumb\":{\"@id\":\"https:\/\/www.arc.cz\/es\/geomancia-y-creacion-de-entornos\/contenido-de-los-proyectos\/#breadcrumb\"},\"inLanguage\":\"es\",\"potentialAction\":[{\"@type\":\"ReadAction\",\"target\":[\"https:\/\/www.arc.cz\/es\/geomancia-y-creacion-de-entornos\/contenido-de-los-proyectos\/\"]}]},{\"@type\":\"BreadcrumbList\",\"@id\":\"https:\/\/www.arc.cz\/es\/geomancia-y-creacion-de-entornos\/contenido-de-los-proyectos\/#breadcrumb\",\"itemListElement\":[{\"@type\":\"ListItem\",\"position\":1,\"name\":\"Dom\u016f\",\"item\":\"https:\/\/www.arc.cz\/es\/celostni-a-organicka-architektura\/\"},{\"@type\":\"ListItem\",\"position\":2,\"name\":\"Geomancia y creaci\u00f3n de entornos\",\"item\":\"https:\/\/www.arc.cz\/es\/geomancia-y-creacion-de-entornos\/\"},{\"@type\":\"ListItem\",\"position\":3,\"name\":\"Contenido de los proyectos\"}]},{\"@type\":\"WebSite\",\"@id\":\"https:\/\/www.arc.cz\/es\/#website\",\"url\":\"https:\/\/www.arc.cz\/es\/\",\"name\":\"Studio ARC\",\"description\":\"Old\u0159ich Hozman Architect | Holistic and organic architecture\",\"publisher\":{\"@id\":\"https:\/\/www.arc.cz\/es\/#organization\"},\"potentialAction\":[{\"@type\":\"SearchAction\",\"target\":{\"@type\":\"EntryPoint\",\"urlTemplate\":\"https:\/\/www.arc.cz\/es\/?s={search_term_string}\"},\"query-input\":\"required name=search_term_string\"}],\"inLanguage\":\"es\"},{\"@type\":\"Organization\",\"@id\":\"https:\/\/www.arc.cz\/es\/#organization\",\"name\":\"Studio ARC\",\"url\":\"https:\/\/www.arc.cz\/es\/\",\"logo\":{\"@type\":\"ImageObject\",\"inLanguage\":\"es\",\"@id\":\"https:\/\/www.arc.cz\/es\/#\/schema\/logo\/image\/\",\"url\":\"https:\/\/www.arc.cz\/wp-content\/uploads\/logo.gif\",\"contentUrl\":\"https:\/\/www.arc.cz\/wp-content\/uploads\/logo.gif\",\"width\":125,\"height\":125,\"caption\":\"Studio ARC\"},\"image\":{\"@id\":\"https:\/\/www.arc.cz\/es\/#\/schema\/logo\/image\/\"}}]}<\/script>\n<!-- \/ Yoast SEO plugin. -->","yoast_head_json":{"title":"Contenido de los proyectos - Studio ARC","robots":{"index":"index","follow":"follow","max-snippet":"max-snippet:-1","max-image-preview":"max-image-preview:large","max-video-preview":"max-video-preview:-1"},"canonical":"https:\/\/www.arc.cz\/es\/geomancia-y-creacion-de-entornos\/contenido-de-los-proyectos\/","og_locale":"es_ES","og_type":"article","og_title":"Contenido de los proyectos - Studio ARC","og_description":"1. Descripci\u00f3n de una mirada en profundidad a&nbsp;las cualidades espirituales, mentales y f\u00edsicas de un lugar. Las cualidades espirituales de un lugar son reconocibles, por ejemplo, en la conformaci\u00f3n hist\u00f3rica y cultural de la historia de un lugar. La denominaci\u00f3n de las relaciones cliente-lugar refleja su estado de \u00e1nimo. Las caracter\u00edsticas f\u00edsicas en profundidad del [&hellip;]","og_url":"https:\/\/www.arc.cz\/es\/geomancia-y-creacion-de-entornos\/contenido-de-los-proyectos\/","og_site_name":"Studio ARC","article_modified_time":"2023-02-10T13:48:44+00:00","twitter_card":"summary_large_image","twitter_misc":{"Tiempo de lectura":"6 minutos"},"schema":{"@context":"https:\/\/schema.org","@graph":[{"@type":"WebPage","@id":"https:\/\/www.arc.cz\/es\/geomancia-y-creacion-de-entornos\/contenido-de-los-proyectos\/","url":"https:\/\/www.arc.cz\/es\/geomancia-y-creacion-de-entornos\/contenido-de-los-proyectos\/","name":"Contenido de los proyectos - Studio ARC","isPartOf":{"@id":"https:\/\/www.arc.cz\/es\/#website"},"datePublished":"2015-01-09T14:52:09+00:00","dateModified":"2023-02-10T13:48:44+00:00","breadcrumb":{"@id":"https:\/\/www.arc.cz\/es\/geomancia-y-creacion-de-entornos\/contenido-de-los-proyectos\/#breadcrumb"},"inLanguage":"es","potentialAction":[{"@type":"ReadAction","target":["https:\/\/www.arc.cz\/es\/geomancia-y-creacion-de-entornos\/contenido-de-los-proyectos\/"]}]},{"@type":"BreadcrumbList","@id":"https:\/\/www.arc.cz\/es\/geomancia-y-creacion-de-entornos\/contenido-de-los-proyectos\/#breadcrumb","itemListElement":[{"@type":"ListItem","position":1,"name":"Dom\u016f","item":"https:\/\/www.arc.cz\/es\/celostni-a-organicka-architektura\/"},{"@type":"ListItem","position":2,"name":"Geomancia y creaci\u00f3n de entornos","item":"https:\/\/www.arc.cz\/es\/geomancia-y-creacion-de-entornos\/"},{"@type":"ListItem","position":3,"name":"Contenido de los proyectos"}]},{"@type":"WebSite","@id":"https:\/\/www.arc.cz\/es\/#website","url":"https:\/\/www.arc.cz\/es\/","name":"Studio ARC","description":"Old\u0159ich Hozman Architect | Holistic and organic architecture","publisher":{"@id":"https:\/\/www.arc.cz\/es\/#organization"},"potentialAction":[{"@type":"SearchAction","target":{"@type":"EntryPoint","urlTemplate":"https:\/\/www.arc.cz\/es\/?s={search_term_string}"},"query-input":"required name=search_term_string"}],"inLanguage":"es"},{"@type":"Organization","@id":"https:\/\/www.arc.cz\/es\/#organization","name":"Studio ARC","url":"https:\/\/www.arc.cz\/es\/","logo":{"@type":"ImageObject","inLanguage":"es","@id":"https:\/\/www.arc.cz\/es\/#\/schema\/logo\/image\/","url":"https:\/\/www.arc.cz\/wp-content\/uploads\/logo.gif","contentUrl":"https:\/\/www.arc.cz\/wp-content\/uploads\/logo.gif","width":125,"height":125,"caption":"Studio ARC"},"image":{"@id":"https:\/\/www.arc.cz\/es\/#\/schema\/logo\/image\/"}}]}},"_links":{"self":[{"href":"https:\/\/www.arc.cz\/es\/wp-json\/wp\/v2\/pages\/114252"}],"collection":[{"href":"https:\/\/www.arc.cz\/es\/wp-json\/wp\/v2\/pages"}],"about":[{"href":"https:\/\/www.arc.cz\/es\/wp-json\/wp\/v2\/types\/page"}],"author":[{"embeddable":true,"href":"https:\/\/www.arc.cz\/es\/wp-json\/wp\/v2\/users\/1"}],"replies":[{"embeddable":true,"href":"https:\/\/www.arc.cz\/es\/wp-json\/wp\/v2\/comments?post=114252"}],"version-history":[{"count":0,"href":"https:\/\/www.arc.cz\/es\/wp-json\/wp\/v2\/pages\/114252\/revisions"}],"up":[{"embeddable":true,"href":"https:\/\/www.arc.cz\/es\/wp-json\/wp\/v2\/pages\/113990"}],"wp:attachment":[{"href":"https:\/\/www.arc.cz\/es\/wp-json\/wp\/v2\/media?parent=114252"}],"curies":[{"name":"wp","href":"https:\/\/api.w.org\/{rel}","templated":true}]}}