{"id":114280,"date":"2016-10-22T12:59:23","date_gmt":"2016-10-22T10:59:23","guid":{"rendered":"https:\/\/www.arc.cz\/seminarios-y-conferencias\/"},"modified":"2023-01-25T14:58:10","modified_gmt":"2023-01-25T13:58:10","slug":"seminarios-y-conferencias","status":"publish","type":"page","link":"https:\/\/www.arc.cz\/es\/seminarios-y-conferencias\/","title":{"rendered":"Seminarios y conferencias"},"content":{"rendered":"Cada vez m\u00e1s personas se interesan por c\u00f3mo mejorar su entorno. Por eso decid\u00ed dar una conferencia p\u00fablica sobre los principios hol\u00edsticos y las mejores cualidades del medio ambiente. El programa de conferencias tambi\u00e9n incluye seminarios de otros conferenciantes interesados en las energ\u00edas s\u00fatiles de la naturaleza y en las relaciones m\u00e1s profundas de la arquitectura. Veo la importancia de estudiar las cualidades m\u00e1s s\u00fatiles de la naturaleza en una visi\u00f3n hol\u00edstica de la realidad. Por eso me dedico a&nbsp;estos temas. Tambi\u00e9n selecciono para usted los seminarios de otros profesores que adoptan una visi\u00f3n hol\u00edstica de la planificaci\u00f3n y el desarrollo saludable del paisaje y la arquitectura.\n\n<strong>Puede consultar los pr\u00f3ximos seminarios y conferencias en la secci\u00f3n <a href=\"\/web?cat_ID=58\">\u00abEventos\u00bb<\/a>.<\/strong>","protected":false},"excerpt":{"rendered":"Cada vez m\u00e1s personas se interesan por c\u00f3mo mejorar su entorno. Por eso decid\u00ed dar una conferencia p\u00fablica sobre los principios hol\u00edsticos y las mejores cualidades del medio ambiente. El programa de conferencias tambi\u00e9n incluye seminarios de otros conferenciantes interesados en las energ\u00edas s\u00fatiles de la naturaleza y en las relaciones m\u00e1s profundas de la [&hellip;]","protected":false},"author":1,"featured_media":0,"parent":0,"menu_order":55,"comment_status":"closed","ping_status":"closed","template":"","meta":{"footnotes":""},"yoast_head":"<!-- This site is optimized with the Yoast SEO plugin v23.1 - https:\/\/yoast.com\/wordpress\/plugins\/seo\/ -->\n<title>Seminarios y conferencias - Studio ARC<\/title>\n<meta name=\"robots\" content=\"index, follow, max-snippet:-1, max-image-preview:large, max-video-preview:-1\" \/>\n<link rel=\"canonical\" href=\"https:\/\/www.arc.cz\/es\/seminarios-y-conferencias\/\" \/>\n<meta property=\"og:locale\" content=\"es_ES\" \/>\n<meta property=\"og:type\" content=\"article\" \/>\n<meta property=\"og:title\" content=\"Seminarios y conferencias - Studio ARC\" \/>\n<meta property=\"og:description\" content=\"Cada vez m\u00e1s personas se interesan por c\u00f3mo mejorar su entorno. Por eso decid\u00ed dar una conferencia p\u00fablica sobre los principios hol\u00edsticos y las mejores cualidades del medio ambiente. El programa de conferencias tambi\u00e9n incluye seminarios de otros conferenciantes interesados en las energ\u00edas s\u00fatiles de la naturaleza y en las relaciones m\u00e1s profundas de la [&hellip;]\" \/>\n<meta property=\"og:url\" content=\"https:\/\/www.arc.cz\/es\/seminarios-y-conferencias\/\" \/>\n<meta property=\"og:site_name\" content=\"Studio ARC\" \/>\n<meta property=\"article:modified_time\" content=\"2023-01-25T13:58:10+00:00\" \/>\n<meta name=\"twitter:card\" content=\"summary_large_image\" \/>\n<meta name=\"twitter:label1\" content=\"Tiempo de lectura\" \/>\n\t<meta name=\"twitter:data1\" content=\"1 minuto\" \/>\n<script type=\"application\/ld+json\" class=\"yoast-schema-graph\">{\"@context\":\"https:\/\/schema.org\",\"@graph\":[{\"@type\":\"WebPage\",\"@id\":\"https:\/\/www.arc.cz\/es\/seminarios-y-conferencias\/\",\"url\":\"https:\/\/www.arc.cz\/es\/seminarios-y-conferencias\/\",\"name\":\"Seminarios y conferencias - Studio ARC\",\"isPartOf\":{\"@id\":\"https:\/\/www.arc.cz\/es\/#website\"},\"datePublished\":\"2016-10-22T10:59:23+00:00\",\"dateModified\":\"2023-01-25T13:58:10+00:00\",\"breadcrumb\":{\"@id\":\"https:\/\/www.arc.cz\/es\/seminarios-y-conferencias\/#breadcrumb\"},\"inLanguage\":\"es\",\"potentialAction\":[{\"@type\":\"ReadAction\",\"target\":[\"https:\/\/www.arc.cz\/es\/seminarios-y-conferencias\/\"]}]},{\"@type\":\"BreadcrumbList\",\"@id\":\"https:\/\/www.arc.cz\/es\/seminarios-y-conferencias\/#breadcrumb\",\"itemListElement\":[{\"@type\":\"ListItem\",\"position\":1,\"name\":\"Dom\u016f\",\"item\":\"https:\/\/www.arc.cz\/es\/celostni-a-organicka-architektura\/\"},{\"@type\":\"ListItem\",\"position\":2,\"name\":\"Seminarios y conferencias\"}]},{\"@type\":\"WebSite\",\"@id\":\"https:\/\/www.arc.cz\/es\/#website\",\"url\":\"https:\/\/www.arc.cz\/es\/\",\"name\":\"Studio ARC\",\"description\":\"Old\u0159ich Hozman Architect | Holistic and organic architecture\",\"publisher\":{\"@id\":\"https:\/\/www.arc.cz\/es\/#organization\"},\"potentialAction\":[{\"@type\":\"SearchAction\",\"target\":{\"@type\":\"EntryPoint\",\"urlTemplate\":\"https:\/\/www.arc.cz\/es\/?s={search_term_string}\"},\"query-input\":\"required name=search_term_string\"}],\"inLanguage\":\"es\"},{\"@type\":\"Organization\",\"@id\":\"https:\/\/www.arc.cz\/es\/#organization\",\"name\":\"Studio ARC\",\"url\":\"https:\/\/www.arc.cz\/es\/\",\"logo\":{\"@type\":\"ImageObject\",\"inLanguage\":\"es\",\"@id\":\"https:\/\/www.arc.cz\/es\/#\/schema\/logo\/image\/\",\"url\":\"https:\/\/www.arc.cz\/wp-content\/uploads\/logo.gif\",\"contentUrl\":\"https:\/\/www.arc.cz\/wp-content\/uploads\/logo.gif\",\"width\":125,\"height\":125,\"caption\":\"Studio ARC\"},\"image\":{\"@id\":\"https:\/\/www.arc.cz\/es\/#\/schema\/logo\/image\/\"}}]}<\/script>\n<!-- \/ Yoast SEO plugin. -->","yoast_head_json":{"title":"Seminarios y conferencias - Studio ARC","robots":{"index":"index","follow":"follow","max-snippet":"max-snippet:-1","max-image-preview":"max-image-preview:large","max-video-preview":"max-video-preview:-1"},"canonical":"https:\/\/www.arc.cz\/es\/seminarios-y-conferencias\/","og_locale":"es_ES","og_type":"article","og_title":"Seminarios y conferencias - Studio ARC","og_description":"Cada vez m\u00e1s personas se interesan por c\u00f3mo mejorar su entorno. Por eso decid\u00ed dar una conferencia p\u00fablica sobre los principios hol\u00edsticos y las mejores cualidades del medio ambiente. El programa de conferencias tambi\u00e9n incluye seminarios de otros conferenciantes interesados en las energ\u00edas s\u00fatiles de la naturaleza y en las relaciones m\u00e1s profundas de la [&hellip;]","og_url":"https:\/\/www.arc.cz\/es\/seminarios-y-conferencias\/","og_site_name":"Studio ARC","article_modified_time":"2023-01-25T13:58:10+00:00","twitter_card":"summary_large_image","twitter_misc":{"Tiempo de lectura":"1 minuto"},"schema":{"@context":"https:\/\/schema.org","@graph":[{"@type":"WebPage","@id":"https:\/\/www.arc.cz\/es\/seminarios-y-conferencias\/","url":"https:\/\/www.arc.cz\/es\/seminarios-y-conferencias\/","name":"Seminarios y conferencias - Studio ARC","isPartOf":{"@id":"https:\/\/www.arc.cz\/es\/#website"},"datePublished":"2016-10-22T10:59:23+00:00","dateModified":"2023-01-25T13:58:10+00:00","breadcrumb":{"@id":"https:\/\/www.arc.cz\/es\/seminarios-y-conferencias\/#breadcrumb"},"inLanguage":"es","potentialAction":[{"@type":"ReadAction","target":["https:\/\/www.arc.cz\/es\/seminarios-y-conferencias\/"]}]},{"@type":"BreadcrumbList","@id":"https:\/\/www.arc.cz\/es\/seminarios-y-conferencias\/#breadcrumb","itemListElement":[{"@type":"ListItem","position":1,"name":"Dom\u016f","item":"https:\/\/www.arc.cz\/es\/celostni-a-organicka-architektura\/"},{"@type":"ListItem","position":2,"name":"Seminarios y conferencias"}]},{"@type":"WebSite","@id":"https:\/\/www.arc.cz\/es\/#website","url":"https:\/\/www.arc.cz\/es\/","name":"Studio ARC","description":"Old\u0159ich Hozman Architect | Holistic and organic architecture","publisher":{"@id":"https:\/\/www.arc.cz\/es\/#organization"},"potentialAction":[{"@type":"SearchAction","target":{"@type":"EntryPoint","urlTemplate":"https:\/\/www.arc.cz\/es\/?s={search_term_string}"},"query-input":"required name=search_term_string"}],"inLanguage":"es"},{"@type":"Organization","@id":"https:\/\/www.arc.cz\/es\/#organization","name":"Studio ARC","url":"https:\/\/www.arc.cz\/es\/","logo":{"@type":"ImageObject","inLanguage":"es","@id":"https:\/\/www.arc.cz\/es\/#\/schema\/logo\/image\/","url":"https:\/\/www.arc.cz\/wp-content\/uploads\/logo.gif","contentUrl":"https:\/\/www.arc.cz\/wp-content\/uploads\/logo.gif","width":125,"height":125,"caption":"Studio ARC"},"image":{"@id":"https:\/\/www.arc.cz\/es\/#\/schema\/logo\/image\/"}}]}},"_links":{"self":[{"href":"https:\/\/www.arc.cz\/es\/wp-json\/wp\/v2\/pages\/114280"}],"collection":[{"href":"https:\/\/www.arc.cz\/es\/wp-json\/wp\/v2\/pages"}],"about":[{"href":"https:\/\/www.arc.cz\/es\/wp-json\/wp\/v2\/types\/page"}],"author":[{"embeddable":true,"href":"https:\/\/www.arc.cz\/es\/wp-json\/wp\/v2\/users\/1"}],"replies":[{"embeddable":true,"href":"https:\/\/www.arc.cz\/es\/wp-json\/wp\/v2\/comments?post=114280"}],"version-history":[{"count":0,"href":"https:\/\/www.arc.cz\/es\/wp-json\/wp\/v2\/pages\/114280\/revisions"}],"wp:attachment":[{"href":"https:\/\/www.arc.cz\/es\/wp-json\/wp\/v2\/media?parent=114280"}],"curies":[{"name":"wp","href":"https:\/\/api.w.org\/{rel}","templated":true}]}}