{"id":114416,"date":"2015-01-09T15:43:48","date_gmt":"2015-01-09T14:43:48","guid":{"rendered":"https:\/\/www.arc.cz\/pongase-en-contacto-con\/"},"modified":"2025-07-23T13:03:42","modified_gmt":"2025-07-23T11:03:42","slug":"pongase-en-contacto-con","status":"publish","type":"page","link":"https:\/\/www.arc.cz\/es\/pongase-en-contacto-con\/","title":{"rendered":"P\u00f3ngase en contacto con"},"content":{"rendered":"\n<style type=\"text\/css\" data-created_by=\"avia_inline_auto\" id=\"style-css-av-14103h-5f414b51065c49a5ca7d6c7a0250b1c4\">\n.flex_column.av-14103h-5f414b51065c49a5ca7d6c7a0250b1c4{\nborder-radius:0px 0px 0px 0px;\npadding:0px 0px 0px 0px;\n}\n<\/style>\n<div  class='flex_column av-14103h-5f414b51065c49a5ca7d6c7a0250b1c4 av_one_third  avia-builder-el-0  el_before_av_one_half  avia-builder-el-first  first flex_column_div av-zero-column-padding  '     ><section  class='av_textblock_section av-wv805-c0ae1fa652a8a67a2be53944b85aea1b '   itemscope=\"itemscope\" itemtype=\"https:\/\/schema.org\/CreativeWork\" ><div class='avia_textblock'  itemprop=\"text\" ><h3><span style=\"font-size: 12pt;\"><strong>estudio y taller:<\/strong><\/span><\/h3>\n<h3>acad. arco. Old\u0159ich Hozman<strong><br \/>\n<\/strong><\/h3>\n<p>\u017dabov\u0159esky 130,<\/p>\n<p>\u017dabov\u0159esky cerca de \u010cesk\u00e9 Bud\u011bjovice<\/p>\n<p>373&nbsp;41 Hlubok\u00e1 nad Vltavou<\/p>\n<p>Tel.\/fax: +420&nbsp;235&nbsp;311&nbsp;622<\/p>\n<p>M\u00f3vil: +420&nbsp;603&nbsp;188&nbsp;966<\/p>\n<p><a href=\"mailto:arc@arc.cz\">arc@arc.cz<\/a><br \/>\n<a href=\"https:\/\/www.arc.cz\/es\/\">www.arc.cz<\/a><\/p>\n<p>NIF (n\u00famero de identificaci\u00f3n fiscal): 40666093, NIT (n\u00famero de identificaci\u00f3n tributaria): CZ6409071086<\/p>\n<p>Identificaci\u00f3n del buz\u00f3n: 5esrs7e,<\/p>\n<hr>\n<h3><span style=\"font-size: 12pt;\"><strong>estudio:<\/strong><\/span><\/h3>\n<p>R\u00fcttiweg 8,<\/p>\n<p>CH 4143 Dornach<\/p>\n<p>Suiza<\/p>\n<p><a href=\"https:\/\/www.arc.cz\/wp-content\/uploads\/2019\/09\/vcard21.vcf\">Guardar tarjeta de visita VCF<\/a> | <a href=\"https:\/\/www.arc.cz\/wp-content\/uploads\/2023\/01\/qrcode2023.jpg\">Escanear c\u00f3digo QR<\/a><\/p>\n<hr>\n<p style=\"text-align: left;\">En caso de que no pueda localizarnos, probablemente estemos fuera de nuestro estudio. Env\u00edenos un correo electr\u00f3nico o&nbsp;p\u00f3ngase en contacto con nosotros a&nbsp;trav\u00e9s del mensajero <a href=\"https:\/\/telegram.org\">Telegram<\/a> en <a href=\"https:\/\/t.me\/Studio_ARC\">t.me\/Studio_ARC<\/a>.<\/p>\n<hr>\n<h3><span style=\"font-size: 12pt;\"><strong>sede de la empresa:<\/strong><\/span><\/h3>\n<h3><strong>Estudio ARC s.r.o.<\/strong><\/h3>\n<p>Nad N\u00e1dra\u017e\u00edm 447,<\/p>\n<p>190&nbsp;11 Praga 9 &#8211; B\u011bchovice II.<\/p>\n<p>NIF (n\u00famero de identificaci\u00f3n fiscal): 29154502, NIT (n\u00famero de identificaci\u00f3n tributaria): CZ29154502<\/p>\n<p>Identificaci\u00f3n del buz\u00f3n: 62uq2cj<\/p>\n<h3><span style=\"font-size: 12pt;\"><strong>Studio Arc s.r.o.:<\/strong><\/span><\/h3>\n<p>\u017dabov\u0159esky 130,<\/p>\n<p>\u017dabov\u0159esky cerca de \u010cesk\u00e9 Bud\u011bjovice<\/p>\n<p>373&nbsp;41 Hlubok\u00e1 nad Vltavou<\/p>\n<p><a href=\"https:\/\/www.cka.cz\/svet-architektury\/architekti-a-projekty\/seznam-architektu\/akad-arch-hozman-oldrich\">\u010cKA &#8211; C\u00e1mara Checa de Arquitectos<\/a><\/p>\n<p class=\"head\">N\u00famero de autorizaci\u00f3n: 1284<\/p>\n<p class=\"head\">Tipo de autorizaci\u00f3n: autorizaci\u00f3n general (A.0)<\/p>\n<hr>\n<p class=\"head\">Tambi\u00e9n puede utilizar nuestra <a href=\"https:\/\/www.arc.cz\/wp-content\/uploads\/2017\/11\/studio-arc_public-key-1.zip\">clave PGP p\u00fablica<\/a> para la comunicaci\u00f3n por correo electr\u00f3nico.<\/p>\n<div id=\"text\">\n<div class=\"literal\">\n<p>Una clave de encriptaci\u00f3n p\u00fablica no se utiliza para transmitir informaci\u00f3n clasificada o&nbsp;ilegal. Nunca se puede garantizar al 100% la seguridad en Internet. Es s\u00f3lo para mayor discreci\u00f3n. Sin embargo, siempre es mejor al menos intentar un mayor nivel de seguridad que dejar el correo electr\u00f3nico completamente abierto.<\/p>\n<p>Puede utilizar el programa no comercial <a href=\"http:\/\/www.gnupg.org\/\" target=\"_blank\" rel=\"noopener noreferrer\">www.gnupg.org<\/a> para cifrar su correo electr\u00f3nico <a href=\"http:\/\/www.gnupg.org\/\" target=\"_blank\" rel=\"noopener noreferrer\">.<\/a><\/p>\n<\/div>\n<\/div>\n<\/div><\/section><\/div>\n<style type=\"text\/css\" data-created_by=\"avia_inline_auto\" id=\"style-css-av-sxw1h-41d38206699dcf058ee34ad16c262e2d\">\n.flex_column.av-sxw1h-41d38206699dcf058ee34ad16c262e2d{\nborder-radius:0px 0px 0px 0px;\npadding:0px 0px 0px 0px;\n}\n<\/style>\n<div  class='flex_column av-sxw1h-41d38206699dcf058ee34ad16c262e2d av_one_half  avia-builder-el-2  el_after_av_one_third  el_before_av_google_map  avia-builder-el-last  flex_column_div av-zero-column-padding  '     ><section  class='av_textblock_section av-iql1p-7acfd166d0b320920524829866ac3b9f '   itemscope=\"itemscope\" itemtype=\"https:\/\/schema.org\/CreativeWork\" ><div class='avia_textblock'  itemprop=\"text\" ><h3>Escr\u00edbanos<\/h3>\n\n<div class=\"wpcf7 no-js\" id=\"wpcf7-f114148-o1\" lang=\"es-ES\" dir=\"ltr\">\n<div class=\"screen-reader-response\"><p role=\"status\" aria-live=\"polite\" aria-atomic=\"true\"><\/p> <ul><\/ul><\/div>\n<form action=\"\/es\/wp-json\/wp\/v2\/pages\/114416#wpcf7-f114148-o1\" method=\"post\" class=\"wpcf7-form init\" aria-label=\"Formulario de contacto\" novalidate=\"novalidate\" data-status=\"init\">\n<div style=\"display: none;\">\n<input type=\"hidden\" name=\"_wpcf7\" value=\"114148\" \/>\n<input type=\"hidden\" name=\"_wpcf7_version\" value=\"5.9.7\" \/>\n<input type=\"hidden\" name=\"_wpcf7_locale\" value=\"es_ES\" \/>\n<input type=\"hidden\" name=\"_wpcf7_unit_tag\" value=\"wpcf7-f114148-o1\" \/>\n<input type=\"hidden\" name=\"_wpcf7_container_post\" value=\"0\" \/>\n<input type=\"hidden\" name=\"_wpcf7_posted_data_hash\" value=\"\" \/>\n<\/div>\n<p>Su nombre\n<\/p>\n<p><span class=\"wpcf7-form-control-wrap\" data-name=\"your-name\"><input size=\"40\" maxlength=\"400\" class=\"wpcf7-form-control wpcf7-text wpcf7-validates-as-required\" aria-required=\"true\" aria-invalid=\"false\" value=\"\" type=\"text\" name=\"your-name\" \/><\/span>\n<\/p>\n<p>Su correo electr\u00f3nico\n<\/p>\n<p><span class=\"wpcf7-form-control-wrap\" data-name=\"your-email\"><input size=\"40\" maxlength=\"400\" class=\"wpcf7-form-control wpcf7-email wpcf7-validates-as-required wpcf7-text wpcf7-validates-as-email\" aria-required=\"true\" aria-invalid=\"false\" value=\"\" type=\"email\" name=\"your-email\" \/><\/span>\n<\/p>\n<p>Tema del informe*\n<\/p>\n<p><span class=\"wpcf7-form-control-wrap\" data-name=\"your-subject\"><input size=\"40\" maxlength=\"400\" class=\"wpcf7-form-control wpcf7-text wpcf7-validates-as-required\" aria-required=\"true\" aria-invalid=\"false\" value=\"\" type=\"text\" name=\"your-subject\" \/><\/span>\n<\/p>\n<p>Su mensaje*\n<\/p>\n<p><span class=\"wpcf7-form-control-wrap\" data-name=\"your-message\"><textarea cols=\"40\" rows=\"10\" maxlength=\"2000\" class=\"wpcf7-form-control wpcf7-textarea wpcf7-validates-as-required\" aria-required=\"true\" aria-invalid=\"false\" name=\"your-message\"><\/textarea><\/span>\n<\/p>\n<p><input type=\"hidden\" name=\"_wpcf7_captcha_challenge_captcha-638\" value=\"3325192423\" \/><img loading=\"lazy\" decoding=\"async\" class=\"wpcf7-form-control wpcf7-captchac wpcf7-captcha-captcha-638\" width=\"72\" height=\"24\" alt=\"captcha\" src=\"https:\/\/www.arc.cz\/wp-content\/uploads\/wpcf7_captcha\/3325192423.png\" \/>\n<\/p>\n<p>Por favor, copie el c\u00f3digo de la imagen<br \/>\n(protecci\u00f3n contra el spam):<br \/>\n<span id=\"wpcf7-69e79b50d644b-wrapper\" class=\"wpcf7-form-control-wrap captcha-wrap\" style=\"display:none !important; visibility:hidden !important;\"><label for=\"wpcf7-69e79b50d644b-field\" class=\"hp-message\">Por favor, deja este campo vac\u00edo.<\/label><input id=\"wpcf7-69e79b50d644b-field\"  class=\"wpcf7-form-control wpcf7-text\" type=\"text\" name=\"captcha\" value=\"\" size=\"40\" tabindex=\"-1\" autocomplete=\"new-password\" \/><\/span><span id=\"wpcf7-69e79b50d649a-wrapper\" class=\"wpcf7-form-control-wrap recaptcha-wrap\" style=\"display:none !important; visibility:hidden !important;\"><label for=\"wpcf7-69e79b50d649a-field\" class=\"hp-message\">Por favor, deja este campo vac\u00edo.<\/label><input id=\"wpcf7-69e79b50d649a-field\"  class=\"wpcf7-form-control wpcf7-text\" type=\"text\" name=\"recaptcha\" value=\"\" size=\"40\" tabindex=\"-1\" autocomplete=\"new-password\" \/><\/span><span id=\"wpcf7-69e79b50d64cb-wrapper\" class=\"wpcf7-form-control-wrap website-wrap\" style=\"display:none !important; visibility:hidden !important;\"><label for=\"wpcf7-69e79b50d64cb-field\" class=\"hp-message\">Por favor, deja este campo vac\u00edo.<\/label><input id=\"wpcf7-69e79b50d64cb-field\"  class=\"wpcf7-form-control wpcf7-text\" type=\"text\" name=\"website\" value=\"\" size=\"40\" tabindex=\"-1\" autocomplete=\"new-password\" \/><\/span><br \/>\n<span class=\"wpcf7-form-control-wrap\" data-name=\"captcha-638\"><input size=\"40\" class=\"wpcf7-form-control wpcf7-captchar\" autocomplete=\"off\" aria-invalid=\"false\" value=\"\" type=\"text\" name=\"captcha-638\" \/><\/span>\n<\/p>\n<p><span class=\"wpcf7-form-control-wrap\" data-name=\"acceptance-654\"><span class=\"wpcf7-form-control wpcf7-acceptance\"><span class=\"wpcf7-list-item\"><label><input type=\"checkbox\" name=\"acceptance-654\" value=\"1\" aria-invalid=\"false\" \/><span class=\"wpcf7-list-item-label\">Acepto el tratamiento de datos conforme a la informaci\u00f3n sobre protecci\u00f3n de datos<\/span><\/label><\/span><\/span><\/span>\n<\/p>\n<p>* todos los campos son obligatorios\n<\/p>\n<p><input class=\"wpcf7-form-control wpcf7-submit has-spinner\" type=\"submit\" value=\"Enviar\" \/>\n<\/p><div class=\"wpcf7-response-output\" aria-hidden=\"true\"><\/div>\n<\/form>\n<\/div>\n\n<\/div><\/section><\/div>\n\n<div  class='av_gmaps_sc_main_wrap av_gmaps_main_wrap '><div id='av_gmap_0' class='avia-google-map-container avia-google-map-sc av_gmaps_show_unconditionally av-no-fallback-img ' data-mapid='av_gmap_0'  style='height: 400px;'><a class=\"av_gmaps_browser_disabled av_text_confirm_link av_text_confirm_link_visible\" href=\"https:\/\/www.google.com\/maps\/search\/?api=1&#038;query=\u017dabov\u0159esky%20130%2037341%20\u017dabov\u0159esky%20%20Rep\u00fablica%20Checa\" target=\"_blank\" rel=\"noopener\">Maps were disabled by the visitor on this site. Click to open the map in a new window.<\/a><\/div><\/div>\n\n","protected":false},"excerpt":{"rendered":"","protected":false},"author":1,"featured_media":0,"parent":0,"menu_order":37,"comment_status":"closed","ping_status":"closed","template":"","meta":{"footnotes":""},"yoast_head":"<!-- This site is optimized with the Yoast SEO plugin v23.1 - https:\/\/yoast.com\/wordpress\/plugins\/seo\/ -->\n<title>P\u00f3ngase en contacto con - Studio ARC<\/title>\n<meta name=\"description\" content=\"Hozman Old\u0159ich Studio ARC contacto\" \/>\n<meta name=\"robots\" content=\"index, follow, max-snippet:-1, max-image-preview:large, max-video-preview:-1\" \/>\n<link rel=\"canonical\" href=\"https:\/\/www.arc.cz\/es\/pongase-en-contacto-con\/\" \/>\n<meta property=\"og:locale\" content=\"es_ES\" \/>\n<meta property=\"og:type\" content=\"article\" \/>\n<meta property=\"og:title\" content=\"P\u00f3ngase en contacto con - Studio ARC\" \/>\n<meta property=\"og:description\" content=\"Hozman Old\u0159ich Studio ARC contacto\" \/>\n<meta property=\"og:url\" content=\"https:\/\/www.arc.cz\/es\/pongase-en-contacto-con\/\" \/>\n<meta property=\"og:site_name\" content=\"Studio ARC\" \/>\n<meta property=\"article:modified_time\" content=\"2025-07-23T11:03:42+00:00\" \/>\n<meta name=\"twitter:card\" content=\"summary_large_image\" \/>\n<meta name=\"twitter:label1\" content=\"Tiempo de lectura\" \/>\n\t<meta name=\"twitter:data1\" content=\"3 minutos\" \/>\n<script type=\"application\/ld+json\" class=\"yoast-schema-graph\">{\"@context\":\"https:\/\/schema.org\",\"@graph\":[{\"@type\":\"WebPage\",\"@id\":\"https:\/\/www.arc.cz\/es\/pongase-en-contacto-con\/\",\"url\":\"https:\/\/www.arc.cz\/es\/pongase-en-contacto-con\/\",\"name\":\"P\u00f3ngase en contacto con - Studio ARC\",\"isPartOf\":{\"@id\":\"https:\/\/www.arc.cz\/es\/#website\"},\"datePublished\":\"2015-01-09T14:43:48+00:00\",\"dateModified\":\"2025-07-23T11:03:42+00:00\",\"description\":\"Hozman Old\u0159ich Studio ARC contacto\",\"breadcrumb\":{\"@id\":\"https:\/\/www.arc.cz\/es\/pongase-en-contacto-con\/#breadcrumb\"},\"inLanguage\":\"es\",\"potentialAction\":[{\"@type\":\"ReadAction\",\"target\":[\"https:\/\/www.arc.cz\/es\/pongase-en-contacto-con\/\"]}]},{\"@type\":\"BreadcrumbList\",\"@id\":\"https:\/\/www.arc.cz\/es\/pongase-en-contacto-con\/#breadcrumb\",\"itemListElement\":[{\"@type\":\"ListItem\",\"position\":1,\"name\":\"Dom\u016f\",\"item\":\"https:\/\/www.arc.cz\/es\/celostni-a-organicka-architektura\/\"},{\"@type\":\"ListItem\",\"position\":2,\"name\":\"P\u00f3ngase en contacto con\"}]},{\"@type\":\"WebSite\",\"@id\":\"https:\/\/www.arc.cz\/es\/#website\",\"url\":\"https:\/\/www.arc.cz\/es\/\",\"name\":\"Studio ARC\",\"description\":\"Old\u0159ich Hozman Architect | Holistic and organic architecture\",\"publisher\":{\"@id\":\"https:\/\/www.arc.cz\/es\/#organization\"},\"potentialAction\":[{\"@type\":\"SearchAction\",\"target\":{\"@type\":\"EntryPoint\",\"urlTemplate\":\"https:\/\/www.arc.cz\/es\/?s={search_term_string}\"},\"query-input\":\"required name=search_term_string\"}],\"inLanguage\":\"es\"},{\"@type\":\"Organization\",\"@id\":\"https:\/\/www.arc.cz\/es\/#organization\",\"name\":\"Studio ARC\",\"url\":\"https:\/\/www.arc.cz\/es\/\",\"logo\":{\"@type\":\"ImageObject\",\"inLanguage\":\"es\",\"@id\":\"https:\/\/www.arc.cz\/es\/#\/schema\/logo\/image\/\",\"url\":\"https:\/\/www.arc.cz\/wp-content\/uploads\/logo.gif\",\"contentUrl\":\"https:\/\/www.arc.cz\/wp-content\/uploads\/logo.gif\",\"width\":125,\"height\":125,\"caption\":\"Studio ARC\"},\"image\":{\"@id\":\"https:\/\/www.arc.cz\/es\/#\/schema\/logo\/image\/\"}}]}<\/script>\n<!-- \/ Yoast SEO plugin. -->","yoast_head_json":{"title":"P\u00f3ngase en contacto con - Studio ARC","description":"Hozman Old\u0159ich Studio ARC contacto","robots":{"index":"index","follow":"follow","max-snippet":"max-snippet:-1","max-image-preview":"max-image-preview:large","max-video-preview":"max-video-preview:-1"},"canonical":"https:\/\/www.arc.cz\/es\/pongase-en-contacto-con\/","og_locale":"es_ES","og_type":"article","og_title":"P\u00f3ngase en contacto con - Studio ARC","og_description":"Hozman Old\u0159ich Studio ARC contacto","og_url":"https:\/\/www.arc.cz\/es\/pongase-en-contacto-con\/","og_site_name":"Studio ARC","article_modified_time":"2025-07-23T11:03:42+00:00","twitter_card":"summary_large_image","twitter_misc":{"Tiempo de lectura":"3 minutos"},"schema":{"@context":"https:\/\/schema.org","@graph":[{"@type":"WebPage","@id":"https:\/\/www.arc.cz\/es\/pongase-en-contacto-con\/","url":"https:\/\/www.arc.cz\/es\/pongase-en-contacto-con\/","name":"P\u00f3ngase en contacto con - Studio ARC","isPartOf":{"@id":"https:\/\/www.arc.cz\/es\/#website"},"datePublished":"2015-01-09T14:43:48+00:00","dateModified":"2025-07-23T11:03:42+00:00","description":"Hozman Old\u0159ich Studio ARC contacto","breadcrumb":{"@id":"https:\/\/www.arc.cz\/es\/pongase-en-contacto-con\/#breadcrumb"},"inLanguage":"es","potentialAction":[{"@type":"ReadAction","target":["https:\/\/www.arc.cz\/es\/pongase-en-contacto-con\/"]}]},{"@type":"BreadcrumbList","@id":"https:\/\/www.arc.cz\/es\/pongase-en-contacto-con\/#breadcrumb","itemListElement":[{"@type":"ListItem","position":1,"name":"Dom\u016f","item":"https:\/\/www.arc.cz\/es\/celostni-a-organicka-architektura\/"},{"@type":"ListItem","position":2,"name":"P\u00f3ngase en contacto con"}]},{"@type":"WebSite","@id":"https:\/\/www.arc.cz\/es\/#website","url":"https:\/\/www.arc.cz\/es\/","name":"Studio ARC","description":"Old\u0159ich Hozman Architect | Holistic and organic architecture","publisher":{"@id":"https:\/\/www.arc.cz\/es\/#organization"},"potentialAction":[{"@type":"SearchAction","target":{"@type":"EntryPoint","urlTemplate":"https:\/\/www.arc.cz\/es\/?s={search_term_string}"},"query-input":"required name=search_term_string"}],"inLanguage":"es"},{"@type":"Organization","@id":"https:\/\/www.arc.cz\/es\/#organization","name":"Studio ARC","url":"https:\/\/www.arc.cz\/es\/","logo":{"@type":"ImageObject","inLanguage":"es","@id":"https:\/\/www.arc.cz\/es\/#\/schema\/logo\/image\/","url":"https:\/\/www.arc.cz\/wp-content\/uploads\/logo.gif","contentUrl":"https:\/\/www.arc.cz\/wp-content\/uploads\/logo.gif","width":125,"height":125,"caption":"Studio ARC"},"image":{"@id":"https:\/\/www.arc.cz\/es\/#\/schema\/logo\/image\/"}}]}},"_links":{"self":[{"href":"https:\/\/www.arc.cz\/es\/wp-json\/wp\/v2\/pages\/114416"}],"collection":[{"href":"https:\/\/www.arc.cz\/es\/wp-json\/wp\/v2\/pages"}],"about":[{"href":"https:\/\/www.arc.cz\/es\/wp-json\/wp\/v2\/types\/page"}],"author":[{"embeddable":true,"href":"https:\/\/www.arc.cz\/es\/wp-json\/wp\/v2\/users\/1"}],"replies":[{"embeddable":true,"href":"https:\/\/www.arc.cz\/es\/wp-json\/wp\/v2\/comments?post=114416"}],"version-history":[{"count":1,"href":"https:\/\/www.arc.cz\/es\/wp-json\/wp\/v2\/pages\/114416\/revisions"}],"predecessor-version":[{"id":190938,"href":"https:\/\/www.arc.cz\/es\/wp-json\/wp\/v2\/pages\/114416\/revisions\/190938"}],"wp:attachment":[{"href":"https:\/\/www.arc.cz\/es\/wp-json\/wp\/v2\/media?parent=114416"}],"curies":[{"name":"wp","href":"https:\/\/api.w.org\/{rel}","templated":true}]}}