{"id":29959,"date":"2015-01-09T15:43:48","date_gmt":"2015-01-09T14:43:48","guid":{"rendered":"https:\/\/www.arc.cz\/kontakt\/"},"modified":"2024-07-30T13:25:45","modified_gmt":"2024-07-30T11:25:45","slug":"kontakt","status":"publish","type":"page","link":"https:\/\/www.arc.cz\/ru\/kontakt\/","title":{"rendered":"K\u043e\u043d\u0442\u0430\u043a\u0442\u044b"},"content":{"rendered":"\n<style type=\"text\/css\" data-created_by=\"avia_inline_auto\" id=\"style-css-av-14103h-5f414b51065c49a5ca7d6c7a0250b1c4\">\n.flex_column.av-14103h-5f414b51065c49a5ca7d6c7a0250b1c4{\nborder-radius:0px 0px 0px 0px;\npadding:0px 0px 0px 0px;\n}\n<\/style>\n<div  class='flex_column av-14103h-5f414b51065c49a5ca7d6c7a0250b1c4 av_one_third  avia-builder-el-0  el_before_av_one_half  avia-builder-el-first  first flex_column_div av-zero-column-padding  '     ><section  class='av_textblock_section av-wv805-c0ae1fa652a8a67a2be53944b85aea1b '   itemscope=\"itemscope\" itemtype=\"https:\/\/schema.org\/CreativeWork\" ><div class='avia_textblock'  itemprop=\"text\" ><h3>\u0410\u043a\u0430\u0434\u0435\u043c\u0438\u043a \u0430\u0440\u0445\u0438\u0442\u0435\u043a\u0442\u0443\u0440\u044b \u041e\u043b\u0434\u0440\u0436\u0438\u0445 \u0413\u043e\u0437\u043c\u0430\u043d<strong><br \/>\n<\/strong><\/h3>\n<p>\u0418\u0434\u0435\u043d\u0442\u0438\u0444\u0438\u043a\u0430\u0446\u0438\u043e\u043d\u043d\u044b\u0439 \u043d\u043e\u043c\u0435\u0440 40666093, \u0438\u0434\u0435\u043d\u0442\u0438\u0444\u0438\u043a\u0430\u0446\u0438\u043e\u043d\u043d\u044b\u0439 \u043d\u043e\u043c\u0435\u0440 \u043d\u0430\u043b\u043e\u0433\u043e\u043f\u043b\u0430\u0442\u0435\u043b\u044c\u0449\u0438\u043a\u0430 CZ6409071086<br \/>\n\u041d\u043e\u043c\u0435\u0440 \u044d\u043b\u0435\u043a\u0442\u0440\u043e\u043d\u043d\u043e\u0433\u043e \u044f\u0449\u0438\u043a\u0430 (datov\u00e1 schr\u00e1nka) 5esrs7e<br \/>\n\u041a\u0443\u043f\u043a\u043e\u0432\u0430 796\/20<br \/>\n103&nbsp;00 \u041f\u0440\u0430\u0433\u0430 10 &#8212; \u041a\u043e\u043b\u043e\u0432\u0440\u0430\u0442\u044b<\/p>\n<p>\u0422\u0435\u043b.\/\u0444\u0430\u043a\u0441: +420&nbsp;235&nbsp;311&nbsp;622<\/p>\n<p>\u0415\u0441\u043b\u0438 \u0432\u044b \u043d\u0435 \u043c\u043e\u0436\u0435\u0442\u0435 \u0434\u043e\u0437\u0432\u043e\u043d\u0438\u0442\u044c\u0441\u044f, \u0442\u043e, \u0441\u043a\u043e\u0440\u0435\u0435 \u0432\u0441\u0435\u0433\u043e, \u043c\u044b \u043d\u0435 \u0432 \u043c\u0430\u0441\u0442\u0435\u0440\u0441\u043a\u043e\u0439. \u041d\u0430\u043f\u0438\u0448\u0438\u0442\u0435 \u043d\u0430\u043c, \u043f\u043e\u0436\u0430\u043b\u0443\u0439\u0441\u0442\u0430, \u043d\u0430 e-mail<\/p>\n<h3>\u0421\u0442\u0443\u0434\u0438\u044f &#171;ARC s.r.o.&#187;<\/h3>\n<p>\u0418\u0434\u0435\u043d\u0442\u0438\u0444\u0438\u043a\u0430\u0446\u0438\u043e\u043d\u043d\u044b\u0439 \u043d\u043e\u043c\u0435\u0440 29154502, \u0438\u0434\u0435\u043d\u0442\u0438\u0444\u0438\u043a\u0430\u0446\u0438\u043e\u043d\u043d\u044b\u0439 \u043d\u043e\u043c\u0435\u0440 \u043d\u0430\u043b\u043e\u0433\u043e\u043f\u043b\u0430\u0442\u0435\u043b\u044c\u0449\u0438\u043a\u0430 CZ29154502<br \/>\n\u041d\u043e\u043c\u0435\u0440 \u044d\u043b\u0435\u043a\u0442\u0440\u043e\u043d\u043d\u043e\u0433\u043e \u044f\u0449\u0438\u043a\u0430 (datov\u00e1 schr\u00e1nka) 62uq2cj<\/p>\n<p><strong>\u041c\u0430\u0441\u0442\u0435\u0440\u0441\u043a\u0430\u044f:<\/strong><br \/>\n\u041a\u0443\u043f\u043a\u043e\u0432\u0430 796\/20<br \/>\n103&nbsp;00 \u041f\u0440\u0430\u0433\u0430 10 &#8212; \u041a\u043e\u043b\u043e\u0432\u0440\u0430\u0442\u044b<\/p>\n<p>\u0422\u0435\u043b.\/\u0444\u0430\u043a\u0441: +420&nbsp;235&nbsp;311&nbsp;622<\/p>\n<p><a href=\"mailto:arc@arc.cz\">arc@arc.cz<\/a><\/p>\n<p>\u00a0<\/p>\n<\/div><\/section><\/div>\n<style type=\"text\/css\" data-created_by=\"avia_inline_auto\" id=\"style-css-av-sxw1h-41d38206699dcf058ee34ad16c262e2d\">\n.flex_column.av-sxw1h-41d38206699dcf058ee34ad16c262e2d{\nborder-radius:0px 0px 0px 0px;\npadding:0px 0px 0px 0px;\n}\n<\/style>\n<div  class='flex_column av-sxw1h-41d38206699dcf058ee34ad16c262e2d av_one_half  avia-builder-el-2  el_after_av_one_third  el_before_av_google_map  avia-builder-el-last  flex_column_div av-zero-column-padding  '     ><section  class='av_textblock_section av-iql1p-7acfd166d0b320920524829866ac3b9f '   itemscope=\"itemscope\" itemtype=\"https:\/\/schema.org\/CreativeWork\" ><div class='avia_textblock'  itemprop=\"text\" ><h3>\u041d\u0430\u043f\u0438\u0448\u0438\u0442\u0435 \u043d\u0430\u043c<\/h3>\n\n<div class=\"wpcf7 no-js\" id=\"wpcf7-f31924-o1\" lang=\"ru-RU\" dir=\"ltr\">\n<div class=\"screen-reader-response\"><p role=\"status\" aria-live=\"polite\" aria-atomic=\"true\"><\/p> <ul><\/ul><\/div>\n<form action=\"\/ru\/wp-json\/wp\/v2\/pages\/29959#wpcf7-f31924-o1\" method=\"post\" class=\"wpcf7-form init\" aria-label=\"\u041a\u043e\u043d\u0442\u0430\u043a\u0442\u043d\u0430\u044f \u0444\u043e\u0440\u043c\u0430\" novalidate=\"novalidate\" data-status=\"init\">\n<div style=\"display: none;\">\n<input type=\"hidden\" name=\"_wpcf7\" value=\"31924\" \/>\n<input type=\"hidden\" name=\"_wpcf7_version\" value=\"5.9.7\" \/>\n<input type=\"hidden\" name=\"_wpcf7_locale\" value=\"ru_RU\" \/>\n<input type=\"hidden\" name=\"_wpcf7_unit_tag\" value=\"wpcf7-f31924-o1\" \/>\n<input type=\"hidden\" name=\"_wpcf7_container_post\" value=\"0\" \/>\n<input type=\"hidden\" name=\"_wpcf7_posted_data_hash\" value=\"\" \/>\n<\/div>\n<p>\u0412\u0430\u0448\u0435 \u0438\u043c\u044f*\n<\/p>\n<p><span class=\"wpcf7-form-control-wrap\" data-name=\"your-name\"><input size=\"40\" maxlength=\"400\" class=\"wpcf7-form-control wpcf7-text wpcf7-validates-as-required\" aria-required=\"true\" aria-invalid=\"false\" value=\"\" type=\"text\" name=\"your-name\" \/><\/span>\n<\/p>\n<p>\u0412\u0430\u0448 e-mail*\n<\/p>\n<p><span class=\"wpcf7-form-control-wrap\" data-name=\"your-email\"><input size=\"40\" maxlength=\"400\" class=\"wpcf7-form-control wpcf7-email wpcf7-validates-as-required wpcf7-text wpcf7-validates-as-email\" aria-required=\"true\" aria-invalid=\"false\" value=\"\" type=\"email\" name=\"your-email\" \/><\/span>\n<\/p>\n<p>\u0422\u0435\u043c\u0430*\n<\/p>\n<p><span class=\"wpcf7-form-control-wrap\" data-name=\"your-subject\"><input size=\"40\" maxlength=\"400\" class=\"wpcf7-form-control wpcf7-text wpcf7-validates-as-required\" aria-required=\"true\" aria-invalid=\"false\" value=\"\" type=\"text\" name=\"your-subject\" \/><\/span>\n<\/p>\n<p>\u0421\u043e\u043e\u0431\u0449\u0435\u043d\u0438\u0435*\n<\/p>\n<p><span class=\"wpcf7-form-control-wrap\" data-name=\"your-message\"><textarea cols=\"40\" rows=\"10\" maxlength=\"2000\" class=\"wpcf7-form-control wpcf7-textarea wpcf7-validates-as-required\" aria-required=\"true\" aria-invalid=\"false\" name=\"your-message\"><\/textarea><\/span>\n<\/p>\n<p><input type=\"hidden\" name=\"_wpcf7_captcha_challenge_captcha-638\" value=\"2206526894\" \/><img loading=\"lazy\" decoding=\"async\" class=\"wpcf7-form-control wpcf7-captchac wpcf7-captcha-captcha-638\" width=\"72\" height=\"24\" alt=\"captcha\" src=\"https:\/\/www.arc.cz\/wp-content\/uploads\/wpcf7_captcha\/2206526894.png\" \/>\n<\/p>\n<p>\u0421\u043a\u043e\u043f\u0438\u0440\u0443\u0439\u0442\u0435 \u043a\u043e\u0434, \u043f\u043e\u0436\u0430\u043b\u0443\u0439\u0441\u0442\u0430<br \/>\n(\u0430\u043d\u0442\u0438-\u0441\u043f\u0430\u043c):<br \/>\n<span id=\"wpcf7-69debbee8fd66-wrapper\" class=\"wpcf7-form-control-wrap captcha-wrap\" style=\"display:none !important; visibility:hidden !important;\"><label for=\"wpcf7-69debbee8fd66-field\" class=\"hp-message\">\u041e\u0441\u0442\u0430\u0432\u044c\u0442\u0435 \u044d\u0442\u043e \u043f\u043e\u043b\u0435 \u043f\u0443\u0441\u0442\u044b\u043c.<\/label><input id=\"wpcf7-69debbee8fd66-field\"  class=\"wpcf7-form-control wpcf7-text\" type=\"text\" name=\"captcha\" value=\"\" size=\"40\" tabindex=\"-1\" autocomplete=\"new-password\" \/><\/span><span id=\"wpcf7-69debbee8fdc4-wrapper\" class=\"wpcf7-form-control-wrap recaptcha-wrap\" style=\"display:none !important; visibility:hidden !important;\"><label for=\"wpcf7-69debbee8fdc4-field\" class=\"hp-message\">\u041e\u0441\u0442\u0430\u0432\u044c\u0442\u0435 \u044d\u0442\u043e \u043f\u043e\u043b\u0435 \u043f\u0443\u0441\u0442\u044b\u043c.<\/label><input id=\"wpcf7-69debbee8fdc4-field\"  class=\"wpcf7-form-control wpcf7-text\" type=\"text\" name=\"recaptcha\" value=\"\" size=\"40\" tabindex=\"-1\" autocomplete=\"new-password\" \/><\/span><span id=\"wpcf7-69debbee8fdfc-wrapper\" class=\"wpcf7-form-control-wrap website-wrap\" style=\"display:none !important; visibility:hidden !important;\"><label for=\"wpcf7-69debbee8fdfc-field\" class=\"hp-message\">\u041e\u0441\u0442\u0430\u0432\u044c\u0442\u0435 \u044d\u0442\u043e \u043f\u043e\u043b\u0435 \u043f\u0443\u0441\u0442\u044b\u043c.<\/label><input id=\"wpcf7-69debbee8fdfc-field\"  class=\"wpcf7-form-control wpcf7-text\" type=\"text\" name=\"website\" value=\"\" size=\"40\" tabindex=\"-1\" autocomplete=\"new-password\" \/><\/span><br \/>\n<span class=\"wpcf7-form-control-wrap\" data-name=\"captcha-638\"><input size=\"40\" class=\"wpcf7-form-control wpcf7-captchar\" autocomplete=\"off\" aria-invalid=\"false\" value=\"\" type=\"text\" name=\"captcha-638\" \/><\/span>\n<\/p>\n<p><span class=\"wpcf7-form-control-wrap\" data-name=\"acceptance-654\"><span class=\"wpcf7-form-control wpcf7-acceptance\"><span class=\"wpcf7-list-item\"><label><input type=\"checkbox\" name=\"acceptance-654\" value=\"1\" aria-invalid=\"false\" \/><span class=\"wpcf7-list-item-label\">\u042f \u0441\u043e\u0433\u043b\u0430\u0441\u0435\u043d \u043d\u0430 \u043e\u0431\u0440\u0430\u0431\u043e\u0442\u043a\u0443 \u043c\u043e\u0438\u0445 \u043f\u0435\u0440\u0441\u043e\u043d\u0430\u043b\u044c\u043d\u044b\u0445 \u0434\u0430\u043d\u043d\u044b\u0445 \u0432 \u0441\u043e\u043e\u0442\u0432\u0435\u0442\u0441\u0442\u0432\u0438\u0438 \u0441 \u0443\u0432\u0435\u0434\u043e\u043c\u043b\u0435\u043d\u0438\u0435\u043c \u043e \u043a\u043e\u043d\u0444\u0438\u0434\u0435\u043d\u0446\u0438\u0430\u043b\u044c\u043d\u043e\u0441\u0442\u0438<\/span><\/label><\/span><\/span><\/span>.\n<\/p>\n<p>* \u043e\u0431\u044f\u0437\u0430\u0442\u0435\u043b\u044c\u043d\u043e\n<\/p>\n<p><input class=\"wpcf7-form-control wpcf7-submit has-spinner\" type=\"submit\" value=\"\u041e\u0442\u043f\u0440\u0430\u0432\u0438\u0442\u044c\" \/>\n<\/p><div class=\"wpcf7-response-output\" aria-hidden=\"true\"><\/div>\n<\/form>\n<\/div>\n\n<\/div><\/section><\/div>\n\n<div  class='av_gmaps_sc_main_wrap av_gmaps_main_wrap '><div id='av_gmap_0' class='avia-google-map-container avia-google-map-sc av_gmaps_show_unconditionally av-no-fallback-img ' data-mapid='av_gmap_0'  style='height: 400px;'><a class=\"av_gmaps_browser_disabled av_text_confirm_link av_text_confirm_link_visible\" href=\"https:\/\/www.google.com\/maps\/search\/?api=1&#038;query=\u017dabov\u0159esky%20130%2037341%20\u017dabov\u0159esky%20%20\u0427\u0435\u0448\u0441\u043a\u0430\u044f%20\u0440\u0435\u0441\u043f\u0443\u0431\u043b\u0438\u043a\u0430\" target=\"_blank\" rel=\"noopener\">Maps were disabled by the visitor on this site. Click to open the map in a new window.<\/a><\/div><\/div>\n\n","protected":false},"excerpt":{"rendered":"","protected":false},"author":1,"featured_media":0,"parent":0,"menu_order":37,"comment_status":"closed","ping_status":"closed","template":"","meta":{"footnotes":""},"yoast_head":"<!-- This site is optimized with the Yoast SEO plugin v23.1 - https:\/\/yoast.com\/wordpress\/plugins\/seo\/ -->\n<title>K\u043e\u043d\u0442\u0430\u043a\u0442\u044b - Studio ARC<\/title>\n<meta name=\"robots\" content=\"index, follow, max-snippet:-1, max-image-preview:large, max-video-preview:-1\" \/>\n<link rel=\"canonical\" href=\"https:\/\/www.arc.cz\/ru\/kontakt\/\" \/>\n<meta property=\"og:locale\" content=\"ru_RU\" \/>\n<meta property=\"og:type\" content=\"article\" \/>\n<meta property=\"og:title\" content=\"K\u043e\u043d\u0442\u0430\u043a\u0442\u044b - Studio ARC\" \/>\n<meta property=\"og:url\" content=\"https:\/\/www.arc.cz\/ru\/kontakt\/\" \/>\n<meta property=\"og:site_name\" content=\"Studio ARC\" \/>\n<meta property=\"article:modified_time\" content=\"2024-07-30T11:25:45+00:00\" \/>\n<meta name=\"twitter:card\" content=\"summary_large_image\" \/>\n<meta name=\"twitter:label1\" content=\"\u041f\u0440\u0438\u043c\u0435\u0440\u043d\u043e\u0435 \u0432\u0440\u0435\u043c\u044f \u0434\u043b\u044f \u0447\u0442\u0435\u043d\u0438\u044f\" \/>\n\t<meta name=\"twitter:data1\" content=\"2 \u043c\u0438\u043d\u0443\u0442\u044b\" \/>\n<script type=\"application\/ld+json\" class=\"yoast-schema-graph\">{\"@context\":\"https:\/\/schema.org\",\"@graph\":[{\"@type\":\"WebPage\",\"@id\":\"https:\/\/www.arc.cz\/ru\/kontakt\/\",\"url\":\"https:\/\/www.arc.cz\/ru\/kontakt\/\",\"name\":\"K\u043e\u043d\u0442\u0430\u043a\u0442\u044b - Studio ARC\",\"isPartOf\":{\"@id\":\"https:\/\/www.arc.cz\/ru\/#website\"},\"datePublished\":\"2015-01-09T14:43:48+00:00\",\"dateModified\":\"2024-07-30T11:25:45+00:00\",\"breadcrumb\":{\"@id\":\"https:\/\/www.arc.cz\/ru\/kontakt\/#breadcrumb\"},\"inLanguage\":\"ru-RU\",\"potentialAction\":[{\"@type\":\"ReadAction\",\"target\":[\"https:\/\/www.arc.cz\/ru\/kontakt\/\"]}]},{\"@type\":\"BreadcrumbList\",\"@id\":\"https:\/\/www.arc.cz\/ru\/kontakt\/#breadcrumb\",\"itemListElement\":[{\"@type\":\"ListItem\",\"position\":1,\"name\":\"Dom\u016f\",\"item\":\"https:\/\/www.arc.cz\/ru\/celostni-a-organicka-architektura\/\"},{\"@type\":\"ListItem\",\"position\":2,\"name\":\"K\u043e\u043d\u0442\u0430\u043a\u0442\u044b\"}]},{\"@type\":\"WebSite\",\"@id\":\"https:\/\/www.arc.cz\/ru\/#website\",\"url\":\"https:\/\/www.arc.cz\/ru\/\",\"name\":\"Studio ARC\",\"description\":\"Old\u0159ich Hozman Architect | Holistic and organic architecture\",\"publisher\":{\"@id\":\"https:\/\/www.arc.cz\/ru\/#organization\"},\"potentialAction\":[{\"@type\":\"SearchAction\",\"target\":{\"@type\":\"EntryPoint\",\"urlTemplate\":\"https:\/\/www.arc.cz\/ru\/?s={search_term_string}\"},\"query-input\":\"required name=search_term_string\"}],\"inLanguage\":\"ru-RU\"},{\"@type\":\"Organization\",\"@id\":\"https:\/\/www.arc.cz\/ru\/#organization\",\"name\":\"Studio ARC\",\"url\":\"https:\/\/www.arc.cz\/ru\/\",\"logo\":{\"@type\":\"ImageObject\",\"inLanguage\":\"ru-RU\",\"@id\":\"https:\/\/www.arc.cz\/ru\/#\/schema\/logo\/image\/\",\"url\":\"https:\/\/www.arc.cz\/wp-content\/uploads\/logo.gif\",\"contentUrl\":\"https:\/\/www.arc.cz\/wp-content\/uploads\/logo.gif\",\"width\":125,\"height\":125,\"caption\":\"Studio ARC\"},\"image\":{\"@id\":\"https:\/\/www.arc.cz\/ru\/#\/schema\/logo\/image\/\"}}]}<\/script>\n<!-- \/ Yoast SEO plugin. -->","yoast_head_json":{"title":"K\u043e\u043d\u0442\u0430\u043a\u0442\u044b - Studio ARC","robots":{"index":"index","follow":"follow","max-snippet":"max-snippet:-1","max-image-preview":"max-image-preview:large","max-video-preview":"max-video-preview:-1"},"canonical":"https:\/\/www.arc.cz\/ru\/kontakt\/","og_locale":"ru_RU","og_type":"article","og_title":"K\u043e\u043d\u0442\u0430\u043a\u0442\u044b - Studio ARC","og_url":"https:\/\/www.arc.cz\/ru\/kontakt\/","og_site_name":"Studio ARC","article_modified_time":"2024-07-30T11:25:45+00:00","twitter_card":"summary_large_image","twitter_misc":{"\u041f\u0440\u0438\u043c\u0435\u0440\u043d\u043e\u0435 \u0432\u0440\u0435\u043c\u044f \u0434\u043b\u044f \u0447\u0442\u0435\u043d\u0438\u044f":"2 \u043c\u0438\u043d\u0443\u0442\u044b"},"schema":{"@context":"https:\/\/schema.org","@graph":[{"@type":"WebPage","@id":"https:\/\/www.arc.cz\/ru\/kontakt\/","url":"https:\/\/www.arc.cz\/ru\/kontakt\/","name":"K\u043e\u043d\u0442\u0430\u043a\u0442\u044b - Studio ARC","isPartOf":{"@id":"https:\/\/www.arc.cz\/ru\/#website"},"datePublished":"2015-01-09T14:43:48+00:00","dateModified":"2024-07-30T11:25:45+00:00","breadcrumb":{"@id":"https:\/\/www.arc.cz\/ru\/kontakt\/#breadcrumb"},"inLanguage":"ru-RU","potentialAction":[{"@type":"ReadAction","target":["https:\/\/www.arc.cz\/ru\/kontakt\/"]}]},{"@type":"BreadcrumbList","@id":"https:\/\/www.arc.cz\/ru\/kontakt\/#breadcrumb","itemListElement":[{"@type":"ListItem","position":1,"name":"Dom\u016f","item":"https:\/\/www.arc.cz\/ru\/celostni-a-organicka-architektura\/"},{"@type":"ListItem","position":2,"name":"K\u043e\u043d\u0442\u0430\u043a\u0442\u044b"}]},{"@type":"WebSite","@id":"https:\/\/www.arc.cz\/ru\/#website","url":"https:\/\/www.arc.cz\/ru\/","name":"Studio ARC","description":"Old\u0159ich Hozman Architect | Holistic and organic architecture","publisher":{"@id":"https:\/\/www.arc.cz\/ru\/#organization"},"potentialAction":[{"@type":"SearchAction","target":{"@type":"EntryPoint","urlTemplate":"https:\/\/www.arc.cz\/ru\/?s={search_term_string}"},"query-input":"required name=search_term_string"}],"inLanguage":"ru-RU"},{"@type":"Organization","@id":"https:\/\/www.arc.cz\/ru\/#organization","name":"Studio ARC","url":"https:\/\/www.arc.cz\/ru\/","logo":{"@type":"ImageObject","inLanguage":"ru-RU","@id":"https:\/\/www.arc.cz\/ru\/#\/schema\/logo\/image\/","url":"https:\/\/www.arc.cz\/wp-content\/uploads\/logo.gif","contentUrl":"https:\/\/www.arc.cz\/wp-content\/uploads\/logo.gif","width":125,"height":125,"caption":"Studio ARC"},"image":{"@id":"https:\/\/www.arc.cz\/ru\/#\/schema\/logo\/image\/"}}]}},"_links":{"self":[{"href":"https:\/\/www.arc.cz\/ru\/wp-json\/wp\/v2\/pages\/29959"}],"collection":[{"href":"https:\/\/www.arc.cz\/ru\/wp-json\/wp\/v2\/pages"}],"about":[{"href":"https:\/\/www.arc.cz\/ru\/wp-json\/wp\/v2\/types\/page"}],"author":[{"embeddable":true,"href":"https:\/\/www.arc.cz\/ru\/wp-json\/wp\/v2\/users\/1"}],"replies":[{"embeddable":true,"href":"https:\/\/www.arc.cz\/ru\/wp-json\/wp\/v2\/comments?post=29959"}],"version-history":[{"count":2,"href":"https:\/\/www.arc.cz\/ru\/wp-json\/wp\/v2\/pages\/29959\/revisions"}],"predecessor-version":[{"id":190375,"href":"https:\/\/www.arc.cz\/ru\/wp-json\/wp\/v2\/pages\/29959\/revisions\/190375"}],"wp:attachment":[{"href":"https:\/\/www.arc.cz\/ru\/wp-json\/wp\/v2\/media?parent=29959"}],"curies":[{"name":"wp","href":"https:\/\/api.w.org\/{rel}","templated":true}]}}